{"id":4918,"date":"2025-09-13T06:55:35","date_gmt":"2025-09-13T05:55:35","guid":{"rendered":"https:\/\/creativityvexus.com\/?post_type=product&#038;p=4918"},"modified":"2025-09-13T06:55:35","modified_gmt":"2025-09-13T05:55:35","slug":"stardew-magnet","status":"publish","type":"product","link":"https:\/\/creativityvexus.com\/sl\/product\/stardew-magnet\/","title":{"rendered":"Stardew Magnet"},"content":{"rendered":"<p data-start=\"190\" data-end=\"488\"><strong>Stardew Magnet<\/strong>: Majhen, okrogel in popolnoma \u010daroben \u2014 ta prikupen magnetek v obliki mavri\u010dnega jabol\u010dnega duha bo razvedril vsak koti\u010dek va\u0161ega doma. S svojim nasmejanim obrazkom, rado\u017eivimi rokicami in \u017eivahnimi barvami je popoln dodatek za hladilnik, tablo ali kamorkoli, kjer potrebujete malo ve\u010d veselja. <\/p>\n<p data-start=\"490\" data-end=\"812\">\u010ce ste kdaj igrali igre, kjer mali gozdni duhovi zbirajo jabolka in plesno komunicirajo z vami&#8230; potem veste, od kod navdih. \u010ce ne? Ni\u010d hudega. Njegova ljubkost deluje univerzalno. <\/p>\n<ul>\n<li data-start=\"814\" data-end=\"880\"><strong data-start=\"814\" data-end=\"825\">Velikost:<\/strong> 50 x 45 mm<br data-start=\"836\" data-end=\"839\"><strong data-start=\"839\" data-end=\"854\">Material:<\/strong> Upogljiv magnet<\/li>\n<\/ul>\n<p data-start=\"882\" data-end=\"1040\">Doma ali v pisarni \u2013 povsod bo na\u0161el pot do src.<\/p>\n<p data-start=\"882\" data-end=\"1040\"><br data-start=\"947\" data-end=\"950\"><strong data-start=\"970\" data-end=\"994\">Na voljo tudi kot umetni\u0161ki print, 100\u00d7158 mm<\/strong><\/p>\n<p data-start=\"882\" data-end=\"1040\">Fotografije \u00a9 Mojca Kandu\u010d<\/p>\n","protected":false},"excerpt":{"rendered":"<p>Mavri\u010dni jabol\u010dni duh v obliki magnetka. Prikupen, barvit in ravno prav \u010duden za vsak hladilnik ali tablo.<br data-start=\"1197\" data-end=\"1200\">Na voljo tudi kot print velikosti 100 \u00d7 158 mm. <\/p>\n","protected":false},"featured_media":4608,"comment_status":"open","ping_status":"closed","template":"","meta":[],"product_brand":[],"product_cat":[132,106],"product_tag":[],"class_list":{"0":"post-4918","1":"product","2":"type-product","3":"status-publish","4":"has-post-thumbnail","6":"product_cat-magnet","7":"product_cat-ilustracije","9":"first","10":"instock","11":"shipping-taxable","12":"purchasable","13":"product-type-variable"},"yoast_head":"<!-- This site is optimized with the Yoast SEO plugin v21.9 - https:\/\/yoast.com\/wordpress\/plugins\/seo\/ -->\n<title>Stardew Magnet - Creativity Vexus<\/title>\n<meta name=\"description\" content=\"Magnetek mavri\u010dnega jabol\u010dnega duha. Velikost: 50 \u00d7 45 mm. Mehka magnetna folija. Prikupno mavri\u010dno bitjece, ki polep\u0161a vsakdan.\" \/>\n<meta name=\"robots\" content=\"index, follow, max-snippet:-1, max-image-preview:large, max-video-preview:-1\" \/>\n<link rel=\"canonical\" href=\"https:\/\/creativityvexus.com\/sl\/product\/stardew-magnet\/\" \/>\n<meta property=\"og:locale\" content=\"sl_SI\" \/>\n<meta property=\"og:type\" content=\"article\" \/>\n<meta property=\"og:title\" content=\"Stardew Magnet - Creativity Vexus\" \/>\n<meta property=\"og:description\" content=\"Magnetek mavri\u010dnega jabol\u010dnega duha. Velikost: 50 \u00d7 45 mm. Mehka magnetna folija. Prikupno mavri\u010dno bitjece, ki polep\u0161a vsakdan.\" \/>\n<meta property=\"og:url\" content=\"https:\/\/creativityvexus.com\/sl\/product\/stardew-magnet\/\" \/>\n<meta property=\"og:site_name\" content=\"Creativity Vexus\" \/>\n<meta property=\"article:publisher\" content=\"https:\/\/www.facebook.com\/creativityvexus\/\" \/>\n<meta property=\"og:image\" content=\"https:\/\/creativityvexus.com\/wp-content\/uploads\/2025\/09\/Apple.png\" \/>\n\t<meta property=\"og:image:width\" content=\"2480\" \/>\n\t<meta property=\"og:image:height\" content=\"2215\" \/>\n\t<meta property=\"og:image:type\" content=\"image\/png\" \/>\n<meta name=\"twitter:card\" content=\"summary_large_image\" \/>\n<meta name=\"twitter:label1\" content=\"Est. reading time\" \/>\n\t<meta name=\"twitter:data1\" content=\"1 minuta\" \/>\n<script type=\"application\/ld+json\" class=\"yoast-schema-graph\">{\"@context\":\"https:\/\/schema.org\",\"@graph\":[{\"@type\":\"WebPage\",\"@id\":\"https:\/\/creativityvexus.com\/sl\/product\/stardew-magnet\/\",\"url\":\"https:\/\/creativityvexus.com\/sl\/product\/stardew-magnet\/\",\"name\":\"Stardew Magnet - Creativity Vexus\",\"isPartOf\":{\"@id\":\"https:\/\/creativityvexus.com\/sl\/#website\"},\"datePublished\":\"2025-09-13T05:55:35+00:00\",\"dateModified\":\"2025-09-13T05:55:35+00:00\",\"description\":\"Magnetek mavri\u010dnega jabol\u010dnega duha. Velikost: 50 \u00d7 45 mm. Mehka magnetna folija. Prikupno mavri\u010dno bitjece, ki polep\u0161a vsakdan.\",\"breadcrumb\":{\"@id\":\"https:\/\/creativityvexus.com\/sl\/product\/stardew-magnet\/#breadcrumb\"},\"inLanguage\":\"sl-SI\",\"potentialAction\":[{\"@type\":\"ReadAction\",\"target\":[\"https:\/\/creativityvexus.com\/sl\/product\/stardew-magnet\/\"]}]},{\"@type\":\"BreadcrumbList\",\"@id\":\"https:\/\/creativityvexus.com\/sl\/product\/stardew-magnet\/#breadcrumb\",\"itemListElement\":[{\"@type\":\"ListItem\",\"position\":1,\"name\":\"Home\",\"item\":\"https:\/\/creativityvexus.com\/sl\/\"},{\"@type\":\"ListItem\",\"position\":2,\"name\":\"Trgovina\",\"item\":\"https:\/\/creativityvexus.com\/trgovina\/\"},{\"@type\":\"ListItem\",\"position\":3,\"name\":\"Stardew Magnet\"}]},{\"@type\":\"WebSite\",\"@id\":\"https:\/\/creativityvexus.com\/sl\/#website\",\"url\":\"https:\/\/creativityvexus.com\/sl\/\",\"name\":\"Creativity Vexus\",\"description\":\"Creativity Vexus Art Website\",\"publisher\":{\"@id\":\"https:\/\/creativityvexus.com\/sl\/#organization\"},\"potentialAction\":[{\"@type\":\"SearchAction\",\"target\":{\"@type\":\"EntryPoint\",\"urlTemplate\":\"https:\/\/creativityvexus.com\/sl\/?s={search_term_string}\"},\"query-input\":\"required name=search_term_string\"}],\"inLanguage\":\"sl-SI\"},{\"@type\":\"Organization\",\"@id\":\"https:\/\/creativityvexus.com\/sl\/#organization\",\"name\":\"Creativity Vexus\",\"url\":\"https:\/\/creativityvexus.com\/sl\/\",\"logo\":{\"@type\":\"ImageObject\",\"inLanguage\":\"sl-SI\",\"@id\":\"https:\/\/creativityvexus.com\/sl\/#\/schema\/logo\/image\/\",\"url\":\"https:\/\/creativityvexus.com\/wp-content\/uploads\/2022\/11\/Untitled_Artwork-4.png\",\"contentUrl\":\"https:\/\/creativityvexus.com\/wp-content\/uploads\/2022\/11\/Untitled_Artwork-4.png\",\"width\":2048,\"height\":2048,\"caption\":\"Creativity Vexus\"},\"image\":{\"@id\":\"https:\/\/creativityvexus.com\/sl\/#\/schema\/logo\/image\/\"},\"sameAs\":[\"https:\/\/www.facebook.com\/creativityvexus\/\",\"https:\/\/www.instagram.com\/creativityvexus\/?hl=en\"]}]}<\/script>\n<!-- \/ Yoast SEO plugin. -->","yoast_head_json":{"title":"Stardew Magnet - Creativity Vexus","description":"Magnetek mavri\u010dnega jabol\u010dnega duha. Velikost: 50 \u00d7 45 mm. Mehka magnetna folija. Prikupno mavri\u010dno bitjece, ki polep\u0161a vsakdan.","robots":{"index":"index","follow":"follow","max-snippet":"max-snippet:-1","max-image-preview":"max-image-preview:large","max-video-preview":"max-video-preview:-1"},"canonical":"https:\/\/creativityvexus.com\/sl\/product\/stardew-magnet\/","og_locale":"sl_SI","og_type":"article","og_title":"Stardew Magnet - Creativity Vexus","og_description":"Magnetek mavri\u010dnega jabol\u010dnega duha. Velikost: 50 \u00d7 45 mm. Mehka magnetna folija. Prikupno mavri\u010dno bitjece, ki polep\u0161a vsakdan.","og_url":"https:\/\/creativityvexus.com\/sl\/product\/stardew-magnet\/","og_site_name":"Creativity Vexus","article_publisher":"https:\/\/www.facebook.com\/creativityvexus\/","og_image":[{"width":2480,"height":2215,"url":"https:\/\/creativityvexus.com\/wp-content\/uploads\/2025\/09\/Apple.png","type":"image\/png"}],"twitter_card":"summary_large_image","twitter_misc":{"Est. reading time":"1 minuta"},"schema":{"@context":"https:\/\/schema.org","@graph":[{"@type":"WebPage","@id":"https:\/\/creativityvexus.com\/sl\/product\/stardew-magnet\/","url":"https:\/\/creativityvexus.com\/sl\/product\/stardew-magnet\/","name":"Stardew Magnet - Creativity Vexus","isPartOf":{"@id":"https:\/\/creativityvexus.com\/sl\/#website"},"datePublished":"2025-09-13T05:55:35+00:00","dateModified":"2025-09-13T05:55:35+00:00","description":"Magnetek mavri\u010dnega jabol\u010dnega duha. Velikost: 50 \u00d7 45 mm. Mehka magnetna folija. Prikupno mavri\u010dno bitjece, ki polep\u0161a vsakdan.","breadcrumb":{"@id":"https:\/\/creativityvexus.com\/sl\/product\/stardew-magnet\/#breadcrumb"},"inLanguage":"sl-SI","potentialAction":[{"@type":"ReadAction","target":["https:\/\/creativityvexus.com\/sl\/product\/stardew-magnet\/"]}]},{"@type":"BreadcrumbList","@id":"https:\/\/creativityvexus.com\/sl\/product\/stardew-magnet\/#breadcrumb","itemListElement":[{"@type":"ListItem","position":1,"name":"Home","item":"https:\/\/creativityvexus.com\/sl\/"},{"@type":"ListItem","position":2,"name":"Trgovina","item":"https:\/\/creativityvexus.com\/trgovina\/"},{"@type":"ListItem","position":3,"name":"Stardew Magnet"}]},{"@type":"WebSite","@id":"https:\/\/creativityvexus.com\/sl\/#website","url":"https:\/\/creativityvexus.com\/sl\/","name":"Creativity Vexus","description":"Creativity Vexus Art Website","publisher":{"@id":"https:\/\/creativityvexus.com\/sl\/#organization"},"potentialAction":[{"@type":"SearchAction","target":{"@type":"EntryPoint","urlTemplate":"https:\/\/creativityvexus.com\/sl\/?s={search_term_string}"},"query-input":"required name=search_term_string"}],"inLanguage":"sl-SI"},{"@type":"Organization","@id":"https:\/\/creativityvexus.com\/sl\/#organization","name":"Creativity Vexus","url":"https:\/\/creativityvexus.com\/sl\/","logo":{"@type":"ImageObject","inLanguage":"sl-SI","@id":"https:\/\/creativityvexus.com\/sl\/#\/schema\/logo\/image\/","url":"https:\/\/creativityvexus.com\/wp-content\/uploads\/2022\/11\/Untitled_Artwork-4.png","contentUrl":"https:\/\/creativityvexus.com\/wp-content\/uploads\/2022\/11\/Untitled_Artwork-4.png","width":2048,"height":2048,"caption":"Creativity Vexus"},"image":{"@id":"https:\/\/creativityvexus.com\/sl\/#\/schema\/logo\/image\/"},"sameAs":["https:\/\/www.facebook.com\/creativityvexus\/","https:\/\/www.instagram.com\/creativityvexus\/?hl=en"]}]}},"jetpack_sharing_enabled":true,"_links":{"self":[{"href":"https:\/\/creativityvexus.com\/sl\/wp-json\/wp\/v2\/product\/4918","targetHints":{"allow":["GET"]}}],"collection":[{"href":"https:\/\/creativityvexus.com\/sl\/wp-json\/wp\/v2\/product"}],"about":[{"href":"https:\/\/creativityvexus.com\/sl\/wp-json\/wp\/v2\/types\/product"}],"replies":[{"embeddable":true,"href":"https:\/\/creativityvexus.com\/sl\/wp-json\/wp\/v2\/comments?post=4918"}],"version-history":[{"count":1,"href":"https:\/\/creativityvexus.com\/sl\/wp-json\/wp\/v2\/product\/4918\/revisions"}],"predecessor-version":[{"id":4921,"href":"https:\/\/creativityvexus.com\/sl\/wp-json\/wp\/v2\/product\/4918\/revisions\/4921"}],"wp:featuredmedia":[{"embeddable":true,"href":"https:\/\/creativityvexus.com\/sl\/wp-json\/wp\/v2\/media\/4608"}],"wp:attachment":[{"href":"https:\/\/creativityvexus.com\/sl\/wp-json\/wp\/v2\/media?parent=4918"}],"wp:term":[{"taxonomy":"product_brand","embeddable":true,"href":"https:\/\/creativityvexus.com\/sl\/wp-json\/wp\/v2\/product_brand?post=4918"},{"taxonomy":"product_cat","embeddable":true,"href":"https:\/\/creativityvexus.com\/sl\/wp-json\/wp\/v2\/product_cat?post=4918"},{"taxonomy":"product_tag","embeddable":true,"href":"https:\/\/creativityvexus.com\/sl\/wp-json\/wp\/v2\/product_tag?post=4918"}],"curies":[{"name":"wp","href":"https:\/\/api.w.org\/{rel}","templated":true}]}}