{"id":4657,"date":"2025-09-09T12:31:54","date_gmt":"2025-09-09T11:31:54","guid":{"rendered":"https:\/\/creativityvexus.com\/?post_type=product&#038;p=4657"},"modified":"2025-09-09T12:31:54","modified_gmt":"2025-09-09T11:31:54","slug":"dead-cowplant-nalepka","status":"publish","type":"product","link":"https:\/\/creativityvexus.com\/sl\/product\/dead-cowplant-nalepka\/","title":{"rendered":"Dead Cowplant Nalepka"},"content":{"rendered":"<p data-start=\"192\" data-end=\"508\">Niso<span style=\"color: #ffffff;\">vse sobne rastline tu zato, da nas razveseljujejo \u2014 nekatere imajo\u2026 druge namene. <strong data-start=\"243\" data-end=\"268\">Nalepka Dead Cowplant<\/strong>, iz igre Sims, (75 x 75 mm) prikazuje \u010dudno, skoraj srhljivo bitje: kravjo lobanjo, iz katere namesto stebel rastejo korenine in kabli. Je to spodletel poskus kri\u017eanja rastline in stroja? Neuspe\u0161en eksperiment? Ali le opomnik, da svojih rastlin morda ne bi smeli hraniti s sumljivimi prigrizki?    <\/span><\/p>\n<p data-start=\"510\" data-end=\"831\"><span style=\"color: #ffffff;\">Ro\u010dno ilustrirana, natisnjena na kakovosten vinil z belim ozadjem in preciznim kiss-cut izrezom, ta nalepka doda malce tema\u010dnega \u0161arma vsakemu prenosniku, zvezku ali lon\u010dnici. <\/span><\/p>\n<p data-start=\"833\" data-end=\"856\"><span style=\"color: #ffffff;\">Zalivajte po lastni presoji.<\/span><\/p>\n<p data-start=\"833\" data-end=\"856\"><span style=\"color: #ffffff;\">Podrobnosti:<\/span><\/p>\n<ul>\n<li data-start=\"833\" data-end=\"856\"><span style=\"color: #ffffff;\"><strong>Velikost: <\/strong>75&#215;75 mm kiss cut<\/span><\/li>\n<li data-start=\"833\" data-end=\"856\"><span style=\"color: #ffffff;\"><strong>Material:<\/strong> vinil<\/span><\/li>\n<\/ul>\n<p>&nbsp;<\/p>\n<p><span style=\"color: #ffffff;\"><em><strong>Na voljo tudi kot umetni\u0161ki print, 100\u00d7158 mm<\/strong><\/em><\/span><\/p>\n<p><span style=\"color: #ffffff;\">Fotografije \u00a9 Mojca Kandu\u010d<\/span><\/p>\n","protected":false},"excerpt":{"rendered":"<p>Nenavadna nalepka Dead Cowplant. Za vse, ki imajo radi malo tema\u010dnosti med okraski, ali pa ki so igrali Sims. \u010ce ve\u0161, ve\u0161. V vsakem primeru pa kupi&#8230; <\/p>\n","protected":false},"featured_media":4632,"comment_status":"open","ping_status":"closed","template":"","meta":[],"product_brand":[],"product_cat":[106,107],"product_tag":[],"class_list":{"0":"post-4657","1":"product","2":"type-product","3":"status-publish","4":"has-post-thumbnail","6":"product_cat-ilustracije","7":"product_cat-nalepke","8":"product_shipping_class-light","10":"first","11":"instock","12":"shipping-taxable","13":"purchasable","14":"product-type-variable"},"yoast_head":"<!-- This site is optimized with the Yoast SEO plugin v21.9 - https:\/\/yoast.com\/wordpress\/plugins\/seo\/ -->\n<title>Dead Cowplant Nalepka - Creativity Vexus<\/title>\n<meta name=\"description\" content=\"Dead Cowplant Nalepka\u2013 ro\u010dno ilustrirana, 75 x 75 mm, natisnjena na vinil z belim ozadjem. Popolna za ljubitelje \u010dudnega, ali pa tiste, ki so igrali Sims.\" \/>\n<meta name=\"robots\" content=\"index, follow, max-snippet:-1, max-image-preview:large, max-video-preview:-1\" \/>\n<link rel=\"canonical\" href=\"https:\/\/creativityvexus.com\/sl\/product\/dead-cowplant-nalepka\/\" \/>\n<meta property=\"og:locale\" content=\"sl_SI\" \/>\n<meta property=\"og:type\" content=\"article\" \/>\n<meta property=\"og:title\" content=\"Dead Cowplant Nalepka - Creativity Vexus\" \/>\n<meta property=\"og:description\" content=\"Dead Cowplant Nalepka\u2013 ro\u010dno ilustrirana, 75 x 75 mm, natisnjena na vinil z belim ozadjem. Popolna za ljubitelje \u010dudnega, ali pa tiste, ki so igrali Sims.\" \/>\n<meta property=\"og:url\" content=\"https:\/\/creativityvexus.com\/sl\/product\/dead-cowplant-nalepka\/\" \/>\n<meta property=\"og:site_name\" content=\"Creativity Vexus\" \/>\n<meta property=\"article:publisher\" content=\"https:\/\/www.facebook.com\/creativityvexus\/\" \/>\n<meta property=\"og:image\" content=\"https:\/\/creativityvexus.com\/wp-content\/uploads\/2025\/09\/white-bck-cutout-scaled.png\" \/>\n\t<meta property=\"og:image:width\" content=\"1810\" \/>\n\t<meta property=\"og:image:height\" content=\"2560\" \/>\n\t<meta property=\"og:image:type\" content=\"image\/png\" \/>\n<meta name=\"twitter:card\" content=\"summary_large_image\" \/>\n<meta name=\"twitter:label1\" content=\"Est. reading time\" \/>\n\t<meta name=\"twitter:data1\" content=\"1 minuta\" \/>\n<script type=\"application\/ld+json\" class=\"yoast-schema-graph\">{\"@context\":\"https:\/\/schema.org\",\"@graph\":[{\"@type\":\"WebPage\",\"@id\":\"https:\/\/creativityvexus.com\/sl\/product\/dead-cowplant-nalepka\/\",\"url\":\"https:\/\/creativityvexus.com\/sl\/product\/dead-cowplant-nalepka\/\",\"name\":\"Dead Cowplant Nalepka - Creativity Vexus\",\"isPartOf\":{\"@id\":\"https:\/\/creativityvexus.com\/sl\/#website\"},\"datePublished\":\"2025-09-09T11:31:54+00:00\",\"dateModified\":\"2025-09-09T11:31:54+00:00\",\"description\":\"Dead Cowplant Nalepka\u2013 ro\u010dno ilustrirana, 75 x 75 mm, natisnjena na vinil z belim ozadjem. Popolna za ljubitelje \u010dudnega, ali pa tiste, ki so igrali Sims.\",\"breadcrumb\":{\"@id\":\"https:\/\/creativityvexus.com\/sl\/product\/dead-cowplant-nalepka\/#breadcrumb\"},\"inLanguage\":\"sl-SI\",\"potentialAction\":[{\"@type\":\"ReadAction\",\"target\":[\"https:\/\/creativityvexus.com\/sl\/product\/dead-cowplant-nalepka\/\"]}]},{\"@type\":\"BreadcrumbList\",\"@id\":\"https:\/\/creativityvexus.com\/sl\/product\/dead-cowplant-nalepka\/#breadcrumb\",\"itemListElement\":[{\"@type\":\"ListItem\",\"position\":1,\"name\":\"Home\",\"item\":\"https:\/\/creativityvexus.com\/sl\/\"},{\"@type\":\"ListItem\",\"position\":2,\"name\":\"Trgovina\",\"item\":\"https:\/\/creativityvexus.com\/trgovina\/\"},{\"@type\":\"ListItem\",\"position\":3,\"name\":\"Dead Cowplant Nalepka\"}]},{\"@type\":\"WebSite\",\"@id\":\"https:\/\/creativityvexus.com\/sl\/#website\",\"url\":\"https:\/\/creativityvexus.com\/sl\/\",\"name\":\"Creativity Vexus\",\"description\":\"Creativity Vexus Art Website\",\"publisher\":{\"@id\":\"https:\/\/creativityvexus.com\/sl\/#organization\"},\"potentialAction\":[{\"@type\":\"SearchAction\",\"target\":{\"@type\":\"EntryPoint\",\"urlTemplate\":\"https:\/\/creativityvexus.com\/sl\/?s={search_term_string}\"},\"query-input\":\"required name=search_term_string\"}],\"inLanguage\":\"sl-SI\"},{\"@type\":\"Organization\",\"@id\":\"https:\/\/creativityvexus.com\/sl\/#organization\",\"name\":\"Creativity Vexus\",\"url\":\"https:\/\/creativityvexus.com\/sl\/\",\"logo\":{\"@type\":\"ImageObject\",\"inLanguage\":\"sl-SI\",\"@id\":\"https:\/\/creativityvexus.com\/sl\/#\/schema\/logo\/image\/\",\"url\":\"https:\/\/creativityvexus.com\/wp-content\/uploads\/2022\/11\/Untitled_Artwork-4.png\",\"contentUrl\":\"https:\/\/creativityvexus.com\/wp-content\/uploads\/2022\/11\/Untitled_Artwork-4.png\",\"width\":2048,\"height\":2048,\"caption\":\"Creativity Vexus\"},\"image\":{\"@id\":\"https:\/\/creativityvexus.com\/sl\/#\/schema\/logo\/image\/\"},\"sameAs\":[\"https:\/\/www.facebook.com\/creativityvexus\/\",\"https:\/\/www.instagram.com\/creativityvexus\/?hl=en\"]}]}<\/script>\n<!-- \/ Yoast SEO plugin. -->","yoast_head_json":{"title":"Dead Cowplant Nalepka - Creativity Vexus","description":"Dead Cowplant Nalepka\u2013 ro\u010dno ilustrirana, 75 x 75 mm, natisnjena na vinil z belim ozadjem. Popolna za ljubitelje \u010dudnega, ali pa tiste, ki so igrali Sims.","robots":{"index":"index","follow":"follow","max-snippet":"max-snippet:-1","max-image-preview":"max-image-preview:large","max-video-preview":"max-video-preview:-1"},"canonical":"https:\/\/creativityvexus.com\/sl\/product\/dead-cowplant-nalepka\/","og_locale":"sl_SI","og_type":"article","og_title":"Dead Cowplant Nalepka - Creativity Vexus","og_description":"Dead Cowplant Nalepka\u2013 ro\u010dno ilustrirana, 75 x 75 mm, natisnjena na vinil z belim ozadjem. Popolna za ljubitelje \u010dudnega, ali pa tiste, ki so igrali Sims.","og_url":"https:\/\/creativityvexus.com\/sl\/product\/dead-cowplant-nalepka\/","og_site_name":"Creativity Vexus","article_publisher":"https:\/\/www.facebook.com\/creativityvexus\/","og_image":[{"width":1810,"height":2560,"url":"https:\/\/creativityvexus.com\/wp-content\/uploads\/2025\/09\/white-bck-cutout-scaled.png","type":"image\/png"}],"twitter_card":"summary_large_image","twitter_misc":{"Est. reading time":"1 minuta"},"schema":{"@context":"https:\/\/schema.org","@graph":[{"@type":"WebPage","@id":"https:\/\/creativityvexus.com\/sl\/product\/dead-cowplant-nalepka\/","url":"https:\/\/creativityvexus.com\/sl\/product\/dead-cowplant-nalepka\/","name":"Dead Cowplant Nalepka - Creativity Vexus","isPartOf":{"@id":"https:\/\/creativityvexus.com\/sl\/#website"},"datePublished":"2025-09-09T11:31:54+00:00","dateModified":"2025-09-09T11:31:54+00:00","description":"Dead Cowplant Nalepka\u2013 ro\u010dno ilustrirana, 75 x 75 mm, natisnjena na vinil z belim ozadjem. Popolna za ljubitelje \u010dudnega, ali pa tiste, ki so igrali Sims.","breadcrumb":{"@id":"https:\/\/creativityvexus.com\/sl\/product\/dead-cowplant-nalepka\/#breadcrumb"},"inLanguage":"sl-SI","potentialAction":[{"@type":"ReadAction","target":["https:\/\/creativityvexus.com\/sl\/product\/dead-cowplant-nalepka\/"]}]},{"@type":"BreadcrumbList","@id":"https:\/\/creativityvexus.com\/sl\/product\/dead-cowplant-nalepka\/#breadcrumb","itemListElement":[{"@type":"ListItem","position":1,"name":"Home","item":"https:\/\/creativityvexus.com\/sl\/"},{"@type":"ListItem","position":2,"name":"Trgovina","item":"https:\/\/creativityvexus.com\/trgovina\/"},{"@type":"ListItem","position":3,"name":"Dead Cowplant Nalepka"}]},{"@type":"WebSite","@id":"https:\/\/creativityvexus.com\/sl\/#website","url":"https:\/\/creativityvexus.com\/sl\/","name":"Creativity Vexus","description":"Creativity Vexus Art Website","publisher":{"@id":"https:\/\/creativityvexus.com\/sl\/#organization"},"potentialAction":[{"@type":"SearchAction","target":{"@type":"EntryPoint","urlTemplate":"https:\/\/creativityvexus.com\/sl\/?s={search_term_string}"},"query-input":"required name=search_term_string"}],"inLanguage":"sl-SI"},{"@type":"Organization","@id":"https:\/\/creativityvexus.com\/sl\/#organization","name":"Creativity Vexus","url":"https:\/\/creativityvexus.com\/sl\/","logo":{"@type":"ImageObject","inLanguage":"sl-SI","@id":"https:\/\/creativityvexus.com\/sl\/#\/schema\/logo\/image\/","url":"https:\/\/creativityvexus.com\/wp-content\/uploads\/2022\/11\/Untitled_Artwork-4.png","contentUrl":"https:\/\/creativityvexus.com\/wp-content\/uploads\/2022\/11\/Untitled_Artwork-4.png","width":2048,"height":2048,"caption":"Creativity Vexus"},"image":{"@id":"https:\/\/creativityvexus.com\/sl\/#\/schema\/logo\/image\/"},"sameAs":["https:\/\/www.facebook.com\/creativityvexus\/","https:\/\/www.instagram.com\/creativityvexus\/?hl=en"]}]}},"jetpack_sharing_enabled":true,"_links":{"self":[{"href":"https:\/\/creativityvexus.com\/sl\/wp-json\/wp\/v2\/product\/4657","targetHints":{"allow":["GET"]}}],"collection":[{"href":"https:\/\/creativityvexus.com\/sl\/wp-json\/wp\/v2\/product"}],"about":[{"href":"https:\/\/creativityvexus.com\/sl\/wp-json\/wp\/v2\/types\/product"}],"replies":[{"embeddable":true,"href":"https:\/\/creativityvexus.com\/sl\/wp-json\/wp\/v2\/comments?post=4657"}],"version-history":[{"count":1,"href":"https:\/\/creativityvexus.com\/sl\/wp-json\/wp\/v2\/product\/4657\/revisions"}],"predecessor-version":[{"id":4816,"href":"https:\/\/creativityvexus.com\/sl\/wp-json\/wp\/v2\/product\/4657\/revisions\/4816"}],"wp:featuredmedia":[{"embeddable":true,"href":"https:\/\/creativityvexus.com\/sl\/wp-json\/wp\/v2\/media\/4632"}],"wp:attachment":[{"href":"https:\/\/creativityvexus.com\/sl\/wp-json\/wp\/v2\/media?parent=4657"}],"wp:term":[{"taxonomy":"product_brand","embeddable":true,"href":"https:\/\/creativityvexus.com\/sl\/wp-json\/wp\/v2\/product_brand?post=4657"},{"taxonomy":"product_cat","embeddable":true,"href":"https:\/\/creativityvexus.com\/sl\/wp-json\/wp\/v2\/product_cat?post=4657"},{"taxonomy":"product_tag","embeddable":true,"href":"https:\/\/creativityvexus.com\/sl\/wp-json\/wp\/v2\/product_tag?post=4657"}],"curies":[{"name":"wp","href":"https:\/\/api.w.org\/{rel}","templated":true}]}}