{"id":4552,"date":"2024-01-16T20:17:32","date_gmt":"2024-01-16T19:17:32","guid":{"rendered":"https:\/\/creativityvexus.com\/product\/personalizirane-ilustrcije\/"},"modified":"2025-09-01T22:44:13","modified_gmt":"2025-09-01T21:44:13","slug":"personalizirane-ilustrcije","status":"publish","type":"product","link":"https:\/\/creativityvexus.com\/sl\/product\/personalizirane-ilustrcije\/","title":{"rendered":"Personalizirane ilustrcije"},"content":{"rendered":"<p>&nbsp;<\/p>\n<p data-start=\"196\" data-end=\"632\"><span style=\"color: #ffffff;\">Odpni svojo domi\u0161ljijo s<strong data-start=\"226\" data-end=\"275\"> popolnoma unikatnimi ilustracijami in slikami <\/strong>\u2014 na voljo kot visoko lo\u010dljive digitalne umetnine ali skrbno ustvarjeni fizi\u010dni printi. Ne glede na to, ali sanja\u0161 o igrivem portretu svojega ljubljen\u010dka, abstraktnem umetni\u0161kem delu, domiselni mitolo\u0161ki prizoritvi ali fantazijski stvaritvi iz tvoje glave \u2013 vse ilustracije so ro\u010dno narisane, s strani iste umetnice, katere edinstven in izrazit slog si lahko \u017ee ob\u010dudoval\/a v tej trgovini.<\/span><\/p>\n<p data-start=\"634\" data-end=\"730\"><span style=\"color: #ffffff;\">Brez predlog. Brez umetne inteligence. Samo pristna, premi\u0161ljena in popolnoma \u010dlove\u0161ko ustvarjena umetnost, ki je tako edinstvena kot vi sami.  <\/span><\/p>\n<p data-start=\"732\" data-end=\"953\"><span style=\"color: #ffffff;\">Od prijetne doma\u010de dekoracije do premi\u0161ljenih daril \u2014 na\u0161e ilustracije so ustvarjene po naro\u010dilu, kjer je tvoje mnenje klju\u010dno. Vklju\u010deni ste v celoten ustvarjalni proces: z mo\u017enostjo predogledov, popravkov in sodelovalnim pristopom bomo tvojo vizijo skupaj uresni\u010dili. <\/span><\/p>\n<p data-start=\"955\" data-end=\"977\"><span style=\"color: #ffffff;\"><strong data-start=\"955\" data-end=\"977\">Mediji<\/strong><\/span><\/p>\n<ul data-start=\"978\" data-end=\"1149\">\n<li data-start=\"978\" data-end=\"1024\">\n<p data-start=\"980\" data-end=\"1024\"><span style=\"color: #ffffff;\">Digitalne datoteke (Pripravljene za tisk ali optimizirane za splet)<\/span><\/p>\n<\/li>\n<li data-start=\"1025\" data-end=\"1081\">\n<p data-start=\"1027\" data-end=\"1081\"><span style=\"color: #ffffff;\">Tiskani izvodi visoke kakovosti (na voljo tudi v poljubnih formatih po meri)<\/span><\/p>\n<\/li>\n<li data-start=\"1025\" data-end=\"1081\"><span style=\"color: #ffffff;\">Fizi\u010dna umetnost (slike na platnu, risbe s svin\u010dnikom, akvareli itd.)<\/span><\/li>\n<li data-start=\"1025\" data-end=\"1081\">\n<\/li>\n<\/ul>\n<p><span style=\"color: #ffffff;\">CENA: popolnoma odvisna od naro\u010dila. Cena se prilagaja glede na kompleksnost, velikost, \u017eeleni slog ter izbrani medij (digitalno ali fizi\u010dno).  <strong><em>Za\u010detna cena: \u017ee od 10,00 \u20ac dalje.<\/em><\/strong><\/span><\/p>\n<p><span style=\"color: #ffffff;\">Zdaj pa ustvarjati!<\/p>\n<p>Prosimo, <strong>IZPOLNITE SPONJI OBRAZEC<\/strong>, in na\u0161a ekipa vam bo posku\u0161ala odgovoriti v <strong><em>najkraj\u0161em mo\u017enem \u010dasu!<\/em><\/strong> <\/span><\/p>\n<p>&nbsp;<\/p>\n<p><span style=\"color: #ffffff;\">\u010ce imate te\u017eave z obrazcem ali nas \u017eelite direktno kontaktirati, nam pi\u0161ite na: creativityvexus@gmail.com ali info.creativityvexus@gmail.com<\/span><\/p>\n<p><span style=\"color: #ffffff;\"><p class=\"wpcf7-contact-form-not-found\"><strong>Error:<\/strong> Contact form not found.<\/p><\/span><\/p>\n","protected":false},"excerpt":{"rendered":"<p><span style=\"color: #ffffff;\">Potrebujete darilo? \u017delite presenetiti svojo ljubljeno osebo? Ali pa preprosto obo\u017eujete moj umetni\u0161ki slog in imate (\u0161e) preve\u010d prostora na steni? <\/span><\/p>\n<p><span style=\"color: #ffffff;\">Odpni svojo domi\u0161ljijo s<strong data-start=\"226\" data-end=\"275\"> popolnoma unikatnimi ilustracijami in slikami <\/strong>\u2014 na voljo kot visoko lo\u010dljive digitalne umetnine ali skrbno ustvarjeni fizi\u010dni printi.<\/span><\/p>\n<p><span style=\"color: #ffffff;\">Samo <strong>IZPOLNI OBRAZEC SPODAJ<\/strong> \u2014 in lahko za\u010dnemo!<\/span><\/p>\n<p>&nbsp;<\/p>\n<p>&nbsp;<\/p>\n","protected":false},"featured_media":3344,"comment_status":"open","ping_status":"closed","template":"","meta":[],"product_brand":[],"product_cat":[105],"product_tag":[],"class_list":{"0":"post-4552","1":"product","2":"type-product","3":"status-publish","4":"has-post-thumbnail","6":"product_cat-personalizirano","8":"first","9":"instock","10":"shipping-taxable","11":"purchasable","12":"product-type-simple"},"yoast_head":"<!-- This site is optimized with the Yoast SEO plugin v21.9 - https:\/\/yoast.com\/wordpress\/plugins\/seo\/ -->\n<title>Personalizirane ilustrcije - Creativity Vexus<\/title>\n<meta name=\"description\" content=\"Unikatna personalizirana umetnost, ustvarjena posebej za vas. Ro\u010dno ilustrirane digitalne ali fizi\u010dne slike, brez umetne inteligence. Osebno, profesionalno in s karakterjem.\" \/>\n<meta name=\"robots\" content=\"index, follow, max-snippet:-1, max-image-preview:large, max-video-preview:-1\" \/>\n<link rel=\"canonical\" href=\"https:\/\/creativityvexus.com\/sl\/product\/personalizirane-ilustrcije\/\" \/>\n<meta property=\"og:locale\" content=\"sl_SI\" \/>\n<meta property=\"og:type\" content=\"article\" \/>\n<meta property=\"og:title\" content=\"Personalizirane ilustrcije - Creativity Vexus\" \/>\n<meta property=\"og:description\" content=\"Unikatna personalizirana umetnost, ustvarjena posebej za vas. Ro\u010dno ilustrirane digitalne ali fizi\u010dne slike, brez umetne inteligence. Osebno, profesionalno in s karakterjem.\" \/>\n<meta property=\"og:url\" content=\"https:\/\/creativityvexus.com\/sl\/product\/personalizirane-ilustrcije\/\" \/>\n<meta property=\"og:site_name\" content=\"Creativity Vexus\" \/>\n<meta property=\"article:publisher\" content=\"https:\/\/www.facebook.com\/creativityvexus\/\" \/>\n<meta property=\"article:modified_time\" content=\"2025-09-01T21:44:13+00:00\" \/>\n<meta property=\"og:image\" content=\"https:\/\/creativityvexus.com\/wp-content\/uploads\/2023\/11\/Frame-13-881x1024.png\" \/>\n\t<meta property=\"og:image:width\" content=\"881\" \/>\n\t<meta property=\"og:image:height\" content=\"1024\" \/>\n\t<meta property=\"og:image:type\" content=\"image\/png\" \/>\n<meta name=\"twitter:card\" content=\"summary_large_image\" \/>\n<meta name=\"twitter:label1\" content=\"Est. reading time\" \/>\n\t<meta name=\"twitter:data1\" content=\"1 minuta\" \/>\n<script type=\"application\/ld+json\" class=\"yoast-schema-graph\">{\"@context\":\"https:\/\/schema.org\",\"@graph\":[{\"@type\":\"WebPage\",\"@id\":\"https:\/\/creativityvexus.com\/sl\/product\/personalizirane-ilustrcije\/\",\"url\":\"https:\/\/creativityvexus.com\/sl\/product\/personalizirane-ilustrcije\/\",\"name\":\"Personalizirane ilustrcije - Creativity Vexus\",\"isPartOf\":{\"@id\":\"https:\/\/creativityvexus.com\/sl\/#website\"},\"datePublished\":\"2024-01-16T19:17:32+00:00\",\"dateModified\":\"2025-09-01T21:44:13+00:00\",\"description\":\"Unikatna personalizirana umetnost, ustvarjena posebej za vas. Ro\u010dno ilustrirane digitalne ali fizi\u010dne slike, brez umetne inteligence. Osebno, profesionalno in s karakterjem.\",\"breadcrumb\":{\"@id\":\"https:\/\/creativityvexus.com\/sl\/product\/personalizirane-ilustrcije\/#breadcrumb\"},\"inLanguage\":\"sl-SI\",\"potentialAction\":[{\"@type\":\"ReadAction\",\"target\":[\"https:\/\/creativityvexus.com\/sl\/product\/personalizirane-ilustrcije\/\"]}]},{\"@type\":\"BreadcrumbList\",\"@id\":\"https:\/\/creativityvexus.com\/sl\/product\/personalizirane-ilustrcije\/#breadcrumb\",\"itemListElement\":[{\"@type\":\"ListItem\",\"position\":1,\"name\":\"Home\",\"item\":\"https:\/\/creativityvexus.com\/sl\/\"},{\"@type\":\"ListItem\",\"position\":2,\"name\":\"Trgovina\",\"item\":\"https:\/\/creativityvexus.com\/trgovina\/\"},{\"@type\":\"ListItem\",\"position\":3,\"name\":\"Personalizirane ilustrcije\"}]},{\"@type\":\"WebSite\",\"@id\":\"https:\/\/creativityvexus.com\/sl\/#website\",\"url\":\"https:\/\/creativityvexus.com\/sl\/\",\"name\":\"Creativity Vexus\",\"description\":\"Creativity Vexus Art Website\",\"publisher\":{\"@id\":\"https:\/\/creativityvexus.com\/sl\/#organization\"},\"potentialAction\":[{\"@type\":\"SearchAction\",\"target\":{\"@type\":\"EntryPoint\",\"urlTemplate\":\"https:\/\/creativityvexus.com\/sl\/?s={search_term_string}\"},\"query-input\":\"required name=search_term_string\"}],\"inLanguage\":\"sl-SI\"},{\"@type\":\"Organization\",\"@id\":\"https:\/\/creativityvexus.com\/sl\/#organization\",\"name\":\"Creativity Vexus\",\"url\":\"https:\/\/creativityvexus.com\/sl\/\",\"logo\":{\"@type\":\"ImageObject\",\"inLanguage\":\"sl-SI\",\"@id\":\"https:\/\/creativityvexus.com\/sl\/#\/schema\/logo\/image\/\",\"url\":\"https:\/\/creativityvexus.com\/wp-content\/uploads\/2022\/11\/Untitled_Artwork-4.png\",\"contentUrl\":\"https:\/\/creativityvexus.com\/wp-content\/uploads\/2022\/11\/Untitled_Artwork-4.png\",\"width\":2048,\"height\":2048,\"caption\":\"Creativity Vexus\"},\"image\":{\"@id\":\"https:\/\/creativityvexus.com\/sl\/#\/schema\/logo\/image\/\"},\"sameAs\":[\"https:\/\/www.facebook.com\/creativityvexus\/\",\"https:\/\/www.instagram.com\/creativityvexus\/?hl=en\"]}]}<\/script>\n<!-- \/ Yoast SEO plugin. -->","yoast_head_json":{"title":"Personalizirane ilustrcije - Creativity Vexus","description":"Unikatna personalizirana umetnost, ustvarjena posebej za vas. Ro\u010dno ilustrirane digitalne ali fizi\u010dne slike, brez umetne inteligence. Osebno, profesionalno in s karakterjem.","robots":{"index":"index","follow":"follow","max-snippet":"max-snippet:-1","max-image-preview":"max-image-preview:large","max-video-preview":"max-video-preview:-1"},"canonical":"https:\/\/creativityvexus.com\/sl\/product\/personalizirane-ilustrcije\/","og_locale":"sl_SI","og_type":"article","og_title":"Personalizirane ilustrcije - Creativity Vexus","og_description":"Unikatna personalizirana umetnost, ustvarjena posebej za vas. Ro\u010dno ilustrirane digitalne ali fizi\u010dne slike, brez umetne inteligence. Osebno, profesionalno in s karakterjem.","og_url":"https:\/\/creativityvexus.com\/sl\/product\/personalizirane-ilustrcije\/","og_site_name":"Creativity Vexus","article_publisher":"https:\/\/www.facebook.com\/creativityvexus\/","article_modified_time":"2025-09-01T21:44:13+00:00","og_image":[{"width":881,"height":1024,"url":"https:\/\/creativityvexus.com\/wp-content\/uploads\/2023\/11\/Frame-13-881x1024.png","type":"image\/png"}],"twitter_card":"summary_large_image","twitter_misc":{"Est. reading time":"1 minuta"},"schema":{"@context":"https:\/\/schema.org","@graph":[{"@type":"WebPage","@id":"https:\/\/creativityvexus.com\/sl\/product\/personalizirane-ilustrcije\/","url":"https:\/\/creativityvexus.com\/sl\/product\/personalizirane-ilustrcije\/","name":"Personalizirane ilustrcije - Creativity Vexus","isPartOf":{"@id":"https:\/\/creativityvexus.com\/sl\/#website"},"datePublished":"2024-01-16T19:17:32+00:00","dateModified":"2025-09-01T21:44:13+00:00","description":"Unikatna personalizirana umetnost, ustvarjena posebej za vas. Ro\u010dno ilustrirane digitalne ali fizi\u010dne slike, brez umetne inteligence. Osebno, profesionalno in s karakterjem.","breadcrumb":{"@id":"https:\/\/creativityvexus.com\/sl\/product\/personalizirane-ilustrcije\/#breadcrumb"},"inLanguage":"sl-SI","potentialAction":[{"@type":"ReadAction","target":["https:\/\/creativityvexus.com\/sl\/product\/personalizirane-ilustrcije\/"]}]},{"@type":"BreadcrumbList","@id":"https:\/\/creativityvexus.com\/sl\/product\/personalizirane-ilustrcije\/#breadcrumb","itemListElement":[{"@type":"ListItem","position":1,"name":"Home","item":"https:\/\/creativityvexus.com\/sl\/"},{"@type":"ListItem","position":2,"name":"Trgovina","item":"https:\/\/creativityvexus.com\/trgovina\/"},{"@type":"ListItem","position":3,"name":"Personalizirane ilustrcije"}]},{"@type":"WebSite","@id":"https:\/\/creativityvexus.com\/sl\/#website","url":"https:\/\/creativityvexus.com\/sl\/","name":"Creativity Vexus","description":"Creativity Vexus Art Website","publisher":{"@id":"https:\/\/creativityvexus.com\/sl\/#organization"},"potentialAction":[{"@type":"SearchAction","target":{"@type":"EntryPoint","urlTemplate":"https:\/\/creativityvexus.com\/sl\/?s={search_term_string}"},"query-input":"required name=search_term_string"}],"inLanguage":"sl-SI"},{"@type":"Organization","@id":"https:\/\/creativityvexus.com\/sl\/#organization","name":"Creativity Vexus","url":"https:\/\/creativityvexus.com\/sl\/","logo":{"@type":"ImageObject","inLanguage":"sl-SI","@id":"https:\/\/creativityvexus.com\/sl\/#\/schema\/logo\/image\/","url":"https:\/\/creativityvexus.com\/wp-content\/uploads\/2022\/11\/Untitled_Artwork-4.png","contentUrl":"https:\/\/creativityvexus.com\/wp-content\/uploads\/2022\/11\/Untitled_Artwork-4.png","width":2048,"height":2048,"caption":"Creativity Vexus"},"image":{"@id":"https:\/\/creativityvexus.com\/sl\/#\/schema\/logo\/image\/"},"sameAs":["https:\/\/www.facebook.com\/creativityvexus\/","https:\/\/www.instagram.com\/creativityvexus\/?hl=en"]}]}},"jetpack_sharing_enabled":true,"_links":{"self":[{"href":"https:\/\/creativityvexus.com\/sl\/wp-json\/wp\/v2\/product\/4552","targetHints":{"allow":["GET"]}}],"collection":[{"href":"https:\/\/creativityvexus.com\/sl\/wp-json\/wp\/v2\/product"}],"about":[{"href":"https:\/\/creativityvexus.com\/sl\/wp-json\/wp\/v2\/types\/product"}],"replies":[{"embeddable":true,"href":"https:\/\/creativityvexus.com\/sl\/wp-json\/wp\/v2\/comments?post=4552"}],"version-history":[{"count":2,"href":"https:\/\/creativityvexus.com\/sl\/wp-json\/wp\/v2\/product\/4552\/revisions"}],"predecessor-version":[{"id":4604,"href":"https:\/\/creativityvexus.com\/sl\/wp-json\/wp\/v2\/product\/4552\/revisions\/4604"}],"wp:featuredmedia":[{"embeddable":true,"href":"https:\/\/creativityvexus.com\/sl\/wp-json\/wp\/v2\/media\/3344"}],"wp:attachment":[{"href":"https:\/\/creativityvexus.com\/sl\/wp-json\/wp\/v2\/media?parent=4552"}],"wp:term":[{"taxonomy":"product_brand","embeddable":true,"href":"https:\/\/creativityvexus.com\/sl\/wp-json\/wp\/v2\/product_brand?post=4552"},{"taxonomy":"product_cat","embeddable":true,"href":"https:\/\/creativityvexus.com\/sl\/wp-json\/wp\/v2\/product_cat?post=4552"},{"taxonomy":"product_tag","embeddable":true,"href":"https:\/\/creativityvexus.com\/sl\/wp-json\/wp\/v2\/product_tag?post=4552"}],"curies":[{"name":"wp","href":"https:\/\/api.w.org\/{rel}","templated":true}]}}