{"id":4519,"date":"2025-08-16T18:57:30","date_gmt":"2025-08-16T17:57:30","guid":{"rendered":"https:\/\/creativityvexus.com\/product\/personalizirana-majica\/"},"modified":"2025-09-01T22:39:40","modified_gmt":"2025-09-01T21:39:40","slug":"personalizirana-majica","status":"publish","type":"product","link":"https:\/\/creativityvexus.com\/sl\/product\/personalizirana-majica\/","title":{"rendered":"Personalizirana Majica"},"content":{"rendered":"<p><span style=\"color: #ffffff;\">Kdo lahko re\u010de ne unikatni personalizirani majici? In \u010de ti \u0161e povemo, da ga oblikuje dejanska umetnica?  <\/span><\/p>\n<p>&nbsp;<\/p>\n<p><span style=\"color: #ffffff;\">Te zanima, kako do svoje unikatne majice? <br \/>Zadeva je \u010disto preprosta \u2014 izpolni spodnji obrazec, nam posreduj svoje podatke, opis \u017eelja in morebitne referen\u010dne slike, \u010de jih ima\u0161, in \u017ee smo na poti!<br \/>Za\u010detna cena za majice je <strong>39,99 evrov<\/strong>. \u010ce naro\u010di\u0161 ve\u010d kosov, se cena na majico seveda zni\u017ea. Kon\u010dna cena je odvisna od zahtevnosti tvojega dizajna.      <\/span><\/p>\n<p><span style=\"color: #ffffff;\">ZAKAJ RAVNO MI? Tukaj je nekaj razlogov, zakaj smo mi va\u0161a prava izbira:   <\/span><\/p>\n<ol>\n<li><span style=\"color: #ffffff;\"><strong>TRAJNOST:<\/strong> Na\u0161i potiski obi\u010dajno zdr\u017eijo 5+ let, preden se na njih poka\u017eejo kakr\u0161nekoli sledi pralnega stroja.<\/span><\/li>\n<li><span style=\"color: #ffffff;\"><strong>BREZ AI:<\/strong> Vsaka majica je unikat, narejena od \u010dloveka za \u010dloveka. Brez dodatne inteligence, samo pristna ustvarjalnost. <\/span><\/li>\n<li><span style=\"color: #ffffff;\"><strong>POPOLNOMA PRILAGODLJIVO:<\/strong> Svoj dizajn bo\u0161 lahko predogledal, komentiral in sitnaril umetniku, kolikor ti srce po\u017eeli \u2013 dokler ne bo vse popolnoma po tvoje.<\/span><\/li>\n<li><span style=\"color: #ffffff;\"><b>HITRA<\/b> <strong>PODPORA<\/strong><b>:<\/b> Na tvoje povpra\u0161evanje ti skoraj zagotovo odgovorimo v manj kot 12 urah.<\/span><\/li>\n<li><span style=\"color: #ffffff;\"><strong>VELIKOSTI:<\/strong> Na voljo so velikosti od XS do XXXL.<\/span><\/li>\n<li><span style=\"color: #ffffff;\"><strong>KOLI\u010cINA:<\/strong> Potrebuje\u0161 eno majico ali sto za celo ekipo? Ni problema \u2013 poskrbimo za vse!<\/span><\/li>\n<\/ol>\n<p><span style=\"color: #ffffff;\">\u010ce najde\u0161 cenej\u0161ega tiskarja, popolnoma razumemo.<br \/>Kljub temu pa bi z veseljem oblikovali tvojo \u010dudovito majico! \u010ce ti je na\u0161 stil ilustracije v\u0161e\u010d, nas le kontaktiraj spodaj \u2014 z veseljem pomagamo uresni\u010diti tvojo idejo!  <\/span><\/p>\n<p>&nbsp;<\/p>\n<p><span style=\"color: #ffffff;\">\u010ce imate te\u017eave z obrazcem ali nas \u017eelite direktno kontaktirati, nam pi\u0161ite na: creativityvexus@gmail.com ali info.creativityvexus@gmail.com<\/span><\/p>\n<p><span style=\"color: #ffffff;\"><p class=\"wpcf7-contact-form-not-found\"><strong>Error:<\/strong> Contact form not found.<\/p><\/span><\/p>\n","protected":false},"excerpt":{"rendered":"<p data-start=\"162\" data-end=\"450\"><span style=\"color: #ffffff;\">Kdo pa ne obo\u017euje unikatne majice \u2014 \u0161e posebej, \u010de jo oblikuje pravi umetnik?<br \/>Popolnoma personalizirani, ro\u010dno ilustrirani dizajni, narejeni prav za TEBE!  <\/span><\/p>\n<p data-start=\"162\" data-end=\"450\"><span style=\"color: #ffffff;\">Brez AI, brez predlog. Trajni potiski, hitri odgovori, velikosti od XS do XXXL in popusti pri ve\u010djih naro\u010dilih. Tvoja ideja, tvoja majica \u2014 ustvarjena s skrbnostjo in zna\u010dajem.  <\/span><\/p>\n","protected":false},"featured_media":4387,"comment_status":"open","ping_status":"closed","template":"","meta":[],"product_brand":[],"product_cat":[111,105],"product_tag":[],"class_list":{"0":"post-4519","1":"product","2":"type-product","3":"status-publish","4":"has-post-thumbnail","6":"product_cat-majice","7":"product_cat-personalizirano","9":"first","10":"instock","11":"virtual","12":"purchasable","13":"product-type-simple"},"yoast_head":"<!-- This site is optimized with the Yoast SEO plugin v21.9 - https:\/\/yoast.com\/wordpress\/plugins\/seo\/ -->\n<title>Personalizirana Majica - Creativity Vexus<\/title>\n<meta name=\"description\" content=\"Unikatne majice po meri z ro\u010dno ilustracijo pravega umetnika. Brez AI, trajni potiski, hitra podpora in popolna prilagoditev \u2013 ustvarjeno zate.\" \/>\n<meta name=\"robots\" content=\"index, follow, max-snippet:-1, max-image-preview:large, max-video-preview:-1\" \/>\n<link rel=\"canonical\" href=\"https:\/\/creativityvexus.com\/sl\/product\/personalizirana-majica\/\" \/>\n<meta property=\"og:locale\" content=\"sl_SI\" \/>\n<meta property=\"og:type\" content=\"article\" \/>\n<meta property=\"og:title\" content=\"Personalizirana Majica - Creativity Vexus\" \/>\n<meta property=\"og:description\" content=\"Unikatne majice po meri z ro\u010dno ilustracijo pravega umetnika. Brez AI, trajni potiski, hitra podpora in popolna prilagoditev \u2013 ustvarjeno zate.\" \/>\n<meta property=\"og:url\" content=\"https:\/\/creativityvexus.com\/sl\/product\/personalizirana-majica\/\" \/>\n<meta property=\"og:site_name\" content=\"Creativity Vexus\" \/>\n<meta property=\"article:publisher\" content=\"https:\/\/www.facebook.com\/creativityvexus\/\" \/>\n<meta property=\"article:modified_time\" content=\"2025-09-01T21:39:40+00:00\" \/>\n<meta property=\"og:image\" content=\"https:\/\/creativityvexus.com\/wp-content\/uploads\/2025\/08\/IMG_3897.jpg\" \/>\n\t<meta property=\"og:image:width\" content=\"1000\" \/>\n\t<meta property=\"og:image:height\" content=\"1109\" \/>\n\t<meta property=\"og:image:type\" content=\"image\/jpeg\" \/>\n<meta name=\"twitter:card\" content=\"summary_large_image\" \/>\n<meta name=\"twitter:label1\" content=\"Est. reading time\" \/>\n\t<meta name=\"twitter:data1\" content=\"1 minuta\" \/>\n<script type=\"application\/ld+json\" class=\"yoast-schema-graph\">{\"@context\":\"https:\/\/schema.org\",\"@graph\":[{\"@type\":\"WebPage\",\"@id\":\"https:\/\/creativityvexus.com\/sl\/product\/personalizirana-majica\/\",\"url\":\"https:\/\/creativityvexus.com\/sl\/product\/personalizirana-majica\/\",\"name\":\"Personalizirana Majica - Creativity Vexus\",\"isPartOf\":{\"@id\":\"https:\/\/creativityvexus.com\/sl\/#website\"},\"datePublished\":\"2025-08-16T17:57:30+00:00\",\"dateModified\":\"2025-09-01T21:39:40+00:00\",\"description\":\"Unikatne majice po meri z ro\u010dno ilustracijo pravega umetnika. Brez AI, trajni potiski, hitra podpora in popolna prilagoditev \u2013 ustvarjeno zate.\",\"breadcrumb\":{\"@id\":\"https:\/\/creativityvexus.com\/sl\/product\/personalizirana-majica\/#breadcrumb\"},\"inLanguage\":\"sl-SI\",\"potentialAction\":[{\"@type\":\"ReadAction\",\"target\":[\"https:\/\/creativityvexus.com\/sl\/product\/personalizirana-majica\/\"]}]},{\"@type\":\"BreadcrumbList\",\"@id\":\"https:\/\/creativityvexus.com\/sl\/product\/personalizirana-majica\/#breadcrumb\",\"itemListElement\":[{\"@type\":\"ListItem\",\"position\":1,\"name\":\"Home\",\"item\":\"https:\/\/creativityvexus.com\/sl\/\"},{\"@type\":\"ListItem\",\"position\":2,\"name\":\"Trgovina\",\"item\":\"https:\/\/creativityvexus.com\/trgovina\/\"},{\"@type\":\"ListItem\",\"position\":3,\"name\":\"Personalizirana Majica\"}]},{\"@type\":\"WebSite\",\"@id\":\"https:\/\/creativityvexus.com\/sl\/#website\",\"url\":\"https:\/\/creativityvexus.com\/sl\/\",\"name\":\"Creativity Vexus\",\"description\":\"Creativity Vexus Art Website\",\"publisher\":{\"@id\":\"https:\/\/creativityvexus.com\/sl\/#organization\"},\"potentialAction\":[{\"@type\":\"SearchAction\",\"target\":{\"@type\":\"EntryPoint\",\"urlTemplate\":\"https:\/\/creativityvexus.com\/sl\/?s={search_term_string}\"},\"query-input\":\"required name=search_term_string\"}],\"inLanguage\":\"sl-SI\"},{\"@type\":\"Organization\",\"@id\":\"https:\/\/creativityvexus.com\/sl\/#organization\",\"name\":\"Creativity Vexus\",\"url\":\"https:\/\/creativityvexus.com\/sl\/\",\"logo\":{\"@type\":\"ImageObject\",\"inLanguage\":\"sl-SI\",\"@id\":\"https:\/\/creativityvexus.com\/sl\/#\/schema\/logo\/image\/\",\"url\":\"https:\/\/creativityvexus.com\/wp-content\/uploads\/2022\/11\/Untitled_Artwork-4.png\",\"contentUrl\":\"https:\/\/creativityvexus.com\/wp-content\/uploads\/2022\/11\/Untitled_Artwork-4.png\",\"width\":2048,\"height\":2048,\"caption\":\"Creativity Vexus\"},\"image\":{\"@id\":\"https:\/\/creativityvexus.com\/sl\/#\/schema\/logo\/image\/\"},\"sameAs\":[\"https:\/\/www.facebook.com\/creativityvexus\/\",\"https:\/\/www.instagram.com\/creativityvexus\/?hl=en\"]}]}<\/script>\n<!-- \/ Yoast SEO plugin. -->","yoast_head_json":{"title":"Personalizirana Majica - Creativity Vexus","description":"Unikatne majice po meri z ro\u010dno ilustracijo pravega umetnika. Brez AI, trajni potiski, hitra podpora in popolna prilagoditev \u2013 ustvarjeno zate.","robots":{"index":"index","follow":"follow","max-snippet":"max-snippet:-1","max-image-preview":"max-image-preview:large","max-video-preview":"max-video-preview:-1"},"canonical":"https:\/\/creativityvexus.com\/sl\/product\/personalizirana-majica\/","og_locale":"sl_SI","og_type":"article","og_title":"Personalizirana Majica - Creativity Vexus","og_description":"Unikatne majice po meri z ro\u010dno ilustracijo pravega umetnika. Brez AI, trajni potiski, hitra podpora in popolna prilagoditev \u2013 ustvarjeno zate.","og_url":"https:\/\/creativityvexus.com\/sl\/product\/personalizirana-majica\/","og_site_name":"Creativity Vexus","article_publisher":"https:\/\/www.facebook.com\/creativityvexus\/","article_modified_time":"2025-09-01T21:39:40+00:00","og_image":[{"width":1000,"height":1109,"url":"https:\/\/creativityvexus.com\/wp-content\/uploads\/2025\/08\/IMG_3897.jpg","type":"image\/jpeg"}],"twitter_card":"summary_large_image","twitter_misc":{"Est. reading time":"1 minuta"},"schema":{"@context":"https:\/\/schema.org","@graph":[{"@type":"WebPage","@id":"https:\/\/creativityvexus.com\/sl\/product\/personalizirana-majica\/","url":"https:\/\/creativityvexus.com\/sl\/product\/personalizirana-majica\/","name":"Personalizirana Majica - Creativity Vexus","isPartOf":{"@id":"https:\/\/creativityvexus.com\/sl\/#website"},"datePublished":"2025-08-16T17:57:30+00:00","dateModified":"2025-09-01T21:39:40+00:00","description":"Unikatne majice po meri z ro\u010dno ilustracijo pravega umetnika. Brez AI, trajni potiski, hitra podpora in popolna prilagoditev \u2013 ustvarjeno zate.","breadcrumb":{"@id":"https:\/\/creativityvexus.com\/sl\/product\/personalizirana-majica\/#breadcrumb"},"inLanguage":"sl-SI","potentialAction":[{"@type":"ReadAction","target":["https:\/\/creativityvexus.com\/sl\/product\/personalizirana-majica\/"]}]},{"@type":"BreadcrumbList","@id":"https:\/\/creativityvexus.com\/sl\/product\/personalizirana-majica\/#breadcrumb","itemListElement":[{"@type":"ListItem","position":1,"name":"Home","item":"https:\/\/creativityvexus.com\/sl\/"},{"@type":"ListItem","position":2,"name":"Trgovina","item":"https:\/\/creativityvexus.com\/trgovina\/"},{"@type":"ListItem","position":3,"name":"Personalizirana Majica"}]},{"@type":"WebSite","@id":"https:\/\/creativityvexus.com\/sl\/#website","url":"https:\/\/creativityvexus.com\/sl\/","name":"Creativity Vexus","description":"Creativity Vexus Art Website","publisher":{"@id":"https:\/\/creativityvexus.com\/sl\/#organization"},"potentialAction":[{"@type":"SearchAction","target":{"@type":"EntryPoint","urlTemplate":"https:\/\/creativityvexus.com\/sl\/?s={search_term_string}"},"query-input":"required name=search_term_string"}],"inLanguage":"sl-SI"},{"@type":"Organization","@id":"https:\/\/creativityvexus.com\/sl\/#organization","name":"Creativity Vexus","url":"https:\/\/creativityvexus.com\/sl\/","logo":{"@type":"ImageObject","inLanguage":"sl-SI","@id":"https:\/\/creativityvexus.com\/sl\/#\/schema\/logo\/image\/","url":"https:\/\/creativityvexus.com\/wp-content\/uploads\/2022\/11\/Untitled_Artwork-4.png","contentUrl":"https:\/\/creativityvexus.com\/wp-content\/uploads\/2022\/11\/Untitled_Artwork-4.png","width":2048,"height":2048,"caption":"Creativity Vexus"},"image":{"@id":"https:\/\/creativityvexus.com\/sl\/#\/schema\/logo\/image\/"},"sameAs":["https:\/\/www.facebook.com\/creativityvexus\/","https:\/\/www.instagram.com\/creativityvexus\/?hl=en"]}]}},"jetpack_sharing_enabled":true,"_links":{"self":[{"href":"https:\/\/creativityvexus.com\/sl\/wp-json\/wp\/v2\/product\/4519","targetHints":{"allow":["GET"]}}],"collection":[{"href":"https:\/\/creativityvexus.com\/sl\/wp-json\/wp\/v2\/product"}],"about":[{"href":"https:\/\/creativityvexus.com\/sl\/wp-json\/wp\/v2\/types\/product"}],"replies":[{"embeddable":true,"href":"https:\/\/creativityvexus.com\/sl\/wp-json\/wp\/v2\/comments?post=4519"}],"version-history":[{"count":2,"href":"https:\/\/creativityvexus.com\/sl\/wp-json\/wp\/v2\/product\/4519\/revisions"}],"predecessor-version":[{"id":4600,"href":"https:\/\/creativityvexus.com\/sl\/wp-json\/wp\/v2\/product\/4519\/revisions\/4600"}],"wp:featuredmedia":[{"embeddable":true,"href":"https:\/\/creativityvexus.com\/sl\/wp-json\/wp\/v2\/media\/4387"}],"wp:attachment":[{"href":"https:\/\/creativityvexus.com\/sl\/wp-json\/wp\/v2\/media?parent=4519"}],"wp:term":[{"taxonomy":"product_brand","embeddable":true,"href":"https:\/\/creativityvexus.com\/sl\/wp-json\/wp\/v2\/product_brand?post=4519"},{"taxonomy":"product_cat","embeddable":true,"href":"https:\/\/creativityvexus.com\/sl\/wp-json\/wp\/v2\/product_cat?post=4519"},{"taxonomy":"product_tag","embeddable":true,"href":"https:\/\/creativityvexus.com\/sl\/wp-json\/wp\/v2\/product_tag?post=4519"}],"curies":[{"name":"wp","href":"https:\/\/api.w.org\/{rel}","templated":true}]}}