{"id":4444,"date":"2025-08-25T16:12:57","date_gmt":"2025-08-25T15:12:57","guid":{"rendered":"https:\/\/creativityvexus.com\/?post_type=product&#038;p=4444"},"modified":"2025-08-25T16:12:57","modified_gmt":"2025-08-25T15:12:57","slug":"macji-bozic-art-print","status":"publish","type":"product","link":"https:\/\/creativityvexus.com\/sl\/product\/macji-bozic-art-print\/","title":{"rendered":"Ma\u010dji Bo\u017ei\u010d ART Print"},"content":{"rendered":"<p data-start=\"177\" data-end=\"699\"><span style=\"color: #ffffff;\">Skupina ma\u010dk le\u017eerno po\u010diva kot kraljevi\u010de na svojih praskalnikih, ki ponosno stojijo pred tistim, kar je neko\u010d bila lepo okra\u0161ena bo\u017ei\u010dna jelka. Od raztresenih okraskov, do skrivnostnih zoglenelih sledi ob kablu \u2013 prizor je brez dvoma pod nadzorom ma\u010dk.<br \/>Njih pa\u010d ne bi smeli nikoli pustiti samih. Nikoli.<br \/>A kljub vsemu kaosu prazni\u010dna toplina \u0161e vedno \u017eari \u2013 lu\u010dke se ne\u017eno ble\u0161\u010dijo, menora oddaja topel sijaj z vrha gore\u010dega drevesa, vejica imelike pa obeta ne\u017enost in ljubezen&#8230; Poskusite se tega spomniti, ko boste \u010distili za njimi. Da jih slu\u010dajno ne zadavite.      <\/span><\/p>\n<p data-start=\"701\" data-end=\"920\"><span style=\"color: #ffffff;\">Pesem Dolores Hunsky nas ne\u017eno spodbuja k prijaznosti in povezanosti \u2014 k objemom, toplim besedam in iskrenim trenutkom veselja. Topel opomnik, da je ljubezen v vseh svojih kosmatih oblikah najlep\u0161e darilo \u2013 ne glede na to, koliko stane kaos, ki ga ta puh povzro\u010da.  <\/span><\/p>\n<ul>\n<li><span style=\"color: #ffffff;\"><strong>Velikost:<\/strong> 21 x 18,7 cm<\/span><\/li>\n<li><span style=\"color: #ffffff;\"><strong>Material:<\/strong> Visokokakovosten mat papir 250 g \u2013 gladek, brez ble\u0161\u010danja<\/span><\/li>\n<li><span style=\"color: #ffffff;\"><strong>Pesnitev:<\/strong> na voljo le v ANGLE\u0160\u010cINI<\/span><\/li>\n<\/ul>\n<p style=\"text-align: justify; line-height: 150%; margin: 12.0pt 0cm 12.0pt 0cm;\"><span style=\"color: #ffffff;\">Fotografije \u00a9 Mojca Kandu\u010d<\/span><\/p>\n","protected":false},"excerpt":{"rendered":"<p>Prazni\u010dni ma\u010dji tisk, poln prazni\u010dnega kaosa, \u0161arma in opomnika, da delimo veselje, objeme in kan\u010dek potrpljenja \u2014 \u0161e posebej s tistimi kosmatimi.<\/p>\n","protected":false},"featured_media":4467,"comment_status":"open","ping_status":"closed","template":"","meta":[],"product_brand":[],"product_cat":[106],"product_tag":[],"class_list":{"0":"post-4444","1":"product","2":"type-product","3":"status-publish","4":"has-post-thumbnail","6":"product_cat-ilustracije","7":"product_shipping_class-light","9":"first","10":"instock","11":"shipping-taxable","12":"purchasable","13":"product-type-simple"},"yoast_head":"<!-- This site is optimized with the Yoast SEO plugin v21.9 - https:\/\/yoast.com\/wordpress\/plugins\/seo\/ -->\n<title>Ma\u010dji Bo\u017ei\u010d ART Print - Creativity Vexus<\/title>\n<meta name=\"description\" content=\"Prazni\u010dna bo\u017ei\u010dna stenska ilustracija z udobnimi ma\u010dkami, kaoti\u010dno jelko in sporo\u010dilom veselja ter povezanosti. Popolno darilo za vse ljubitelje ma\u010dk v prazni\u010dnem \u010dasu.\" \/>\n<meta name=\"robots\" content=\"index, follow, max-snippet:-1, max-image-preview:large, max-video-preview:-1\" \/>\n<link rel=\"canonical\" href=\"https:\/\/creativityvexus.com\/sl\/product\/macji-bozic-art-print\/\" \/>\n<meta property=\"og:locale\" content=\"sl_SI\" \/>\n<meta property=\"og:type\" content=\"article\" \/>\n<meta property=\"og:title\" content=\"Ma\u010dji Bo\u017ei\u010d ART Print - Creativity Vexus\" \/>\n<meta property=\"og:description\" content=\"Prazni\u010dna bo\u017ei\u010dna stenska ilustracija z udobnimi ma\u010dkami, kaoti\u010dno jelko in sporo\u010dilom veselja ter povezanosti. Popolno darilo za vse ljubitelje ma\u010dk v prazni\u010dnem \u010dasu.\" \/>\n<meta property=\"og:url\" content=\"https:\/\/creativityvexus.com\/sl\/product\/macji-bozic-art-print\/\" \/>\n<meta property=\"og:site_name\" content=\"Creativity Vexus\" \/>\n<meta property=\"article:publisher\" content=\"https:\/\/www.facebook.com\/creativityvexus\/\" \/>\n<meta property=\"og:image\" content=\"https:\/\/creativityvexus.com\/wp-content\/uploads\/2025\/08\/12.jpg\" \/>\n\t<meta property=\"og:image:width\" content=\"1176\" \/>\n\t<meta property=\"og:image:height\" content=\"1120\" \/>\n\t<meta property=\"og:image:type\" content=\"image\/jpeg\" \/>\n<meta name=\"twitter:card\" content=\"summary_large_image\" \/>\n<meta name=\"twitter:label1\" content=\"Est. reading time\" \/>\n\t<meta name=\"twitter:data1\" content=\"1 minuta\" \/>\n<script type=\"application\/ld+json\" class=\"yoast-schema-graph\">{\"@context\":\"https:\/\/schema.org\",\"@graph\":[{\"@type\":\"WebPage\",\"@id\":\"https:\/\/creativityvexus.com\/sl\/product\/macji-bozic-art-print\/\",\"url\":\"https:\/\/creativityvexus.com\/sl\/product\/macji-bozic-art-print\/\",\"name\":\"Ma\u010dji Bo\u017ei\u010d ART Print - Creativity Vexus\",\"isPartOf\":{\"@id\":\"https:\/\/creativityvexus.com\/sl\/#website\"},\"datePublished\":\"2025-08-25T15:12:57+00:00\",\"dateModified\":\"2025-08-25T15:12:57+00:00\",\"description\":\"Prazni\u010dna bo\u017ei\u010dna stenska ilustracija z udobnimi ma\u010dkami, kaoti\u010dno jelko in sporo\u010dilom veselja ter povezanosti. Popolno darilo za vse ljubitelje ma\u010dk v prazni\u010dnem \u010dasu.\",\"breadcrumb\":{\"@id\":\"https:\/\/creativityvexus.com\/sl\/product\/macji-bozic-art-print\/#breadcrumb\"},\"inLanguage\":\"sl-SI\",\"potentialAction\":[{\"@type\":\"ReadAction\",\"target\":[\"https:\/\/creativityvexus.com\/sl\/product\/macji-bozic-art-print\/\"]}]},{\"@type\":\"BreadcrumbList\",\"@id\":\"https:\/\/creativityvexus.com\/sl\/product\/macji-bozic-art-print\/#breadcrumb\",\"itemListElement\":[{\"@type\":\"ListItem\",\"position\":1,\"name\":\"Home\",\"item\":\"https:\/\/creativityvexus.com\/sl\/\"},{\"@type\":\"ListItem\",\"position\":2,\"name\":\"Trgovina\",\"item\":\"https:\/\/creativityvexus.com\/trgovina\/\"},{\"@type\":\"ListItem\",\"position\":3,\"name\":\"Ma\u010dji Bo\u017ei\u010d ART Print\"}]},{\"@type\":\"WebSite\",\"@id\":\"https:\/\/creativityvexus.com\/sl\/#website\",\"url\":\"https:\/\/creativityvexus.com\/sl\/\",\"name\":\"Creativity Vexus\",\"description\":\"Creativity Vexus Art Website\",\"publisher\":{\"@id\":\"https:\/\/creativityvexus.com\/sl\/#organization\"},\"potentialAction\":[{\"@type\":\"SearchAction\",\"target\":{\"@type\":\"EntryPoint\",\"urlTemplate\":\"https:\/\/creativityvexus.com\/sl\/?s={search_term_string}\"},\"query-input\":\"required name=search_term_string\"}],\"inLanguage\":\"sl-SI\"},{\"@type\":\"Organization\",\"@id\":\"https:\/\/creativityvexus.com\/sl\/#organization\",\"name\":\"Creativity Vexus\",\"url\":\"https:\/\/creativityvexus.com\/sl\/\",\"logo\":{\"@type\":\"ImageObject\",\"inLanguage\":\"sl-SI\",\"@id\":\"https:\/\/creativityvexus.com\/sl\/#\/schema\/logo\/image\/\",\"url\":\"https:\/\/creativityvexus.com\/wp-content\/uploads\/2022\/11\/Untitled_Artwork-4.png\",\"contentUrl\":\"https:\/\/creativityvexus.com\/wp-content\/uploads\/2022\/11\/Untitled_Artwork-4.png\",\"width\":2048,\"height\":2048,\"caption\":\"Creativity Vexus\"},\"image\":{\"@id\":\"https:\/\/creativityvexus.com\/sl\/#\/schema\/logo\/image\/\"},\"sameAs\":[\"https:\/\/www.facebook.com\/creativityvexus\/\",\"https:\/\/www.instagram.com\/creativityvexus\/?hl=en\"]}]}<\/script>\n<!-- \/ Yoast SEO plugin. -->","yoast_head_json":{"title":"Ma\u010dji Bo\u017ei\u010d ART Print - Creativity Vexus","description":"Prazni\u010dna bo\u017ei\u010dna stenska ilustracija z udobnimi ma\u010dkami, kaoti\u010dno jelko in sporo\u010dilom veselja ter povezanosti. Popolno darilo za vse ljubitelje ma\u010dk v prazni\u010dnem \u010dasu.","robots":{"index":"index","follow":"follow","max-snippet":"max-snippet:-1","max-image-preview":"max-image-preview:large","max-video-preview":"max-video-preview:-1"},"canonical":"https:\/\/creativityvexus.com\/sl\/product\/macji-bozic-art-print\/","og_locale":"sl_SI","og_type":"article","og_title":"Ma\u010dji Bo\u017ei\u010d ART Print - Creativity Vexus","og_description":"Prazni\u010dna bo\u017ei\u010dna stenska ilustracija z udobnimi ma\u010dkami, kaoti\u010dno jelko in sporo\u010dilom veselja ter povezanosti. Popolno darilo za vse ljubitelje ma\u010dk v prazni\u010dnem \u010dasu.","og_url":"https:\/\/creativityvexus.com\/sl\/product\/macji-bozic-art-print\/","og_site_name":"Creativity Vexus","article_publisher":"https:\/\/www.facebook.com\/creativityvexus\/","og_image":[{"width":1176,"height":1120,"url":"https:\/\/creativityvexus.com\/wp-content\/uploads\/2025\/08\/12.jpg","type":"image\/jpeg"}],"twitter_card":"summary_large_image","twitter_misc":{"Est. reading time":"1 minuta"},"schema":{"@context":"https:\/\/schema.org","@graph":[{"@type":"WebPage","@id":"https:\/\/creativityvexus.com\/sl\/product\/macji-bozic-art-print\/","url":"https:\/\/creativityvexus.com\/sl\/product\/macji-bozic-art-print\/","name":"Ma\u010dji Bo\u017ei\u010d ART Print - Creativity Vexus","isPartOf":{"@id":"https:\/\/creativityvexus.com\/sl\/#website"},"datePublished":"2025-08-25T15:12:57+00:00","dateModified":"2025-08-25T15:12:57+00:00","description":"Prazni\u010dna bo\u017ei\u010dna stenska ilustracija z udobnimi ma\u010dkami, kaoti\u010dno jelko in sporo\u010dilom veselja ter povezanosti. Popolno darilo za vse ljubitelje ma\u010dk v prazni\u010dnem \u010dasu.","breadcrumb":{"@id":"https:\/\/creativityvexus.com\/sl\/product\/macji-bozic-art-print\/#breadcrumb"},"inLanguage":"sl-SI","potentialAction":[{"@type":"ReadAction","target":["https:\/\/creativityvexus.com\/sl\/product\/macji-bozic-art-print\/"]}]},{"@type":"BreadcrumbList","@id":"https:\/\/creativityvexus.com\/sl\/product\/macji-bozic-art-print\/#breadcrumb","itemListElement":[{"@type":"ListItem","position":1,"name":"Home","item":"https:\/\/creativityvexus.com\/sl\/"},{"@type":"ListItem","position":2,"name":"Trgovina","item":"https:\/\/creativityvexus.com\/trgovina\/"},{"@type":"ListItem","position":3,"name":"Ma\u010dji Bo\u017ei\u010d ART Print"}]},{"@type":"WebSite","@id":"https:\/\/creativityvexus.com\/sl\/#website","url":"https:\/\/creativityvexus.com\/sl\/","name":"Creativity Vexus","description":"Creativity Vexus Art Website","publisher":{"@id":"https:\/\/creativityvexus.com\/sl\/#organization"},"potentialAction":[{"@type":"SearchAction","target":{"@type":"EntryPoint","urlTemplate":"https:\/\/creativityvexus.com\/sl\/?s={search_term_string}"},"query-input":"required name=search_term_string"}],"inLanguage":"sl-SI"},{"@type":"Organization","@id":"https:\/\/creativityvexus.com\/sl\/#organization","name":"Creativity Vexus","url":"https:\/\/creativityvexus.com\/sl\/","logo":{"@type":"ImageObject","inLanguage":"sl-SI","@id":"https:\/\/creativityvexus.com\/sl\/#\/schema\/logo\/image\/","url":"https:\/\/creativityvexus.com\/wp-content\/uploads\/2022\/11\/Untitled_Artwork-4.png","contentUrl":"https:\/\/creativityvexus.com\/wp-content\/uploads\/2022\/11\/Untitled_Artwork-4.png","width":2048,"height":2048,"caption":"Creativity Vexus"},"image":{"@id":"https:\/\/creativityvexus.com\/sl\/#\/schema\/logo\/image\/"},"sameAs":["https:\/\/www.facebook.com\/creativityvexus\/","https:\/\/www.instagram.com\/creativityvexus\/?hl=en"]}]}},"jetpack_sharing_enabled":true,"_links":{"self":[{"href":"https:\/\/creativityvexus.com\/sl\/wp-json\/wp\/v2\/product\/4444","targetHints":{"allow":["GET"]}}],"collection":[{"href":"https:\/\/creativityvexus.com\/sl\/wp-json\/wp\/v2\/product"}],"about":[{"href":"https:\/\/creativityvexus.com\/sl\/wp-json\/wp\/v2\/types\/product"}],"replies":[{"embeddable":true,"href":"https:\/\/creativityvexus.com\/sl\/wp-json\/wp\/v2\/comments?post=4444"}],"version-history":[{"count":1,"href":"https:\/\/creativityvexus.com\/sl\/wp-json\/wp\/v2\/product\/4444\/revisions"}],"predecessor-version":[{"id":4470,"href":"https:\/\/creativityvexus.com\/sl\/wp-json\/wp\/v2\/product\/4444\/revisions\/4470"}],"wp:featuredmedia":[{"embeddable":true,"href":"https:\/\/creativityvexus.com\/sl\/wp-json\/wp\/v2\/media\/4467"}],"wp:attachment":[{"href":"https:\/\/creativityvexus.com\/sl\/wp-json\/wp\/v2\/media?parent=4444"}],"wp:term":[{"taxonomy":"product_brand","embeddable":true,"href":"https:\/\/creativityvexus.com\/sl\/wp-json\/wp\/v2\/product_brand?post=4444"},{"taxonomy":"product_cat","embeddable":true,"href":"https:\/\/creativityvexus.com\/sl\/wp-json\/wp\/v2\/product_cat?post=4444"},{"taxonomy":"product_tag","embeddable":true,"href":"https:\/\/creativityvexus.com\/sl\/wp-json\/wp\/v2\/product_tag?post=4444"}],"curies":[{"name":"wp","href":"https:\/\/api.w.org\/{rel}","templated":true}]}}