{"id":4362,"date":"2025-08-25T16:14:33","date_gmt":"2025-08-25T15:14:33","guid":{"rendered":"https:\/\/creativityvexus.com\/?post_type=product&#038;p=4362"},"modified":"2025-08-25T16:14:33","modified_gmt":"2025-08-25T15:14:33","slug":"halloween-macji-art-print","status":"publish","type":"product","link":"https:\/\/creativityvexus.com\/sl\/product\/halloween-macji-art-print\/","title":{"rendered":"Halloween Ma\u010dji ART Print"},"content":{"rendered":"<p><span style=\"color: #ffffff;\">Ko sonce zaide in sence zbledijo v temo, nastopi \u010das za no\u010dne vragolije \u2014 in nih\u010de jih ne sprejme z ve\u010djim navdu\u0161enjem kot \u010drna ma\u010dka z zoomiji. Bu\u010de postanejo igri\u0161\u010da, veter plesni partner, vsak \u0161kripajo\u010d zvok pa obljuba pustolov\u0161\u010dine.  <\/span><\/p>\n<p><span style=\"color: #ffffff;\">Ta domiselna ilustracija, s \u010dudovitim besedilom Dolores Hunsky, ujame ma\u010djo norijo spooky sezone \u2014 z velikimi o\u010dmi, u\u0161esi kot netopir in obilico kaoti\u010dnega \u0161arma. Naj se izmikajo duhovom ali ska\u010dejo po izrezljanih bu\u010dah, te \u010drne ma\u010dke nas spomnijo, da je no\u010d \u010darovnic praznik skrivnosti, vragolij in mese\u010dnega veselja.  <\/span><\/p>\n<ul>\n<li><span style=\"color: #ffffff;\"><strong>Velikost:<\/strong> 21 x 18,7 cm<\/span><\/li>\n<li><span style=\"color: #ffffff;\"><strong>Material:<\/strong> Visokokakovosten mat papir 250 g \u2013 gladek, brez ble\u0161\u010danja<\/span><\/li>\n<li><span style=\"color: #ffffff;\"><strong>Pesem<\/strong>: na voljo SAMO v sloven\u0161\u010dini<\/span><\/li>\n<\/ul>\n<p><span style=\"color: #ffffff;\">Perrr-fektno darilo za vse ljubitelje jesenskega vzdu\u0161ja in \u010drnih muc.<\/span><\/p>\n<p><span style=\"color: #ffffff;\">Fotografije \u00a9 Mojca Kandu\u010d<\/span><\/p>\n<p>\u00a9<\/p>\n<p style=\"text-align: justify; text-indent: -18.0pt; margin: 12.0pt 0cm 12.0pt 0cm;\">\n","protected":false},"excerpt":{"rendered":"<p data-start=\"809\" data-end=\"944\"><span style=\"color: #ffffff;\">Ta igriva ilustracija no\u010d-\u010darovnic ujame kaoti\u010dno radost \u010drne ma\u010dke v popolnem \u201czoomie\u201d na\u010dinu \u2014 pripravljene, da podre bu\u010de in lovi mese\u010dino.<\/span><\/p>\n","protected":false},"featured_media":4463,"comment_status":"open","ping_status":"closed","template":"","meta":[],"product_brand":[],"product_cat":[106],"product_tag":[],"class_list":{"0":"post-4362","1":"product","2":"type-product","3":"status-publish","4":"has-post-thumbnail","6":"product_cat-ilustracije","7":"product_shipping_class-light","9":"first","10":"instock","11":"shipping-taxable","12":"purchasable","13":"product-type-simple"},"yoast_head":"<!-- This site is optimized with the Yoast SEO plugin v21.9 - https:\/\/yoast.com\/wordpress\/plugins\/seo\/ -->\n<title>Halloween Ma\u010dji ART Print - Creativity Vexus<\/title>\n<meta name=\"description\" content=\"Domiselna stenska ilustracija za no\u010d \u010darovnic s \u010drno ma\u010dko v \u201czoomie\u201d noriji, obdano z bu\u010dami in skrivnostnim \u010darom.\" \/>\n<meta name=\"robots\" content=\"index, follow, max-snippet:-1, max-image-preview:large, max-video-preview:-1\" \/>\n<link rel=\"canonical\" href=\"https:\/\/creativityvexus.com\/sl\/product\/halloween-macji-art-print\/\" \/>\n<meta property=\"og:locale\" content=\"sl_SI\" \/>\n<meta property=\"og:type\" content=\"article\" \/>\n<meta property=\"og:title\" content=\"Halloween Ma\u010dji ART Print - Creativity Vexus\" \/>\n<meta property=\"og:description\" content=\"Domiselna stenska ilustracija za no\u010d \u010darovnic s \u010drno ma\u010dko v \u201czoomie\u201d noriji, obdano z bu\u010dami in skrivnostnim \u010darom.\" \/>\n<meta property=\"og:url\" content=\"https:\/\/creativityvexus.com\/sl\/product\/halloween-macji-art-print\/\" \/>\n<meta property=\"og:site_name\" content=\"Creativity Vexus\" \/>\n<meta property=\"article:publisher\" content=\"https:\/\/www.facebook.com\/creativityvexus\/\" \/>\n<meta property=\"og:image\" content=\"https:\/\/creativityvexus.com\/wp-content\/uploads\/2025\/08\/10.jpg\" \/>\n\t<meta property=\"og:image:width\" content=\"1107\" \/>\n\t<meta property=\"og:image:height\" content=\"1096\" \/>\n\t<meta property=\"og:image:type\" content=\"image\/jpeg\" \/>\n<meta name=\"twitter:card\" content=\"summary_large_image\" \/>\n<meta name=\"twitter:label1\" content=\"Est. reading time\" \/>\n\t<meta name=\"twitter:data1\" content=\"1 minuta\" \/>\n<script type=\"application\/ld+json\" class=\"yoast-schema-graph\">{\"@context\":\"https:\/\/schema.org\",\"@graph\":[{\"@type\":\"WebPage\",\"@id\":\"https:\/\/creativityvexus.com\/sl\/product\/halloween-macji-art-print\/\",\"url\":\"https:\/\/creativityvexus.com\/sl\/product\/halloween-macji-art-print\/\",\"name\":\"Halloween Ma\u010dji ART Print - Creativity Vexus\",\"isPartOf\":{\"@id\":\"https:\/\/creativityvexus.com\/sl\/#website\"},\"datePublished\":\"2025-08-25T15:14:33+00:00\",\"dateModified\":\"2025-08-25T15:14:33+00:00\",\"description\":\"Domiselna stenska ilustracija za no\u010d \u010darovnic s \u010drno ma\u010dko v \u201czoomie\u201d noriji, obdano z bu\u010dami in skrivnostnim \u010darom.\",\"breadcrumb\":{\"@id\":\"https:\/\/creativityvexus.com\/sl\/product\/halloween-macji-art-print\/#breadcrumb\"},\"inLanguage\":\"sl-SI\",\"potentialAction\":[{\"@type\":\"ReadAction\",\"target\":[\"https:\/\/creativityvexus.com\/sl\/product\/halloween-macji-art-print\/\"]}]},{\"@type\":\"BreadcrumbList\",\"@id\":\"https:\/\/creativityvexus.com\/sl\/product\/halloween-macji-art-print\/#breadcrumb\",\"itemListElement\":[{\"@type\":\"ListItem\",\"position\":1,\"name\":\"Home\",\"item\":\"https:\/\/creativityvexus.com\/sl\/\"},{\"@type\":\"ListItem\",\"position\":2,\"name\":\"Trgovina\",\"item\":\"https:\/\/creativityvexus.com\/trgovina\/\"},{\"@type\":\"ListItem\",\"position\":3,\"name\":\"Halloween Ma\u010dji ART Print\"}]},{\"@type\":\"WebSite\",\"@id\":\"https:\/\/creativityvexus.com\/sl\/#website\",\"url\":\"https:\/\/creativityvexus.com\/sl\/\",\"name\":\"Creativity Vexus\",\"description\":\"Creativity Vexus Art Website\",\"publisher\":{\"@id\":\"https:\/\/creativityvexus.com\/sl\/#organization\"},\"potentialAction\":[{\"@type\":\"SearchAction\",\"target\":{\"@type\":\"EntryPoint\",\"urlTemplate\":\"https:\/\/creativityvexus.com\/sl\/?s={search_term_string}\"},\"query-input\":\"required name=search_term_string\"}],\"inLanguage\":\"sl-SI\"},{\"@type\":\"Organization\",\"@id\":\"https:\/\/creativityvexus.com\/sl\/#organization\",\"name\":\"Creativity Vexus\",\"url\":\"https:\/\/creativityvexus.com\/sl\/\",\"logo\":{\"@type\":\"ImageObject\",\"inLanguage\":\"sl-SI\",\"@id\":\"https:\/\/creativityvexus.com\/sl\/#\/schema\/logo\/image\/\",\"url\":\"https:\/\/creativityvexus.com\/wp-content\/uploads\/2022\/11\/Untitled_Artwork-4.png\",\"contentUrl\":\"https:\/\/creativityvexus.com\/wp-content\/uploads\/2022\/11\/Untitled_Artwork-4.png\",\"width\":2048,\"height\":2048,\"caption\":\"Creativity Vexus\"},\"image\":{\"@id\":\"https:\/\/creativityvexus.com\/sl\/#\/schema\/logo\/image\/\"},\"sameAs\":[\"https:\/\/www.facebook.com\/creativityvexus\/\",\"https:\/\/www.instagram.com\/creativityvexus\/?hl=en\"]}]}<\/script>\n<!-- \/ Yoast SEO plugin. -->","yoast_head_json":{"title":"Halloween Ma\u010dji ART Print - Creativity Vexus","description":"Domiselna stenska ilustracija za no\u010d \u010darovnic s \u010drno ma\u010dko v \u201czoomie\u201d noriji, obdano z bu\u010dami in skrivnostnim \u010darom.","robots":{"index":"index","follow":"follow","max-snippet":"max-snippet:-1","max-image-preview":"max-image-preview:large","max-video-preview":"max-video-preview:-1"},"canonical":"https:\/\/creativityvexus.com\/sl\/product\/halloween-macji-art-print\/","og_locale":"sl_SI","og_type":"article","og_title":"Halloween Ma\u010dji ART Print - Creativity Vexus","og_description":"Domiselna stenska ilustracija za no\u010d \u010darovnic s \u010drno ma\u010dko v \u201czoomie\u201d noriji, obdano z bu\u010dami in skrivnostnim \u010darom.","og_url":"https:\/\/creativityvexus.com\/sl\/product\/halloween-macji-art-print\/","og_site_name":"Creativity Vexus","article_publisher":"https:\/\/www.facebook.com\/creativityvexus\/","og_image":[{"width":1107,"height":1096,"url":"https:\/\/creativityvexus.com\/wp-content\/uploads\/2025\/08\/10.jpg","type":"image\/jpeg"}],"twitter_card":"summary_large_image","twitter_misc":{"Est. reading time":"1 minuta"},"schema":{"@context":"https:\/\/schema.org","@graph":[{"@type":"WebPage","@id":"https:\/\/creativityvexus.com\/sl\/product\/halloween-macji-art-print\/","url":"https:\/\/creativityvexus.com\/sl\/product\/halloween-macji-art-print\/","name":"Halloween Ma\u010dji ART Print - Creativity Vexus","isPartOf":{"@id":"https:\/\/creativityvexus.com\/sl\/#website"},"datePublished":"2025-08-25T15:14:33+00:00","dateModified":"2025-08-25T15:14:33+00:00","description":"Domiselna stenska ilustracija za no\u010d \u010darovnic s \u010drno ma\u010dko v \u201czoomie\u201d noriji, obdano z bu\u010dami in skrivnostnim \u010darom.","breadcrumb":{"@id":"https:\/\/creativityvexus.com\/sl\/product\/halloween-macji-art-print\/#breadcrumb"},"inLanguage":"sl-SI","potentialAction":[{"@type":"ReadAction","target":["https:\/\/creativityvexus.com\/sl\/product\/halloween-macji-art-print\/"]}]},{"@type":"BreadcrumbList","@id":"https:\/\/creativityvexus.com\/sl\/product\/halloween-macji-art-print\/#breadcrumb","itemListElement":[{"@type":"ListItem","position":1,"name":"Home","item":"https:\/\/creativityvexus.com\/sl\/"},{"@type":"ListItem","position":2,"name":"Trgovina","item":"https:\/\/creativityvexus.com\/trgovina\/"},{"@type":"ListItem","position":3,"name":"Halloween Ma\u010dji ART Print"}]},{"@type":"WebSite","@id":"https:\/\/creativityvexus.com\/sl\/#website","url":"https:\/\/creativityvexus.com\/sl\/","name":"Creativity Vexus","description":"Creativity Vexus Art Website","publisher":{"@id":"https:\/\/creativityvexus.com\/sl\/#organization"},"potentialAction":[{"@type":"SearchAction","target":{"@type":"EntryPoint","urlTemplate":"https:\/\/creativityvexus.com\/sl\/?s={search_term_string}"},"query-input":"required name=search_term_string"}],"inLanguage":"sl-SI"},{"@type":"Organization","@id":"https:\/\/creativityvexus.com\/sl\/#organization","name":"Creativity Vexus","url":"https:\/\/creativityvexus.com\/sl\/","logo":{"@type":"ImageObject","inLanguage":"sl-SI","@id":"https:\/\/creativityvexus.com\/sl\/#\/schema\/logo\/image\/","url":"https:\/\/creativityvexus.com\/wp-content\/uploads\/2022\/11\/Untitled_Artwork-4.png","contentUrl":"https:\/\/creativityvexus.com\/wp-content\/uploads\/2022\/11\/Untitled_Artwork-4.png","width":2048,"height":2048,"caption":"Creativity Vexus"},"image":{"@id":"https:\/\/creativityvexus.com\/sl\/#\/schema\/logo\/image\/"},"sameAs":["https:\/\/www.facebook.com\/creativityvexus\/","https:\/\/www.instagram.com\/creativityvexus\/?hl=en"]}]}},"jetpack_sharing_enabled":true,"_links":{"self":[{"href":"https:\/\/creativityvexus.com\/sl\/wp-json\/wp\/v2\/product\/4362","targetHints":{"allow":["GET"]}}],"collection":[{"href":"https:\/\/creativityvexus.com\/sl\/wp-json\/wp\/v2\/product"}],"about":[{"href":"https:\/\/creativityvexus.com\/sl\/wp-json\/wp\/v2\/types\/product"}],"replies":[{"embeddable":true,"href":"https:\/\/creativityvexus.com\/sl\/wp-json\/wp\/v2\/comments?post=4362"}],"version-history":[{"count":1,"href":"https:\/\/creativityvexus.com\/sl\/wp-json\/wp\/v2\/product\/4362\/revisions"}],"predecessor-version":[{"id":4472,"href":"https:\/\/creativityvexus.com\/sl\/wp-json\/wp\/v2\/product\/4362\/revisions\/4472"}],"wp:featuredmedia":[{"embeddable":true,"href":"https:\/\/creativityvexus.com\/sl\/wp-json\/wp\/v2\/media\/4463"}],"wp:attachment":[{"href":"https:\/\/creativityvexus.com\/sl\/wp-json\/wp\/v2\/media?parent=4362"}],"wp:term":[{"taxonomy":"product_brand","embeddable":true,"href":"https:\/\/creativityvexus.com\/sl\/wp-json\/wp\/v2\/product_brand?post=4362"},{"taxonomy":"product_cat","embeddable":true,"href":"https:\/\/creativityvexus.com\/sl\/wp-json\/wp\/v2\/product_cat?post=4362"},{"taxonomy":"product_tag","embeddable":true,"href":"https:\/\/creativityvexus.com\/sl\/wp-json\/wp\/v2\/product_tag?post=4362"}],"curies":[{"name":"wp","href":"https:\/\/api.w.org\/{rel}","templated":true}]}}