{"id":4087,"date":"2025-08-25T16:15:58","date_gmt":"2025-08-25T15:15:58","guid":{"rendered":"https:\/\/creativityvexus.com\/?post_type=product&#038;p=4087"},"modified":"2025-08-25T16:15:58","modified_gmt":"2025-08-25T15:15:58","slug":"nasi-prijatelji-art-print","status":"publish","type":"product","link":"https:\/\/creativityvexus.com\/sl\/product\/nasi-prijatelji-art-print\/","title":{"rendered":"Na\u0161i Prijatelji ART Print"},"content":{"rendered":"<p data-start=\"139\" data-end=\"353\"><span style=\"color: #000000;\">Ma\u010dke in psi: legendarni tekmeci, ki pa so \u2013 \u010deprav eden tega ne bi nikoli priznal \u2013 tesno povezani. Eden ljubi brezpogojno, drugi pa &#8230; ve\u010dinoma nas prena\u0161a no. Pa vendar le\u2013 njuni svetovi se na \u010dudne in prisr\u010dne na\u010dine prepletajo.   <\/span><\/p>\n<p data-start=\"355\" data-end=\"717\"><span style=\"color: #000000;\">Ta ilustracija ujame to dinami\u010dno nasprotje. Pes, dru\u017eaben in navdu\u0161en \u2013 poln zanimanja. Ma\u010dka, zadr\u017eana in vznemirjena, a kljub temu trmasto vztraja na svojem mestu. Njuna telesna govorica pove vse \u2013 razli\u010dna kot no\u010d in dan, a kljub temu izra\u017eata isto resnico: <em data-start=\"692\" data-end=\"716\">oba si le \u017eelita topel dom.<\/em>   <\/span><\/p>\n<p data-start=\"719\" data-end=\"993\"><span style=\"color: #000000;\">Igrivo ozadje in pesem, ki jo je napisala Dolores Hunsky, poudarjata njune razlike \u2013 ne zato, da bi ju lo\u010dili, temve\u010d da bi proslavili, kako se nasprotja med seboj dopolnjujejo. Medtem ko psi za sre\u010do potrebujejo dru\u017ebo, ma\u010dke pa pri\u010dakujejo, da bomo dosegli njihove kraljevske standarde, nam oboji prina\u0161ajo neprecenljivo radost. <\/span><\/p>\n<ul>\n<li><span style=\"color: #000000;\"><strong>Velikost:<\/strong> 21 x 18,7 cm<\/span><\/li>\n<li><span style=\"color: #000000;\"><strong>Material:<\/strong> Visokokakovosten mat papir 250 g \u2013 gladek, brez ble\u0161\u010danja<\/span><\/li>\n<li><span style=\"color: #000000;\"><strong>Pesem<\/strong>: na voljo SAMO v sloven\u0161\u010dini<\/span><\/li>\n<\/ul>\n<p data-start=\"995\" data-end=\"1198\"><span style=\"color: #000000;\">Ne glede na to, ali si v<br \/>bolj ma\u010dji tip, pasji \u010dlovek ali \u010dudovito ujet nekje vmes \u2013 ta print je \u010disto zate.<\/span><\/p>\n<p data-start=\"1200\" data-end=\"1323\"><span style=\"color: #000000;\">Prijateljstvo obstaja v mnogih oblikah \u2014 in v\u010dasih so najbolj\u0161a prijateljstva prav tista, ki jih najmanj pri\u010dakujemo.<\/span><\/p>\n<p data-start=\"1200\" data-end=\"1323\"><span style=\"color: #000000;\">Fotografije \u00a9 Mojca Kandu\u010d<\/span><\/p>\n<p data-start=\"1200\" data-end=\"1323\">\n","protected":false},"excerpt":{"rendered":"<p>Ma\u010dka in pes \u2014 tekmeca ali sostanovalca? Ta igriv umetni\u0161ki tisk slavi njune zabavne razlike in skupno potrebo po ljubezni. <\/p>\n","protected":false},"featured_media":4461,"comment_status":"open","ping_status":"closed","template":"","meta":[],"product_brand":[],"product_cat":[106],"product_tag":[],"class_list":{"0":"post-4087","1":"product","2":"type-product","3":"status-publish","4":"has-post-thumbnail","6":"product_cat-ilustracije","7":"product_shipping_class-light","9":"first","10":"instock","11":"shipping-taxable","12":"purchasable","13":"product-type-simple"},"yoast_head":"<!-- This site is optimized with the Yoast SEO plugin v21.9 - https:\/\/yoast.com\/wordpress\/plugins\/seo\/ -->\n<title>Na\u0161i Prijatelji ART Print - Creativity Vexus<\/title>\n<meta name=\"description\" content=\"Na\u0161a mala prijatelja, pes in ma\u010dka, skozi nasprotja slavita svoje razlike in skupno potrebo po ljubezni in domu. Sr\u010den poklon za vse ljubitelje \u017eivali.\" \/>\n<meta name=\"robots\" content=\"index, follow, max-snippet:-1, max-image-preview:large, max-video-preview:-1\" \/>\n<link rel=\"canonical\" href=\"https:\/\/creativityvexus.com\/sl\/product\/nasi-prijatelji-art-print\/\" \/>\n<meta property=\"og:locale\" content=\"sl_SI\" \/>\n<meta property=\"og:type\" content=\"article\" \/>\n<meta property=\"og:title\" content=\"Na\u0161i Prijatelji ART Print - Creativity Vexus\" \/>\n<meta property=\"og:description\" content=\"Na\u0161a mala prijatelja, pes in ma\u010dka, skozi nasprotja slavita svoje razlike in skupno potrebo po ljubezni in domu. Sr\u010den poklon za vse ljubitelje \u017eivali.\" \/>\n<meta property=\"og:url\" content=\"https:\/\/creativityvexus.com\/sl\/product\/nasi-prijatelji-art-print\/\" \/>\n<meta property=\"og:site_name\" content=\"Creativity Vexus\" \/>\n<meta property=\"article:publisher\" content=\"https:\/\/www.facebook.com\/creativityvexus\/\" \/>\n<meta property=\"og:image\" content=\"https:\/\/creativityvexus.com\/wp-content\/uploads\/2025\/08\/9.jpg\" \/>\n\t<meta property=\"og:image:width\" content=\"1091\" \/>\n\t<meta property=\"og:image:height\" content=\"1062\" \/>\n\t<meta property=\"og:image:type\" content=\"image\/jpeg\" \/>\n<meta name=\"twitter:card\" content=\"summary_large_image\" \/>\n<meta name=\"twitter:label1\" content=\"Est. reading time\" \/>\n\t<meta name=\"twitter:data1\" content=\"1 minuta\" \/>\n<script type=\"application\/ld+json\" class=\"yoast-schema-graph\">{\"@context\":\"https:\/\/schema.org\",\"@graph\":[{\"@type\":\"WebPage\",\"@id\":\"https:\/\/creativityvexus.com\/sl\/product\/nasi-prijatelji-art-print\/\",\"url\":\"https:\/\/creativityvexus.com\/sl\/product\/nasi-prijatelji-art-print\/\",\"name\":\"Na\u0161i Prijatelji ART Print - Creativity Vexus\",\"isPartOf\":{\"@id\":\"https:\/\/creativityvexus.com\/sl\/#website\"},\"datePublished\":\"2025-08-25T15:15:58+00:00\",\"dateModified\":\"2025-08-25T15:15:58+00:00\",\"description\":\"Na\u0161a mala prijatelja, pes in ma\u010dka, skozi nasprotja slavita svoje razlike in skupno potrebo po ljubezni in domu. Sr\u010den poklon za vse ljubitelje \u017eivali.\",\"breadcrumb\":{\"@id\":\"https:\/\/creativityvexus.com\/sl\/product\/nasi-prijatelji-art-print\/#breadcrumb\"},\"inLanguage\":\"sl-SI\",\"potentialAction\":[{\"@type\":\"ReadAction\",\"target\":[\"https:\/\/creativityvexus.com\/sl\/product\/nasi-prijatelji-art-print\/\"]}]},{\"@type\":\"BreadcrumbList\",\"@id\":\"https:\/\/creativityvexus.com\/sl\/product\/nasi-prijatelji-art-print\/#breadcrumb\",\"itemListElement\":[{\"@type\":\"ListItem\",\"position\":1,\"name\":\"Home\",\"item\":\"https:\/\/creativityvexus.com\/sl\/\"},{\"@type\":\"ListItem\",\"position\":2,\"name\":\"Trgovina\",\"item\":\"https:\/\/creativityvexus.com\/trgovina\/\"},{\"@type\":\"ListItem\",\"position\":3,\"name\":\"Na\u0161i Prijatelji ART Print\"}]},{\"@type\":\"WebSite\",\"@id\":\"https:\/\/creativityvexus.com\/sl\/#website\",\"url\":\"https:\/\/creativityvexus.com\/sl\/\",\"name\":\"Creativity Vexus\",\"description\":\"Creativity Vexus Art Website\",\"publisher\":{\"@id\":\"https:\/\/creativityvexus.com\/sl\/#organization\"},\"potentialAction\":[{\"@type\":\"SearchAction\",\"target\":{\"@type\":\"EntryPoint\",\"urlTemplate\":\"https:\/\/creativityvexus.com\/sl\/?s={search_term_string}\"},\"query-input\":\"required name=search_term_string\"}],\"inLanguage\":\"sl-SI\"},{\"@type\":\"Organization\",\"@id\":\"https:\/\/creativityvexus.com\/sl\/#organization\",\"name\":\"Creativity Vexus\",\"url\":\"https:\/\/creativityvexus.com\/sl\/\",\"logo\":{\"@type\":\"ImageObject\",\"inLanguage\":\"sl-SI\",\"@id\":\"https:\/\/creativityvexus.com\/sl\/#\/schema\/logo\/image\/\",\"url\":\"https:\/\/creativityvexus.com\/wp-content\/uploads\/2022\/11\/Untitled_Artwork-4.png\",\"contentUrl\":\"https:\/\/creativityvexus.com\/wp-content\/uploads\/2022\/11\/Untitled_Artwork-4.png\",\"width\":2048,\"height\":2048,\"caption\":\"Creativity Vexus\"},\"image\":{\"@id\":\"https:\/\/creativityvexus.com\/sl\/#\/schema\/logo\/image\/\"},\"sameAs\":[\"https:\/\/www.facebook.com\/creativityvexus\/\",\"https:\/\/www.instagram.com\/creativityvexus\/?hl=en\"]}]}<\/script>\n<!-- \/ Yoast SEO plugin. -->","yoast_head_json":{"title":"Na\u0161i Prijatelji ART Print - Creativity Vexus","description":"Na\u0161a mala prijatelja, pes in ma\u010dka, skozi nasprotja slavita svoje razlike in skupno potrebo po ljubezni in domu. Sr\u010den poklon za vse ljubitelje \u017eivali.","robots":{"index":"index","follow":"follow","max-snippet":"max-snippet:-1","max-image-preview":"max-image-preview:large","max-video-preview":"max-video-preview:-1"},"canonical":"https:\/\/creativityvexus.com\/sl\/product\/nasi-prijatelji-art-print\/","og_locale":"sl_SI","og_type":"article","og_title":"Na\u0161i Prijatelji ART Print - Creativity Vexus","og_description":"Na\u0161a mala prijatelja, pes in ma\u010dka, skozi nasprotja slavita svoje razlike in skupno potrebo po ljubezni in domu. Sr\u010den poklon za vse ljubitelje \u017eivali.","og_url":"https:\/\/creativityvexus.com\/sl\/product\/nasi-prijatelji-art-print\/","og_site_name":"Creativity Vexus","article_publisher":"https:\/\/www.facebook.com\/creativityvexus\/","og_image":[{"width":1091,"height":1062,"url":"https:\/\/creativityvexus.com\/wp-content\/uploads\/2025\/08\/9.jpg","type":"image\/jpeg"}],"twitter_card":"summary_large_image","twitter_misc":{"Est. reading time":"1 minuta"},"schema":{"@context":"https:\/\/schema.org","@graph":[{"@type":"WebPage","@id":"https:\/\/creativityvexus.com\/sl\/product\/nasi-prijatelji-art-print\/","url":"https:\/\/creativityvexus.com\/sl\/product\/nasi-prijatelji-art-print\/","name":"Na\u0161i Prijatelji ART Print - Creativity Vexus","isPartOf":{"@id":"https:\/\/creativityvexus.com\/sl\/#website"},"datePublished":"2025-08-25T15:15:58+00:00","dateModified":"2025-08-25T15:15:58+00:00","description":"Na\u0161a mala prijatelja, pes in ma\u010dka, skozi nasprotja slavita svoje razlike in skupno potrebo po ljubezni in domu. Sr\u010den poklon za vse ljubitelje \u017eivali.","breadcrumb":{"@id":"https:\/\/creativityvexus.com\/sl\/product\/nasi-prijatelji-art-print\/#breadcrumb"},"inLanguage":"sl-SI","potentialAction":[{"@type":"ReadAction","target":["https:\/\/creativityvexus.com\/sl\/product\/nasi-prijatelji-art-print\/"]}]},{"@type":"BreadcrumbList","@id":"https:\/\/creativityvexus.com\/sl\/product\/nasi-prijatelji-art-print\/#breadcrumb","itemListElement":[{"@type":"ListItem","position":1,"name":"Home","item":"https:\/\/creativityvexus.com\/sl\/"},{"@type":"ListItem","position":2,"name":"Trgovina","item":"https:\/\/creativityvexus.com\/trgovina\/"},{"@type":"ListItem","position":3,"name":"Na\u0161i Prijatelji ART Print"}]},{"@type":"WebSite","@id":"https:\/\/creativityvexus.com\/sl\/#website","url":"https:\/\/creativityvexus.com\/sl\/","name":"Creativity Vexus","description":"Creativity Vexus Art Website","publisher":{"@id":"https:\/\/creativityvexus.com\/sl\/#organization"},"potentialAction":[{"@type":"SearchAction","target":{"@type":"EntryPoint","urlTemplate":"https:\/\/creativityvexus.com\/sl\/?s={search_term_string}"},"query-input":"required name=search_term_string"}],"inLanguage":"sl-SI"},{"@type":"Organization","@id":"https:\/\/creativityvexus.com\/sl\/#organization","name":"Creativity Vexus","url":"https:\/\/creativityvexus.com\/sl\/","logo":{"@type":"ImageObject","inLanguage":"sl-SI","@id":"https:\/\/creativityvexus.com\/sl\/#\/schema\/logo\/image\/","url":"https:\/\/creativityvexus.com\/wp-content\/uploads\/2022\/11\/Untitled_Artwork-4.png","contentUrl":"https:\/\/creativityvexus.com\/wp-content\/uploads\/2022\/11\/Untitled_Artwork-4.png","width":2048,"height":2048,"caption":"Creativity Vexus"},"image":{"@id":"https:\/\/creativityvexus.com\/sl\/#\/schema\/logo\/image\/"},"sameAs":["https:\/\/www.facebook.com\/creativityvexus\/","https:\/\/www.instagram.com\/creativityvexus\/?hl=en"]}]}},"jetpack_sharing_enabled":true,"_links":{"self":[{"href":"https:\/\/creativityvexus.com\/sl\/wp-json\/wp\/v2\/product\/4087","targetHints":{"allow":["GET"]}}],"collection":[{"href":"https:\/\/creativityvexus.com\/sl\/wp-json\/wp\/v2\/product"}],"about":[{"href":"https:\/\/creativityvexus.com\/sl\/wp-json\/wp\/v2\/types\/product"}],"replies":[{"embeddable":true,"href":"https:\/\/creativityvexus.com\/sl\/wp-json\/wp\/v2\/comments?post=4087"}],"version-history":[{"count":1,"href":"https:\/\/creativityvexus.com\/sl\/wp-json\/wp\/v2\/product\/4087\/revisions"}],"predecessor-version":[{"id":4473,"href":"https:\/\/creativityvexus.com\/sl\/wp-json\/wp\/v2\/product\/4087\/revisions\/4473"}],"wp:featuredmedia":[{"embeddable":true,"href":"https:\/\/creativityvexus.com\/sl\/wp-json\/wp\/v2\/media\/4461"}],"wp:attachment":[{"href":"https:\/\/creativityvexus.com\/sl\/wp-json\/wp\/v2\/media?parent=4087"}],"wp:term":[{"taxonomy":"product_brand","embeddable":true,"href":"https:\/\/creativityvexus.com\/sl\/wp-json\/wp\/v2\/product_brand?post=4087"},{"taxonomy":"product_cat","embeddable":true,"href":"https:\/\/creativityvexus.com\/sl\/wp-json\/wp\/v2\/product_cat?post=4087"},{"taxonomy":"product_tag","embeddable":true,"href":"https:\/\/creativityvexus.com\/sl\/wp-json\/wp\/v2\/product_tag?post=4087"}],"curies":[{"name":"wp","href":"https:\/\/api.w.org\/{rel}","templated":true}]}}