{"id":3972,"date":"2025-08-01T17:54:48","date_gmt":"2025-08-01T16:54:48","guid":{"rendered":"https:\/\/creativityvexus.com\/?post_type=product&#038;p=3972"},"modified":"2025-08-01T17:54:48","modified_gmt":"2025-08-01T16:54:48","slug":"hel-vikinska-nalepka","status":"publish","type":"product","link":"https:\/\/creativityvexus.com\/sl\/product\/hel-vikinska-nalepka\/","title":{"rendered":"Hel VIKIN\u0160KA Nalepka"},"content":{"rendered":"<p data-start=\"226\" data-end=\"596\">Sprejmi mo\u010d bogov z <strong data-start=\"264\" data-end=\"286\">nalepko Hel VIKING<\/strong>.<span data-start=\"264\" data-end=\"286\">. Ta<\/span> krogla vinilna nalepka, <strong>velikosti 5 \u00d7 5\u202fcm<\/strong>, je navdihnjena po <strong data-start=\"330\" data-end=\"337\">Hel<\/strong> \u2014 nordijski boginji podzemlja. Znana kot vladarica sveta mrtvih, Hel pooseblja smrt in razpad. Temno elegantna nalepka z vzorci, ki \u010drpajo navdih iz nordijske simbolike, zdru\u017euje spirale \u017eivljenja in bole\u010do ti\u0161ino smrti. Ne\u017eno modro-\u010drni toni izstopajo na \u010disti beli podlagi, zaradi \u010desar je ta nalepka drzna, a hkrati dovolj vsestranska za katerokoli povr\u0161ino.   <\/p>\n<p data-start=\"885\" data-end=\"1142\">Natisnjena na kakovostnem, vodoodpornem vinilu je idealna za okrasitev zvezkov, prenosnikov, ovitkov za telefon, stekleni\u010dk za vodo ali \u010desarkoli, kar potrebuje pridih mitolo\u0161ke globine. Je vodoodporna, trpe\u017ena in polna pomena. <\/p>\n<p data-start=\"1144\" data-end=\"1344\">Ne glede na to, ali te privla\u010di vikin\u0161ka dedi\u0161\u010dina, poganska duhovnost ali vizualna poezija nordijske mitologije \u2014 ta nalepka Hel je \u010dudovit poklon zapletenosti, skrivnostnosti in tesnobi tistega, kar sledi po smrti.<\/p>\n<p data-start=\"1144\" data-end=\"1344\">\n<p data-start=\"1144\" data-end=\"1344\">\n<p>Fotografije \u00a9 Mojca Kandu\u010d<\/p>\n","protected":false},"excerpt":{"rendered":"<p>Okrogla vikin\u0161ka nalepka velikosti 5 \u00d7 5\u202fcm, posve\u010dena Hel \u2014 nordijski boginji smrti in razkroja. Elegantna, tema\u010dna in globoko vzbujajo\u010da strahospo\u0161tovanje. <\/p>\n","protected":false},"featured_media":3958,"comment_status":"open","ping_status":"closed","template":"","meta":[],"product_brand":[],"product_cat":[107],"product_tag":[],"class_list":{"0":"post-3972","1":"product","2":"type-product","3":"status-publish","4":"has-post-thumbnail","6":"product_cat-nalepke","7":"product_shipping_class-light","9":"first","10":"instock","11":"shipping-taxable","12":"purchasable","13":"product-type-simple"},"yoast_head":"<!-- This site is optimized with the Yoast SEO plugin v21.9 - https:\/\/yoast.com\/wordpress\/plugins\/seo\/ -->\n<title>Hel VIKIN\u0160KA Nalepka - Creativity Vexus<\/title>\n<meta name=\"description\" content=\"Okrogla 5 \u00d7 5\u202fcm nalepka z motivom boginje Hel \u2014 nordijske vladarice smrti in razkroja. Tema\u010dna, simboli\u010dna in mitolo\u0161ko navdihnjena dekoracija.\" \/>\n<meta name=\"robots\" content=\"index, follow, max-snippet:-1, max-image-preview:large, max-video-preview:-1\" \/>\n<link rel=\"canonical\" href=\"https:\/\/creativityvexus.com\/sl\/product\/hel-vikinska-nalepka\/\" \/>\n<meta property=\"og:locale\" content=\"sl_SI\" \/>\n<meta property=\"og:type\" content=\"article\" \/>\n<meta property=\"og:title\" content=\"Hel VIKIN\u0160KA Nalepka - Creativity Vexus\" \/>\n<meta property=\"og:description\" content=\"Okrogla 5 \u00d7 5\u202fcm nalepka z motivom boginje Hel \u2014 nordijske vladarice smrti in razkroja. Tema\u010dna, simboli\u010dna in mitolo\u0161ko navdihnjena dekoracija.\" \/>\n<meta property=\"og:url\" content=\"https:\/\/creativityvexus.com\/sl\/product\/hel-vikinska-nalepka\/\" \/>\n<meta property=\"og:site_name\" content=\"Creativity Vexus\" \/>\n<meta property=\"article:publisher\" content=\"https:\/\/www.facebook.com\/creativityvexus\/\" \/>\n<meta property=\"og:image\" content=\"https:\/\/creativityvexus.com\/wp-content\/uploads\/2025\/08\/2.jpg\" \/>\n\t<meta property=\"og:image:width\" content=\"1080\" \/>\n\t<meta property=\"og:image:height\" content=\"1080\" \/>\n\t<meta property=\"og:image:type\" content=\"image\/jpeg\" \/>\n<meta name=\"twitter:card\" content=\"summary_large_image\" \/>\n<meta name=\"twitter:label1\" content=\"Est. reading time\" \/>\n\t<meta name=\"twitter:data1\" content=\"1 minuta\" \/>\n<script type=\"application\/ld+json\" class=\"yoast-schema-graph\">{\"@context\":\"https:\/\/schema.org\",\"@graph\":[{\"@type\":\"WebPage\",\"@id\":\"https:\/\/creativityvexus.com\/sl\/product\/hel-vikinska-nalepka\/\",\"url\":\"https:\/\/creativityvexus.com\/sl\/product\/hel-vikinska-nalepka\/\",\"name\":\"Hel VIKIN\u0160KA Nalepka - Creativity Vexus\",\"isPartOf\":{\"@id\":\"https:\/\/creativityvexus.com\/sl\/#website\"},\"datePublished\":\"2025-08-01T16:54:48+00:00\",\"dateModified\":\"2025-08-01T16:54:48+00:00\",\"description\":\"Okrogla 5 \u00d7 5\u202fcm nalepka z motivom boginje Hel \u2014 nordijske vladarice smrti in razkroja. Tema\u010dna, simboli\u010dna in mitolo\u0161ko navdihnjena dekoracija.\",\"breadcrumb\":{\"@id\":\"https:\/\/creativityvexus.com\/sl\/product\/hel-vikinska-nalepka\/#breadcrumb\"},\"inLanguage\":\"sl-SI\",\"potentialAction\":[{\"@type\":\"ReadAction\",\"target\":[\"https:\/\/creativityvexus.com\/sl\/product\/hel-vikinska-nalepka\/\"]}]},{\"@type\":\"BreadcrumbList\",\"@id\":\"https:\/\/creativityvexus.com\/sl\/product\/hel-vikinska-nalepka\/#breadcrumb\",\"itemListElement\":[{\"@type\":\"ListItem\",\"position\":1,\"name\":\"Home\",\"item\":\"https:\/\/creativityvexus.com\/sl\/\"},{\"@type\":\"ListItem\",\"position\":2,\"name\":\"Trgovina\",\"item\":\"https:\/\/creativityvexus.com\/trgovina\/\"},{\"@type\":\"ListItem\",\"position\":3,\"name\":\"Hel VIKIN\u0160KA Nalepka\"}]},{\"@type\":\"WebSite\",\"@id\":\"https:\/\/creativityvexus.com\/sl\/#website\",\"url\":\"https:\/\/creativityvexus.com\/sl\/\",\"name\":\"Creativity Vexus\",\"description\":\"Creativity Vexus Art Website\",\"publisher\":{\"@id\":\"https:\/\/creativityvexus.com\/sl\/#organization\"},\"potentialAction\":[{\"@type\":\"SearchAction\",\"target\":{\"@type\":\"EntryPoint\",\"urlTemplate\":\"https:\/\/creativityvexus.com\/sl\/?s={search_term_string}\"},\"query-input\":\"required name=search_term_string\"}],\"inLanguage\":\"sl-SI\"},{\"@type\":\"Organization\",\"@id\":\"https:\/\/creativityvexus.com\/sl\/#organization\",\"name\":\"Creativity Vexus\",\"url\":\"https:\/\/creativityvexus.com\/sl\/\",\"logo\":{\"@type\":\"ImageObject\",\"inLanguage\":\"sl-SI\",\"@id\":\"https:\/\/creativityvexus.com\/sl\/#\/schema\/logo\/image\/\",\"url\":\"https:\/\/creativityvexus.com\/wp-content\/uploads\/2022\/11\/Untitled_Artwork-4.png\",\"contentUrl\":\"https:\/\/creativityvexus.com\/wp-content\/uploads\/2022\/11\/Untitled_Artwork-4.png\",\"width\":2048,\"height\":2048,\"caption\":\"Creativity Vexus\"},\"image\":{\"@id\":\"https:\/\/creativityvexus.com\/sl\/#\/schema\/logo\/image\/\"},\"sameAs\":[\"https:\/\/www.facebook.com\/creativityvexus\/\",\"https:\/\/www.instagram.com\/creativityvexus\/?hl=en\"]}]}<\/script>\n<!-- \/ Yoast SEO plugin. -->","yoast_head_json":{"title":"Hel VIKIN\u0160KA Nalepka - Creativity Vexus","description":"Okrogla 5 \u00d7 5\u202fcm nalepka z motivom boginje Hel \u2014 nordijske vladarice smrti in razkroja. Tema\u010dna, simboli\u010dna in mitolo\u0161ko navdihnjena dekoracija.","robots":{"index":"index","follow":"follow","max-snippet":"max-snippet:-1","max-image-preview":"max-image-preview:large","max-video-preview":"max-video-preview:-1"},"canonical":"https:\/\/creativityvexus.com\/sl\/product\/hel-vikinska-nalepka\/","og_locale":"sl_SI","og_type":"article","og_title":"Hel VIKIN\u0160KA Nalepka - Creativity Vexus","og_description":"Okrogla 5 \u00d7 5\u202fcm nalepka z motivom boginje Hel \u2014 nordijske vladarice smrti in razkroja. Tema\u010dna, simboli\u010dna in mitolo\u0161ko navdihnjena dekoracija.","og_url":"https:\/\/creativityvexus.com\/sl\/product\/hel-vikinska-nalepka\/","og_site_name":"Creativity Vexus","article_publisher":"https:\/\/www.facebook.com\/creativityvexus\/","og_image":[{"width":1080,"height":1080,"url":"https:\/\/creativityvexus.com\/wp-content\/uploads\/2025\/08\/2.jpg","type":"image\/jpeg"}],"twitter_card":"summary_large_image","twitter_misc":{"Est. reading time":"1 minuta"},"schema":{"@context":"https:\/\/schema.org","@graph":[{"@type":"WebPage","@id":"https:\/\/creativityvexus.com\/sl\/product\/hel-vikinska-nalepka\/","url":"https:\/\/creativityvexus.com\/sl\/product\/hel-vikinska-nalepka\/","name":"Hel VIKIN\u0160KA Nalepka - Creativity Vexus","isPartOf":{"@id":"https:\/\/creativityvexus.com\/sl\/#website"},"datePublished":"2025-08-01T16:54:48+00:00","dateModified":"2025-08-01T16:54:48+00:00","description":"Okrogla 5 \u00d7 5\u202fcm nalepka z motivom boginje Hel \u2014 nordijske vladarice smrti in razkroja. Tema\u010dna, simboli\u010dna in mitolo\u0161ko navdihnjena dekoracija.","breadcrumb":{"@id":"https:\/\/creativityvexus.com\/sl\/product\/hel-vikinska-nalepka\/#breadcrumb"},"inLanguage":"sl-SI","potentialAction":[{"@type":"ReadAction","target":["https:\/\/creativityvexus.com\/sl\/product\/hel-vikinska-nalepka\/"]}]},{"@type":"BreadcrumbList","@id":"https:\/\/creativityvexus.com\/sl\/product\/hel-vikinska-nalepka\/#breadcrumb","itemListElement":[{"@type":"ListItem","position":1,"name":"Home","item":"https:\/\/creativityvexus.com\/sl\/"},{"@type":"ListItem","position":2,"name":"Trgovina","item":"https:\/\/creativityvexus.com\/trgovina\/"},{"@type":"ListItem","position":3,"name":"Hel VIKIN\u0160KA Nalepka"}]},{"@type":"WebSite","@id":"https:\/\/creativityvexus.com\/sl\/#website","url":"https:\/\/creativityvexus.com\/sl\/","name":"Creativity Vexus","description":"Creativity Vexus Art Website","publisher":{"@id":"https:\/\/creativityvexus.com\/sl\/#organization"},"potentialAction":[{"@type":"SearchAction","target":{"@type":"EntryPoint","urlTemplate":"https:\/\/creativityvexus.com\/sl\/?s={search_term_string}"},"query-input":"required name=search_term_string"}],"inLanguage":"sl-SI"},{"@type":"Organization","@id":"https:\/\/creativityvexus.com\/sl\/#organization","name":"Creativity Vexus","url":"https:\/\/creativityvexus.com\/sl\/","logo":{"@type":"ImageObject","inLanguage":"sl-SI","@id":"https:\/\/creativityvexus.com\/sl\/#\/schema\/logo\/image\/","url":"https:\/\/creativityvexus.com\/wp-content\/uploads\/2022\/11\/Untitled_Artwork-4.png","contentUrl":"https:\/\/creativityvexus.com\/wp-content\/uploads\/2022\/11\/Untitled_Artwork-4.png","width":2048,"height":2048,"caption":"Creativity Vexus"},"image":{"@id":"https:\/\/creativityvexus.com\/sl\/#\/schema\/logo\/image\/"},"sameAs":["https:\/\/www.facebook.com\/creativityvexus\/","https:\/\/www.instagram.com\/creativityvexus\/?hl=en"]}]}},"jetpack_sharing_enabled":true,"_links":{"self":[{"href":"https:\/\/creativityvexus.com\/sl\/wp-json\/wp\/v2\/product\/3972","targetHints":{"allow":["GET"]}}],"collection":[{"href":"https:\/\/creativityvexus.com\/sl\/wp-json\/wp\/v2\/product"}],"about":[{"href":"https:\/\/creativityvexus.com\/sl\/wp-json\/wp\/v2\/types\/product"}],"replies":[{"embeddable":true,"href":"https:\/\/creativityvexus.com\/sl\/wp-json\/wp\/v2\/comments?post=3972"}],"version-history":[{"count":1,"href":"https:\/\/creativityvexus.com\/sl\/wp-json\/wp\/v2\/product\/3972\/revisions"}],"predecessor-version":[{"id":3978,"href":"https:\/\/creativityvexus.com\/sl\/wp-json\/wp\/v2\/product\/3972\/revisions\/3978"}],"wp:featuredmedia":[{"embeddable":true,"href":"https:\/\/creativityvexus.com\/sl\/wp-json\/wp\/v2\/media\/3958"}],"wp:attachment":[{"href":"https:\/\/creativityvexus.com\/sl\/wp-json\/wp\/v2\/media?parent=3972"}],"wp:term":[{"taxonomy":"product_brand","embeddable":true,"href":"https:\/\/creativityvexus.com\/sl\/wp-json\/wp\/v2\/product_brand?post=3972"},{"taxonomy":"product_cat","embeddable":true,"href":"https:\/\/creativityvexus.com\/sl\/wp-json\/wp\/v2\/product_cat?post=3972"},{"taxonomy":"product_tag","embeddable":true,"href":"https:\/\/creativityvexus.com\/sl\/wp-json\/wp\/v2\/product_tag?post=3972"}],"curies":[{"name":"wp","href":"https:\/\/api.w.org\/{rel}","templated":true}]}}