{"id":3956,"date":"2025-08-01T17:29:11","date_gmt":"2025-08-01T16:29:11","guid":{"rendered":"https:\/\/creativityvexus.com\/?post_type=product&#038;p=3956"},"modified":"2025-08-01T17:37:41","modified_gmt":"2025-08-01T16:37:41","slug":"nalepka-ukemochi-lisice","status":"publish","type":"product","link":"https:\/\/creativityvexus.com\/sl\/product\/nalepka-ukemochi-lisice\/","title":{"rendered":"Nalepka Ukemochi LISICE"},"content":{"rendered":"<p data-start=\"219\" data-end=\"555\">Elegantna in divja \u2014 ta <strong>okrogla nalepka velikosti 5 \u00d7 5\u202fc<\/strong>m ujame duha <strong data-start=\"291\" data-end=\"303\">Ukimochi<\/strong>, \u0161intoisti\u010dne boginje hrane, \u017eetve in obilja. Natisnjena je na trpe\u017een, vremensko odporen vinil, zaradi \u010desar je popolna za zvezke, prenosnike, kuhinjske posodice ali kamorkoli si jo za\u017eelite. Je vodoodporna, odporna na praske in vzdr\u017ena\u2014 tako kot blaginja, ki jo prina\u0161a Ukimochi.  <\/p>\n<p data-start=\"219\" data-end=\"555\">Oblikovana v podobi lisice ta nalepka prina\u0161a duhovno eleganco in simbolno mo\u010d na vsako povr\u0161ino. \u010cista bela podlaga poudari tople zlatorjave odtenke lisice. Gre za poklon mitu o Ukimochi, ki pogosto prevzame obliko lisice.  <\/p>\n<p data-start=\"1179\" data-end=\"1354\">Ne glede na to, ali te privla\u010di japonska mitologija, simbolika lisice ali eleganteni minimalisti\u010di dizajni \u2014 ta nalepka je kot nala\u0161\u010d zate.<\/p>\n<p data-start=\"1179\" data-end=\"1354\">\n<p data-start=\"1179\" data-end=\"1354\">\n<p data-start=\"1179\" data-end=\"1354\">Fotografije \u00a9 Mojca Kandu\u010d<\/p>\n","protected":false},"excerpt":{"rendered":"<p>Stilizirana nalepka lisice, ki simbolizira Ukimochi \u2014 japonsko boginjo hrane in \u017eetve. Preprosta, elegantna in polna simbolike. <\/p>\n","protected":false},"featured_media":3960,"comment_status":"open","ping_status":"closed","template":"","meta":[],"product_brand":[],"product_cat":[107],"product_tag":[],"class_list":{"0":"post-3956","1":"product","2":"type-product","3":"status-publish","4":"has-post-thumbnail","6":"product_cat-nalepke","7":"product_shipping_class-light","9":"first","10":"instock","11":"shipping-taxable","12":"purchasable","13":"product-type-simple"},"yoast_head":"<!-- This site is optimized with the Yoast SEO plugin v21.9 - https:\/\/yoast.com\/wordpress\/plugins\/seo\/ -->\n<title>Nalepka Ukemochi LISICE - Creativity Vexus<\/title>\n<meta name=\"description\" content=\"Okrogla 5 \u00d7 5\u202fcm nalepka v podobi lisice, navdihnjena po japonski boginji Ukimochi. Elegantna in simboli\u010dna dekoracija za ljubitelje mitologije.\" \/>\n<meta name=\"robots\" content=\"index, follow, max-snippet:-1, max-image-preview:large, max-video-preview:-1\" \/>\n<link rel=\"canonical\" href=\"https:\/\/creativityvexus.com\/sl\/product\/nalepka-ukemochi-lisice\/\" \/>\n<meta property=\"og:locale\" content=\"sl_SI\" \/>\n<meta property=\"og:type\" content=\"article\" \/>\n<meta property=\"og:title\" content=\"Nalepka Ukemochi LISICE - Creativity Vexus\" \/>\n<meta property=\"og:description\" content=\"Okrogla 5 \u00d7 5\u202fcm nalepka v podobi lisice, navdihnjena po japonski boginji Ukimochi. Elegantna in simboli\u010dna dekoracija za ljubitelje mitologije.\" \/>\n<meta property=\"og:url\" content=\"https:\/\/creativityvexus.com\/sl\/product\/nalepka-ukemochi-lisice\/\" \/>\n<meta property=\"og:site_name\" content=\"Creativity Vexus\" \/>\n<meta property=\"article:publisher\" content=\"https:\/\/www.facebook.com\/creativityvexus\/\" \/>\n<meta property=\"article:modified_time\" content=\"2025-08-01T16:37:41+00:00\" \/>\n<meta property=\"og:image\" content=\"https:\/\/creativityvexus.com\/wp-content\/uploads\/2025\/08\/3.jpg\" \/>\n\t<meta property=\"og:image:width\" content=\"1080\" \/>\n\t<meta property=\"og:image:height\" content=\"1080\" \/>\n\t<meta property=\"og:image:type\" content=\"image\/jpeg\" \/>\n<meta name=\"twitter:card\" content=\"summary_large_image\" \/>\n<meta name=\"twitter:label1\" content=\"Est. reading time\" \/>\n\t<meta name=\"twitter:data1\" content=\"1 minuta\" \/>\n<script type=\"application\/ld+json\" class=\"yoast-schema-graph\">{\"@context\":\"https:\/\/schema.org\",\"@graph\":[{\"@type\":\"WebPage\",\"@id\":\"https:\/\/creativityvexus.com\/sl\/product\/nalepka-ukemochi-lisice\/\",\"url\":\"https:\/\/creativityvexus.com\/sl\/product\/nalepka-ukemochi-lisice\/\",\"name\":\"Nalepka Ukemochi LISICE - Creativity Vexus\",\"isPartOf\":{\"@id\":\"https:\/\/creativityvexus.com\/sl\/#website\"},\"datePublished\":\"2025-08-01T16:29:11+00:00\",\"dateModified\":\"2025-08-01T16:37:41+00:00\",\"description\":\"Okrogla 5 \u00d7 5\u202fcm nalepka v podobi lisice, navdihnjena po japonski boginji Ukimochi. Elegantna in simboli\u010dna dekoracija za ljubitelje mitologije.\",\"breadcrumb\":{\"@id\":\"https:\/\/creativityvexus.com\/sl\/product\/nalepka-ukemochi-lisice\/#breadcrumb\"},\"inLanguage\":\"sl-SI\",\"potentialAction\":[{\"@type\":\"ReadAction\",\"target\":[\"https:\/\/creativityvexus.com\/sl\/product\/nalepka-ukemochi-lisice\/\"]}]},{\"@type\":\"BreadcrumbList\",\"@id\":\"https:\/\/creativityvexus.com\/sl\/product\/nalepka-ukemochi-lisice\/#breadcrumb\",\"itemListElement\":[{\"@type\":\"ListItem\",\"position\":1,\"name\":\"Home\",\"item\":\"https:\/\/creativityvexus.com\/sl\/\"},{\"@type\":\"ListItem\",\"position\":2,\"name\":\"Trgovina\",\"item\":\"https:\/\/creativityvexus.com\/trgovina\/\"},{\"@type\":\"ListItem\",\"position\":3,\"name\":\"Nalepka Ukemochi LISICE\"}]},{\"@type\":\"WebSite\",\"@id\":\"https:\/\/creativityvexus.com\/sl\/#website\",\"url\":\"https:\/\/creativityvexus.com\/sl\/\",\"name\":\"Creativity Vexus\",\"description\":\"Creativity Vexus Art Website\",\"publisher\":{\"@id\":\"https:\/\/creativityvexus.com\/sl\/#organization\"},\"potentialAction\":[{\"@type\":\"SearchAction\",\"target\":{\"@type\":\"EntryPoint\",\"urlTemplate\":\"https:\/\/creativityvexus.com\/sl\/?s={search_term_string}\"},\"query-input\":\"required name=search_term_string\"}],\"inLanguage\":\"sl-SI\"},{\"@type\":\"Organization\",\"@id\":\"https:\/\/creativityvexus.com\/sl\/#organization\",\"name\":\"Creativity Vexus\",\"url\":\"https:\/\/creativityvexus.com\/sl\/\",\"logo\":{\"@type\":\"ImageObject\",\"inLanguage\":\"sl-SI\",\"@id\":\"https:\/\/creativityvexus.com\/sl\/#\/schema\/logo\/image\/\",\"url\":\"https:\/\/creativityvexus.com\/wp-content\/uploads\/2022\/11\/Untitled_Artwork-4.png\",\"contentUrl\":\"https:\/\/creativityvexus.com\/wp-content\/uploads\/2022\/11\/Untitled_Artwork-4.png\",\"width\":2048,\"height\":2048,\"caption\":\"Creativity Vexus\"},\"image\":{\"@id\":\"https:\/\/creativityvexus.com\/sl\/#\/schema\/logo\/image\/\"},\"sameAs\":[\"https:\/\/www.facebook.com\/creativityvexus\/\",\"https:\/\/www.instagram.com\/creativityvexus\/?hl=en\"]}]}<\/script>\n<!-- \/ Yoast SEO plugin. -->","yoast_head_json":{"title":"Nalepka Ukemochi LISICE - Creativity Vexus","description":"Okrogla 5 \u00d7 5\u202fcm nalepka v podobi lisice, navdihnjena po japonski boginji Ukimochi. Elegantna in simboli\u010dna dekoracija za ljubitelje mitologije.","robots":{"index":"index","follow":"follow","max-snippet":"max-snippet:-1","max-image-preview":"max-image-preview:large","max-video-preview":"max-video-preview:-1"},"canonical":"https:\/\/creativityvexus.com\/sl\/product\/nalepka-ukemochi-lisice\/","og_locale":"sl_SI","og_type":"article","og_title":"Nalepka Ukemochi LISICE - Creativity Vexus","og_description":"Okrogla 5 \u00d7 5\u202fcm nalepka v podobi lisice, navdihnjena po japonski boginji Ukimochi. Elegantna in simboli\u010dna dekoracija za ljubitelje mitologije.","og_url":"https:\/\/creativityvexus.com\/sl\/product\/nalepka-ukemochi-lisice\/","og_site_name":"Creativity Vexus","article_publisher":"https:\/\/www.facebook.com\/creativityvexus\/","article_modified_time":"2025-08-01T16:37:41+00:00","og_image":[{"width":1080,"height":1080,"url":"https:\/\/creativityvexus.com\/wp-content\/uploads\/2025\/08\/3.jpg","type":"image\/jpeg"}],"twitter_card":"summary_large_image","twitter_misc":{"Est. reading time":"1 minuta"},"schema":{"@context":"https:\/\/schema.org","@graph":[{"@type":"WebPage","@id":"https:\/\/creativityvexus.com\/sl\/product\/nalepka-ukemochi-lisice\/","url":"https:\/\/creativityvexus.com\/sl\/product\/nalepka-ukemochi-lisice\/","name":"Nalepka Ukemochi LISICE - Creativity Vexus","isPartOf":{"@id":"https:\/\/creativityvexus.com\/sl\/#website"},"datePublished":"2025-08-01T16:29:11+00:00","dateModified":"2025-08-01T16:37:41+00:00","description":"Okrogla 5 \u00d7 5\u202fcm nalepka v podobi lisice, navdihnjena po japonski boginji Ukimochi. Elegantna in simboli\u010dna dekoracija za ljubitelje mitologije.","breadcrumb":{"@id":"https:\/\/creativityvexus.com\/sl\/product\/nalepka-ukemochi-lisice\/#breadcrumb"},"inLanguage":"sl-SI","potentialAction":[{"@type":"ReadAction","target":["https:\/\/creativityvexus.com\/sl\/product\/nalepka-ukemochi-lisice\/"]}]},{"@type":"BreadcrumbList","@id":"https:\/\/creativityvexus.com\/sl\/product\/nalepka-ukemochi-lisice\/#breadcrumb","itemListElement":[{"@type":"ListItem","position":1,"name":"Home","item":"https:\/\/creativityvexus.com\/sl\/"},{"@type":"ListItem","position":2,"name":"Trgovina","item":"https:\/\/creativityvexus.com\/trgovina\/"},{"@type":"ListItem","position":3,"name":"Nalepka Ukemochi LISICE"}]},{"@type":"WebSite","@id":"https:\/\/creativityvexus.com\/sl\/#website","url":"https:\/\/creativityvexus.com\/sl\/","name":"Creativity Vexus","description":"Creativity Vexus Art Website","publisher":{"@id":"https:\/\/creativityvexus.com\/sl\/#organization"},"potentialAction":[{"@type":"SearchAction","target":{"@type":"EntryPoint","urlTemplate":"https:\/\/creativityvexus.com\/sl\/?s={search_term_string}"},"query-input":"required name=search_term_string"}],"inLanguage":"sl-SI"},{"@type":"Organization","@id":"https:\/\/creativityvexus.com\/sl\/#organization","name":"Creativity Vexus","url":"https:\/\/creativityvexus.com\/sl\/","logo":{"@type":"ImageObject","inLanguage":"sl-SI","@id":"https:\/\/creativityvexus.com\/sl\/#\/schema\/logo\/image\/","url":"https:\/\/creativityvexus.com\/wp-content\/uploads\/2022\/11\/Untitled_Artwork-4.png","contentUrl":"https:\/\/creativityvexus.com\/wp-content\/uploads\/2022\/11\/Untitled_Artwork-4.png","width":2048,"height":2048,"caption":"Creativity Vexus"},"image":{"@id":"https:\/\/creativityvexus.com\/sl\/#\/schema\/logo\/image\/"},"sameAs":["https:\/\/www.facebook.com\/creativityvexus\/","https:\/\/www.instagram.com\/creativityvexus\/?hl=en"]}]}},"jetpack_sharing_enabled":true,"_links":{"self":[{"href":"https:\/\/creativityvexus.com\/sl\/wp-json\/wp\/v2\/product\/3956","targetHints":{"allow":["GET"]}}],"collection":[{"href":"https:\/\/creativityvexus.com\/sl\/wp-json\/wp\/v2\/product"}],"about":[{"href":"https:\/\/creativityvexus.com\/sl\/wp-json\/wp\/v2\/types\/product"}],"replies":[{"embeddable":true,"href":"https:\/\/creativityvexus.com\/sl\/wp-json\/wp\/v2\/comments?post=3956"}],"version-history":[{"count":2,"href":"https:\/\/creativityvexus.com\/sl\/wp-json\/wp\/v2\/product\/3956\/revisions"}],"predecessor-version":[{"id":3969,"href":"https:\/\/creativityvexus.com\/sl\/wp-json\/wp\/v2\/product\/3956\/revisions\/3969"}],"wp:featuredmedia":[{"embeddable":true,"href":"https:\/\/creativityvexus.com\/sl\/wp-json\/wp\/v2\/media\/3960"}],"wp:attachment":[{"href":"https:\/\/creativityvexus.com\/sl\/wp-json\/wp\/v2\/media?parent=3956"}],"wp:term":[{"taxonomy":"product_brand","embeddable":true,"href":"https:\/\/creativityvexus.com\/sl\/wp-json\/wp\/v2\/product_brand?post=3956"},{"taxonomy":"product_cat","embeddable":true,"href":"https:\/\/creativityvexus.com\/sl\/wp-json\/wp\/v2\/product_cat?post=3956"},{"taxonomy":"product_tag","embeddable":true,"href":"https:\/\/creativityvexus.com\/sl\/wp-json\/wp\/v2\/product_tag?post=3956"}],"curies":[{"name":"wp","href":"https:\/\/api.w.org\/{rel}","templated":true}]}}