{"id":3940,"date":"2025-08-01T16:41:18","date_gmt":"2025-08-01T15:41:18","guid":{"rendered":"https:\/\/creativityvexus.com\/?post_type=product&#038;p=3940"},"modified":"2025-08-01T16:48:56","modified_gmt":"2025-08-01T15:48:56","slug":"nalepka-boginje-mbaba","status":"publish","type":"product","link":"https:\/\/creativityvexus.com\/sl\/product\/nalepka-boginje-mbaba\/","title":{"rendered":"Mbaba MAVRI\u010cNA Nalepka"},"content":{"rendered":"<p data-start=\"255\" data-end=\"746\">Proslavite vse od mavric do piva z <strong data-start=\"311\" data-end=\"334\">nalepko boginje Mbaba<\/strong>. Prosojna vinilna nalepka velikosti <strong>5 \u00d7 5\u202fcm<\/strong>, navdihnjena po zulujski boginji <strong data-start=\"399\" data-end=\"421\">Mbaba Mwana Waresa<\/strong>. <\/p>\n<p data-start=\"255\" data-end=\"746\">Znana je kot prina\u0161alka de\u017eja, plodnosti, preobrazbe in \u017eetve. Mbaba je globoko povezana z ljubeznijo, glasbo in duhom praznovanja. Ta dizajn ujame njeno energijo v stilizirani okrogli nalepki z mavri\u010dnimi toni \u2014 kot vizualni odmev groma, plesa in bo\u017eanske harmonije.   <\/p>\n<p data-start=\"748\" data-end=\"1069\">Natisnjena na trpe\u017een prozoren vinil, se ta nalepka brezhibno zlije s katerokoli povr\u0161ino \u2014 naj bo to prenosnik, ovitek za in\u0161trument, stekleni\u010dka za vodo ali zvezek \u2014 barve pa zasijejo brez ostrih robov. Je vodoodporna, odporna na praske in ustvarjena za dolgo \u017eivljenjsko dobo, tako kot trajna modrost boginje, ki jo predstavlja. <\/p>\n<p data-start=\"1071\" data-end=\"1299\">Ne glede na to, ali te navdu\u0161uje mitologija, ritem ali bo\u017eanska \u017eenska energija, ta nalepka predstavlja ne\u017een, a izrazit poklon ustvarjalnosti in ravnovesju. Naj te spomni na radost rasti, mo\u010d v ne\u017enosti in glasbo v vsem, kar nas obdaja. <\/p>\n<p>Fotografije \u00a9 Mojca Kandu\u010d<\/p>\n","protected":false},"excerpt":{"rendered":"<p><strong>Mbaba Goddess Sticker<\/strong> \u2014A vibrant 5\u00d75\u202fcm transparent sticker inspired by Zulu goddess Mbaba Mwana Waresa \u2014 symbolising rainbows, rain, equality, love and harvest.<\/p>\n","protected":false},"featured_media":3898,"comment_status":"open","ping_status":"closed","template":"","meta":[],"product_brand":[],"product_cat":[107],"product_tag":[],"class_list":{"0":"post-3940","1":"product","2":"type-product","3":"status-publish","4":"has-post-thumbnail","6":"product_cat-nalepke","7":"product_shipping_class-light","9":"first","10":"instock","11":"shipping-taxable","12":"purchasable","13":"product-type-simple"},"yoast_head":"<!-- This site is optimized with the Yoast SEO plugin v21.9 - https:\/\/yoast.com\/wordpress\/plugins\/seo\/ -->\n<title>Mbaba MAVRI\u010cNA Nalepka - Creativity Vexus<\/title>\n<meta name=\"description\" content=\"Prosojna 5 \u00d7 5\u202fcm nalepka, navdihnjena po boginji Mbaba \u2014 simbol zvoka, de\u017eja, enakosti, ljubezni in \u017eetve. Popolna za ljubitelje mitologije in duhovne simbolike.\" \/>\n<meta name=\"robots\" content=\"index, follow, max-snippet:-1, max-image-preview:large, max-video-preview:-1\" \/>\n<link rel=\"canonical\" href=\"https:\/\/creativityvexus.com\/sl\/product\/nalepka-boginje-mbaba\/\" \/>\n<meta property=\"og:locale\" content=\"sl_SI\" \/>\n<meta property=\"og:type\" content=\"article\" \/>\n<meta property=\"og:title\" content=\"Mbaba MAVRI\u010cNA Nalepka - Creativity Vexus\" \/>\n<meta property=\"og:description\" content=\"Prosojna 5 \u00d7 5\u202fcm nalepka, navdihnjena po boginji Mbaba \u2014 simbol zvoka, de\u017eja, enakosti, ljubezni in \u017eetve. Popolna za ljubitelje mitologije in duhovne simbolike.\" \/>\n<meta property=\"og:url\" content=\"https:\/\/creativityvexus.com\/sl\/product\/nalepka-boginje-mbaba\/\" \/>\n<meta property=\"og:site_name\" content=\"Creativity Vexus\" \/>\n<meta property=\"article:publisher\" content=\"https:\/\/www.facebook.com\/creativityvexus\/\" \/>\n<meta property=\"article:modified_time\" content=\"2025-08-01T15:48:56+00:00\" \/>\n<meta property=\"og:image\" content=\"https:\/\/creativityvexus.com\/wp-content\/uploads\/2025\/07\/Kopija-dokumenta-sticker1.png\" \/>\n\t<meta property=\"og:image:width\" content=\"1181\" \/>\n\t<meta property=\"og:image:height\" content=\"1181\" \/>\n\t<meta property=\"og:image:type\" content=\"image\/png\" \/>\n<meta name=\"twitter:card\" content=\"summary_large_image\" \/>\n<meta name=\"twitter:label1\" content=\"Est. reading time\" \/>\n\t<meta name=\"twitter:data1\" content=\"1 minuta\" \/>\n<script type=\"application\/ld+json\" class=\"yoast-schema-graph\">{\"@context\":\"https:\/\/schema.org\",\"@graph\":[{\"@type\":\"WebPage\",\"@id\":\"https:\/\/creativityvexus.com\/sl\/product\/nalepka-boginje-mbaba\/\",\"url\":\"https:\/\/creativityvexus.com\/sl\/product\/nalepka-boginje-mbaba\/\",\"name\":\"Mbaba MAVRI\u010cNA Nalepka - Creativity Vexus\",\"isPartOf\":{\"@id\":\"https:\/\/creativityvexus.com\/sl\/#website\"},\"datePublished\":\"2025-08-01T15:41:18+00:00\",\"dateModified\":\"2025-08-01T15:48:56+00:00\",\"description\":\"Prosojna 5 \u00d7 5\u202fcm nalepka, navdihnjena po boginji Mbaba \u2014 simbol zvoka, de\u017eja, enakosti, ljubezni in \u017eetve. Popolna za ljubitelje mitologije in duhovne simbolike.\",\"breadcrumb\":{\"@id\":\"https:\/\/creativityvexus.com\/sl\/product\/nalepka-boginje-mbaba\/#breadcrumb\"},\"inLanguage\":\"sl-SI\",\"potentialAction\":[{\"@type\":\"ReadAction\",\"target\":[\"https:\/\/creativityvexus.com\/sl\/product\/nalepka-boginje-mbaba\/\"]}]},{\"@type\":\"BreadcrumbList\",\"@id\":\"https:\/\/creativityvexus.com\/sl\/product\/nalepka-boginje-mbaba\/#breadcrumb\",\"itemListElement\":[{\"@type\":\"ListItem\",\"position\":1,\"name\":\"Home\",\"item\":\"https:\/\/creativityvexus.com\/sl\/\"},{\"@type\":\"ListItem\",\"position\":2,\"name\":\"Trgovina\",\"item\":\"https:\/\/creativityvexus.com\/trgovina\/\"},{\"@type\":\"ListItem\",\"position\":3,\"name\":\"Mbaba MAVRI\u010cNA Nalepka\"}]},{\"@type\":\"WebSite\",\"@id\":\"https:\/\/creativityvexus.com\/sl\/#website\",\"url\":\"https:\/\/creativityvexus.com\/sl\/\",\"name\":\"Creativity Vexus\",\"description\":\"Creativity Vexus Art Website\",\"publisher\":{\"@id\":\"https:\/\/creativityvexus.com\/sl\/#organization\"},\"potentialAction\":[{\"@type\":\"SearchAction\",\"target\":{\"@type\":\"EntryPoint\",\"urlTemplate\":\"https:\/\/creativityvexus.com\/sl\/?s={search_term_string}\"},\"query-input\":\"required name=search_term_string\"}],\"inLanguage\":\"sl-SI\"},{\"@type\":\"Organization\",\"@id\":\"https:\/\/creativityvexus.com\/sl\/#organization\",\"name\":\"Creativity Vexus\",\"url\":\"https:\/\/creativityvexus.com\/sl\/\",\"logo\":{\"@type\":\"ImageObject\",\"inLanguage\":\"sl-SI\",\"@id\":\"https:\/\/creativityvexus.com\/sl\/#\/schema\/logo\/image\/\",\"url\":\"https:\/\/creativityvexus.com\/wp-content\/uploads\/2022\/11\/Untitled_Artwork-4.png\",\"contentUrl\":\"https:\/\/creativityvexus.com\/wp-content\/uploads\/2022\/11\/Untitled_Artwork-4.png\",\"width\":2048,\"height\":2048,\"caption\":\"Creativity Vexus\"},\"image\":{\"@id\":\"https:\/\/creativityvexus.com\/sl\/#\/schema\/logo\/image\/\"},\"sameAs\":[\"https:\/\/www.facebook.com\/creativityvexus\/\",\"https:\/\/www.instagram.com\/creativityvexus\/?hl=en\"]}]}<\/script>\n<!-- \/ Yoast SEO plugin. -->","yoast_head_json":{"title":"Mbaba MAVRI\u010cNA Nalepka - Creativity Vexus","description":"Prosojna 5 \u00d7 5\u202fcm nalepka, navdihnjena po boginji Mbaba \u2014 simbol zvoka, de\u017eja, enakosti, ljubezni in \u017eetve. Popolna za ljubitelje mitologije in duhovne simbolike.","robots":{"index":"index","follow":"follow","max-snippet":"max-snippet:-1","max-image-preview":"max-image-preview:large","max-video-preview":"max-video-preview:-1"},"canonical":"https:\/\/creativityvexus.com\/sl\/product\/nalepka-boginje-mbaba\/","og_locale":"sl_SI","og_type":"article","og_title":"Mbaba MAVRI\u010cNA Nalepka - Creativity Vexus","og_description":"Prosojna 5 \u00d7 5\u202fcm nalepka, navdihnjena po boginji Mbaba \u2014 simbol zvoka, de\u017eja, enakosti, ljubezni in \u017eetve. Popolna za ljubitelje mitologije in duhovne simbolike.","og_url":"https:\/\/creativityvexus.com\/sl\/product\/nalepka-boginje-mbaba\/","og_site_name":"Creativity Vexus","article_publisher":"https:\/\/www.facebook.com\/creativityvexus\/","article_modified_time":"2025-08-01T15:48:56+00:00","og_image":[{"width":1181,"height":1181,"url":"https:\/\/creativityvexus.com\/wp-content\/uploads\/2025\/07\/Kopija-dokumenta-sticker1.png","type":"image\/png"}],"twitter_card":"summary_large_image","twitter_misc":{"Est. reading time":"1 minuta"},"schema":{"@context":"https:\/\/schema.org","@graph":[{"@type":"WebPage","@id":"https:\/\/creativityvexus.com\/sl\/product\/nalepka-boginje-mbaba\/","url":"https:\/\/creativityvexus.com\/sl\/product\/nalepka-boginje-mbaba\/","name":"Mbaba MAVRI\u010cNA Nalepka - Creativity Vexus","isPartOf":{"@id":"https:\/\/creativityvexus.com\/sl\/#website"},"datePublished":"2025-08-01T15:41:18+00:00","dateModified":"2025-08-01T15:48:56+00:00","description":"Prosojna 5 \u00d7 5\u202fcm nalepka, navdihnjena po boginji Mbaba \u2014 simbol zvoka, de\u017eja, enakosti, ljubezni in \u017eetve. Popolna za ljubitelje mitologije in duhovne simbolike.","breadcrumb":{"@id":"https:\/\/creativityvexus.com\/sl\/product\/nalepka-boginje-mbaba\/#breadcrumb"},"inLanguage":"sl-SI","potentialAction":[{"@type":"ReadAction","target":["https:\/\/creativityvexus.com\/sl\/product\/nalepka-boginje-mbaba\/"]}]},{"@type":"BreadcrumbList","@id":"https:\/\/creativityvexus.com\/sl\/product\/nalepka-boginje-mbaba\/#breadcrumb","itemListElement":[{"@type":"ListItem","position":1,"name":"Home","item":"https:\/\/creativityvexus.com\/sl\/"},{"@type":"ListItem","position":2,"name":"Trgovina","item":"https:\/\/creativityvexus.com\/trgovina\/"},{"@type":"ListItem","position":3,"name":"Mbaba MAVRI\u010cNA Nalepka"}]},{"@type":"WebSite","@id":"https:\/\/creativityvexus.com\/sl\/#website","url":"https:\/\/creativityvexus.com\/sl\/","name":"Creativity Vexus","description":"Creativity Vexus Art Website","publisher":{"@id":"https:\/\/creativityvexus.com\/sl\/#organization"},"potentialAction":[{"@type":"SearchAction","target":{"@type":"EntryPoint","urlTemplate":"https:\/\/creativityvexus.com\/sl\/?s={search_term_string}"},"query-input":"required name=search_term_string"}],"inLanguage":"sl-SI"},{"@type":"Organization","@id":"https:\/\/creativityvexus.com\/sl\/#organization","name":"Creativity Vexus","url":"https:\/\/creativityvexus.com\/sl\/","logo":{"@type":"ImageObject","inLanguage":"sl-SI","@id":"https:\/\/creativityvexus.com\/sl\/#\/schema\/logo\/image\/","url":"https:\/\/creativityvexus.com\/wp-content\/uploads\/2022\/11\/Untitled_Artwork-4.png","contentUrl":"https:\/\/creativityvexus.com\/wp-content\/uploads\/2022\/11\/Untitled_Artwork-4.png","width":2048,"height":2048,"caption":"Creativity Vexus"},"image":{"@id":"https:\/\/creativityvexus.com\/sl\/#\/schema\/logo\/image\/"},"sameAs":["https:\/\/www.facebook.com\/creativityvexus\/","https:\/\/www.instagram.com\/creativityvexus\/?hl=en"]}]}},"jetpack_sharing_enabled":true,"_links":{"self":[{"href":"https:\/\/creativityvexus.com\/sl\/wp-json\/wp\/v2\/product\/3940","targetHints":{"allow":["GET"]}}],"collection":[{"href":"https:\/\/creativityvexus.com\/sl\/wp-json\/wp\/v2\/product"}],"about":[{"href":"https:\/\/creativityvexus.com\/sl\/wp-json\/wp\/v2\/types\/product"}],"replies":[{"embeddable":true,"href":"https:\/\/creativityvexus.com\/sl\/wp-json\/wp\/v2\/comments?post=3940"}],"version-history":[{"count":2,"href":"https:\/\/creativityvexus.com\/sl\/wp-json\/wp\/v2\/product\/3940\/revisions"}],"predecessor-version":[{"id":3953,"href":"https:\/\/creativityvexus.com\/sl\/wp-json\/wp\/v2\/product\/3940\/revisions\/3953"}],"wp:featuredmedia":[{"embeddable":true,"href":"https:\/\/creativityvexus.com\/sl\/wp-json\/wp\/v2\/media\/3898"}],"wp:attachment":[{"href":"https:\/\/creativityvexus.com\/sl\/wp-json\/wp\/v2\/media?parent=3940"}],"wp:term":[{"taxonomy":"product_brand","embeddable":true,"href":"https:\/\/creativityvexus.com\/sl\/wp-json\/wp\/v2\/product_brand?post=3940"},{"taxonomy":"product_cat","embeddable":true,"href":"https:\/\/creativityvexus.com\/sl\/wp-json\/wp\/v2\/product_cat?post=3940"},{"taxonomy":"product_tag","embeddable":true,"href":"https:\/\/creativityvexus.com\/sl\/wp-json\/wp\/v2\/product_tag?post=3940"}],"curies":[{"name":"wp","href":"https:\/\/api.w.org\/{rel}","templated":true}]}}