{"id":3934,"date":"2025-08-01T16:05:59","date_gmt":"2025-08-01T15:05:59","guid":{"rendered":"https:\/\/creativityvexus.com\/?post_type=product&#038;p=3934"},"modified":"2025-08-01T16:05:59","modified_gmt":"2025-08-01T15:05:59","slug":"nalepka-lacna-macka","status":"publish","type":"product","link":"https:\/\/creativityvexus.com\/sl\/product\/nalepka-lacna-macka\/","title":{"rendered":"Nalepka LA\u010cNA Ma\u010dka"},"content":{"rendered":"<p data-start=\"177\" data-end=\"534\">Predstavljamo vam nalepko <strong data-start=\"193\" data-end=\"215\">LA\u010cNA Ma\u010dka<\/strong> \u2014 popolno me\u0161anico prikupnosti, kaosa in tistega vsem znanega mijavka \u00bbNAHRANI ME!\u00ab . Ta <em><strong>okrogla vinilna nalepka velikosti 5 \u00d7 5 cm <\/strong><\/em>prikazuje ma\u010dko z velikimi o\u010dmi, ki dramati\u010dno mijavka, kot da bi bila la\u010dna \u017ee ve\u010d dni.<br \/>Natisnjena je na trpe\u017een, vodoodporen vinil z belo podlago, odporna na praske in narejena za dolgotrajno uporabo \u2014 tako kot ma\u010dkina vztrajnost, ko ignorira\u0161 njeno prazno posodico. Naj bo \u010das za ve\u010derjo ali pa samo trenutek, ko odpre\u0161 hladilnik \u2014 ta izraz pove to\u010dno tisto, kar vsi lastniki ma\u010dk sli\u0161imo ves dan.   <\/p>\n<p data-start=\"536\" data-end=\"722\">Ilustracija popolno ujame ma\u010djo stisko konstantne lakote\u2014 z raz\u0161irjenimi zenicami, razkritimi zobmi in rahlim pridihom obupa. <\/p>\n<p data-start=\"724\" data-end=\"960\">Prilepi\u0161 jo lahko na hladilnik, steklenico za vodo, dnevnike, prenosnik ali \u0161katlo za malico \u2014 preprosto zato, ker ti pri\u010dara nasmeh. Kamorkoli jo nalepi\u0161, bo s seboj prinesla kan\u010dek dramati\u010dnega ma\u010djega \u0161arma.  <\/p>\n<p>Fotografije \u00a9 Mojca Kandu\u010d<\/p>\n","protected":false},"excerpt":{"rendered":"<p>Nalepka Hungry CAT \u2013 Ta la\u010dna ma\u010dka ujame vso dramo trenutkov, povezanih s hrano. Drzna, prikupna in kot nala\u0161\u010d za ljubitelje ma\u010dk z dobrim smislom za humor. <\/p>\n","protected":false},"featured_media":3894,"comment_status":"open","ping_status":"closed","template":"","meta":[],"product_brand":[],"product_cat":[107],"product_tag":[],"class_list":{"0":"post-3934","1":"product","2":"type-product","3":"status-publish","4":"has-post-thumbnail","6":"product_cat-nalepke","7":"product_shipping_class-light","9":"first","10":"instock","11":"sale","12":"shipping-taxable","13":"purchasable","14":"product-type-simple"},"yoast_head":"<!-- This site is optimized with the Yoast SEO plugin v21.9 - https:\/\/yoast.com\/wordpress\/plugins\/seo\/ -->\n<title>Nalepka LA\u010cNA Ma\u010dka - Creativity Vexus<\/title>\n<meta name=\"description\" content=\"Nalepka Hungry CAT \u2014 okrogla 5 \u00d7 5 cm vinilna nalepka z la\u010dno, dramati\u010dno mijavkajo\u010do ma\u010dko. Popolna za ljubitelje ma\u010dk in sme\u0161nih trenutkov.\" \/>\n<meta name=\"robots\" content=\"index, follow, max-snippet:-1, max-image-preview:large, max-video-preview:-1\" \/>\n<link rel=\"canonical\" href=\"https:\/\/creativityvexus.com\/sl\/product\/nalepka-lacna-macka\/\" \/>\n<meta property=\"og:locale\" content=\"sl_SI\" \/>\n<meta property=\"og:type\" content=\"article\" \/>\n<meta property=\"og:title\" content=\"Nalepka LA\u010cNA Ma\u010dka - Creativity Vexus\" \/>\n<meta property=\"og:description\" content=\"Nalepka Hungry CAT \u2014 okrogla 5 \u00d7 5 cm vinilna nalepka z la\u010dno, dramati\u010dno mijavkajo\u010do ma\u010dko. Popolna za ljubitelje ma\u010dk in sme\u0161nih trenutkov.\" \/>\n<meta property=\"og:url\" content=\"https:\/\/creativityvexus.com\/sl\/product\/nalepka-lacna-macka\/\" \/>\n<meta property=\"og:site_name\" content=\"Creativity Vexus\" \/>\n<meta property=\"article:publisher\" content=\"https:\/\/www.facebook.com\/creativityvexus\/\" \/>\n<meta property=\"og:image\" content=\"https:\/\/creativityvexus.com\/wp-content\/uploads\/2025\/07\/Kopija-dokumenta-cat1.png\" \/>\n\t<meta property=\"og:image:width\" content=\"2055\" \/>\n\t<meta property=\"og:image:height\" content=\"2007\" \/>\n\t<meta property=\"og:image:type\" content=\"image\/png\" \/>\n<meta name=\"twitter:card\" content=\"summary_large_image\" \/>\n<meta name=\"twitter:label1\" content=\"Est. reading time\" \/>\n\t<meta name=\"twitter:data1\" content=\"1 minuta\" \/>\n<script type=\"application\/ld+json\" class=\"yoast-schema-graph\">{\"@context\":\"https:\/\/schema.org\",\"@graph\":[{\"@type\":\"WebPage\",\"@id\":\"https:\/\/creativityvexus.com\/sl\/product\/nalepka-lacna-macka\/\",\"url\":\"https:\/\/creativityvexus.com\/sl\/product\/nalepka-lacna-macka\/\",\"name\":\"Nalepka LA\u010cNA Ma\u010dka - Creativity Vexus\",\"isPartOf\":{\"@id\":\"https:\/\/creativityvexus.com\/sl\/#website\"},\"datePublished\":\"2025-08-01T15:05:59+00:00\",\"dateModified\":\"2025-08-01T15:05:59+00:00\",\"description\":\"Nalepka Hungry CAT \u2014 okrogla 5 \u00d7 5 cm vinilna nalepka z la\u010dno, dramati\u010dno mijavkajo\u010do ma\u010dko. Popolna za ljubitelje ma\u010dk in sme\u0161nih trenutkov.\",\"breadcrumb\":{\"@id\":\"https:\/\/creativityvexus.com\/sl\/product\/nalepka-lacna-macka\/#breadcrumb\"},\"inLanguage\":\"sl-SI\",\"potentialAction\":[{\"@type\":\"ReadAction\",\"target\":[\"https:\/\/creativityvexus.com\/sl\/product\/nalepka-lacna-macka\/\"]}]},{\"@type\":\"BreadcrumbList\",\"@id\":\"https:\/\/creativityvexus.com\/sl\/product\/nalepka-lacna-macka\/#breadcrumb\",\"itemListElement\":[{\"@type\":\"ListItem\",\"position\":1,\"name\":\"Home\",\"item\":\"https:\/\/creativityvexus.com\/sl\/\"},{\"@type\":\"ListItem\",\"position\":2,\"name\":\"Trgovina\",\"item\":\"https:\/\/creativityvexus.com\/trgovina\/\"},{\"@type\":\"ListItem\",\"position\":3,\"name\":\"Nalepka LA\u010cNA Ma\u010dka\"}]},{\"@type\":\"WebSite\",\"@id\":\"https:\/\/creativityvexus.com\/sl\/#website\",\"url\":\"https:\/\/creativityvexus.com\/sl\/\",\"name\":\"Creativity Vexus\",\"description\":\"Creativity Vexus Art Website\",\"publisher\":{\"@id\":\"https:\/\/creativityvexus.com\/sl\/#organization\"},\"potentialAction\":[{\"@type\":\"SearchAction\",\"target\":{\"@type\":\"EntryPoint\",\"urlTemplate\":\"https:\/\/creativityvexus.com\/sl\/?s={search_term_string}\"},\"query-input\":\"required name=search_term_string\"}],\"inLanguage\":\"sl-SI\"},{\"@type\":\"Organization\",\"@id\":\"https:\/\/creativityvexus.com\/sl\/#organization\",\"name\":\"Creativity Vexus\",\"url\":\"https:\/\/creativityvexus.com\/sl\/\",\"logo\":{\"@type\":\"ImageObject\",\"inLanguage\":\"sl-SI\",\"@id\":\"https:\/\/creativityvexus.com\/sl\/#\/schema\/logo\/image\/\",\"url\":\"https:\/\/creativityvexus.com\/wp-content\/uploads\/2022\/11\/Untitled_Artwork-4.png\",\"contentUrl\":\"https:\/\/creativityvexus.com\/wp-content\/uploads\/2022\/11\/Untitled_Artwork-4.png\",\"width\":2048,\"height\":2048,\"caption\":\"Creativity Vexus\"},\"image\":{\"@id\":\"https:\/\/creativityvexus.com\/sl\/#\/schema\/logo\/image\/\"},\"sameAs\":[\"https:\/\/www.facebook.com\/creativityvexus\/\",\"https:\/\/www.instagram.com\/creativityvexus\/?hl=en\"]}]}<\/script>\n<!-- \/ Yoast SEO plugin. -->","yoast_head_json":{"title":"Nalepka LA\u010cNA Ma\u010dka - Creativity Vexus","description":"Nalepka Hungry CAT \u2014 okrogla 5 \u00d7 5 cm vinilna nalepka z la\u010dno, dramati\u010dno mijavkajo\u010do ma\u010dko. Popolna za ljubitelje ma\u010dk in sme\u0161nih trenutkov.","robots":{"index":"index","follow":"follow","max-snippet":"max-snippet:-1","max-image-preview":"max-image-preview:large","max-video-preview":"max-video-preview:-1"},"canonical":"https:\/\/creativityvexus.com\/sl\/product\/nalepka-lacna-macka\/","og_locale":"sl_SI","og_type":"article","og_title":"Nalepka LA\u010cNA Ma\u010dka - Creativity Vexus","og_description":"Nalepka Hungry CAT \u2014 okrogla 5 \u00d7 5 cm vinilna nalepka z la\u010dno, dramati\u010dno mijavkajo\u010do ma\u010dko. Popolna za ljubitelje ma\u010dk in sme\u0161nih trenutkov.","og_url":"https:\/\/creativityvexus.com\/sl\/product\/nalepka-lacna-macka\/","og_site_name":"Creativity Vexus","article_publisher":"https:\/\/www.facebook.com\/creativityvexus\/","og_image":[{"width":2055,"height":2007,"url":"https:\/\/creativityvexus.com\/wp-content\/uploads\/2025\/07\/Kopija-dokumenta-cat1.png","type":"image\/png"}],"twitter_card":"summary_large_image","twitter_misc":{"Est. reading time":"1 minuta"},"schema":{"@context":"https:\/\/schema.org","@graph":[{"@type":"WebPage","@id":"https:\/\/creativityvexus.com\/sl\/product\/nalepka-lacna-macka\/","url":"https:\/\/creativityvexus.com\/sl\/product\/nalepka-lacna-macka\/","name":"Nalepka LA\u010cNA Ma\u010dka - Creativity Vexus","isPartOf":{"@id":"https:\/\/creativityvexus.com\/sl\/#website"},"datePublished":"2025-08-01T15:05:59+00:00","dateModified":"2025-08-01T15:05:59+00:00","description":"Nalepka Hungry CAT \u2014 okrogla 5 \u00d7 5 cm vinilna nalepka z la\u010dno, dramati\u010dno mijavkajo\u010do ma\u010dko. Popolna za ljubitelje ma\u010dk in sme\u0161nih trenutkov.","breadcrumb":{"@id":"https:\/\/creativityvexus.com\/sl\/product\/nalepka-lacna-macka\/#breadcrumb"},"inLanguage":"sl-SI","potentialAction":[{"@type":"ReadAction","target":["https:\/\/creativityvexus.com\/sl\/product\/nalepka-lacna-macka\/"]}]},{"@type":"BreadcrumbList","@id":"https:\/\/creativityvexus.com\/sl\/product\/nalepka-lacna-macka\/#breadcrumb","itemListElement":[{"@type":"ListItem","position":1,"name":"Home","item":"https:\/\/creativityvexus.com\/sl\/"},{"@type":"ListItem","position":2,"name":"Trgovina","item":"https:\/\/creativityvexus.com\/trgovina\/"},{"@type":"ListItem","position":3,"name":"Nalepka LA\u010cNA Ma\u010dka"}]},{"@type":"WebSite","@id":"https:\/\/creativityvexus.com\/sl\/#website","url":"https:\/\/creativityvexus.com\/sl\/","name":"Creativity Vexus","description":"Creativity Vexus Art Website","publisher":{"@id":"https:\/\/creativityvexus.com\/sl\/#organization"},"potentialAction":[{"@type":"SearchAction","target":{"@type":"EntryPoint","urlTemplate":"https:\/\/creativityvexus.com\/sl\/?s={search_term_string}"},"query-input":"required name=search_term_string"}],"inLanguage":"sl-SI"},{"@type":"Organization","@id":"https:\/\/creativityvexus.com\/sl\/#organization","name":"Creativity Vexus","url":"https:\/\/creativityvexus.com\/sl\/","logo":{"@type":"ImageObject","inLanguage":"sl-SI","@id":"https:\/\/creativityvexus.com\/sl\/#\/schema\/logo\/image\/","url":"https:\/\/creativityvexus.com\/wp-content\/uploads\/2022\/11\/Untitled_Artwork-4.png","contentUrl":"https:\/\/creativityvexus.com\/wp-content\/uploads\/2022\/11\/Untitled_Artwork-4.png","width":2048,"height":2048,"caption":"Creativity Vexus"},"image":{"@id":"https:\/\/creativityvexus.com\/sl\/#\/schema\/logo\/image\/"},"sameAs":["https:\/\/www.facebook.com\/creativityvexus\/","https:\/\/www.instagram.com\/creativityvexus\/?hl=en"]}]}},"jetpack_sharing_enabled":true,"_links":{"self":[{"href":"https:\/\/creativityvexus.com\/sl\/wp-json\/wp\/v2\/product\/3934","targetHints":{"allow":["GET"]}}],"collection":[{"href":"https:\/\/creativityvexus.com\/sl\/wp-json\/wp\/v2\/product"}],"about":[{"href":"https:\/\/creativityvexus.com\/sl\/wp-json\/wp\/v2\/types\/product"}],"replies":[{"embeddable":true,"href":"https:\/\/creativityvexus.com\/sl\/wp-json\/wp\/v2\/comments?post=3934"}],"version-history":[{"count":1,"href":"https:\/\/creativityvexus.com\/sl\/wp-json\/wp\/v2\/product\/3934\/revisions"}],"predecessor-version":[{"id":3935,"href":"https:\/\/creativityvexus.com\/sl\/wp-json\/wp\/v2\/product\/3934\/revisions\/3935"}],"wp:featuredmedia":[{"embeddable":true,"href":"https:\/\/creativityvexus.com\/sl\/wp-json\/wp\/v2\/media\/3894"}],"wp:attachment":[{"href":"https:\/\/creativityvexus.com\/sl\/wp-json\/wp\/v2\/media?parent=3934"}],"wp:term":[{"taxonomy":"product_brand","embeddable":true,"href":"https:\/\/creativityvexus.com\/sl\/wp-json\/wp\/v2\/product_brand?post=3934"},{"taxonomy":"product_cat","embeddable":true,"href":"https:\/\/creativityvexus.com\/sl\/wp-json\/wp\/v2\/product_cat?post=3934"},{"taxonomy":"product_tag","embeddable":true,"href":"https:\/\/creativityvexus.com\/sl\/wp-json\/wp\/v2\/product_tag?post=3934"}],"curies":[{"name":"wp","href":"https:\/\/api.w.org\/{rel}","templated":true}]}}