{"id":3889,"date":"2025-07-29T23:34:58","date_gmt":"2025-07-29T22:34:58","guid":{"rendered":"https:\/\/creativityvexus.com\/?post_type=product&#038;p=3889"},"modified":"2025-07-29T23:34:58","modified_gmt":"2025-07-29T22:34:58","slug":"zulu-boginja-mbaba-art-print","status":"publish","type":"product","link":"https:\/\/creativityvexus.com\/sl\/product\/zulu-boginja-mbaba-art-print\/","title":{"rendered":"Zulu Boginja Mbaba ART Print"},"content":{"rendered":"<p>Mbaba Mwana Waresa je mogo\u010dna boginja iz zulujske vere, povezana z mavricami, plodnostjo, kmetijstvom in pivom.<br \/>Zaradi svoje modrosti, mo\u010di in dobrosr\u010dnosti jo globoko spo\u0161tujejo. Nau\u010dila je ljudi pridelovati hrano in variti pivo. V legendah je izbrala mo\u017ea med smrtniki \u2014 zaradi njegovega srca, ne statusa \u2014 zato velja tudi za simbol ljubezni in enakosti.  <\/p>\n<p>Ta barvita ilustracija jo prikazuje s sijo\u010do mavri\u010dno pri\u010desko in tradicionalnimi perlami, ob strani pa jo spremlja poklon v verzih, katere je napisala Dolores Hunsky.<\/p>\n<ul>\n<li><strong>Velikost:<\/strong> 21 x 18,7 cm<\/li>\n<li><strong>Material:<\/strong> Visokokakovosten mat papir 250 g \u2013 gladek, brez ble\u0161\u010danja<\/li>\n<li><strong>Pesnitev:<\/strong> na voljo le v ANGLE\u0160\u010cINI<\/li>\n<\/ul>\n<p>Pravijo tudi, da si je izbrala mo\u017ea smrtnika, zaradi njegovega srca, ne zaradi njegovega statusa, zaradi \u010desar je postala simbol ljubezni in enakosti.<\/p>\n<p>&nbsp;<\/p>\n<p>Fotografije \u00a9 Mojca Kandu\u010d<\/p>\n","protected":false},"excerpt":{"rendered":"<p>Mbaba Mwana Waresa \u2013 Mavri\u010dna boginja vseh dobrih stvari; tudi piva<\/p>\n","protected":false},"featured_media":3857,"comment_status":"open","ping_status":"closed","template":"","meta":[],"product_brand":[],"product_cat":[106],"product_tag":[],"class_list":{"0":"post-3889","1":"product","2":"type-product","3":"status-publish","4":"has-post-thumbnail","6":"product_cat-ilustracije","7":"product_shipping_class-light","9":"first","10":"instock","11":"sale","12":"shipping-taxable","13":"purchasable","14":"product-type-simple"},"yoast_head":"<!-- This site is optimized with the Yoast SEO plugin v21.9 - https:\/\/yoast.com\/wordpress\/plugins\/seo\/ -->\n<title>Zulu Boginja Mbaba ART Print - Creativity Vexus<\/title>\n<meta name=\"description\" content=\"Proslavite barviti duh boginje Mbabe \u2014 zulujske boginje de\u017eja, \u017eetve in preobrazbe. Sijo\u010d umetni\u0161ki tisk v \u010dast modrosti, kulturi in naravi.\" \/>\n<meta name=\"robots\" content=\"index, follow, max-snippet:-1, max-image-preview:large, max-video-preview:-1\" \/>\n<link rel=\"canonical\" href=\"https:\/\/creativityvexus.com\/sl\/product\/zulu-boginja-mbaba-art-print\/\" \/>\n<meta property=\"og:locale\" content=\"sl_SI\" \/>\n<meta property=\"og:type\" content=\"article\" \/>\n<meta property=\"og:title\" content=\"Zulu Boginja Mbaba ART Print - Creativity Vexus\" \/>\n<meta property=\"og:description\" content=\"Proslavite barviti duh boginje Mbabe \u2014 zulujske boginje de\u017eja, \u017eetve in preobrazbe. Sijo\u010d umetni\u0161ki tisk v \u010dast modrosti, kulturi in naravi.\" \/>\n<meta property=\"og:url\" content=\"https:\/\/creativityvexus.com\/sl\/product\/zulu-boginja-mbaba-art-print\/\" \/>\n<meta property=\"og:site_name\" content=\"Creativity Vexus\" \/>\n<meta property=\"article:publisher\" content=\"https:\/\/www.facebook.com\/creativityvexus\/\" \/>\n<meta property=\"og:image\" content=\"https:\/\/creativityvexus.com\/wp-content\/uploads\/2025\/07\/Mbaba.jpg\" \/>\n\t<meta property=\"og:image:width\" content=\"1102\" \/>\n\t<meta property=\"og:image:height\" content=\"1048\" \/>\n\t<meta property=\"og:image:type\" content=\"image\/jpeg\" \/>\n<meta name=\"twitter:card\" content=\"summary_large_image\" \/>\n<meta name=\"twitter:label1\" content=\"Est. reading time\" \/>\n\t<meta name=\"twitter:data1\" content=\"1 minuta\" \/>\n<script type=\"application\/ld+json\" class=\"yoast-schema-graph\">{\"@context\":\"https:\/\/schema.org\",\"@graph\":[{\"@type\":\"WebPage\",\"@id\":\"https:\/\/creativityvexus.com\/sl\/product\/zulu-boginja-mbaba-art-print\/\",\"url\":\"https:\/\/creativityvexus.com\/sl\/product\/zulu-boginja-mbaba-art-print\/\",\"name\":\"Zulu Boginja Mbaba ART Print - Creativity Vexus\",\"isPartOf\":{\"@id\":\"https:\/\/creativityvexus.com\/sl\/#website\"},\"datePublished\":\"2025-07-29T22:34:58+00:00\",\"dateModified\":\"2025-07-29T22:34:58+00:00\",\"description\":\"Proslavite barviti duh boginje Mbabe \u2014 zulujske boginje de\u017eja, \u017eetve in preobrazbe. Sijo\u010d umetni\u0161ki tisk v \u010dast modrosti, kulturi in naravi.\",\"breadcrumb\":{\"@id\":\"https:\/\/creativityvexus.com\/sl\/product\/zulu-boginja-mbaba-art-print\/#breadcrumb\"},\"inLanguage\":\"sl-SI\",\"potentialAction\":[{\"@type\":\"ReadAction\",\"target\":[\"https:\/\/creativityvexus.com\/sl\/product\/zulu-boginja-mbaba-art-print\/\"]}]},{\"@type\":\"BreadcrumbList\",\"@id\":\"https:\/\/creativityvexus.com\/sl\/product\/zulu-boginja-mbaba-art-print\/#breadcrumb\",\"itemListElement\":[{\"@type\":\"ListItem\",\"position\":1,\"name\":\"Home\",\"item\":\"https:\/\/creativityvexus.com\/sl\/\"},{\"@type\":\"ListItem\",\"position\":2,\"name\":\"Trgovina\",\"item\":\"https:\/\/creativityvexus.com\/trgovina\/\"},{\"@type\":\"ListItem\",\"position\":3,\"name\":\"Zulu Boginja Mbaba ART Print\"}]},{\"@type\":\"WebSite\",\"@id\":\"https:\/\/creativityvexus.com\/sl\/#website\",\"url\":\"https:\/\/creativityvexus.com\/sl\/\",\"name\":\"Creativity Vexus\",\"description\":\"Creativity Vexus Art Website\",\"publisher\":{\"@id\":\"https:\/\/creativityvexus.com\/sl\/#organization\"},\"potentialAction\":[{\"@type\":\"SearchAction\",\"target\":{\"@type\":\"EntryPoint\",\"urlTemplate\":\"https:\/\/creativityvexus.com\/sl\/?s={search_term_string}\"},\"query-input\":\"required name=search_term_string\"}],\"inLanguage\":\"sl-SI\"},{\"@type\":\"Organization\",\"@id\":\"https:\/\/creativityvexus.com\/sl\/#organization\",\"name\":\"Creativity Vexus\",\"url\":\"https:\/\/creativityvexus.com\/sl\/\",\"logo\":{\"@type\":\"ImageObject\",\"inLanguage\":\"sl-SI\",\"@id\":\"https:\/\/creativityvexus.com\/sl\/#\/schema\/logo\/image\/\",\"url\":\"https:\/\/creativityvexus.com\/wp-content\/uploads\/2022\/11\/Untitled_Artwork-4.png\",\"contentUrl\":\"https:\/\/creativityvexus.com\/wp-content\/uploads\/2022\/11\/Untitled_Artwork-4.png\",\"width\":2048,\"height\":2048,\"caption\":\"Creativity Vexus\"},\"image\":{\"@id\":\"https:\/\/creativityvexus.com\/sl\/#\/schema\/logo\/image\/\"},\"sameAs\":[\"https:\/\/www.facebook.com\/creativityvexus\/\",\"https:\/\/www.instagram.com\/creativityvexus\/?hl=en\"]}]}<\/script>\n<!-- \/ Yoast SEO plugin. -->","yoast_head_json":{"title":"Zulu Boginja Mbaba ART Print - Creativity Vexus","description":"Proslavite barviti duh boginje Mbabe \u2014 zulujske boginje de\u017eja, \u017eetve in preobrazbe. Sijo\u010d umetni\u0161ki tisk v \u010dast modrosti, kulturi in naravi.","robots":{"index":"index","follow":"follow","max-snippet":"max-snippet:-1","max-image-preview":"max-image-preview:large","max-video-preview":"max-video-preview:-1"},"canonical":"https:\/\/creativityvexus.com\/sl\/product\/zulu-boginja-mbaba-art-print\/","og_locale":"sl_SI","og_type":"article","og_title":"Zulu Boginja Mbaba ART Print - Creativity Vexus","og_description":"Proslavite barviti duh boginje Mbabe \u2014 zulujske boginje de\u017eja, \u017eetve in preobrazbe. Sijo\u010d umetni\u0161ki tisk v \u010dast modrosti, kulturi in naravi.","og_url":"https:\/\/creativityvexus.com\/sl\/product\/zulu-boginja-mbaba-art-print\/","og_site_name":"Creativity Vexus","article_publisher":"https:\/\/www.facebook.com\/creativityvexus\/","og_image":[{"width":1102,"height":1048,"url":"https:\/\/creativityvexus.com\/wp-content\/uploads\/2025\/07\/Mbaba.jpg","type":"image\/jpeg"}],"twitter_card":"summary_large_image","twitter_misc":{"Est. reading time":"1 minuta"},"schema":{"@context":"https:\/\/schema.org","@graph":[{"@type":"WebPage","@id":"https:\/\/creativityvexus.com\/sl\/product\/zulu-boginja-mbaba-art-print\/","url":"https:\/\/creativityvexus.com\/sl\/product\/zulu-boginja-mbaba-art-print\/","name":"Zulu Boginja Mbaba ART Print - Creativity Vexus","isPartOf":{"@id":"https:\/\/creativityvexus.com\/sl\/#website"},"datePublished":"2025-07-29T22:34:58+00:00","dateModified":"2025-07-29T22:34:58+00:00","description":"Proslavite barviti duh boginje Mbabe \u2014 zulujske boginje de\u017eja, \u017eetve in preobrazbe. Sijo\u010d umetni\u0161ki tisk v \u010dast modrosti, kulturi in naravi.","breadcrumb":{"@id":"https:\/\/creativityvexus.com\/sl\/product\/zulu-boginja-mbaba-art-print\/#breadcrumb"},"inLanguage":"sl-SI","potentialAction":[{"@type":"ReadAction","target":["https:\/\/creativityvexus.com\/sl\/product\/zulu-boginja-mbaba-art-print\/"]}]},{"@type":"BreadcrumbList","@id":"https:\/\/creativityvexus.com\/sl\/product\/zulu-boginja-mbaba-art-print\/#breadcrumb","itemListElement":[{"@type":"ListItem","position":1,"name":"Home","item":"https:\/\/creativityvexus.com\/sl\/"},{"@type":"ListItem","position":2,"name":"Trgovina","item":"https:\/\/creativityvexus.com\/trgovina\/"},{"@type":"ListItem","position":3,"name":"Zulu Boginja Mbaba ART Print"}]},{"@type":"WebSite","@id":"https:\/\/creativityvexus.com\/sl\/#website","url":"https:\/\/creativityvexus.com\/sl\/","name":"Creativity Vexus","description":"Creativity Vexus Art Website","publisher":{"@id":"https:\/\/creativityvexus.com\/sl\/#organization"},"potentialAction":[{"@type":"SearchAction","target":{"@type":"EntryPoint","urlTemplate":"https:\/\/creativityvexus.com\/sl\/?s={search_term_string}"},"query-input":"required name=search_term_string"}],"inLanguage":"sl-SI"},{"@type":"Organization","@id":"https:\/\/creativityvexus.com\/sl\/#organization","name":"Creativity Vexus","url":"https:\/\/creativityvexus.com\/sl\/","logo":{"@type":"ImageObject","inLanguage":"sl-SI","@id":"https:\/\/creativityvexus.com\/sl\/#\/schema\/logo\/image\/","url":"https:\/\/creativityvexus.com\/wp-content\/uploads\/2022\/11\/Untitled_Artwork-4.png","contentUrl":"https:\/\/creativityvexus.com\/wp-content\/uploads\/2022\/11\/Untitled_Artwork-4.png","width":2048,"height":2048,"caption":"Creativity Vexus"},"image":{"@id":"https:\/\/creativityvexus.com\/sl\/#\/schema\/logo\/image\/"},"sameAs":["https:\/\/www.facebook.com\/creativityvexus\/","https:\/\/www.instagram.com\/creativityvexus\/?hl=en"]}]}},"jetpack_sharing_enabled":true,"_links":{"self":[{"href":"https:\/\/creativityvexus.com\/sl\/wp-json\/wp\/v2\/product\/3889","targetHints":{"allow":["GET"]}}],"collection":[{"href":"https:\/\/creativityvexus.com\/sl\/wp-json\/wp\/v2\/product"}],"about":[{"href":"https:\/\/creativityvexus.com\/sl\/wp-json\/wp\/v2\/types\/product"}],"replies":[{"embeddable":true,"href":"https:\/\/creativityvexus.com\/sl\/wp-json\/wp\/v2\/comments?post=3889"}],"version-history":[{"count":1,"href":"https:\/\/creativityvexus.com\/sl\/wp-json\/wp\/v2\/product\/3889\/revisions"}],"predecessor-version":[{"id":3890,"href":"https:\/\/creativityvexus.com\/sl\/wp-json\/wp\/v2\/product\/3889\/revisions\/3890"}],"wp:featuredmedia":[{"embeddable":true,"href":"https:\/\/creativityvexus.com\/sl\/wp-json\/wp\/v2\/media\/3857"}],"wp:attachment":[{"href":"https:\/\/creativityvexus.com\/sl\/wp-json\/wp\/v2\/media?parent=3889"}],"wp:term":[{"taxonomy":"product_brand","embeddable":true,"href":"https:\/\/creativityvexus.com\/sl\/wp-json\/wp\/v2\/product_brand?post=3889"},{"taxonomy":"product_cat","embeddable":true,"href":"https:\/\/creativityvexus.com\/sl\/wp-json\/wp\/v2\/product_cat?post=3889"},{"taxonomy":"product_tag","embeddable":true,"href":"https:\/\/creativityvexus.com\/sl\/wp-json\/wp\/v2\/product_tag?post=3889"}],"curies":[{"name":"wp","href":"https:\/\/api.w.org\/{rel}","templated":true}]}}