{"id":3877,"date":"2025-07-29T23:10:51","date_gmt":"2025-07-29T22:10:51","guid":{"rendered":"https:\/\/creativityvexus.com\/?post_type=product&#038;p=3877"},"modified":"2025-07-29T23:10:51","modified_gmt":"2025-07-29T22:10:51","slug":"mesopotamska-boginja-inanna-art-print","status":"publish","type":"product","link":"https:\/\/creativityvexus.com\/sl\/product\/mesopotamska-boginja-inanna-art-print\/","title":{"rendered":"Mesopotamska Boginja Inanna ART Print"},"content":{"rendered":"<p>Ognjevita, neukrotljiva in neustra\u0161na \u2014 Inana (znana tudi kot I\u0161tar) je starodavna sumerska boginja ljubezni, plodnosti, vojne in modrosti. Ena najstarej\u0161ih poznanih bo\u017eanstev v \u010dlove\u0161ki zgodovini, ki je bila hkrati negovalka in uni\u010devalka, zapeljivka in bojevnica.  <\/p>\n<p>Ta drzna ilustracija izra\u017ea njeno samozavestno \u010dutnost in mo\u010dno prisotnost, spremlja pa jo pesem Dolores Hunsky, ki odra\u017ea njen svoboden duh. Known for defying expectations, Innana refuses to be boxed. <\/p>\n<ul>\n<li><strong>Velikost:<\/strong> 21 x 18,7 cm<\/li>\n<li><strong>Material:<\/strong> Visokokakovosten mat papir 250 g \u2013 gladek, brez ble\u0161\u010danja<\/li>\n<li><strong>Pesnitev:<\/strong> na voljo le v ANGLE\u0160\u010cINI<\/li>\n<\/ul>\n<p>Innana je poklon samozavesti, uporu in bo\u017eanski \u017eenstvenosti \u2013 popolna izbira za vse, ki cenijo mo\u010d v vseh njenih oblikah.<\/p>\n<p>&nbsp;<\/p>\n<p>Fotografije \u00a9 Mojca Kandu\u010d<\/p>\n","protected":false},"excerpt":{"rendered":"<p>INNANA, Sumeriska boginja ljubezni in mo\u010di: predstavlja poklon samozavesti, uporu in bo\u017eanski \u017eenstvenosti \u2013 popolna izbira za vse, ki cenijo mo\u010d v vseh njenih oblikah.<\/p>\n","protected":false},"featured_media":3849,"comment_status":"open","ping_status":"closed","template":"","meta":[],"product_brand":[],"product_cat":[106],"product_tag":[],"class_list":{"0":"post-3877","1":"product","2":"type-product","3":"status-publish","4":"has-post-thumbnail","6":"product_cat-ilustracije","7":"product_shipping_class-light","9":"first","10":"instock","11":"sale","12":"shipping-taxable","13":"purchasable","14":"product-type-simple"},"yoast_head":"<!-- This site is optimized with the Yoast SEO plugin v21.9 - https:\/\/yoast.com\/wordpress\/plugins\/seo\/ -->\n<title>Mesopotamska Boginja Inanna ART Print - Creativity Vexus<\/title>\n<meta name=\"description\" content=\"Po\u010dastite bo\u017eansko mo\u010d in upor z umetni\u0161kim tiskom Inane \u2014 drzno posvetilo mezopotamski boginji ljubezni, spolnosti, pravi\u010dnosti in ma\u0161\u010devanja.\" \/>\n<meta name=\"robots\" content=\"index, follow, max-snippet:-1, max-image-preview:large, max-video-preview:-1\" \/>\n<link rel=\"canonical\" href=\"https:\/\/creativityvexus.com\/sl\/product\/mesopotamska-boginja-inanna-art-print\/\" \/>\n<meta property=\"og:locale\" content=\"sl_SI\" \/>\n<meta property=\"og:type\" content=\"article\" \/>\n<meta property=\"og:title\" content=\"Mesopotamska Boginja Inanna ART Print - Creativity Vexus\" \/>\n<meta property=\"og:description\" content=\"Po\u010dastite bo\u017eansko mo\u010d in upor z umetni\u0161kim tiskom Inane \u2014 drzno posvetilo mezopotamski boginji ljubezni, spolnosti, pravi\u010dnosti in ma\u0161\u010devanja.\" \/>\n<meta property=\"og:url\" content=\"https:\/\/creativityvexus.com\/sl\/product\/mesopotamska-boginja-inanna-art-print\/\" \/>\n<meta property=\"og:site_name\" content=\"Creativity Vexus\" \/>\n<meta property=\"article:publisher\" content=\"https:\/\/www.facebook.com\/creativityvexus\/\" \/>\n<meta property=\"og:image\" content=\"https:\/\/creativityvexus.com\/wp-content\/uploads\/2025\/07\/innana.jpg\" \/>\n\t<meta property=\"og:image:width\" content=\"1123\" \/>\n\t<meta property=\"og:image:height\" content=\"1050\" \/>\n\t<meta property=\"og:image:type\" content=\"image\/jpeg\" \/>\n<meta name=\"twitter:card\" content=\"summary_large_image\" \/>\n<meta name=\"twitter:label1\" content=\"Est. reading time\" \/>\n\t<meta name=\"twitter:data1\" content=\"1 minuta\" \/>\n<script type=\"application\/ld+json\" class=\"yoast-schema-graph\">{\"@context\":\"https:\/\/schema.org\",\"@graph\":[{\"@type\":\"WebPage\",\"@id\":\"https:\/\/creativityvexus.com\/sl\/product\/mesopotamska-boginja-inanna-art-print\/\",\"url\":\"https:\/\/creativityvexus.com\/sl\/product\/mesopotamska-boginja-inanna-art-print\/\",\"name\":\"Mesopotamska Boginja Inanna ART Print - Creativity Vexus\",\"isPartOf\":{\"@id\":\"https:\/\/creativityvexus.com\/sl\/#website\"},\"datePublished\":\"2025-07-29T22:10:51+00:00\",\"dateModified\":\"2025-07-29T22:10:51+00:00\",\"description\":\"Po\u010dastite bo\u017eansko mo\u010d in upor z umetni\u0161kim tiskom Inane \u2014 drzno posvetilo mezopotamski boginji ljubezni, spolnosti, pravi\u010dnosti in ma\u0161\u010devanja.\",\"breadcrumb\":{\"@id\":\"https:\/\/creativityvexus.com\/sl\/product\/mesopotamska-boginja-inanna-art-print\/#breadcrumb\"},\"inLanguage\":\"sl-SI\",\"potentialAction\":[{\"@type\":\"ReadAction\",\"target\":[\"https:\/\/creativityvexus.com\/sl\/product\/mesopotamska-boginja-inanna-art-print\/\"]}]},{\"@type\":\"BreadcrumbList\",\"@id\":\"https:\/\/creativityvexus.com\/sl\/product\/mesopotamska-boginja-inanna-art-print\/#breadcrumb\",\"itemListElement\":[{\"@type\":\"ListItem\",\"position\":1,\"name\":\"Home\",\"item\":\"https:\/\/creativityvexus.com\/sl\/\"},{\"@type\":\"ListItem\",\"position\":2,\"name\":\"Trgovina\",\"item\":\"https:\/\/creativityvexus.com\/trgovina\/\"},{\"@type\":\"ListItem\",\"position\":3,\"name\":\"Mesopotamska Boginja Inanna ART Print\"}]},{\"@type\":\"WebSite\",\"@id\":\"https:\/\/creativityvexus.com\/sl\/#website\",\"url\":\"https:\/\/creativityvexus.com\/sl\/\",\"name\":\"Creativity Vexus\",\"description\":\"Creativity Vexus Art Website\",\"publisher\":{\"@id\":\"https:\/\/creativityvexus.com\/sl\/#organization\"},\"potentialAction\":[{\"@type\":\"SearchAction\",\"target\":{\"@type\":\"EntryPoint\",\"urlTemplate\":\"https:\/\/creativityvexus.com\/sl\/?s={search_term_string}\"},\"query-input\":\"required name=search_term_string\"}],\"inLanguage\":\"sl-SI\"},{\"@type\":\"Organization\",\"@id\":\"https:\/\/creativityvexus.com\/sl\/#organization\",\"name\":\"Creativity Vexus\",\"url\":\"https:\/\/creativityvexus.com\/sl\/\",\"logo\":{\"@type\":\"ImageObject\",\"inLanguage\":\"sl-SI\",\"@id\":\"https:\/\/creativityvexus.com\/sl\/#\/schema\/logo\/image\/\",\"url\":\"https:\/\/creativityvexus.com\/wp-content\/uploads\/2022\/11\/Untitled_Artwork-4.png\",\"contentUrl\":\"https:\/\/creativityvexus.com\/wp-content\/uploads\/2022\/11\/Untitled_Artwork-4.png\",\"width\":2048,\"height\":2048,\"caption\":\"Creativity Vexus\"},\"image\":{\"@id\":\"https:\/\/creativityvexus.com\/sl\/#\/schema\/logo\/image\/\"},\"sameAs\":[\"https:\/\/www.facebook.com\/creativityvexus\/\",\"https:\/\/www.instagram.com\/creativityvexus\/?hl=en\"]}]}<\/script>\n<!-- \/ Yoast SEO plugin. -->","yoast_head_json":{"title":"Mesopotamska Boginja Inanna ART Print - Creativity Vexus","description":"Po\u010dastite bo\u017eansko mo\u010d in upor z umetni\u0161kim tiskom Inane \u2014 drzno posvetilo mezopotamski boginji ljubezni, spolnosti, pravi\u010dnosti in ma\u0161\u010devanja.","robots":{"index":"index","follow":"follow","max-snippet":"max-snippet:-1","max-image-preview":"max-image-preview:large","max-video-preview":"max-video-preview:-1"},"canonical":"https:\/\/creativityvexus.com\/sl\/product\/mesopotamska-boginja-inanna-art-print\/","og_locale":"sl_SI","og_type":"article","og_title":"Mesopotamska Boginja Inanna ART Print - Creativity Vexus","og_description":"Po\u010dastite bo\u017eansko mo\u010d in upor z umetni\u0161kim tiskom Inane \u2014 drzno posvetilo mezopotamski boginji ljubezni, spolnosti, pravi\u010dnosti in ma\u0161\u010devanja.","og_url":"https:\/\/creativityvexus.com\/sl\/product\/mesopotamska-boginja-inanna-art-print\/","og_site_name":"Creativity Vexus","article_publisher":"https:\/\/www.facebook.com\/creativityvexus\/","og_image":[{"width":1123,"height":1050,"url":"https:\/\/creativityvexus.com\/wp-content\/uploads\/2025\/07\/innana.jpg","type":"image\/jpeg"}],"twitter_card":"summary_large_image","twitter_misc":{"Est. reading time":"1 minuta"},"schema":{"@context":"https:\/\/schema.org","@graph":[{"@type":"WebPage","@id":"https:\/\/creativityvexus.com\/sl\/product\/mesopotamska-boginja-inanna-art-print\/","url":"https:\/\/creativityvexus.com\/sl\/product\/mesopotamska-boginja-inanna-art-print\/","name":"Mesopotamska Boginja Inanna ART Print - Creativity Vexus","isPartOf":{"@id":"https:\/\/creativityvexus.com\/sl\/#website"},"datePublished":"2025-07-29T22:10:51+00:00","dateModified":"2025-07-29T22:10:51+00:00","description":"Po\u010dastite bo\u017eansko mo\u010d in upor z umetni\u0161kim tiskom Inane \u2014 drzno posvetilo mezopotamski boginji ljubezni, spolnosti, pravi\u010dnosti in ma\u0161\u010devanja.","breadcrumb":{"@id":"https:\/\/creativityvexus.com\/sl\/product\/mesopotamska-boginja-inanna-art-print\/#breadcrumb"},"inLanguage":"sl-SI","potentialAction":[{"@type":"ReadAction","target":["https:\/\/creativityvexus.com\/sl\/product\/mesopotamska-boginja-inanna-art-print\/"]}]},{"@type":"BreadcrumbList","@id":"https:\/\/creativityvexus.com\/sl\/product\/mesopotamska-boginja-inanna-art-print\/#breadcrumb","itemListElement":[{"@type":"ListItem","position":1,"name":"Home","item":"https:\/\/creativityvexus.com\/sl\/"},{"@type":"ListItem","position":2,"name":"Trgovina","item":"https:\/\/creativityvexus.com\/trgovina\/"},{"@type":"ListItem","position":3,"name":"Mesopotamska Boginja Inanna ART Print"}]},{"@type":"WebSite","@id":"https:\/\/creativityvexus.com\/sl\/#website","url":"https:\/\/creativityvexus.com\/sl\/","name":"Creativity Vexus","description":"Creativity Vexus Art Website","publisher":{"@id":"https:\/\/creativityvexus.com\/sl\/#organization"},"potentialAction":[{"@type":"SearchAction","target":{"@type":"EntryPoint","urlTemplate":"https:\/\/creativityvexus.com\/sl\/?s={search_term_string}"},"query-input":"required name=search_term_string"}],"inLanguage":"sl-SI"},{"@type":"Organization","@id":"https:\/\/creativityvexus.com\/sl\/#organization","name":"Creativity Vexus","url":"https:\/\/creativityvexus.com\/sl\/","logo":{"@type":"ImageObject","inLanguage":"sl-SI","@id":"https:\/\/creativityvexus.com\/sl\/#\/schema\/logo\/image\/","url":"https:\/\/creativityvexus.com\/wp-content\/uploads\/2022\/11\/Untitled_Artwork-4.png","contentUrl":"https:\/\/creativityvexus.com\/wp-content\/uploads\/2022\/11\/Untitled_Artwork-4.png","width":2048,"height":2048,"caption":"Creativity Vexus"},"image":{"@id":"https:\/\/creativityvexus.com\/sl\/#\/schema\/logo\/image\/"},"sameAs":["https:\/\/www.facebook.com\/creativityvexus\/","https:\/\/www.instagram.com\/creativityvexus\/?hl=en"]}]}},"jetpack_sharing_enabled":true,"_links":{"self":[{"href":"https:\/\/creativityvexus.com\/sl\/wp-json\/wp\/v2\/product\/3877","targetHints":{"allow":["GET"]}}],"collection":[{"href":"https:\/\/creativityvexus.com\/sl\/wp-json\/wp\/v2\/product"}],"about":[{"href":"https:\/\/creativityvexus.com\/sl\/wp-json\/wp\/v2\/types\/product"}],"replies":[{"embeddable":true,"href":"https:\/\/creativityvexus.com\/sl\/wp-json\/wp\/v2\/comments?post=3877"}],"version-history":[{"count":1,"href":"https:\/\/creativityvexus.com\/sl\/wp-json\/wp\/v2\/product\/3877\/revisions"}],"predecessor-version":[{"id":3878,"href":"https:\/\/creativityvexus.com\/sl\/wp-json\/wp\/v2\/product\/3877\/revisions\/3878"}],"wp:featuredmedia":[{"embeddable":true,"href":"https:\/\/creativityvexus.com\/sl\/wp-json\/wp\/v2\/media\/3849"}],"wp:attachment":[{"href":"https:\/\/creativityvexus.com\/sl\/wp-json\/wp\/v2\/media?parent=3877"}],"wp:term":[{"taxonomy":"product_brand","embeddable":true,"href":"https:\/\/creativityvexus.com\/sl\/wp-json\/wp\/v2\/product_brand?post=3877"},{"taxonomy":"product_cat","embeddable":true,"href":"https:\/\/creativityvexus.com\/sl\/wp-json\/wp\/v2\/product_cat?post=3877"},{"taxonomy":"product_tag","embeddable":true,"href":"https:\/\/creativityvexus.com\/sl\/wp-json\/wp\/v2\/product_tag?post=3877"}],"curies":[{"name":"wp","href":"https:\/\/api.w.org\/{rel}","templated":true}]}}