{"id":3866,"date":"2025-07-29T21:32:51","date_gmt":"2025-07-29T20:32:51","guid":{"rendered":"https:\/\/creativityvexus.com\/?post_type=product&#038;p=3866"},"modified":"2025-07-29T21:40:56","modified_gmt":"2025-07-29T20:40:56","slug":"slovanske-boginje-vesna-in-morana-art-print","status":"publish","type":"product","link":"https:\/\/creativityvexus.com\/sl\/product\/slovanske-boginje-vesna-in-morana-art-print\/","title":{"rendered":"Slovanske Boginje Vesna in Morana ART Print"},"content":{"rendered":"<p>Dve boginji, dve sili narave:Two goddesses, two forces of nature. Morana \u2013 slovanska boginja zime, teme in konca. Vesna \u2013 slovanska boginja pomladi, novega za\u010detka in prebujanja.<\/p>\n<p>Skupaj ponazarjata ve\u010dno kro\u017eenje letnih \u010dasov \u2013 menjavanje smrti in rojstva, mirovanja in rasti. Ilustracija prikazuje njun kontrast v barvah, dr\u017ei in izrazu: ena v hladni ti\u0161ini, druga v toplem razcvetu.  Med njima stoji pesem, ki pripoveduje zgodbo o predaji mo\u010di \u2013 od zime k pomladi.<\/p>\n<ul>\n<li><strong>Velikost:<\/strong> 21 x 18,7 cm<\/li>\n<li><strong>Material:<\/strong> Visokokakovosten mat papir 250 g \u2013 gladek, brez ble\u0161\u010danja<\/li>\n<li><strong>Pesnitev:<\/strong> na voljo le v ANGLE\u0160\u010cINI<\/li>\n<\/ul>\n<p>&nbsp;<\/p>\n<p>Fotografije \u00a9 Mojca Kandu\u010d<\/p>\n","protected":false},"excerpt":{"rendered":"<p style=\"text-align: justify; line-height: 150%; margin: 12.0pt 0cm 12.0pt 0cm;\">Vesna in Morana: letni \u010dasi v ravnovesju \u2014 popoln kos za ljubitelje narave, navdu\u0161ence nad folkloro ali vse, ki v spremembah letnih \u010dasov vidijo lepoto.<\/p>\n<p>Odli\u010den kos za vse, ki jih navdihujejo narava, mitologija ali lepota spremembe.<\/p>\n<p style=\"text-align: justify; line-height: 150%; margin: 12.0pt 0cm 12.0pt 0cm;\">\n","protected":false},"featured_media":3855,"comment_status":"open","ping_status":"closed","template":"","meta":[],"product_brand":[],"product_cat":[106],"product_tag":[],"class_list":{"0":"post-3866","1":"product","2":"type-product","3":"status-publish","4":"has-post-thumbnail","6":"product_cat-ilustracije","7":"product_shipping_class-light","9":"first","10":"instock","11":"sale","12":"shipping-taxable","13":"purchasable","14":"product-type-simple"},"yoast_head":"<!-- This site is optimized with the Yoast SEO plugin v21.9 - https:\/\/yoast.com\/wordpress\/plugins\/seo\/ -->\n<title>Slovanske Boginje Vesna in Morana ART Print - Creativity Vexus<\/title>\n<meta name=\"description\" content=\"Umetni\u0161ki tisk slovanskih boginj Morane in Vesne \u2014 osupljiv poklon ciklu letnih \u010dasov, smrti in ponovnemu rojstvu v slovanski mitologiji.\" \/>\n<meta name=\"robots\" content=\"index, follow, max-snippet:-1, max-image-preview:large, max-video-preview:-1\" \/>\n<link rel=\"canonical\" href=\"https:\/\/creativityvexus.com\/sl\/product\/slovanske-boginje-vesna-in-morana-art-print\/\" \/>\n<meta property=\"og:locale\" content=\"sl_SI\" \/>\n<meta property=\"og:type\" content=\"article\" \/>\n<meta property=\"og:title\" content=\"Slovanske Boginje Vesna in Morana ART Print - Creativity Vexus\" \/>\n<meta property=\"og:description\" content=\"Umetni\u0161ki tisk slovanskih boginj Morane in Vesne \u2014 osupljiv poklon ciklu letnih \u010dasov, smrti in ponovnemu rojstvu v slovanski mitologiji.\" \/>\n<meta property=\"og:url\" content=\"https:\/\/creativityvexus.com\/sl\/product\/slovanske-boginje-vesna-in-morana-art-print\/\" \/>\n<meta property=\"og:site_name\" content=\"Creativity Vexus\" \/>\n<meta property=\"article:publisher\" content=\"https:\/\/www.facebook.com\/creativityvexus\/\" \/>\n<meta property=\"article:modified_time\" content=\"2025-07-29T20:40:56+00:00\" \/>\n<meta property=\"og:image\" content=\"https:\/\/creativityvexus.com\/wp-content\/uploads\/2025\/07\/Marec.jpg\" \/>\n\t<meta property=\"og:image:width\" content=\"1122\" \/>\n\t<meta property=\"og:image:height\" content=\"1042\" \/>\n\t<meta property=\"og:image:type\" content=\"image\/jpeg\" \/>\n<meta name=\"twitter:card\" content=\"summary_large_image\" \/>\n<script type=\"application\/ld+json\" class=\"yoast-schema-graph\">{\"@context\":\"https:\/\/schema.org\",\"@graph\":[{\"@type\":\"WebPage\",\"@id\":\"https:\/\/creativityvexus.com\/sl\/product\/slovanske-boginje-vesna-in-morana-art-print\/\",\"url\":\"https:\/\/creativityvexus.com\/sl\/product\/slovanske-boginje-vesna-in-morana-art-print\/\",\"name\":\"Slovanske Boginje Vesna in Morana ART Print - Creativity Vexus\",\"isPartOf\":{\"@id\":\"https:\/\/creativityvexus.com\/sl\/#website\"},\"datePublished\":\"2025-07-29T20:32:51+00:00\",\"dateModified\":\"2025-07-29T20:40:56+00:00\",\"description\":\"Umetni\u0161ki tisk slovanskih boginj Morane in Vesne \u2014 osupljiv poklon ciklu letnih \u010dasov, smrti in ponovnemu rojstvu v slovanski mitologiji.\",\"breadcrumb\":{\"@id\":\"https:\/\/creativityvexus.com\/sl\/product\/slovanske-boginje-vesna-in-morana-art-print\/#breadcrumb\"},\"inLanguage\":\"sl-SI\",\"potentialAction\":[{\"@type\":\"ReadAction\",\"target\":[\"https:\/\/creativityvexus.com\/sl\/product\/slovanske-boginje-vesna-in-morana-art-print\/\"]}]},{\"@type\":\"BreadcrumbList\",\"@id\":\"https:\/\/creativityvexus.com\/sl\/product\/slovanske-boginje-vesna-in-morana-art-print\/#breadcrumb\",\"itemListElement\":[{\"@type\":\"ListItem\",\"position\":1,\"name\":\"Home\",\"item\":\"https:\/\/creativityvexus.com\/sl\/\"},{\"@type\":\"ListItem\",\"position\":2,\"name\":\"Trgovina\",\"item\":\"https:\/\/creativityvexus.com\/trgovina\/\"},{\"@type\":\"ListItem\",\"position\":3,\"name\":\"Slovanske Boginje Vesna in Morana ART Print\"}]},{\"@type\":\"WebSite\",\"@id\":\"https:\/\/creativityvexus.com\/sl\/#website\",\"url\":\"https:\/\/creativityvexus.com\/sl\/\",\"name\":\"Creativity Vexus\",\"description\":\"Creativity Vexus Art Website\",\"publisher\":{\"@id\":\"https:\/\/creativityvexus.com\/sl\/#organization\"},\"potentialAction\":[{\"@type\":\"SearchAction\",\"target\":{\"@type\":\"EntryPoint\",\"urlTemplate\":\"https:\/\/creativityvexus.com\/sl\/?s={search_term_string}\"},\"query-input\":\"required name=search_term_string\"}],\"inLanguage\":\"sl-SI\"},{\"@type\":\"Organization\",\"@id\":\"https:\/\/creativityvexus.com\/sl\/#organization\",\"name\":\"Creativity Vexus\",\"url\":\"https:\/\/creativityvexus.com\/sl\/\",\"logo\":{\"@type\":\"ImageObject\",\"inLanguage\":\"sl-SI\",\"@id\":\"https:\/\/creativityvexus.com\/sl\/#\/schema\/logo\/image\/\",\"url\":\"https:\/\/creativityvexus.com\/wp-content\/uploads\/2022\/11\/Untitled_Artwork-4.png\",\"contentUrl\":\"https:\/\/creativityvexus.com\/wp-content\/uploads\/2022\/11\/Untitled_Artwork-4.png\",\"width\":2048,\"height\":2048,\"caption\":\"Creativity Vexus\"},\"image\":{\"@id\":\"https:\/\/creativityvexus.com\/sl\/#\/schema\/logo\/image\/\"},\"sameAs\":[\"https:\/\/www.facebook.com\/creativityvexus\/\",\"https:\/\/www.instagram.com\/creativityvexus\/?hl=en\"]}]}<\/script>\n<!-- \/ Yoast SEO plugin. -->","yoast_head_json":{"title":"Slovanske Boginje Vesna in Morana ART Print - Creativity Vexus","description":"Umetni\u0161ki tisk slovanskih boginj Morane in Vesne \u2014 osupljiv poklon ciklu letnih \u010dasov, smrti in ponovnemu rojstvu v slovanski mitologiji.","robots":{"index":"index","follow":"follow","max-snippet":"max-snippet:-1","max-image-preview":"max-image-preview:large","max-video-preview":"max-video-preview:-1"},"canonical":"https:\/\/creativityvexus.com\/sl\/product\/slovanske-boginje-vesna-in-morana-art-print\/","og_locale":"sl_SI","og_type":"article","og_title":"Slovanske Boginje Vesna in Morana ART Print - Creativity Vexus","og_description":"Umetni\u0161ki tisk slovanskih boginj Morane in Vesne \u2014 osupljiv poklon ciklu letnih \u010dasov, smrti in ponovnemu rojstvu v slovanski mitologiji.","og_url":"https:\/\/creativityvexus.com\/sl\/product\/slovanske-boginje-vesna-in-morana-art-print\/","og_site_name":"Creativity Vexus","article_publisher":"https:\/\/www.facebook.com\/creativityvexus\/","article_modified_time":"2025-07-29T20:40:56+00:00","og_image":[{"width":1122,"height":1042,"url":"https:\/\/creativityvexus.com\/wp-content\/uploads\/2025\/07\/Marec.jpg","type":"image\/jpeg"}],"twitter_card":"summary_large_image","schema":{"@context":"https:\/\/schema.org","@graph":[{"@type":"WebPage","@id":"https:\/\/creativityvexus.com\/sl\/product\/slovanske-boginje-vesna-in-morana-art-print\/","url":"https:\/\/creativityvexus.com\/sl\/product\/slovanske-boginje-vesna-in-morana-art-print\/","name":"Slovanske Boginje Vesna in Morana ART Print - Creativity Vexus","isPartOf":{"@id":"https:\/\/creativityvexus.com\/sl\/#website"},"datePublished":"2025-07-29T20:32:51+00:00","dateModified":"2025-07-29T20:40:56+00:00","description":"Umetni\u0161ki tisk slovanskih boginj Morane in Vesne \u2014 osupljiv poklon ciklu letnih \u010dasov, smrti in ponovnemu rojstvu v slovanski mitologiji.","breadcrumb":{"@id":"https:\/\/creativityvexus.com\/sl\/product\/slovanske-boginje-vesna-in-morana-art-print\/#breadcrumb"},"inLanguage":"sl-SI","potentialAction":[{"@type":"ReadAction","target":["https:\/\/creativityvexus.com\/sl\/product\/slovanske-boginje-vesna-in-morana-art-print\/"]}]},{"@type":"BreadcrumbList","@id":"https:\/\/creativityvexus.com\/sl\/product\/slovanske-boginje-vesna-in-morana-art-print\/#breadcrumb","itemListElement":[{"@type":"ListItem","position":1,"name":"Home","item":"https:\/\/creativityvexus.com\/sl\/"},{"@type":"ListItem","position":2,"name":"Trgovina","item":"https:\/\/creativityvexus.com\/trgovina\/"},{"@type":"ListItem","position":3,"name":"Slovanske Boginje Vesna in Morana ART Print"}]},{"@type":"WebSite","@id":"https:\/\/creativityvexus.com\/sl\/#website","url":"https:\/\/creativityvexus.com\/sl\/","name":"Creativity Vexus","description":"Creativity Vexus Art Website","publisher":{"@id":"https:\/\/creativityvexus.com\/sl\/#organization"},"potentialAction":[{"@type":"SearchAction","target":{"@type":"EntryPoint","urlTemplate":"https:\/\/creativityvexus.com\/sl\/?s={search_term_string}"},"query-input":"required name=search_term_string"}],"inLanguage":"sl-SI"},{"@type":"Organization","@id":"https:\/\/creativityvexus.com\/sl\/#organization","name":"Creativity Vexus","url":"https:\/\/creativityvexus.com\/sl\/","logo":{"@type":"ImageObject","inLanguage":"sl-SI","@id":"https:\/\/creativityvexus.com\/sl\/#\/schema\/logo\/image\/","url":"https:\/\/creativityvexus.com\/wp-content\/uploads\/2022\/11\/Untitled_Artwork-4.png","contentUrl":"https:\/\/creativityvexus.com\/wp-content\/uploads\/2022\/11\/Untitled_Artwork-4.png","width":2048,"height":2048,"caption":"Creativity Vexus"},"image":{"@id":"https:\/\/creativityvexus.com\/sl\/#\/schema\/logo\/image\/"},"sameAs":["https:\/\/www.facebook.com\/creativityvexus\/","https:\/\/www.instagram.com\/creativityvexus\/?hl=en"]}]}},"jetpack_sharing_enabled":true,"_links":{"self":[{"href":"https:\/\/creativityvexus.com\/sl\/wp-json\/wp\/v2\/product\/3866","targetHints":{"allow":["GET"]}}],"collection":[{"href":"https:\/\/creativityvexus.com\/sl\/wp-json\/wp\/v2\/product"}],"about":[{"href":"https:\/\/creativityvexus.com\/sl\/wp-json\/wp\/v2\/types\/product"}],"replies":[{"embeddable":true,"href":"https:\/\/creativityvexus.com\/sl\/wp-json\/wp\/v2\/comments?post=3866"}],"version-history":[{"count":2,"href":"https:\/\/creativityvexus.com\/sl\/wp-json\/wp\/v2\/product\/3866\/revisions"}],"predecessor-version":[{"id":3870,"href":"https:\/\/creativityvexus.com\/sl\/wp-json\/wp\/v2\/product\/3866\/revisions\/3870"}],"wp:featuredmedia":[{"embeddable":true,"href":"https:\/\/creativityvexus.com\/sl\/wp-json\/wp\/v2\/media\/3855"}],"wp:attachment":[{"href":"https:\/\/creativityvexus.com\/sl\/wp-json\/wp\/v2\/media?parent=3866"}],"wp:term":[{"taxonomy":"product_brand","embeddable":true,"href":"https:\/\/creativityvexus.com\/sl\/wp-json\/wp\/v2\/product_brand?post=3866"},{"taxonomy":"product_cat","embeddable":true,"href":"https:\/\/creativityvexus.com\/sl\/wp-json\/wp\/v2\/product_cat?post=3866"},{"taxonomy":"product_tag","embeddable":true,"href":"https:\/\/creativityvexus.com\/sl\/wp-json\/wp\/v2\/product_tag?post=3866"}],"curies":[{"name":"wp","href":"https:\/\/api.w.org\/{rel}","templated":true}]}}