{"id":3840,"date":"2025-07-29T21:17:53","date_gmt":"2025-07-29T20:17:53","guid":{"rendered":"https:\/\/creativityvexus.com\/?post_type=product&#038;p=3840"},"modified":"2025-07-29T21:17:53","modified_gmt":"2025-07-29T20:17:53","slug":"indijanska-boginja-art-print","status":"publish","type":"product","link":"https:\/\/creativityvexus.com\/sl\/product\/indijanska-boginja-art-print\/","title":{"rendered":"Indijanska Boginja ART Print"},"content":{"rendered":"<p>\u017denska z belim bizonom je sveta figura v lakotski tradiciji \u2014 bo\u017eanska glasnica, ki je ljudem prinesla mir, modrost in svete obrede. Njena zgodba govori o globoki povezanosti z Zemljo, duhovnem vodstvu in pomembnosti ravnovesja \u2013 tako v skupnosti kot znotraj nas samih.<br \/>Ilustracija, skupaj s pesmijo Dolores Hunsky, ki ne\u017eno odra\u017ea njeno sporo\u010dilo, jo prikazuje kot prina\u0161alko harmonije in prenove. Ob njej stoji beli bizon \u2013 mo\u010dan simbol upanja in spremembe \u2013 ki nas opominja, da naj \u017eivimo z molitvijo, spo\u0161tovanjem in hvale\u017enostjo.   <\/p>\n<ul>\n<li><strong>Velikost:<\/strong> 21 x 18,7 cm<\/li>\n<li><strong>Material:<\/strong> Visokokakovosten mat papir 250 g \u2013 gladek, brez ble\u0161\u010danja<\/li>\n<li><strong>Pesnitev:<\/strong> na voljo le v ANGLE\u0160\u010cINI<\/li>\n<\/ul>\n<p>\u010cudovit kos za vse, ki i\u0161\u010dejo mir, povezanost z naravo in duhovno ravnovesje.<\/p>\n<p>Fotografije \u00a9 Mojca Kandu\u010d<\/p>\n","protected":false},"excerpt":{"rendered":"<p style=\"text-align: justify; line-height: 150%; margin: 12.0pt 0cm 12.0pt 0cm;\"><i><span style=\"font-family: 'Calibri',sans-serif; color: black;\">\u017denska z belim bizonom<\/span><\/i><span style=\"font-family: 'Calibri',sans-serif; color: black;\">, sveta vodnica; umetnina za vse, ki i\u0161\u010dejo mir, povezanost z naravo in duhovno ravnovesje.<\/span><\/p>\n","protected":false},"featured_media":3835,"comment_status":"open","ping_status":"closed","template":"","meta":[],"product_brand":[],"product_cat":[106],"product_tag":[],"class_list":{"0":"post-3840","1":"product","2":"type-product","3":"status-publish","4":"has-post-thumbnail","6":"product_cat-ilustracije","8":"first","9":"instock","10":"sale","11":"shipping-taxable","12":"purchasable","13":"product-type-simple"},"yoast_head":"<!-- This site is optimized with the Yoast SEO plugin v21.9 - https:\/\/yoast.com\/wordpress\/plugins\/seo\/ -->\n<title>Indijanska Boginja ART Print - Creativity Vexus<\/title>\n<meta name=\"description\" content=\"Po\u010dastite svetost z umetni\u0161kim tiskom Bele Bivolje \u017denske \u2014 mo\u010dan kos staroselske dekoracije, ki slavi ravnovesje, duhovnost in tradicijo.\" \/>\n<meta name=\"robots\" content=\"index, follow, max-snippet:-1, max-image-preview:large, max-video-preview:-1\" \/>\n<link rel=\"canonical\" href=\"https:\/\/creativityvexus.com\/sl\/product\/indijanska-boginja-art-print\/\" \/>\n<meta property=\"og:locale\" content=\"sl_SI\" \/>\n<meta property=\"og:type\" content=\"article\" \/>\n<meta property=\"og:title\" content=\"Indijanska Boginja ART Print - Creativity Vexus\" \/>\n<meta property=\"og:description\" content=\"Po\u010dastite svetost z umetni\u0161kim tiskom Bele Bivolje \u017denske \u2014 mo\u010dan kos staroselske dekoracije, ki slavi ravnovesje, duhovnost in tradicijo.\" \/>\n<meta property=\"og:url\" content=\"https:\/\/creativityvexus.com\/sl\/product\/indijanska-boginja-art-print\/\" \/>\n<meta property=\"og:site_name\" content=\"Creativity Vexus\" \/>\n<meta property=\"article:publisher\" content=\"https:\/\/www.facebook.com\/creativityvexus\/\" \/>\n<meta property=\"og:image\" content=\"https:\/\/creativityvexus.com\/wp-content\/uploads\/2025\/07\/Februar.jpg\" \/>\n\t<meta property=\"og:image:width\" content=\"1113\" \/>\n\t<meta property=\"og:image:height\" content=\"1046\" \/>\n\t<meta property=\"og:image:type\" content=\"image\/jpeg\" \/>\n<meta name=\"twitter:card\" content=\"summary_large_image\" \/>\n<meta name=\"twitter:label1\" content=\"Est. reading time\" \/>\n\t<meta name=\"twitter:data1\" content=\"1 minuta\" \/>\n<script type=\"application\/ld+json\" class=\"yoast-schema-graph\">{\"@context\":\"https:\/\/schema.org\",\"@graph\":[{\"@type\":\"WebPage\",\"@id\":\"https:\/\/creativityvexus.com\/sl\/product\/indijanska-boginja-art-print\/\",\"url\":\"https:\/\/creativityvexus.com\/sl\/product\/indijanska-boginja-art-print\/\",\"name\":\"Indijanska Boginja ART Print - Creativity Vexus\",\"isPartOf\":{\"@id\":\"https:\/\/creativityvexus.com\/sl\/#website\"},\"datePublished\":\"2025-07-29T20:17:53+00:00\",\"dateModified\":\"2025-07-29T20:17:53+00:00\",\"description\":\"Po\u010dastite svetost z umetni\u0161kim tiskom Bele Bivolje \u017denske \u2014 mo\u010dan kos staroselske dekoracije, ki slavi ravnovesje, duhovnost in tradicijo.\",\"breadcrumb\":{\"@id\":\"https:\/\/creativityvexus.com\/sl\/product\/indijanska-boginja-art-print\/#breadcrumb\"},\"inLanguage\":\"sl-SI\",\"potentialAction\":[{\"@type\":\"ReadAction\",\"target\":[\"https:\/\/creativityvexus.com\/sl\/product\/indijanska-boginja-art-print\/\"]}]},{\"@type\":\"BreadcrumbList\",\"@id\":\"https:\/\/creativityvexus.com\/sl\/product\/indijanska-boginja-art-print\/#breadcrumb\",\"itemListElement\":[{\"@type\":\"ListItem\",\"position\":1,\"name\":\"Home\",\"item\":\"https:\/\/creativityvexus.com\/sl\/\"},{\"@type\":\"ListItem\",\"position\":2,\"name\":\"Trgovina\",\"item\":\"https:\/\/creativityvexus.com\/trgovina\/\"},{\"@type\":\"ListItem\",\"position\":3,\"name\":\"Indijanska Boginja ART Print\"}]},{\"@type\":\"WebSite\",\"@id\":\"https:\/\/creativityvexus.com\/sl\/#website\",\"url\":\"https:\/\/creativityvexus.com\/sl\/\",\"name\":\"Creativity Vexus\",\"description\":\"Creativity Vexus Art Website\",\"publisher\":{\"@id\":\"https:\/\/creativityvexus.com\/sl\/#organization\"},\"potentialAction\":[{\"@type\":\"SearchAction\",\"target\":{\"@type\":\"EntryPoint\",\"urlTemplate\":\"https:\/\/creativityvexus.com\/sl\/?s={search_term_string}\"},\"query-input\":\"required name=search_term_string\"}],\"inLanguage\":\"sl-SI\"},{\"@type\":\"Organization\",\"@id\":\"https:\/\/creativityvexus.com\/sl\/#organization\",\"name\":\"Creativity Vexus\",\"url\":\"https:\/\/creativityvexus.com\/sl\/\",\"logo\":{\"@type\":\"ImageObject\",\"inLanguage\":\"sl-SI\",\"@id\":\"https:\/\/creativityvexus.com\/sl\/#\/schema\/logo\/image\/\",\"url\":\"https:\/\/creativityvexus.com\/wp-content\/uploads\/2022\/11\/Untitled_Artwork-4.png\",\"contentUrl\":\"https:\/\/creativityvexus.com\/wp-content\/uploads\/2022\/11\/Untitled_Artwork-4.png\",\"width\":2048,\"height\":2048,\"caption\":\"Creativity Vexus\"},\"image\":{\"@id\":\"https:\/\/creativityvexus.com\/sl\/#\/schema\/logo\/image\/\"},\"sameAs\":[\"https:\/\/www.facebook.com\/creativityvexus\/\",\"https:\/\/www.instagram.com\/creativityvexus\/?hl=en\"]}]}<\/script>\n<!-- \/ Yoast SEO plugin. -->","yoast_head_json":{"title":"Indijanska Boginja ART Print - Creativity Vexus","description":"Po\u010dastite svetost z umetni\u0161kim tiskom Bele Bivolje \u017denske \u2014 mo\u010dan kos staroselske dekoracije, ki slavi ravnovesje, duhovnost in tradicijo.","robots":{"index":"index","follow":"follow","max-snippet":"max-snippet:-1","max-image-preview":"max-image-preview:large","max-video-preview":"max-video-preview:-1"},"canonical":"https:\/\/creativityvexus.com\/sl\/product\/indijanska-boginja-art-print\/","og_locale":"sl_SI","og_type":"article","og_title":"Indijanska Boginja ART Print - Creativity Vexus","og_description":"Po\u010dastite svetost z umetni\u0161kim tiskom Bele Bivolje \u017denske \u2014 mo\u010dan kos staroselske dekoracije, ki slavi ravnovesje, duhovnost in tradicijo.","og_url":"https:\/\/creativityvexus.com\/sl\/product\/indijanska-boginja-art-print\/","og_site_name":"Creativity Vexus","article_publisher":"https:\/\/www.facebook.com\/creativityvexus\/","og_image":[{"width":1113,"height":1046,"url":"https:\/\/creativityvexus.com\/wp-content\/uploads\/2025\/07\/Februar.jpg","type":"image\/jpeg"}],"twitter_card":"summary_large_image","twitter_misc":{"Est. reading time":"1 minuta"},"schema":{"@context":"https:\/\/schema.org","@graph":[{"@type":"WebPage","@id":"https:\/\/creativityvexus.com\/sl\/product\/indijanska-boginja-art-print\/","url":"https:\/\/creativityvexus.com\/sl\/product\/indijanska-boginja-art-print\/","name":"Indijanska Boginja ART Print - Creativity Vexus","isPartOf":{"@id":"https:\/\/creativityvexus.com\/sl\/#website"},"datePublished":"2025-07-29T20:17:53+00:00","dateModified":"2025-07-29T20:17:53+00:00","description":"Po\u010dastite svetost z umetni\u0161kim tiskom Bele Bivolje \u017denske \u2014 mo\u010dan kos staroselske dekoracije, ki slavi ravnovesje, duhovnost in tradicijo.","breadcrumb":{"@id":"https:\/\/creativityvexus.com\/sl\/product\/indijanska-boginja-art-print\/#breadcrumb"},"inLanguage":"sl-SI","potentialAction":[{"@type":"ReadAction","target":["https:\/\/creativityvexus.com\/sl\/product\/indijanska-boginja-art-print\/"]}]},{"@type":"BreadcrumbList","@id":"https:\/\/creativityvexus.com\/sl\/product\/indijanska-boginja-art-print\/#breadcrumb","itemListElement":[{"@type":"ListItem","position":1,"name":"Home","item":"https:\/\/creativityvexus.com\/sl\/"},{"@type":"ListItem","position":2,"name":"Trgovina","item":"https:\/\/creativityvexus.com\/trgovina\/"},{"@type":"ListItem","position":3,"name":"Indijanska Boginja ART Print"}]},{"@type":"WebSite","@id":"https:\/\/creativityvexus.com\/sl\/#website","url":"https:\/\/creativityvexus.com\/sl\/","name":"Creativity Vexus","description":"Creativity Vexus Art Website","publisher":{"@id":"https:\/\/creativityvexus.com\/sl\/#organization"},"potentialAction":[{"@type":"SearchAction","target":{"@type":"EntryPoint","urlTemplate":"https:\/\/creativityvexus.com\/sl\/?s={search_term_string}"},"query-input":"required name=search_term_string"}],"inLanguage":"sl-SI"},{"@type":"Organization","@id":"https:\/\/creativityvexus.com\/sl\/#organization","name":"Creativity Vexus","url":"https:\/\/creativityvexus.com\/sl\/","logo":{"@type":"ImageObject","inLanguage":"sl-SI","@id":"https:\/\/creativityvexus.com\/sl\/#\/schema\/logo\/image\/","url":"https:\/\/creativityvexus.com\/wp-content\/uploads\/2022\/11\/Untitled_Artwork-4.png","contentUrl":"https:\/\/creativityvexus.com\/wp-content\/uploads\/2022\/11\/Untitled_Artwork-4.png","width":2048,"height":2048,"caption":"Creativity Vexus"},"image":{"@id":"https:\/\/creativityvexus.com\/sl\/#\/schema\/logo\/image\/"},"sameAs":["https:\/\/www.facebook.com\/creativityvexus\/","https:\/\/www.instagram.com\/creativityvexus\/?hl=en"]}]}},"jetpack_sharing_enabled":true,"_links":{"self":[{"href":"https:\/\/creativityvexus.com\/sl\/wp-json\/wp\/v2\/product\/3840","targetHints":{"allow":["GET"]}}],"collection":[{"href":"https:\/\/creativityvexus.com\/sl\/wp-json\/wp\/v2\/product"}],"about":[{"href":"https:\/\/creativityvexus.com\/sl\/wp-json\/wp\/v2\/types\/product"}],"replies":[{"embeddable":true,"href":"https:\/\/creativityvexus.com\/sl\/wp-json\/wp\/v2\/comments?post=3840"}],"version-history":[{"count":1,"href":"https:\/\/creativityvexus.com\/sl\/wp-json\/wp\/v2\/product\/3840\/revisions"}],"predecessor-version":[{"id":3841,"href":"https:\/\/creativityvexus.com\/sl\/wp-json\/wp\/v2\/product\/3840\/revisions\/3841"}],"wp:featuredmedia":[{"embeddable":true,"href":"https:\/\/creativityvexus.com\/sl\/wp-json\/wp\/v2\/media\/3835"}],"wp:attachment":[{"href":"https:\/\/creativityvexus.com\/sl\/wp-json\/wp\/v2\/media?parent=3840"}],"wp:term":[{"taxonomy":"product_brand","embeddable":true,"href":"https:\/\/creativityvexus.com\/sl\/wp-json\/wp\/v2\/product_brand?post=3840"},{"taxonomy":"product_cat","embeddable":true,"href":"https:\/\/creativityvexus.com\/sl\/wp-json\/wp\/v2\/product_cat?post=3840"},{"taxonomy":"product_tag","embeddable":true,"href":"https:\/\/creativityvexus.com\/sl\/wp-json\/wp\/v2\/product_tag?post=3840"}],"curies":[{"name":"wp","href":"https:\/\/api.w.org\/{rel}","templated":true}]}}