{"id":3828,"date":"2025-07-29T20:58:58","date_gmt":"2025-07-29T19:58:58","guid":{"rendered":"https:\/\/creativityvexus.com\/?post_type=product&#038;p=3828"},"modified":"2025-07-29T20:58:58","modified_gmt":"2025-07-29T19:58:58","slug":"budisticna-boginja-guanyin-art-print","status":"publish","type":"product","link":"https:\/\/creativityvexus.com\/sl\/product\/budisticna-boginja-guanyin-art-print\/","title":{"rendered":"Budisti\u010dna Boginja Guanyin ART Print"},"content":{"rendered":"<p><span style=\"font-weight: 400;\">Guanyin je boginja so\u010dutja, ki izvira iz kitajske ljudske religije in budizma. Znana kot tista, ki sli\u0161i jok sveta, je za\u0161\u010ditnica vseh, ki trpijo \u2013 ne glede na spol, starost ali poreklo. Njena podoba v tej ilustraciji odra\u017ea mo\u010d ne\u017enosti, modrosti in tihe odlo\u010dnosti, ob njej pa pesem, katero je pesnila Dolores Hunsky, ki slavi njeno vlogo v \u010dasu in sodobnem svetu.<br \/>Prikazana z zmajem v ozadju \u2013 simbolom mo\u010di, ki varuje \u2013 nas Guanyin spomni, da prava mo\u010d izvira iz so\u010dutja.   <\/span><\/p>\n<ul>\n<li><strong>Velikost:<\/strong> 21 x 18,7 cm<\/li>\n<li><strong>Material:<\/strong> Visokokakovosten mat papir 250 g \u2013 gladek, brez ble\u0161\u010danja<\/li>\n<li><strong>Pesnitev:<\/strong> na voljo le v ANGLE\u0160\u010cINI<\/li>\n<\/ul>\n<p>Po\u017eivite svojo steno s tem budisti\u010dnim dekorjem.<\/p>\n<p>&nbsp;<\/p>\n<p style=\"text-align: justify; line-height: 150%; margin: 12.0pt 0cm 12.0pt 0cm;\"><span style=\"font-weight: 400;\">Fotografije \u00a9 Mojca Kandu\u010d<\/span><\/p>\n","protected":false},"excerpt":{"rendered":"<p><span style=\"font-weight: 400;\">Guanyin je budisti\u010dna boginja so\u010dutja, ki spominja da prava mo\u010d ne izhaja iz nadvlade, vendar empatije.<\/span><\/p>\n","protected":false},"featured_media":3823,"comment_status":"open","ping_status":"closed","template":"","meta":[],"product_brand":[],"product_cat":[106],"product_tag":[],"class_list":{"0":"post-3828","1":"product","2":"type-product","3":"status-publish","4":"has-post-thumbnail","6":"product_cat-ilustracije","7":"product_shipping_class-light","9":"first","10":"instock","11":"sale","12":"shipping-taxable","13":"purchasable","14":"product-type-simple"},"yoast_head":"<!-- This site is optimized with the Yoast SEO plugin v21.9 - https:\/\/yoast.com\/wordpress\/plugins\/seo\/ -->\n<title>Budisti\u010dna Boginja Guanyin ART Print - Creativity Vexus<\/title>\n<meta name=\"description\" content=\"Umetni\u0161ki tisk boginje Guanyin prina\u0161a mir in mo\u010d v va\u0161 prostor \u2014 \u010dudovit kos budisti\u010dne dekoracije, posve\u010den boginji so\u010dutja in usmiljenja.\" \/>\n<meta name=\"robots\" content=\"index, follow, max-snippet:-1, max-image-preview:large, max-video-preview:-1\" \/>\n<link rel=\"canonical\" href=\"https:\/\/creativityvexus.com\/sl\/product\/budisticna-boginja-guanyin-art-print\/\" \/>\n<meta property=\"og:locale\" content=\"sl_SI\" \/>\n<meta property=\"og:type\" content=\"article\" \/>\n<meta property=\"og:title\" content=\"Budisti\u010dna Boginja Guanyin ART Print - Creativity Vexus\" \/>\n<meta property=\"og:description\" content=\"Umetni\u0161ki tisk boginje Guanyin prina\u0161a mir in mo\u010d v va\u0161 prostor \u2014 \u010dudovit kos budisti\u010dne dekoracije, posve\u010den boginji so\u010dutja in usmiljenja.\" \/>\n<meta property=\"og:url\" content=\"https:\/\/creativityvexus.com\/sl\/product\/budisticna-boginja-guanyin-art-print\/\" \/>\n<meta property=\"og:site_name\" content=\"Creativity Vexus\" \/>\n<meta property=\"article:publisher\" content=\"https:\/\/www.facebook.com\/creativityvexus\/\" \/>\n<meta property=\"og:image\" content=\"https:\/\/creativityvexus.com\/wp-content\/uploads\/2025\/07\/januar.jpg\" \/>\n\t<meta property=\"og:image:width\" content=\"1121\" \/>\n\t<meta property=\"og:image:height\" content=\"1054\" \/>\n\t<meta property=\"og:image:type\" content=\"image\/jpeg\" \/>\n<meta name=\"twitter:card\" content=\"summary_large_image\" \/>\n<meta name=\"twitter:label1\" content=\"Est. reading time\" \/>\n\t<meta name=\"twitter:data1\" content=\"1 minuta\" \/>\n<script type=\"application\/ld+json\" class=\"yoast-schema-graph\">{\"@context\":\"https:\/\/schema.org\",\"@graph\":[{\"@type\":\"WebPage\",\"@id\":\"https:\/\/creativityvexus.com\/sl\/product\/budisticna-boginja-guanyin-art-print\/\",\"url\":\"https:\/\/creativityvexus.com\/sl\/product\/budisticna-boginja-guanyin-art-print\/\",\"name\":\"Budisti\u010dna Boginja Guanyin ART Print - Creativity Vexus\",\"isPartOf\":{\"@id\":\"https:\/\/creativityvexus.com\/sl\/#website\"},\"datePublished\":\"2025-07-29T19:58:58+00:00\",\"dateModified\":\"2025-07-29T19:58:58+00:00\",\"description\":\"Umetni\u0161ki tisk boginje Guanyin prina\u0161a mir in mo\u010d v va\u0161 prostor \u2014 \u010dudovit kos budisti\u010dne dekoracije, posve\u010den boginji so\u010dutja in usmiljenja.\",\"breadcrumb\":{\"@id\":\"https:\/\/creativityvexus.com\/sl\/product\/budisticna-boginja-guanyin-art-print\/#breadcrumb\"},\"inLanguage\":\"sl-SI\",\"potentialAction\":[{\"@type\":\"ReadAction\",\"target\":[\"https:\/\/creativityvexus.com\/sl\/product\/budisticna-boginja-guanyin-art-print\/\"]}]},{\"@type\":\"BreadcrumbList\",\"@id\":\"https:\/\/creativityvexus.com\/sl\/product\/budisticna-boginja-guanyin-art-print\/#breadcrumb\",\"itemListElement\":[{\"@type\":\"ListItem\",\"position\":1,\"name\":\"Home\",\"item\":\"https:\/\/creativityvexus.com\/sl\/\"},{\"@type\":\"ListItem\",\"position\":2,\"name\":\"Trgovina\",\"item\":\"https:\/\/creativityvexus.com\/trgovina\/\"},{\"@type\":\"ListItem\",\"position\":3,\"name\":\"Budisti\u010dna Boginja Guanyin ART Print\"}]},{\"@type\":\"WebSite\",\"@id\":\"https:\/\/creativityvexus.com\/sl\/#website\",\"url\":\"https:\/\/creativityvexus.com\/sl\/\",\"name\":\"Creativity Vexus\",\"description\":\"Creativity Vexus Art Website\",\"publisher\":{\"@id\":\"https:\/\/creativityvexus.com\/sl\/#organization\"},\"potentialAction\":[{\"@type\":\"SearchAction\",\"target\":{\"@type\":\"EntryPoint\",\"urlTemplate\":\"https:\/\/creativityvexus.com\/sl\/?s={search_term_string}\"},\"query-input\":\"required name=search_term_string\"}],\"inLanguage\":\"sl-SI\"},{\"@type\":\"Organization\",\"@id\":\"https:\/\/creativityvexus.com\/sl\/#organization\",\"name\":\"Creativity Vexus\",\"url\":\"https:\/\/creativityvexus.com\/sl\/\",\"logo\":{\"@type\":\"ImageObject\",\"inLanguage\":\"sl-SI\",\"@id\":\"https:\/\/creativityvexus.com\/sl\/#\/schema\/logo\/image\/\",\"url\":\"https:\/\/creativityvexus.com\/wp-content\/uploads\/2022\/11\/Untitled_Artwork-4.png\",\"contentUrl\":\"https:\/\/creativityvexus.com\/wp-content\/uploads\/2022\/11\/Untitled_Artwork-4.png\",\"width\":2048,\"height\":2048,\"caption\":\"Creativity Vexus\"},\"image\":{\"@id\":\"https:\/\/creativityvexus.com\/sl\/#\/schema\/logo\/image\/\"},\"sameAs\":[\"https:\/\/www.facebook.com\/creativityvexus\/\",\"https:\/\/www.instagram.com\/creativityvexus\/?hl=en\"]}]}<\/script>\n<!-- \/ Yoast SEO plugin. -->","yoast_head_json":{"title":"Budisti\u010dna Boginja Guanyin ART Print - Creativity Vexus","description":"Umetni\u0161ki tisk boginje Guanyin prina\u0161a mir in mo\u010d v va\u0161 prostor \u2014 \u010dudovit kos budisti\u010dne dekoracije, posve\u010den boginji so\u010dutja in usmiljenja.","robots":{"index":"index","follow":"follow","max-snippet":"max-snippet:-1","max-image-preview":"max-image-preview:large","max-video-preview":"max-video-preview:-1"},"canonical":"https:\/\/creativityvexus.com\/sl\/product\/budisticna-boginja-guanyin-art-print\/","og_locale":"sl_SI","og_type":"article","og_title":"Budisti\u010dna Boginja Guanyin ART Print - Creativity Vexus","og_description":"Umetni\u0161ki tisk boginje Guanyin prina\u0161a mir in mo\u010d v va\u0161 prostor \u2014 \u010dudovit kos budisti\u010dne dekoracije, posve\u010den boginji so\u010dutja in usmiljenja.","og_url":"https:\/\/creativityvexus.com\/sl\/product\/budisticna-boginja-guanyin-art-print\/","og_site_name":"Creativity Vexus","article_publisher":"https:\/\/www.facebook.com\/creativityvexus\/","og_image":[{"width":1121,"height":1054,"url":"https:\/\/creativityvexus.com\/wp-content\/uploads\/2025\/07\/januar.jpg","type":"image\/jpeg"}],"twitter_card":"summary_large_image","twitter_misc":{"Est. reading time":"1 minuta"},"schema":{"@context":"https:\/\/schema.org","@graph":[{"@type":"WebPage","@id":"https:\/\/creativityvexus.com\/sl\/product\/budisticna-boginja-guanyin-art-print\/","url":"https:\/\/creativityvexus.com\/sl\/product\/budisticna-boginja-guanyin-art-print\/","name":"Budisti\u010dna Boginja Guanyin ART Print - Creativity Vexus","isPartOf":{"@id":"https:\/\/creativityvexus.com\/sl\/#website"},"datePublished":"2025-07-29T19:58:58+00:00","dateModified":"2025-07-29T19:58:58+00:00","description":"Umetni\u0161ki tisk boginje Guanyin prina\u0161a mir in mo\u010d v va\u0161 prostor \u2014 \u010dudovit kos budisti\u010dne dekoracije, posve\u010den boginji so\u010dutja in usmiljenja.","breadcrumb":{"@id":"https:\/\/creativityvexus.com\/sl\/product\/budisticna-boginja-guanyin-art-print\/#breadcrumb"},"inLanguage":"sl-SI","potentialAction":[{"@type":"ReadAction","target":["https:\/\/creativityvexus.com\/sl\/product\/budisticna-boginja-guanyin-art-print\/"]}]},{"@type":"BreadcrumbList","@id":"https:\/\/creativityvexus.com\/sl\/product\/budisticna-boginja-guanyin-art-print\/#breadcrumb","itemListElement":[{"@type":"ListItem","position":1,"name":"Home","item":"https:\/\/creativityvexus.com\/sl\/"},{"@type":"ListItem","position":2,"name":"Trgovina","item":"https:\/\/creativityvexus.com\/trgovina\/"},{"@type":"ListItem","position":3,"name":"Budisti\u010dna Boginja Guanyin ART Print"}]},{"@type":"WebSite","@id":"https:\/\/creativityvexus.com\/sl\/#website","url":"https:\/\/creativityvexus.com\/sl\/","name":"Creativity Vexus","description":"Creativity Vexus Art Website","publisher":{"@id":"https:\/\/creativityvexus.com\/sl\/#organization"},"potentialAction":[{"@type":"SearchAction","target":{"@type":"EntryPoint","urlTemplate":"https:\/\/creativityvexus.com\/sl\/?s={search_term_string}"},"query-input":"required name=search_term_string"}],"inLanguage":"sl-SI"},{"@type":"Organization","@id":"https:\/\/creativityvexus.com\/sl\/#organization","name":"Creativity Vexus","url":"https:\/\/creativityvexus.com\/sl\/","logo":{"@type":"ImageObject","inLanguage":"sl-SI","@id":"https:\/\/creativityvexus.com\/sl\/#\/schema\/logo\/image\/","url":"https:\/\/creativityvexus.com\/wp-content\/uploads\/2022\/11\/Untitled_Artwork-4.png","contentUrl":"https:\/\/creativityvexus.com\/wp-content\/uploads\/2022\/11\/Untitled_Artwork-4.png","width":2048,"height":2048,"caption":"Creativity Vexus"},"image":{"@id":"https:\/\/creativityvexus.com\/sl\/#\/schema\/logo\/image\/"},"sameAs":["https:\/\/www.facebook.com\/creativityvexus\/","https:\/\/www.instagram.com\/creativityvexus\/?hl=en"]}]}},"jetpack_sharing_enabled":true,"_links":{"self":[{"href":"https:\/\/creativityvexus.com\/sl\/wp-json\/wp\/v2\/product\/3828","targetHints":{"allow":["GET"]}}],"collection":[{"href":"https:\/\/creativityvexus.com\/sl\/wp-json\/wp\/v2\/product"}],"about":[{"href":"https:\/\/creativityvexus.com\/sl\/wp-json\/wp\/v2\/types\/product"}],"replies":[{"embeddable":true,"href":"https:\/\/creativityvexus.com\/sl\/wp-json\/wp\/v2\/comments?post=3828"}],"version-history":[{"count":1,"href":"https:\/\/creativityvexus.com\/sl\/wp-json\/wp\/v2\/product\/3828\/revisions"}],"predecessor-version":[{"id":3830,"href":"https:\/\/creativityvexus.com\/sl\/wp-json\/wp\/v2\/product\/3828\/revisions\/3830"}],"wp:featuredmedia":[{"embeddable":true,"href":"https:\/\/creativityvexus.com\/sl\/wp-json\/wp\/v2\/media\/3823"}],"wp:attachment":[{"href":"https:\/\/creativityvexus.com\/sl\/wp-json\/wp\/v2\/media?parent=3828"}],"wp:term":[{"taxonomy":"product_brand","embeddable":true,"href":"https:\/\/creativityvexus.com\/sl\/wp-json\/wp\/v2\/product_brand?post=3828"},{"taxonomy":"product_cat","embeddable":true,"href":"https:\/\/creativityvexus.com\/sl\/wp-json\/wp\/v2\/product_cat?post=3828"},{"taxonomy":"product_tag","embeddable":true,"href":"https:\/\/creativityvexus.com\/sl\/wp-json\/wp\/v2\/product_tag?post=3828"}],"curies":[{"name":"wp","href":"https:\/\/api.w.org\/{rel}","templated":true}]}}