{"id":3804,"date":"2023-11-07T15:38:06","date_gmt":"2023-11-07T14:38:06","guid":{"rendered":"https:\/\/creativityvexus.com\/product\/nalepka-prevec-misli\/"},"modified":"2025-07-29T16:44:54","modified_gmt":"2025-07-29T15:44:54","slug":"nalepka-prevec-misli","status":"publish","type":"product","link":"https:\/\/creativityvexus.com\/sl\/product\/nalepka-prevec-misli\/","title":{"rendered":"Nalepka Preve\u010d Misli"},"content":{"rendered":"<p><i><span style=\"font-weight: 400;\">Preve\u010d misli \u2014<\/span><\/i><span style=\"font-weight: 400;\"> Vizualni kaos misli, ki no\u010de utihniti. &#8220;Preve\u010d Milsi&#8221; prikazuje tisto znano notranjo zme\u0161njavo, ko glava kar bruha misli \u2014 ena \u010dez drugo. Du\u0161a slike je kaoti\u010dno, v sredi\u0161\u010du pa nenehno opazuje, ocenjuje, spra\u0161uje\u2026 Tako kot mi sami sebe.    <\/span><\/p>\n<p>Pa vendar se vseeno smehlja&#8230;<\/p>\n<p><span style=\"font-weight: 400;\">Ta mali kos ne olep\u0161uje hrupa. Preprosto obstaja v njem. In nekako je to pomirjujo\u010de. Ni ti treba vsega re\u0161iti. Le opazuj. In morda \u2014 pusti, da zadihajo. Navsezadnje smo vsi tu malo nori.      <\/span><\/p>\n<ul>\n<li style=\"font-weight: 400;\" aria-level=\"1\"><b>Velikost:<\/b><span style=\"font-weight: 400;\"> 50 mm \u00d7 50 mm (square cut)<\/span><\/li>\n<li style=\"font-weight: 400;\" aria-level=\"1\"><b>Material:<\/b><span style=\"font-weight: 400;\"> Trpe\u017ena nalepka s prozornim ozadjem<\/span><\/li>\n<\/ul>\n<p><span style=\"font-weight: 400;\">Primerna za naslovnice dnevnikov, terapevtske koti\u010dke, ali vsakogar, ki pozna miselni \u0161um.<\/span><\/p>\n<p>&nbsp;<\/p>\n<p><span style=\"font-weight: 400;\">Fotografije \u00a9 Mojca Kandu\u010d <\/span><\/p>\n","protected":false},"excerpt":{"rendered":"<p><span style=\"font-weight: 400;\">Primerna za naslovnice dnevnikov, terapevtske koti\u010dke, ali vsakogar, ki pozna miselni \u0161um.<\/span><\/p>\n","protected":false},"featured_media":3256,"comment_status":"open","ping_status":"closed","template":"","meta":[],"product_brand":[],"product_cat":[107],"product_tag":[],"class_list":{"0":"post-3804","1":"product","2":"type-product","3":"status-publish","4":"has-post-thumbnail","6":"product_cat-nalepke","7":"product_shipping_class-light","9":"first","10":"instock","11":"shipping-taxable","12":"purchasable","13":"product-type-simple"},"yoast_head":"<!-- This site is optimized with the Yoast SEO plugin v21.9 - https:\/\/yoast.com\/wordpress\/plugins\/seo\/ -->\n<title>Nalepka Preve\u010d Misli - Creativity Vexus<\/title>\n<meta name=\"description\" content=\"Ta srhljiva nalepka ujame kaos misli brez olep\u0161evanja \u2014 v\u010dasih pomaga samo opazovati in pustiti, da zadihajo.\" \/>\n<meta name=\"robots\" content=\"index, follow, max-snippet:-1, max-image-preview:large, max-video-preview:-1\" \/>\n<link rel=\"canonical\" href=\"https:\/\/creativityvexus.com\/sl\/product\/nalepka-prevec-misli\/\" \/>\n<meta property=\"og:locale\" content=\"sl_SI\" \/>\n<meta property=\"og:type\" content=\"article\" \/>\n<meta property=\"og:title\" content=\"Nalepka Preve\u010d Misli - Creativity Vexus\" \/>\n<meta property=\"og:description\" content=\"Ta srhljiva nalepka ujame kaos misli brez olep\u0161evanja \u2014 v\u010dasih pomaga samo opazovati in pustiti, da zadihajo.\" \/>\n<meta property=\"og:url\" content=\"https:\/\/creativityvexus.com\/sl\/product\/nalepka-prevec-misli\/\" \/>\n<meta property=\"og:site_name\" content=\"Creativity Vexus\" \/>\n<meta property=\"article:publisher\" content=\"https:\/\/www.facebook.com\/creativityvexus\/\" \/>\n<meta property=\"article:modified_time\" content=\"2025-07-29T15:44:54+00:00\" \/>\n<meta property=\"og:image\" content=\"https:\/\/creativityvexus.com\/wp-content\/uploads\/2023\/11\/Sticker_5-EXAMPLE.png\" \/>\n\t<meta property=\"og:image:width\" content=\"3420\" \/>\n\t<meta property=\"og:image:height\" content=\"3411\" \/>\n\t<meta property=\"og:image:type\" content=\"image\/png\" \/>\n<meta name=\"twitter:card\" content=\"summary_large_image\" \/>\n<meta name=\"twitter:label1\" content=\"Est. reading time\" \/>\n\t<meta name=\"twitter:data1\" content=\"1 minuta\" \/>\n<script type=\"application\/ld+json\" class=\"yoast-schema-graph\">{\"@context\":\"https:\/\/schema.org\",\"@graph\":[{\"@type\":\"WebPage\",\"@id\":\"https:\/\/creativityvexus.com\/sl\/product\/nalepka-prevec-misli\/\",\"url\":\"https:\/\/creativityvexus.com\/sl\/product\/nalepka-prevec-misli\/\",\"name\":\"Nalepka Preve\u010d Misli - Creativity Vexus\",\"isPartOf\":{\"@id\":\"https:\/\/creativityvexus.com\/sl\/#website\"},\"datePublished\":\"2023-11-07T14:38:06+00:00\",\"dateModified\":\"2025-07-29T15:44:54+00:00\",\"description\":\"Ta srhljiva nalepka ujame kaos misli brez olep\u0161evanja \u2014 v\u010dasih pomaga samo opazovati in pustiti, da zadihajo.\",\"breadcrumb\":{\"@id\":\"https:\/\/creativityvexus.com\/sl\/product\/nalepka-prevec-misli\/#breadcrumb\"},\"inLanguage\":\"sl-SI\",\"potentialAction\":[{\"@type\":\"ReadAction\",\"target\":[\"https:\/\/creativityvexus.com\/sl\/product\/nalepka-prevec-misli\/\"]}]},{\"@type\":\"BreadcrumbList\",\"@id\":\"https:\/\/creativityvexus.com\/sl\/product\/nalepka-prevec-misli\/#breadcrumb\",\"itemListElement\":[{\"@type\":\"ListItem\",\"position\":1,\"name\":\"Home\",\"item\":\"https:\/\/creativityvexus.com\/sl\/\"},{\"@type\":\"ListItem\",\"position\":2,\"name\":\"Trgovina\",\"item\":\"https:\/\/creativityvexus.com\/trgovina\/\"},{\"@type\":\"ListItem\",\"position\":3,\"name\":\"Nalepka Preve\u010d Misli\"}]},{\"@type\":\"WebSite\",\"@id\":\"https:\/\/creativityvexus.com\/sl\/#website\",\"url\":\"https:\/\/creativityvexus.com\/sl\/\",\"name\":\"Creativity Vexus\",\"description\":\"Creativity Vexus Art Website\",\"publisher\":{\"@id\":\"https:\/\/creativityvexus.com\/sl\/#organization\"},\"potentialAction\":[{\"@type\":\"SearchAction\",\"target\":{\"@type\":\"EntryPoint\",\"urlTemplate\":\"https:\/\/creativityvexus.com\/sl\/?s={search_term_string}\"},\"query-input\":\"required name=search_term_string\"}],\"inLanguage\":\"sl-SI\"},{\"@type\":\"Organization\",\"@id\":\"https:\/\/creativityvexus.com\/sl\/#organization\",\"name\":\"Creativity Vexus\",\"url\":\"https:\/\/creativityvexus.com\/sl\/\",\"logo\":{\"@type\":\"ImageObject\",\"inLanguage\":\"sl-SI\",\"@id\":\"https:\/\/creativityvexus.com\/sl\/#\/schema\/logo\/image\/\",\"url\":\"https:\/\/creativityvexus.com\/wp-content\/uploads\/2022\/11\/Untitled_Artwork-4.png\",\"contentUrl\":\"https:\/\/creativityvexus.com\/wp-content\/uploads\/2022\/11\/Untitled_Artwork-4.png\",\"width\":2048,\"height\":2048,\"caption\":\"Creativity Vexus\"},\"image\":{\"@id\":\"https:\/\/creativityvexus.com\/sl\/#\/schema\/logo\/image\/\"},\"sameAs\":[\"https:\/\/www.facebook.com\/creativityvexus\/\",\"https:\/\/www.instagram.com\/creativityvexus\/?hl=en\"]}]}<\/script>\n<!-- \/ Yoast SEO plugin. -->","yoast_head_json":{"title":"Nalepka Preve\u010d Misli - Creativity Vexus","description":"Ta srhljiva nalepka ujame kaos misli brez olep\u0161evanja \u2014 v\u010dasih pomaga samo opazovati in pustiti, da zadihajo.","robots":{"index":"index","follow":"follow","max-snippet":"max-snippet:-1","max-image-preview":"max-image-preview:large","max-video-preview":"max-video-preview:-1"},"canonical":"https:\/\/creativityvexus.com\/sl\/product\/nalepka-prevec-misli\/","og_locale":"sl_SI","og_type":"article","og_title":"Nalepka Preve\u010d Misli - Creativity Vexus","og_description":"Ta srhljiva nalepka ujame kaos misli brez olep\u0161evanja \u2014 v\u010dasih pomaga samo opazovati in pustiti, da zadihajo.","og_url":"https:\/\/creativityvexus.com\/sl\/product\/nalepka-prevec-misli\/","og_site_name":"Creativity Vexus","article_publisher":"https:\/\/www.facebook.com\/creativityvexus\/","article_modified_time":"2025-07-29T15:44:54+00:00","og_image":[{"width":3420,"height":3411,"url":"https:\/\/creativityvexus.com\/wp-content\/uploads\/2023\/11\/Sticker_5-EXAMPLE.png","type":"image\/png"}],"twitter_card":"summary_large_image","twitter_misc":{"Est. reading time":"1 minuta"},"schema":{"@context":"https:\/\/schema.org","@graph":[{"@type":"WebPage","@id":"https:\/\/creativityvexus.com\/sl\/product\/nalepka-prevec-misli\/","url":"https:\/\/creativityvexus.com\/sl\/product\/nalepka-prevec-misli\/","name":"Nalepka Preve\u010d Misli - Creativity Vexus","isPartOf":{"@id":"https:\/\/creativityvexus.com\/sl\/#website"},"datePublished":"2023-11-07T14:38:06+00:00","dateModified":"2025-07-29T15:44:54+00:00","description":"Ta srhljiva nalepka ujame kaos misli brez olep\u0161evanja \u2014 v\u010dasih pomaga samo opazovati in pustiti, da zadihajo.","breadcrumb":{"@id":"https:\/\/creativityvexus.com\/sl\/product\/nalepka-prevec-misli\/#breadcrumb"},"inLanguage":"sl-SI","potentialAction":[{"@type":"ReadAction","target":["https:\/\/creativityvexus.com\/sl\/product\/nalepka-prevec-misli\/"]}]},{"@type":"BreadcrumbList","@id":"https:\/\/creativityvexus.com\/sl\/product\/nalepka-prevec-misli\/#breadcrumb","itemListElement":[{"@type":"ListItem","position":1,"name":"Home","item":"https:\/\/creativityvexus.com\/sl\/"},{"@type":"ListItem","position":2,"name":"Trgovina","item":"https:\/\/creativityvexus.com\/trgovina\/"},{"@type":"ListItem","position":3,"name":"Nalepka Preve\u010d Misli"}]},{"@type":"WebSite","@id":"https:\/\/creativityvexus.com\/sl\/#website","url":"https:\/\/creativityvexus.com\/sl\/","name":"Creativity Vexus","description":"Creativity Vexus Art Website","publisher":{"@id":"https:\/\/creativityvexus.com\/sl\/#organization"},"potentialAction":[{"@type":"SearchAction","target":{"@type":"EntryPoint","urlTemplate":"https:\/\/creativityvexus.com\/sl\/?s={search_term_string}"},"query-input":"required name=search_term_string"}],"inLanguage":"sl-SI"},{"@type":"Organization","@id":"https:\/\/creativityvexus.com\/sl\/#organization","name":"Creativity Vexus","url":"https:\/\/creativityvexus.com\/sl\/","logo":{"@type":"ImageObject","inLanguage":"sl-SI","@id":"https:\/\/creativityvexus.com\/sl\/#\/schema\/logo\/image\/","url":"https:\/\/creativityvexus.com\/wp-content\/uploads\/2022\/11\/Untitled_Artwork-4.png","contentUrl":"https:\/\/creativityvexus.com\/wp-content\/uploads\/2022\/11\/Untitled_Artwork-4.png","width":2048,"height":2048,"caption":"Creativity Vexus"},"image":{"@id":"https:\/\/creativityvexus.com\/sl\/#\/schema\/logo\/image\/"},"sameAs":["https:\/\/www.facebook.com\/creativityvexus\/","https:\/\/www.instagram.com\/creativityvexus\/?hl=en"]}]}},"jetpack_sharing_enabled":true,"_links":{"self":[{"href":"https:\/\/creativityvexus.com\/sl\/wp-json\/wp\/v2\/product\/3804","targetHints":{"allow":["GET"]}}],"collection":[{"href":"https:\/\/creativityvexus.com\/sl\/wp-json\/wp\/v2\/product"}],"about":[{"href":"https:\/\/creativityvexus.com\/sl\/wp-json\/wp\/v2\/types\/product"}],"replies":[{"embeddable":true,"href":"https:\/\/creativityvexus.com\/sl\/wp-json\/wp\/v2\/comments?post=3804"}],"version-history":[{"count":1,"href":"https:\/\/creativityvexus.com\/sl\/wp-json\/wp\/v2\/product\/3804\/revisions"}],"predecessor-version":[{"id":3806,"href":"https:\/\/creativityvexus.com\/sl\/wp-json\/wp\/v2\/product\/3804\/revisions\/3806"}],"wp:featuredmedia":[{"embeddable":true,"href":"https:\/\/creativityvexus.com\/sl\/wp-json\/wp\/v2\/media\/3256"}],"wp:attachment":[{"href":"https:\/\/creativityvexus.com\/sl\/wp-json\/wp\/v2\/media?parent=3804"}],"wp:term":[{"taxonomy":"product_brand","embeddable":true,"href":"https:\/\/creativityvexus.com\/sl\/wp-json\/wp\/v2\/product_brand?post=3804"},{"taxonomy":"product_cat","embeddable":true,"href":"https:\/\/creativityvexus.com\/sl\/wp-json\/wp\/v2\/product_cat?post=3804"},{"taxonomy":"product_tag","embeddable":true,"href":"https:\/\/creativityvexus.com\/sl\/wp-json\/wp\/v2\/product_tag?post=3804"}],"curies":[{"name":"wp","href":"https:\/\/api.w.org\/{rel}","templated":true}]}}