{"id":3801,"date":"2023-11-09T13:09:43","date_gmt":"2023-11-09T12:09:43","guid":{"rendered":"https:\/\/creativityvexus.com\/product\/creepy-spilling-my-guts-nalepka\/"},"modified":"2023-11-09T13:09:43","modified_gmt":"2023-11-09T12:09:43","slug":"creepy-spilling-my-guts-nalepka","status":"publish","type":"product","link":"https:\/\/creativityvexus.com\/sl\/product\/creepy-spilling-my-guts-nalepka\/","title":{"rendered":"Creepy Spilling My Guts Nalepka"},"content":{"rendered":"<p><span style=\"font-weight: 400;\">Ta Blorb mora dati stvari ven \u2014 kar povsem \u0161tekamo.   <\/span><span style=\"font-weight: 400;\"><br \/>\n<\/span><span style=\"font-weight: 400;\">S prepletenimi udi, divjo energijo in praznim pogledom je nalepka Spilling My Guts namenjena tistim trenutkom, ko moramo vse preprost dati ven. Ko imamo preve\u010d za povedati, ko se moramo zjokati, ali pa izgubljati tla pod nogami \u2014 vedi, da nisi sam, blorb se isto po\u010duti.   <\/span><i><span style=\"font-weight: 400;\">Spilling My Guts<\/span><\/i><span style=\"font-weight: 400;\"> Tak da mogo\u010de si bota dobra podpora!  <\/span><\/p>\n<ul>\n<li style=\"font-weight: 400;\" aria-level=\"1\"><b>Velikost:<\/b><span style=\"font-weight: 400;\"> 50 mm \u00d7 50 mm (obrezan)<\/span><\/li>\n<li style=\"font-weight: 400;\" aria-level=\"1\"><b>Material:<\/b><span style=\"font-weight: 400;\"> Trpe\u017ena nalepka s prozornim ozadjem<\/span><\/li>\n<\/ul>\n<p><span style=\"font-weight: 400;\"><br \/>Popolna za zvezke, dnevnike, prenosnike, fla\u0161ke \u2014 ali katerikoli prostor, kjer si ga \u017eeli\u0161 za dru\u017ebo. <\/span><\/p>\n<p><span style=\"font-weight: 400;\">Fotografije \u00a9 Mojca Kandu\u010d <\/span><\/p>\n","protected":false},"excerpt":{"rendered":"<p>Pa lejte kako je lep, na\u0161 mali \u017eiv\u010dek!<\/p>\n<p><span style=\"font-weight: 400;\">Popolna za zvezke, dnevnike, prenosnike, fla\u0161ke \u2014 ali katerikoli prostor, kjer si ga \u017eeli\u0161 za dru\u017ebo.  <\/span><\/p>\n","protected":false},"featured_media":3253,"comment_status":"open","ping_status":"closed","template":"","meta":[],"product_brand":[],"product_cat":[107],"product_tag":[],"class_list":{"0":"post-3801","1":"product","2":"type-product","3":"status-publish","4":"has-post-thumbnail","6":"product_cat-nalepke","7":"product_shipping_class-light","9":"first","10":"instock","11":"shipping-taxable","12":"purchasable","13":"product-type-simple"},"yoast_head":"<!-- This site is optimized with the Yoast SEO plugin v21.9 - https:\/\/yoast.com\/wordpress\/plugins\/seo\/ -->\n<title>Creepy Spilling My Guts Nalepka - Creativity Vexus<\/title>\n<meta name=\"description\" content=\"Srhljiva nalepka za ljubitelje groze, \u010dudne umetnosti in razsutih \u010dustev \u2014 popolna me\u0161anica kaosa in stila.\" \/>\n<meta name=\"robots\" content=\"index, follow, max-snippet:-1, max-image-preview:large, max-video-preview:-1\" \/>\n<link rel=\"canonical\" href=\"https:\/\/creativityvexus.com\/sl\/product\/creepy-spilling-my-guts-nalepka\/\" \/>\n<meta property=\"og:locale\" content=\"sl_SI\" \/>\n<meta property=\"og:type\" content=\"article\" \/>\n<meta property=\"og:title\" content=\"Creepy Spilling My Guts Nalepka - Creativity Vexus\" \/>\n<meta property=\"og:description\" content=\"Srhljiva nalepka za ljubitelje groze, \u010dudne umetnosti in razsutih \u010dustev \u2014 popolna me\u0161anica kaosa in stila.\" \/>\n<meta property=\"og:url\" content=\"https:\/\/creativityvexus.com\/sl\/product\/creepy-spilling-my-guts-nalepka\/\" \/>\n<meta property=\"og:site_name\" content=\"Creativity Vexus\" \/>\n<meta property=\"article:publisher\" content=\"https:\/\/www.facebook.com\/creativityvexus\/\" \/>\n<meta property=\"og:image\" content=\"https:\/\/creativityvexus.com\/wp-content\/uploads\/2023\/11\/Sticker_1-EXAMPLE.png\" \/>\n\t<meta property=\"og:image:width\" content=\"3000\" \/>\n\t<meta property=\"og:image:height\" content=\"3000\" \/>\n\t<meta property=\"og:image:type\" content=\"image\/png\" \/>\n<meta name=\"twitter:card\" content=\"summary_large_image\" \/>\n<script type=\"application\/ld+json\" class=\"yoast-schema-graph\">{\"@context\":\"https:\/\/schema.org\",\"@graph\":[{\"@type\":\"WebPage\",\"@id\":\"https:\/\/creativityvexus.com\/sl\/product\/creepy-spilling-my-guts-nalepka\/\",\"url\":\"https:\/\/creativityvexus.com\/sl\/product\/creepy-spilling-my-guts-nalepka\/\",\"name\":\"Creepy Spilling My Guts Nalepka - Creativity Vexus\",\"isPartOf\":{\"@id\":\"https:\/\/creativityvexus.com\/sl\/#website\"},\"datePublished\":\"2023-11-09T12:09:43+00:00\",\"dateModified\":\"2023-11-09T12:09:43+00:00\",\"description\":\"Srhljiva nalepka za ljubitelje groze, \u010dudne umetnosti in razsutih \u010dustev \u2014 popolna me\u0161anica kaosa in stila.\",\"breadcrumb\":{\"@id\":\"https:\/\/creativityvexus.com\/sl\/product\/creepy-spilling-my-guts-nalepka\/#breadcrumb\"},\"inLanguage\":\"sl-SI\",\"potentialAction\":[{\"@type\":\"ReadAction\",\"target\":[\"https:\/\/creativityvexus.com\/sl\/product\/creepy-spilling-my-guts-nalepka\/\"]}]},{\"@type\":\"BreadcrumbList\",\"@id\":\"https:\/\/creativityvexus.com\/sl\/product\/creepy-spilling-my-guts-nalepka\/#breadcrumb\",\"itemListElement\":[{\"@type\":\"ListItem\",\"position\":1,\"name\":\"Home\",\"item\":\"https:\/\/creativityvexus.com\/sl\/\"},{\"@type\":\"ListItem\",\"position\":2,\"name\":\"Trgovina\",\"item\":\"https:\/\/creativityvexus.com\/trgovina\/\"},{\"@type\":\"ListItem\",\"position\":3,\"name\":\"Creepy Spilling My Guts Nalepka\"}]},{\"@type\":\"WebSite\",\"@id\":\"https:\/\/creativityvexus.com\/sl\/#website\",\"url\":\"https:\/\/creativityvexus.com\/sl\/\",\"name\":\"Creativity Vexus\",\"description\":\"Creativity Vexus Art Website\",\"publisher\":{\"@id\":\"https:\/\/creativityvexus.com\/sl\/#organization\"},\"potentialAction\":[{\"@type\":\"SearchAction\",\"target\":{\"@type\":\"EntryPoint\",\"urlTemplate\":\"https:\/\/creativityvexus.com\/sl\/?s={search_term_string}\"},\"query-input\":\"required name=search_term_string\"}],\"inLanguage\":\"sl-SI\"},{\"@type\":\"Organization\",\"@id\":\"https:\/\/creativityvexus.com\/sl\/#organization\",\"name\":\"Creativity Vexus\",\"url\":\"https:\/\/creativityvexus.com\/sl\/\",\"logo\":{\"@type\":\"ImageObject\",\"inLanguage\":\"sl-SI\",\"@id\":\"https:\/\/creativityvexus.com\/sl\/#\/schema\/logo\/image\/\",\"url\":\"https:\/\/creativityvexus.com\/wp-content\/uploads\/2022\/11\/Untitled_Artwork-4.png\",\"contentUrl\":\"https:\/\/creativityvexus.com\/wp-content\/uploads\/2022\/11\/Untitled_Artwork-4.png\",\"width\":2048,\"height\":2048,\"caption\":\"Creativity Vexus\"},\"image\":{\"@id\":\"https:\/\/creativityvexus.com\/sl\/#\/schema\/logo\/image\/\"},\"sameAs\":[\"https:\/\/www.facebook.com\/creativityvexus\/\",\"https:\/\/www.instagram.com\/creativityvexus\/?hl=en\"]}]}<\/script>\n<!-- \/ Yoast SEO plugin. -->","yoast_head_json":{"title":"Creepy Spilling My Guts Nalepka - Creativity Vexus","description":"Srhljiva nalepka za ljubitelje groze, \u010dudne umetnosti in razsutih \u010dustev \u2014 popolna me\u0161anica kaosa in stila.","robots":{"index":"index","follow":"follow","max-snippet":"max-snippet:-1","max-image-preview":"max-image-preview:large","max-video-preview":"max-video-preview:-1"},"canonical":"https:\/\/creativityvexus.com\/sl\/product\/creepy-spilling-my-guts-nalepka\/","og_locale":"sl_SI","og_type":"article","og_title":"Creepy Spilling My Guts Nalepka - Creativity Vexus","og_description":"Srhljiva nalepka za ljubitelje groze, \u010dudne umetnosti in razsutih \u010dustev \u2014 popolna me\u0161anica kaosa in stila.","og_url":"https:\/\/creativityvexus.com\/sl\/product\/creepy-spilling-my-guts-nalepka\/","og_site_name":"Creativity Vexus","article_publisher":"https:\/\/www.facebook.com\/creativityvexus\/","og_image":[{"width":3000,"height":3000,"url":"https:\/\/creativityvexus.com\/wp-content\/uploads\/2023\/11\/Sticker_1-EXAMPLE.png","type":"image\/png"}],"twitter_card":"summary_large_image","schema":{"@context":"https:\/\/schema.org","@graph":[{"@type":"WebPage","@id":"https:\/\/creativityvexus.com\/sl\/product\/creepy-spilling-my-guts-nalepka\/","url":"https:\/\/creativityvexus.com\/sl\/product\/creepy-spilling-my-guts-nalepka\/","name":"Creepy Spilling My Guts Nalepka - Creativity Vexus","isPartOf":{"@id":"https:\/\/creativityvexus.com\/sl\/#website"},"datePublished":"2023-11-09T12:09:43+00:00","dateModified":"2023-11-09T12:09:43+00:00","description":"Srhljiva nalepka za ljubitelje groze, \u010dudne umetnosti in razsutih \u010dustev \u2014 popolna me\u0161anica kaosa in stila.","breadcrumb":{"@id":"https:\/\/creativityvexus.com\/sl\/product\/creepy-spilling-my-guts-nalepka\/#breadcrumb"},"inLanguage":"sl-SI","potentialAction":[{"@type":"ReadAction","target":["https:\/\/creativityvexus.com\/sl\/product\/creepy-spilling-my-guts-nalepka\/"]}]},{"@type":"BreadcrumbList","@id":"https:\/\/creativityvexus.com\/sl\/product\/creepy-spilling-my-guts-nalepka\/#breadcrumb","itemListElement":[{"@type":"ListItem","position":1,"name":"Home","item":"https:\/\/creativityvexus.com\/sl\/"},{"@type":"ListItem","position":2,"name":"Trgovina","item":"https:\/\/creativityvexus.com\/trgovina\/"},{"@type":"ListItem","position":3,"name":"Creepy Spilling My Guts Nalepka"}]},{"@type":"WebSite","@id":"https:\/\/creativityvexus.com\/sl\/#website","url":"https:\/\/creativityvexus.com\/sl\/","name":"Creativity Vexus","description":"Creativity Vexus Art Website","publisher":{"@id":"https:\/\/creativityvexus.com\/sl\/#organization"},"potentialAction":[{"@type":"SearchAction","target":{"@type":"EntryPoint","urlTemplate":"https:\/\/creativityvexus.com\/sl\/?s={search_term_string}"},"query-input":"required name=search_term_string"}],"inLanguage":"sl-SI"},{"@type":"Organization","@id":"https:\/\/creativityvexus.com\/sl\/#organization","name":"Creativity Vexus","url":"https:\/\/creativityvexus.com\/sl\/","logo":{"@type":"ImageObject","inLanguage":"sl-SI","@id":"https:\/\/creativityvexus.com\/sl\/#\/schema\/logo\/image\/","url":"https:\/\/creativityvexus.com\/wp-content\/uploads\/2022\/11\/Untitled_Artwork-4.png","contentUrl":"https:\/\/creativityvexus.com\/wp-content\/uploads\/2022\/11\/Untitled_Artwork-4.png","width":2048,"height":2048,"caption":"Creativity Vexus"},"image":{"@id":"https:\/\/creativityvexus.com\/sl\/#\/schema\/logo\/image\/"},"sameAs":["https:\/\/www.facebook.com\/creativityvexus\/","https:\/\/www.instagram.com\/creativityvexus\/?hl=en"]}]}},"jetpack_sharing_enabled":true,"_links":{"self":[{"href":"https:\/\/creativityvexus.com\/sl\/wp-json\/wp\/v2\/product\/3801","targetHints":{"allow":["GET"]}}],"collection":[{"href":"https:\/\/creativityvexus.com\/sl\/wp-json\/wp\/v2\/product"}],"about":[{"href":"https:\/\/creativityvexus.com\/sl\/wp-json\/wp\/v2\/types\/product"}],"replies":[{"embeddable":true,"href":"https:\/\/creativityvexus.com\/sl\/wp-json\/wp\/v2\/comments?post=3801"}],"version-history":[{"count":0,"href":"https:\/\/creativityvexus.com\/sl\/wp-json\/wp\/v2\/product\/3801\/revisions"}],"wp:featuredmedia":[{"embeddable":true,"href":"https:\/\/creativityvexus.com\/sl\/wp-json\/wp\/v2\/media\/3253"}],"wp:attachment":[{"href":"https:\/\/creativityvexus.com\/sl\/wp-json\/wp\/v2\/media?parent=3801"}],"wp:term":[{"taxonomy":"product_brand","embeddable":true,"href":"https:\/\/creativityvexus.com\/sl\/wp-json\/wp\/v2\/product_brand?post=3801"},{"taxonomy":"product_cat","embeddable":true,"href":"https:\/\/creativityvexus.com\/sl\/wp-json\/wp\/v2\/product_cat?post=3801"},{"taxonomy":"product_tag","embeddable":true,"href":"https:\/\/creativityvexus.com\/sl\/wp-json\/wp\/v2\/product_tag?post=3801"}],"curies":[{"name":"wp","href":"https:\/\/api.w.org\/{rel}","templated":true}]}}