{"id":3796,"date":"2023-11-09T13:10:40","date_gmt":"2023-11-09T12:10:40","guid":{"rendered":"https:\/\/creativityvexus.com\/product\/creepy-always-worried-nalepka\/"},"modified":"2023-11-09T13:10:40","modified_gmt":"2023-11-09T12:10:40","slug":"creepy-always-worried-nalepka","status":"publish","type":"product","link":"https:\/\/creativityvexus.com\/sl\/product\/creepy-always-worried-nalepka\/","title":{"rendered":"Creepy Always Worried Nalepka"},"content":{"rendered":"<p><span style=\"font-weight: 400;\">Nekatera bitja iz\u017earevajo samozavest \u2014 to bitje tukaj ni eno izmed njih. S svojo poni\u017eno dr\u017eo, stisnjenimi pestmi in negotovim pogledom, ta \u017eiv\u010dna kepica popolno ujame ob\u010dutek, ki ga imamo vsi.  <\/span><i><span style=\"font-weight: 400;\">\u201cNevem kako sem se zna\u0161el tukaj&#8230;. in \u010dimprej \u017eelim domov!\u201d<\/span><\/i><span style=\"font-weight: 400;\"> je njegov vibe, in bodite po\u0161ten, va\u0161 v\u010dasih tudi. <\/span><\/p>\n<ul>\n<li style=\"font-weight: 400;\" aria-level=\"1\"><b>Velikost:<\/b><span style=\"font-weight: 400;\"> 50 mm \u00d7 50 mm (obrezan)<\/span><\/li>\n<\/ul>\n<ul>\n<li style=\"font-weight: 400;\" aria-level=\"1\"><b>Material:<\/b><span style=\"font-weight: 400;\"> Trpe\u017ena nalepka s prozornim ozadjem<\/span><\/li>\n<\/ul>\n<p><span style=\"font-weight: 400;\">Tiskano na prozorno podlago za \u010dist, estetski videz \u2013 popolno za prenosnike, fla\u0161ke, zvezke ali katerokoli povr\u0161ino, ki potrebuje kan\u010dek \u010dudne \u010dustvene podpore.<\/span><\/p>\n<p><span style=\"font-weight: 400;\">Fotografije \u00a9 Mojca Kandu\u010d <\/span><\/p>\n","protected":false},"excerpt":{"rendered":"<p>Poglej tole majhno nalepko. Sklonjena, zaskrbljena in o\u010ditno v stiski <span style=\"font-weight: 400;\">\u2014<\/span> \u010disto kot ti! (Verjetno.)  <\/p>\n<p>Ne bodite brezsr\u010dni, dajte mu zato\u010di\u0161\u010de!<\/p>\n","protected":false},"featured_media":3254,"comment_status":"open","ping_status":"closed","template":"","meta":[],"product_brand":[],"product_cat":[107],"product_tag":[],"class_list":{"0":"post-3796","1":"product","2":"type-product","3":"status-publish","4":"has-post-thumbnail","6":"product_cat-nalepke","7":"product_shipping_class-light","9":"first","10":"instock","11":"shipping-taxable","12":"purchasable","13":"product-type-simple"},"yoast_head":"<!-- This site is optimized with the Yoast SEO plugin v21.9 - https:\/\/yoast.com\/wordpress\/plugins\/seo\/ -->\n<title>Creepy Always Worried Nalepka - Creativity Vexus<\/title>\n<meta name=\"description\" content=\"Drzna in nenavadna \u2014 ta srhljiva nalepka je kot nala\u0161\u010d za ljubitelje \u010dudne umetnosti in grozljivih vibracij. Razi\u0161\u010di na\u0161o zbirko edinstveno nelagodnih nalepk.\" \/>\n<meta name=\"robots\" content=\"index, follow, max-snippet:-1, max-image-preview:large, max-video-preview:-1\" \/>\n<link rel=\"canonical\" href=\"https:\/\/creativityvexus.com\/sl\/product\/creepy-always-worried-nalepka\/\" \/>\n<meta property=\"og:locale\" content=\"sl_SI\" \/>\n<meta property=\"og:type\" content=\"article\" \/>\n<meta property=\"og:title\" content=\"Creepy Always Worried Nalepka - Creativity Vexus\" \/>\n<meta property=\"og:description\" content=\"Drzna in nenavadna \u2014 ta srhljiva nalepka je kot nala\u0161\u010d za ljubitelje \u010dudne umetnosti in grozljivih vibracij. Razi\u0161\u010di na\u0161o zbirko edinstveno nelagodnih nalepk.\" \/>\n<meta property=\"og:url\" content=\"https:\/\/creativityvexus.com\/sl\/product\/creepy-always-worried-nalepka\/\" \/>\n<meta property=\"og:site_name\" content=\"Creativity Vexus\" \/>\n<meta property=\"article:publisher\" content=\"https:\/\/www.facebook.com\/creativityvexus\/\" \/>\n<meta property=\"og:image\" content=\"https:\/\/creativityvexus.com\/wp-content\/uploads\/2023\/11\/Sticker_2-EXAMPLE.png\" \/>\n\t<meta property=\"og:image:width\" content=\"3000\" \/>\n\t<meta property=\"og:image:height\" content=\"3000\" \/>\n\t<meta property=\"og:image:type\" content=\"image\/png\" \/>\n<meta name=\"twitter:card\" content=\"summary_large_image\" \/>\n<script type=\"application\/ld+json\" class=\"yoast-schema-graph\">{\"@context\":\"https:\/\/schema.org\",\"@graph\":[{\"@type\":\"WebPage\",\"@id\":\"https:\/\/creativityvexus.com\/sl\/product\/creepy-always-worried-nalepka\/\",\"url\":\"https:\/\/creativityvexus.com\/sl\/product\/creepy-always-worried-nalepka\/\",\"name\":\"Creepy Always Worried Nalepka - Creativity Vexus\",\"isPartOf\":{\"@id\":\"https:\/\/creativityvexus.com\/sl\/#website\"},\"datePublished\":\"2023-11-09T12:10:40+00:00\",\"dateModified\":\"2023-11-09T12:10:40+00:00\",\"description\":\"Drzna in nenavadna \u2014 ta srhljiva nalepka je kot nala\u0161\u010d za ljubitelje \u010dudne umetnosti in grozljivih vibracij. Razi\u0161\u010di na\u0161o zbirko edinstveno nelagodnih nalepk.\",\"breadcrumb\":{\"@id\":\"https:\/\/creativityvexus.com\/sl\/product\/creepy-always-worried-nalepka\/#breadcrumb\"},\"inLanguage\":\"sl-SI\",\"potentialAction\":[{\"@type\":\"ReadAction\",\"target\":[\"https:\/\/creativityvexus.com\/sl\/product\/creepy-always-worried-nalepka\/\"]}]},{\"@type\":\"BreadcrumbList\",\"@id\":\"https:\/\/creativityvexus.com\/sl\/product\/creepy-always-worried-nalepka\/#breadcrumb\",\"itemListElement\":[{\"@type\":\"ListItem\",\"position\":1,\"name\":\"Home\",\"item\":\"https:\/\/creativityvexus.com\/sl\/\"},{\"@type\":\"ListItem\",\"position\":2,\"name\":\"Trgovina\",\"item\":\"https:\/\/creativityvexus.com\/trgovina\/\"},{\"@type\":\"ListItem\",\"position\":3,\"name\":\"Creepy Always Worried Nalepka\"}]},{\"@type\":\"WebSite\",\"@id\":\"https:\/\/creativityvexus.com\/sl\/#website\",\"url\":\"https:\/\/creativityvexus.com\/sl\/\",\"name\":\"Creativity Vexus\",\"description\":\"Creativity Vexus Art Website\",\"publisher\":{\"@id\":\"https:\/\/creativityvexus.com\/sl\/#organization\"},\"potentialAction\":[{\"@type\":\"SearchAction\",\"target\":{\"@type\":\"EntryPoint\",\"urlTemplate\":\"https:\/\/creativityvexus.com\/sl\/?s={search_term_string}\"},\"query-input\":\"required name=search_term_string\"}],\"inLanguage\":\"sl-SI\"},{\"@type\":\"Organization\",\"@id\":\"https:\/\/creativityvexus.com\/sl\/#organization\",\"name\":\"Creativity Vexus\",\"url\":\"https:\/\/creativityvexus.com\/sl\/\",\"logo\":{\"@type\":\"ImageObject\",\"inLanguage\":\"sl-SI\",\"@id\":\"https:\/\/creativityvexus.com\/sl\/#\/schema\/logo\/image\/\",\"url\":\"https:\/\/creativityvexus.com\/wp-content\/uploads\/2022\/11\/Untitled_Artwork-4.png\",\"contentUrl\":\"https:\/\/creativityvexus.com\/wp-content\/uploads\/2022\/11\/Untitled_Artwork-4.png\",\"width\":2048,\"height\":2048,\"caption\":\"Creativity Vexus\"},\"image\":{\"@id\":\"https:\/\/creativityvexus.com\/sl\/#\/schema\/logo\/image\/\"},\"sameAs\":[\"https:\/\/www.facebook.com\/creativityvexus\/\",\"https:\/\/www.instagram.com\/creativityvexus\/?hl=en\"]}]}<\/script>\n<!-- \/ Yoast SEO plugin. -->","yoast_head_json":{"title":"Creepy Always Worried Nalepka - Creativity Vexus","description":"Drzna in nenavadna \u2014 ta srhljiva nalepka je kot nala\u0161\u010d za ljubitelje \u010dudne umetnosti in grozljivih vibracij. Razi\u0161\u010di na\u0161o zbirko edinstveno nelagodnih nalepk.","robots":{"index":"index","follow":"follow","max-snippet":"max-snippet:-1","max-image-preview":"max-image-preview:large","max-video-preview":"max-video-preview:-1"},"canonical":"https:\/\/creativityvexus.com\/sl\/product\/creepy-always-worried-nalepka\/","og_locale":"sl_SI","og_type":"article","og_title":"Creepy Always Worried Nalepka - Creativity Vexus","og_description":"Drzna in nenavadna \u2014 ta srhljiva nalepka je kot nala\u0161\u010d za ljubitelje \u010dudne umetnosti in grozljivih vibracij. Razi\u0161\u010di na\u0161o zbirko edinstveno nelagodnih nalepk.","og_url":"https:\/\/creativityvexus.com\/sl\/product\/creepy-always-worried-nalepka\/","og_site_name":"Creativity Vexus","article_publisher":"https:\/\/www.facebook.com\/creativityvexus\/","og_image":[{"width":3000,"height":3000,"url":"https:\/\/creativityvexus.com\/wp-content\/uploads\/2023\/11\/Sticker_2-EXAMPLE.png","type":"image\/png"}],"twitter_card":"summary_large_image","schema":{"@context":"https:\/\/schema.org","@graph":[{"@type":"WebPage","@id":"https:\/\/creativityvexus.com\/sl\/product\/creepy-always-worried-nalepka\/","url":"https:\/\/creativityvexus.com\/sl\/product\/creepy-always-worried-nalepka\/","name":"Creepy Always Worried Nalepka - Creativity Vexus","isPartOf":{"@id":"https:\/\/creativityvexus.com\/sl\/#website"},"datePublished":"2023-11-09T12:10:40+00:00","dateModified":"2023-11-09T12:10:40+00:00","description":"Drzna in nenavadna \u2014 ta srhljiva nalepka je kot nala\u0161\u010d za ljubitelje \u010dudne umetnosti in grozljivih vibracij. Razi\u0161\u010di na\u0161o zbirko edinstveno nelagodnih nalepk.","breadcrumb":{"@id":"https:\/\/creativityvexus.com\/sl\/product\/creepy-always-worried-nalepka\/#breadcrumb"},"inLanguage":"sl-SI","potentialAction":[{"@type":"ReadAction","target":["https:\/\/creativityvexus.com\/sl\/product\/creepy-always-worried-nalepka\/"]}]},{"@type":"BreadcrumbList","@id":"https:\/\/creativityvexus.com\/sl\/product\/creepy-always-worried-nalepka\/#breadcrumb","itemListElement":[{"@type":"ListItem","position":1,"name":"Home","item":"https:\/\/creativityvexus.com\/sl\/"},{"@type":"ListItem","position":2,"name":"Trgovina","item":"https:\/\/creativityvexus.com\/trgovina\/"},{"@type":"ListItem","position":3,"name":"Creepy Always Worried Nalepka"}]},{"@type":"WebSite","@id":"https:\/\/creativityvexus.com\/sl\/#website","url":"https:\/\/creativityvexus.com\/sl\/","name":"Creativity Vexus","description":"Creativity Vexus Art Website","publisher":{"@id":"https:\/\/creativityvexus.com\/sl\/#organization"},"potentialAction":[{"@type":"SearchAction","target":{"@type":"EntryPoint","urlTemplate":"https:\/\/creativityvexus.com\/sl\/?s={search_term_string}"},"query-input":"required name=search_term_string"}],"inLanguage":"sl-SI"},{"@type":"Organization","@id":"https:\/\/creativityvexus.com\/sl\/#organization","name":"Creativity Vexus","url":"https:\/\/creativityvexus.com\/sl\/","logo":{"@type":"ImageObject","inLanguage":"sl-SI","@id":"https:\/\/creativityvexus.com\/sl\/#\/schema\/logo\/image\/","url":"https:\/\/creativityvexus.com\/wp-content\/uploads\/2022\/11\/Untitled_Artwork-4.png","contentUrl":"https:\/\/creativityvexus.com\/wp-content\/uploads\/2022\/11\/Untitled_Artwork-4.png","width":2048,"height":2048,"caption":"Creativity Vexus"},"image":{"@id":"https:\/\/creativityvexus.com\/sl\/#\/schema\/logo\/image\/"},"sameAs":["https:\/\/www.facebook.com\/creativityvexus\/","https:\/\/www.instagram.com\/creativityvexus\/?hl=en"]}]}},"jetpack_sharing_enabled":true,"_links":{"self":[{"href":"https:\/\/creativityvexus.com\/sl\/wp-json\/wp\/v2\/product\/3796","targetHints":{"allow":["GET"]}}],"collection":[{"href":"https:\/\/creativityvexus.com\/sl\/wp-json\/wp\/v2\/product"}],"about":[{"href":"https:\/\/creativityvexus.com\/sl\/wp-json\/wp\/v2\/types\/product"}],"replies":[{"embeddable":true,"href":"https:\/\/creativityvexus.com\/sl\/wp-json\/wp\/v2\/comments?post=3796"}],"version-history":[{"count":0,"href":"https:\/\/creativityvexus.com\/sl\/wp-json\/wp\/v2\/product\/3796\/revisions"}],"wp:featuredmedia":[{"embeddable":true,"href":"https:\/\/creativityvexus.com\/sl\/wp-json\/wp\/v2\/media\/3254"}],"wp:attachment":[{"href":"https:\/\/creativityvexus.com\/sl\/wp-json\/wp\/v2\/media?parent=3796"}],"wp:term":[{"taxonomy":"product_brand","embeddable":true,"href":"https:\/\/creativityvexus.com\/sl\/wp-json\/wp\/v2\/product_brand?post=3796"},{"taxonomy":"product_cat","embeddable":true,"href":"https:\/\/creativityvexus.com\/sl\/wp-json\/wp\/v2\/product_cat?post=3796"},{"taxonomy":"product_tag","embeddable":true,"href":"https:\/\/creativityvexus.com\/sl\/wp-json\/wp\/v2\/product_tag?post=3796"}],"curies":[{"name":"wp","href":"https:\/\/api.w.org\/{rel}","templated":true}]}}