{"id":3785,"date":"2024-09-30T19:42:05","date_gmt":"2024-09-30T18:42:05","guid":{"rendered":"https:\/\/creativityvexus.com\/product\/box-cat-art-print\/"},"modified":"2025-07-29T10:59:51","modified_gmt":"2025-07-29T09:59:51","slug":"box-cat-art-print","status":"publish","type":"product","link":"https:\/\/creativityvexus.com\/sl\/product\/box-cat-art-print\/","title":{"rendered":"Box! Cat ART print"},"content":{"rendered":"<p><span style=\"font-weight: 400;\">Zakaj pravzaprav imajo ma\u010dke tako rade \u0161katle? Nih\u010de ne ve \u2014 in ravno v tem je \u010dar.  <\/span><i><span style=\"font-weight: 400;\">Box!Cat<\/span><\/i><span style=\"font-weight: 400;\"> je prisr\u010den in igriv art print, ki praznuje eno najve\u010djih ma\u010djih skrivnosti. Z velikooko sivo mucico, simpati\u010dno pesmico avtorice Dolores Hunsky, in ozadjem polnim kartonskih \u0161katel prina\u0161a nasmeh in toplino.  <\/span><\/p>\n<p><span style=\"font-weight: 400;\">Spomni nas, da so najve\u010dje sre\u010de v \u017eivljenju pogosto preproste \u2014 le vpra\u0161ajte ma\u010dko.<\/span><\/p>\n<ul>\n<li style=\"font-weight: 400;\" aria-level=\"1\"><b>Velikost:<\/b><span style=\"font-weight: 400;\"> 21 x 18,7 cm<\/span><\/li>\n<li style=\"font-weight: 400;\" aria-level=\"1\"><b>Material:<\/b><span style=\"font-weight: 400;\"> 250 g mat papirja &#8211; mehak, nereflektirajo\u010d zaklju\u010dek <\/span> <\/li>\n<li style=\"font-weight: 400;\" aria-level=\"1\"><b>Pesem:<\/b><span style=\"font-weight: 400;\"> na voljo samo v sloven\u0161\u010dini<\/span><\/li>\n<\/ul>\n<p><span style=\"font-weight: 400;\">Lepo darilo za vse, ki imajo radi ma\u010dke, poezijo ali \u0161katle \u2013 ali pa vse troje hkrati.<\/span><\/p>\n<p><span style=\"font-weight: 400;\">Fotografije \u00a9 Vanesa Erjavec \u00a9 Mojca Kandu\u010d<\/span><\/p>\n<p><span style=\"font-weight: 400;\">Model \u00a9 Kali<\/span><\/p>\n","protected":false},"excerpt":{"rendered":"<p><span style=\"font-weight: 400;\">Lepo darilo za vse, ki imajo radi ma\u010dke, poezijo ali \u0161katle \u2013 ali pa vse troje hkrati.<\/span><\/p>\n","protected":false},"featured_media":3368,"comment_status":"open","ping_status":"closed","template":"","meta":[],"product_brand":[],"product_cat":[106],"product_tag":[],"class_list":{"0":"post-3785","1":"product","2":"type-product","3":"status-publish","4":"has-post-thumbnail","6":"product_cat-ilustracije","7":"product_shipping_class-light","9":"first","10":"instock","11":"shipping-taxable","12":"purchasable","13":"product-type-simple"},"yoast_head":"<!-- This site is optimized with the Yoast SEO plugin v21.9 - https:\/\/yoast.com\/wordpress\/plugins\/seo\/ -->\n<title>Box! Cat ART print - Creativity Vexus<\/title>\n<meta name=\"description\" content=\"Box!Cat umetni\u0161ki tisk \u2014 igriva ma\u010dja ilustracija za vse, ki obo\u017eujejo zabavno in drzno ma\u010djo dekoracijo.\" \/>\n<meta name=\"robots\" content=\"index, follow, max-snippet:-1, max-image-preview:large, max-video-preview:-1\" \/>\n<link rel=\"canonical\" href=\"https:\/\/creativityvexus.com\/sl\/product\/box-cat-art-print\/\" \/>\n<meta property=\"og:locale\" content=\"sl_SI\" \/>\n<meta property=\"og:type\" content=\"article\" \/>\n<meta property=\"og:title\" content=\"Box! Cat ART print - Creativity Vexus\" \/>\n<meta property=\"og:description\" content=\"Box!Cat umetni\u0161ki tisk \u2014 igriva ma\u010dja ilustracija za vse, ki obo\u017eujejo zabavno in drzno ma\u010djo dekoracijo.\" \/>\n<meta property=\"og:url\" content=\"https:\/\/creativityvexus.com\/sl\/product\/box-cat-art-print\/\" \/>\n<meta property=\"og:site_name\" content=\"Creativity Vexus\" \/>\n<meta property=\"article:publisher\" content=\"https:\/\/www.facebook.com\/creativityvexus\/\" \/>\n<meta property=\"article:modified_time\" content=\"2025-07-29T09:59:51+00:00\" \/>\n<meta property=\"og:image\" content=\"https:\/\/creativityvexus.com\/wp-content\/uploads\/2024\/09\/M1-KOLEDAR-2024-final-print_page-0007.jpg\" \/>\n\t<meta property=\"og:image:width\" content=\"1193\" \/>\n\t<meta property=\"og:image:height\" content=\"1165\" \/>\n\t<meta property=\"og:image:type\" content=\"image\/jpeg\" \/>\n<meta name=\"twitter:card\" content=\"summary_large_image\" \/>\n<meta name=\"twitter:label1\" content=\"Est. reading time\" \/>\n\t<meta name=\"twitter:data1\" content=\"1 minuta\" \/>\n<script type=\"application\/ld+json\" class=\"yoast-schema-graph\">{\"@context\":\"https:\/\/schema.org\",\"@graph\":[{\"@type\":\"WebPage\",\"@id\":\"https:\/\/creativityvexus.com\/sl\/product\/box-cat-art-print\/\",\"url\":\"https:\/\/creativityvexus.com\/sl\/product\/box-cat-art-print\/\",\"name\":\"Box! Cat ART print - Creativity Vexus\",\"isPartOf\":{\"@id\":\"https:\/\/creativityvexus.com\/sl\/#website\"},\"datePublished\":\"2024-09-30T18:42:05+00:00\",\"dateModified\":\"2025-07-29T09:59:51+00:00\",\"description\":\"Box!Cat umetni\u0161ki tisk \u2014 igriva ma\u010dja ilustracija za vse, ki obo\u017eujejo zabavno in drzno ma\u010djo dekoracijo.\",\"breadcrumb\":{\"@id\":\"https:\/\/creativityvexus.com\/sl\/product\/box-cat-art-print\/#breadcrumb\"},\"inLanguage\":\"sl-SI\",\"potentialAction\":[{\"@type\":\"ReadAction\",\"target\":[\"https:\/\/creativityvexus.com\/sl\/product\/box-cat-art-print\/\"]}]},{\"@type\":\"BreadcrumbList\",\"@id\":\"https:\/\/creativityvexus.com\/sl\/product\/box-cat-art-print\/#breadcrumb\",\"itemListElement\":[{\"@type\":\"ListItem\",\"position\":1,\"name\":\"Home\",\"item\":\"https:\/\/creativityvexus.com\/sl\/\"},{\"@type\":\"ListItem\",\"position\":2,\"name\":\"Trgovina\",\"item\":\"https:\/\/creativityvexus.com\/trgovina\/\"},{\"@type\":\"ListItem\",\"position\":3,\"name\":\"Box! Cat ART print\"}]},{\"@type\":\"WebSite\",\"@id\":\"https:\/\/creativityvexus.com\/sl\/#website\",\"url\":\"https:\/\/creativityvexus.com\/sl\/\",\"name\":\"Creativity Vexus\",\"description\":\"Creativity Vexus Art Website\",\"publisher\":{\"@id\":\"https:\/\/creativityvexus.com\/sl\/#organization\"},\"potentialAction\":[{\"@type\":\"SearchAction\",\"target\":{\"@type\":\"EntryPoint\",\"urlTemplate\":\"https:\/\/creativityvexus.com\/sl\/?s={search_term_string}\"},\"query-input\":\"required name=search_term_string\"}],\"inLanguage\":\"sl-SI\"},{\"@type\":\"Organization\",\"@id\":\"https:\/\/creativityvexus.com\/sl\/#organization\",\"name\":\"Creativity Vexus\",\"url\":\"https:\/\/creativityvexus.com\/sl\/\",\"logo\":{\"@type\":\"ImageObject\",\"inLanguage\":\"sl-SI\",\"@id\":\"https:\/\/creativityvexus.com\/sl\/#\/schema\/logo\/image\/\",\"url\":\"https:\/\/creativityvexus.com\/wp-content\/uploads\/2022\/11\/Untitled_Artwork-4.png\",\"contentUrl\":\"https:\/\/creativityvexus.com\/wp-content\/uploads\/2022\/11\/Untitled_Artwork-4.png\",\"width\":2048,\"height\":2048,\"caption\":\"Creativity Vexus\"},\"image\":{\"@id\":\"https:\/\/creativityvexus.com\/sl\/#\/schema\/logo\/image\/\"},\"sameAs\":[\"https:\/\/www.facebook.com\/creativityvexus\/\",\"https:\/\/www.instagram.com\/creativityvexus\/?hl=en\"]}]}<\/script>\n<!-- \/ Yoast SEO plugin. -->","yoast_head_json":{"title":"Box! Cat ART print - Creativity Vexus","description":"Box!Cat umetni\u0161ki tisk \u2014 igriva ma\u010dja ilustracija za vse, ki obo\u017eujejo zabavno in drzno ma\u010djo dekoracijo.","robots":{"index":"index","follow":"follow","max-snippet":"max-snippet:-1","max-image-preview":"max-image-preview:large","max-video-preview":"max-video-preview:-1"},"canonical":"https:\/\/creativityvexus.com\/sl\/product\/box-cat-art-print\/","og_locale":"sl_SI","og_type":"article","og_title":"Box! Cat ART print - Creativity Vexus","og_description":"Box!Cat umetni\u0161ki tisk \u2014 igriva ma\u010dja ilustracija za vse, ki obo\u017eujejo zabavno in drzno ma\u010djo dekoracijo.","og_url":"https:\/\/creativityvexus.com\/sl\/product\/box-cat-art-print\/","og_site_name":"Creativity Vexus","article_publisher":"https:\/\/www.facebook.com\/creativityvexus\/","article_modified_time":"2025-07-29T09:59:51+00:00","og_image":[{"width":1193,"height":1165,"url":"https:\/\/creativityvexus.com\/wp-content\/uploads\/2024\/09\/M1-KOLEDAR-2024-final-print_page-0007.jpg","type":"image\/jpeg"}],"twitter_card":"summary_large_image","twitter_misc":{"Est. reading time":"1 minuta"},"schema":{"@context":"https:\/\/schema.org","@graph":[{"@type":"WebPage","@id":"https:\/\/creativityvexus.com\/sl\/product\/box-cat-art-print\/","url":"https:\/\/creativityvexus.com\/sl\/product\/box-cat-art-print\/","name":"Box! Cat ART print - Creativity Vexus","isPartOf":{"@id":"https:\/\/creativityvexus.com\/sl\/#website"},"datePublished":"2024-09-30T18:42:05+00:00","dateModified":"2025-07-29T09:59:51+00:00","description":"Box!Cat umetni\u0161ki tisk \u2014 igriva ma\u010dja ilustracija za vse, ki obo\u017eujejo zabavno in drzno ma\u010djo dekoracijo.","breadcrumb":{"@id":"https:\/\/creativityvexus.com\/sl\/product\/box-cat-art-print\/#breadcrumb"},"inLanguage":"sl-SI","potentialAction":[{"@type":"ReadAction","target":["https:\/\/creativityvexus.com\/sl\/product\/box-cat-art-print\/"]}]},{"@type":"BreadcrumbList","@id":"https:\/\/creativityvexus.com\/sl\/product\/box-cat-art-print\/#breadcrumb","itemListElement":[{"@type":"ListItem","position":1,"name":"Home","item":"https:\/\/creativityvexus.com\/sl\/"},{"@type":"ListItem","position":2,"name":"Trgovina","item":"https:\/\/creativityvexus.com\/trgovina\/"},{"@type":"ListItem","position":3,"name":"Box! Cat ART print"}]},{"@type":"WebSite","@id":"https:\/\/creativityvexus.com\/sl\/#website","url":"https:\/\/creativityvexus.com\/sl\/","name":"Creativity Vexus","description":"Creativity Vexus Art Website","publisher":{"@id":"https:\/\/creativityvexus.com\/sl\/#organization"},"potentialAction":[{"@type":"SearchAction","target":{"@type":"EntryPoint","urlTemplate":"https:\/\/creativityvexus.com\/sl\/?s={search_term_string}"},"query-input":"required name=search_term_string"}],"inLanguage":"sl-SI"},{"@type":"Organization","@id":"https:\/\/creativityvexus.com\/sl\/#organization","name":"Creativity Vexus","url":"https:\/\/creativityvexus.com\/sl\/","logo":{"@type":"ImageObject","inLanguage":"sl-SI","@id":"https:\/\/creativityvexus.com\/sl\/#\/schema\/logo\/image\/","url":"https:\/\/creativityvexus.com\/wp-content\/uploads\/2022\/11\/Untitled_Artwork-4.png","contentUrl":"https:\/\/creativityvexus.com\/wp-content\/uploads\/2022\/11\/Untitled_Artwork-4.png","width":2048,"height":2048,"caption":"Creativity Vexus"},"image":{"@id":"https:\/\/creativityvexus.com\/sl\/#\/schema\/logo\/image\/"},"sameAs":["https:\/\/www.facebook.com\/creativityvexus\/","https:\/\/www.instagram.com\/creativityvexus\/?hl=en"]}]}},"jetpack_sharing_enabled":true,"_links":{"self":[{"href":"https:\/\/creativityvexus.com\/sl\/wp-json\/wp\/v2\/product\/3785","targetHints":{"allow":["GET"]}}],"collection":[{"href":"https:\/\/creativityvexus.com\/sl\/wp-json\/wp\/v2\/product"}],"about":[{"href":"https:\/\/creativityvexus.com\/sl\/wp-json\/wp\/v2\/types\/product"}],"replies":[{"embeddable":true,"href":"https:\/\/creativityvexus.com\/sl\/wp-json\/wp\/v2\/comments?post=3785"}],"version-history":[{"count":1,"href":"https:\/\/creativityvexus.com\/sl\/wp-json\/wp\/v2\/product\/3785\/revisions"}],"predecessor-version":[{"id":3788,"href":"https:\/\/creativityvexus.com\/sl\/wp-json\/wp\/v2\/product\/3785\/revisions\/3788"}],"wp:featuredmedia":[{"embeddable":true,"href":"https:\/\/creativityvexus.com\/sl\/wp-json\/wp\/v2\/media\/3368"}],"wp:attachment":[{"href":"https:\/\/creativityvexus.com\/sl\/wp-json\/wp\/v2\/media?parent=3785"}],"wp:term":[{"taxonomy":"product_brand","embeddable":true,"href":"https:\/\/creativityvexus.com\/sl\/wp-json\/wp\/v2\/product_brand?post=3785"},{"taxonomy":"product_cat","embeddable":true,"href":"https:\/\/creativityvexus.com\/sl\/wp-json\/wp\/v2\/product_cat?post=3785"},{"taxonomy":"product_tag","embeddable":true,"href":"https:\/\/creativityvexus.com\/sl\/wp-json\/wp\/v2\/product_tag?post=3785"}],"curies":[{"name":"wp","href":"https:\/\/api.w.org\/{rel}","templated":true}]}}