{"id":3754,"date":"2024-10-18T19:38:37","date_gmt":"2024-10-18T18:38:37","guid":{"rendered":"https:\/\/creativityvexus.com\/product\/znanstvena-revija-cat-print\/"},"modified":"2025-07-28T14:38:54","modified_gmt":"2025-07-28T13:38:54","slug":"znanstvena-revija-cat-print","status":"publish","type":"product","link":"https:\/\/creativityvexus.com\/sl\/product\/znanstvena-revija-cat-print\/","title":{"rendered":"Znanstvena revija Cat print"},"content":{"rendered":"<p><span style=\"font-weight: 400;\">Vas zanima, kaj va\u0161a ma\u010dka v resnici misli? Science Journal of Cats je igriv in pou\u010den umetni\u0161ki tisk, ki na zabaven in nazoren na\u010din pomaga razvozlati ma\u010djo telesno govorico. Z o\u010darljivimi ilustracijami in lahkotnim poeti\u010dnim besedilom Dolores Hunsky raziskuje, kako ma\u010dke izra\u017eajo zaupanje, strah, nervozo in \u0161e ve\u010d &#8211; vse to je zapakirano v obliko, ki jo bodo ljubitelji ma\u010dk takoj vzljubili.<\/span><\/p>\n<ul>\n<li style=\"font-weight: 400;\" aria-level=\"1\"><b>Velikost:<\/b><span style=\"font-weight: 400;\"> 21 x 18,7 cm<\/span><\/li>\n<li style=\"font-weight: 400;\" aria-level=\"1\"><b>Material:<\/b><span style=\"font-weight: 400;\"> 250 g mat papirja &#8211; mehak, nereflektirajo\u010d zaklju\u010dek <\/span> <\/li>\n<li style=\"font-weight: 400;\" aria-level=\"1\"><b>Pesem:<\/b><span style=\"font-weight: 400;\"> na voljo SAMO v sloven\u0161\u010dini<\/span><\/li>\n<\/ul>\n<p><span style=\"font-weight: 400;\">\u010ce ste ma\u010dji star\u0161, \u0161tudent veterine ali pa vas le navdu\u0161ujejo ma\u010dje domislice, je ta tiskanina namenjena vam. Znanstvena revija o ma\u010dkah, ki je idealna za darilo za ljubitelje ma\u010dk ali zabaven dodatek na va\u0161o steno, slavi skrivnostnost, humor in eleganco na\u0161ih kosmatih spremljevalcev.<\/span><\/p>\n","protected":false},"excerpt":{"rendered":"<p><span style=\"font-weight: 400;\">Super darilo za ljubitelje ma\u010dk ali simpati\u010dna popestritev doma \u2013 Znanstveni dnevnik Ma\u010dk vas bo nasmejal in nau\u010dil nekaj novega o svojih kosmatih prijateljih.<\/span><\/p>\n","protected":false},"featured_media":3370,"comment_status":"open","ping_status":"closed","template":"","meta":[],"product_brand":[],"product_cat":[106],"product_tag":[],"class_list":{"0":"post-3754","1":"product","2":"type-product","3":"status-publish","4":"has-post-thumbnail","6":"product_cat-ilustracije","7":"product_shipping_class-normalno","9":"first","10":"instock","11":"shipping-taxable","12":"purchasable","13":"product-type-simple"},"yoast_head":"<!-- This site is optimized with the Yoast SEO plugin v21.9 - https:\/\/yoast.com\/wordpress\/plugins\/seo\/ -->\n<title>Znanstvena revija Cat print - Creativity Vexus<\/title>\n<meta name=\"description\" content=\"O\u010darljiva umetni\u0161ka ilustracija ma\u010dke z igrivimi podrobnostmi - kot nala\u0161\u010d za darilo ali domiselno dekoracijo doma za ljubitelje ma\u010dk.\" \/>\n<meta name=\"robots\" content=\"index, follow, max-snippet:-1, max-image-preview:large, max-video-preview:-1\" \/>\n<link rel=\"canonical\" href=\"https:\/\/creativityvexus.com\/sl\/product\/znanstvena-revija-cat-print\/\" \/>\n<meta property=\"og:locale\" content=\"sl_SI\" \/>\n<meta property=\"og:type\" content=\"article\" \/>\n<meta property=\"og:title\" content=\"Znanstvena revija Cat print - Creativity Vexus\" \/>\n<meta property=\"og:description\" content=\"O\u010darljiva umetni\u0161ka ilustracija ma\u010dke z igrivimi podrobnostmi - kot nala\u0161\u010d za darilo ali domiselno dekoracijo doma za ljubitelje ma\u010dk.\" \/>\n<meta property=\"og:url\" content=\"https:\/\/creativityvexus.com\/sl\/product\/znanstvena-revija-cat-print\/\" \/>\n<meta property=\"og:site_name\" content=\"Creativity Vexus\" \/>\n<meta property=\"article:publisher\" content=\"https:\/\/www.facebook.com\/creativityvexus\/\" \/>\n<meta property=\"article:modified_time\" content=\"2025-07-28T13:38:54+00:00\" \/>\n<meta property=\"og:image\" content=\"https:\/\/creativityvexus.com\/wp-content\/uploads\/2024\/09\/M1-KOLEDAR-2024-final-print_page-0009.jpg\" \/>\n\t<meta property=\"og:image:width\" content=\"1193\" \/>\n\t<meta property=\"og:image:height\" content=\"1165\" \/>\n\t<meta property=\"og:image:type\" content=\"image\/jpeg\" \/>\n<meta name=\"twitter:card\" content=\"summary_large_image\" \/>\n<meta name=\"twitter:label1\" content=\"Est. reading time\" \/>\n\t<meta name=\"twitter:data1\" content=\"1 minuta\" \/>\n<script type=\"application\/ld+json\" class=\"yoast-schema-graph\">{\"@context\":\"https:\/\/schema.org\",\"@graph\":[{\"@type\":\"WebPage\",\"@id\":\"https:\/\/creativityvexus.com\/sl\/product\/znanstvena-revija-cat-print\/\",\"url\":\"https:\/\/creativityvexus.com\/sl\/product\/znanstvena-revija-cat-print\/\",\"name\":\"Znanstvena revija Cat print - Creativity Vexus\",\"isPartOf\":{\"@id\":\"https:\/\/creativityvexus.com\/sl\/#website\"},\"datePublished\":\"2024-10-18T18:38:37+00:00\",\"dateModified\":\"2025-07-28T13:38:54+00:00\",\"description\":\"O\u010darljiva umetni\u0161ka ilustracija ma\u010dke z igrivimi podrobnostmi - kot nala\u0161\u010d za darilo ali domiselno dekoracijo doma za ljubitelje ma\u010dk.\",\"breadcrumb\":{\"@id\":\"https:\/\/creativityvexus.com\/sl\/product\/znanstvena-revija-cat-print\/#breadcrumb\"},\"inLanguage\":\"sl-SI\",\"potentialAction\":[{\"@type\":\"ReadAction\",\"target\":[\"https:\/\/creativityvexus.com\/sl\/product\/znanstvena-revija-cat-print\/\"]}]},{\"@type\":\"BreadcrumbList\",\"@id\":\"https:\/\/creativityvexus.com\/sl\/product\/znanstvena-revija-cat-print\/#breadcrumb\",\"itemListElement\":[{\"@type\":\"ListItem\",\"position\":1,\"name\":\"Home\",\"item\":\"https:\/\/creativityvexus.com\/sl\/\"},{\"@type\":\"ListItem\",\"position\":2,\"name\":\"Trgovina\",\"item\":\"https:\/\/creativityvexus.com\/trgovina\/\"},{\"@type\":\"ListItem\",\"position\":3,\"name\":\"Znanstvena revija Cat print\"}]},{\"@type\":\"WebSite\",\"@id\":\"https:\/\/creativityvexus.com\/sl\/#website\",\"url\":\"https:\/\/creativityvexus.com\/sl\/\",\"name\":\"Creativity Vexus\",\"description\":\"Creativity Vexus Art Website\",\"publisher\":{\"@id\":\"https:\/\/creativityvexus.com\/sl\/#organization\"},\"potentialAction\":[{\"@type\":\"SearchAction\",\"target\":{\"@type\":\"EntryPoint\",\"urlTemplate\":\"https:\/\/creativityvexus.com\/sl\/?s={search_term_string}\"},\"query-input\":\"required name=search_term_string\"}],\"inLanguage\":\"sl-SI\"},{\"@type\":\"Organization\",\"@id\":\"https:\/\/creativityvexus.com\/sl\/#organization\",\"name\":\"Creativity Vexus\",\"url\":\"https:\/\/creativityvexus.com\/sl\/\",\"logo\":{\"@type\":\"ImageObject\",\"inLanguage\":\"sl-SI\",\"@id\":\"https:\/\/creativityvexus.com\/sl\/#\/schema\/logo\/image\/\",\"url\":\"https:\/\/creativityvexus.com\/wp-content\/uploads\/2022\/11\/Untitled_Artwork-4.png\",\"contentUrl\":\"https:\/\/creativityvexus.com\/wp-content\/uploads\/2022\/11\/Untitled_Artwork-4.png\",\"width\":2048,\"height\":2048,\"caption\":\"Creativity Vexus\"},\"image\":{\"@id\":\"https:\/\/creativityvexus.com\/sl\/#\/schema\/logo\/image\/\"},\"sameAs\":[\"https:\/\/www.facebook.com\/creativityvexus\/\",\"https:\/\/www.instagram.com\/creativityvexus\/?hl=en\"]}]}<\/script>\n<!-- \/ Yoast SEO plugin. -->","yoast_head_json":{"title":"Znanstvena revija Cat print - Creativity Vexus","description":"O\u010darljiva umetni\u0161ka ilustracija ma\u010dke z igrivimi podrobnostmi - kot nala\u0161\u010d za darilo ali domiselno dekoracijo doma za ljubitelje ma\u010dk.","robots":{"index":"index","follow":"follow","max-snippet":"max-snippet:-1","max-image-preview":"max-image-preview:large","max-video-preview":"max-video-preview:-1"},"canonical":"https:\/\/creativityvexus.com\/sl\/product\/znanstvena-revija-cat-print\/","og_locale":"sl_SI","og_type":"article","og_title":"Znanstvena revija Cat print - Creativity Vexus","og_description":"O\u010darljiva umetni\u0161ka ilustracija ma\u010dke z igrivimi podrobnostmi - kot nala\u0161\u010d za darilo ali domiselno dekoracijo doma za ljubitelje ma\u010dk.","og_url":"https:\/\/creativityvexus.com\/sl\/product\/znanstvena-revija-cat-print\/","og_site_name":"Creativity Vexus","article_publisher":"https:\/\/www.facebook.com\/creativityvexus\/","article_modified_time":"2025-07-28T13:38:54+00:00","og_image":[{"width":1193,"height":1165,"url":"https:\/\/creativityvexus.com\/wp-content\/uploads\/2024\/09\/M1-KOLEDAR-2024-final-print_page-0009.jpg","type":"image\/jpeg"}],"twitter_card":"summary_large_image","twitter_misc":{"Est. reading time":"1 minuta"},"schema":{"@context":"https:\/\/schema.org","@graph":[{"@type":"WebPage","@id":"https:\/\/creativityvexus.com\/sl\/product\/znanstvena-revija-cat-print\/","url":"https:\/\/creativityvexus.com\/sl\/product\/znanstvena-revija-cat-print\/","name":"Znanstvena revija Cat print - Creativity Vexus","isPartOf":{"@id":"https:\/\/creativityvexus.com\/sl\/#website"},"datePublished":"2024-10-18T18:38:37+00:00","dateModified":"2025-07-28T13:38:54+00:00","description":"O\u010darljiva umetni\u0161ka ilustracija ma\u010dke z igrivimi podrobnostmi - kot nala\u0161\u010d za darilo ali domiselno dekoracijo doma za ljubitelje ma\u010dk.","breadcrumb":{"@id":"https:\/\/creativityvexus.com\/sl\/product\/znanstvena-revija-cat-print\/#breadcrumb"},"inLanguage":"sl-SI","potentialAction":[{"@type":"ReadAction","target":["https:\/\/creativityvexus.com\/sl\/product\/znanstvena-revija-cat-print\/"]}]},{"@type":"BreadcrumbList","@id":"https:\/\/creativityvexus.com\/sl\/product\/znanstvena-revija-cat-print\/#breadcrumb","itemListElement":[{"@type":"ListItem","position":1,"name":"Home","item":"https:\/\/creativityvexus.com\/sl\/"},{"@type":"ListItem","position":2,"name":"Trgovina","item":"https:\/\/creativityvexus.com\/trgovina\/"},{"@type":"ListItem","position":3,"name":"Znanstvena revija Cat print"}]},{"@type":"WebSite","@id":"https:\/\/creativityvexus.com\/sl\/#website","url":"https:\/\/creativityvexus.com\/sl\/","name":"Creativity Vexus","description":"Creativity Vexus Art Website","publisher":{"@id":"https:\/\/creativityvexus.com\/sl\/#organization"},"potentialAction":[{"@type":"SearchAction","target":{"@type":"EntryPoint","urlTemplate":"https:\/\/creativityvexus.com\/sl\/?s={search_term_string}"},"query-input":"required name=search_term_string"}],"inLanguage":"sl-SI"},{"@type":"Organization","@id":"https:\/\/creativityvexus.com\/sl\/#organization","name":"Creativity Vexus","url":"https:\/\/creativityvexus.com\/sl\/","logo":{"@type":"ImageObject","inLanguage":"sl-SI","@id":"https:\/\/creativityvexus.com\/sl\/#\/schema\/logo\/image\/","url":"https:\/\/creativityvexus.com\/wp-content\/uploads\/2022\/11\/Untitled_Artwork-4.png","contentUrl":"https:\/\/creativityvexus.com\/wp-content\/uploads\/2022\/11\/Untitled_Artwork-4.png","width":2048,"height":2048,"caption":"Creativity Vexus"},"image":{"@id":"https:\/\/creativityvexus.com\/sl\/#\/schema\/logo\/image\/"},"sameAs":["https:\/\/www.facebook.com\/creativityvexus\/","https:\/\/www.instagram.com\/creativityvexus\/?hl=en"]}]}},"jetpack_sharing_enabled":true,"_links":{"self":[{"href":"https:\/\/creativityvexus.com\/sl\/wp-json\/wp\/v2\/product\/3754","targetHints":{"allow":["GET"]}}],"collection":[{"href":"https:\/\/creativityvexus.com\/sl\/wp-json\/wp\/v2\/product"}],"about":[{"href":"https:\/\/creativityvexus.com\/sl\/wp-json\/wp\/v2\/types\/product"}],"replies":[{"embeddable":true,"href":"https:\/\/creativityvexus.com\/sl\/wp-json\/wp\/v2\/comments?post=3754"}],"version-history":[{"count":3,"href":"https:\/\/creativityvexus.com\/sl\/wp-json\/wp\/v2\/product\/3754\/revisions"}],"predecessor-version":[{"id":3760,"href":"https:\/\/creativityvexus.com\/sl\/wp-json\/wp\/v2\/product\/3754\/revisions\/3760"}],"wp:featuredmedia":[{"embeddable":true,"href":"https:\/\/creativityvexus.com\/sl\/wp-json\/wp\/v2\/media\/3370"}],"wp:attachment":[{"href":"https:\/\/creativityvexus.com\/sl\/wp-json\/wp\/v2\/media?parent=3754"}],"wp:term":[{"taxonomy":"product_brand","embeddable":true,"href":"https:\/\/creativityvexus.com\/sl\/wp-json\/wp\/v2\/product_brand?post=3754"},{"taxonomy":"product_cat","embeddable":true,"href":"https:\/\/creativityvexus.com\/sl\/wp-json\/wp\/v2\/product_cat?post=3754"},{"taxonomy":"product_tag","embeddable":true,"href":"https:\/\/creativityvexus.com\/sl\/wp-json\/wp\/v2\/product_tag?post=3754"}],"curies":[{"name":"wp","href":"https:\/\/api.w.org\/{rel}","templated":true}]}}