{"id":3706,"date":"2023-12-01T22:42:25","date_gmt":"2023-12-01T21:42:25","guid":{"rendered":"https:\/\/creativityvexus.com\/product\/torba-narobe-svet\/"},"modified":"2023-12-01T22:42:25","modified_gmt":"2023-12-01T21:42:25","slug":"torba-narobe-svet","status":"publish","type":"product","link":"https:\/\/creativityvexus.com\/sl\/product\/torba-narobe-svet\/","title":{"rendered":"Torba Narobe svet"},"content":{"rendered":"<p>Za vse, ki imate radi nekaj posebnega \u2013 <i>Narobe svet<\/i> je bomba\u017ena torba z abstraktnim motivom, ki spominja na korenine, lovke ali pa nekaj \u010disto po tvoji domi\u0161ljiji. <\/p>\n<p>Mo\u010dna in prakti\u010dna, hkrati pa tudi umetni\u0161ki izraz.<\/p>\n<ul>\n<li aria-level=\"1\"><b>Velikost: <\/b>36 cm (\u0161irina) x 40 cm (vi\u0161ina), 70 cm z ro\u010daji<\/li>\n<li aria-level=\"1\"><b>Material: <\/b>Trpe\u017eno, 100% bomba\u017eno platno \u2013 za ve\u010dkratno uporabo, zlo\u017eljiva in okolju prijazna<\/li>\n<li aria-level=\"1\"><strong>Na voljo v beli ali \u010drni barvi!<\/strong><\/li>\n<\/ul>\n<p>Torba, ki vzbuja zanimanje.<\/p>\n<p>Slike \u00a9 Mojca Kandu\u010d<br \/>\nModel \u00a9 Gilly<\/p>\n","protected":false},"excerpt":{"rendered":"<p>Torba, ki vzbuja zanimanje. Available in black or white!<\/p>\n","protected":false},"featured_media":3289,"comment_status":"open","ping_status":"closed","template":"","meta":[],"product_brand":[],"product_cat":[108],"product_tag":[],"class_list":{"0":"post-3706","1":"product","2":"type-product","3":"status-publish","4":"has-post-thumbnail","6":"product_cat-torbe","7":"product_shipping_class-normalno","9":"first","10":"instock","11":"shipping-taxable","12":"purchasable","13":"product-type-variable","14":"has-default-attributes"},"yoast_head":"<!-- This site is optimized with the Yoast SEO plugin v21.9 - https:\/\/yoast.com\/wordpress\/plugins\/seo\/ -->\n<title>Torba Narobe svet - Creativity Vexus<\/title>\n<meta name=\"description\" content=\"Za vse, ki imate radi nekaj posebnega \u2013 Narobe svet je bomba\u017ena torba z abstraktnim motivom. Mo\u010dna in prakti\u010dna, hkrati pa tudi umetni\u0161ki izraz.\" \/>\n<meta name=\"robots\" content=\"index, follow, max-snippet:-1, max-image-preview:large, max-video-preview:-1\" \/>\n<link rel=\"canonical\" href=\"https:\/\/creativityvexus.com\/sl\/product\/torba-narobe-svet\/\" \/>\n<meta property=\"og:locale\" content=\"sl_SI\" \/>\n<meta property=\"og:type\" content=\"article\" \/>\n<meta property=\"og:title\" content=\"Torba Narobe svet - Creativity Vexus\" \/>\n<meta property=\"og:description\" content=\"Za vse, ki imate radi nekaj posebnega \u2013 Narobe svet je bomba\u017ena torba z abstraktnim motivom. Mo\u010dna in prakti\u010dna, hkrati pa tudi umetni\u0161ki izraz.\" \/>\n<meta property=\"og:url\" content=\"https:\/\/creativityvexus.com\/sl\/product\/torba-narobe-svet\/\" \/>\n<meta property=\"og:site_name\" content=\"Creativity Vexus\" \/>\n<meta property=\"article:publisher\" content=\"https:\/\/www.facebook.com\/creativityvexus\/\" \/>\n<meta property=\"og:image\" content=\"https:\/\/creativityvexus.com\/wp-content\/uploads\/2023\/11\/Frame-8-1024x738.png\" \/>\n\t<meta property=\"og:image:width\" content=\"1024\" \/>\n\t<meta property=\"og:image:height\" content=\"738\" \/>\n\t<meta property=\"og:image:type\" content=\"image\/png\" \/>\n<meta name=\"twitter:card\" content=\"summary_large_image\" \/>\n<script type=\"application\/ld+json\" class=\"yoast-schema-graph\">{\"@context\":\"https:\/\/schema.org\",\"@graph\":[{\"@type\":\"WebPage\",\"@id\":\"https:\/\/creativityvexus.com\/sl\/product\/torba-narobe-svet\/\",\"url\":\"https:\/\/creativityvexus.com\/sl\/product\/torba-narobe-svet\/\",\"name\":\"Torba Narobe svet - Creativity Vexus\",\"isPartOf\":{\"@id\":\"https:\/\/creativityvexus.com\/sl\/#website\"},\"datePublished\":\"2023-12-01T21:42:25+00:00\",\"dateModified\":\"2023-12-01T21:42:25+00:00\",\"description\":\"Za vse, ki imate radi nekaj posebnega \u2013 Narobe svet je bomba\u017ena torba z abstraktnim motivom. Mo\u010dna in prakti\u010dna, hkrati pa tudi umetni\u0161ki izraz.\",\"breadcrumb\":{\"@id\":\"https:\/\/creativityvexus.com\/sl\/product\/torba-narobe-svet\/#breadcrumb\"},\"inLanguage\":\"sl-SI\",\"potentialAction\":[{\"@type\":\"ReadAction\",\"target\":[\"https:\/\/creativityvexus.com\/sl\/product\/torba-narobe-svet\/\"]}]},{\"@type\":\"BreadcrumbList\",\"@id\":\"https:\/\/creativityvexus.com\/sl\/product\/torba-narobe-svet\/#breadcrumb\",\"itemListElement\":[{\"@type\":\"ListItem\",\"position\":1,\"name\":\"Home\",\"item\":\"https:\/\/creativityvexus.com\/sl\/\"},{\"@type\":\"ListItem\",\"position\":2,\"name\":\"Trgovina\",\"item\":\"https:\/\/creativityvexus.com\/trgovina\/\"},{\"@type\":\"ListItem\",\"position\":3,\"name\":\"Torba Narobe svet\"}]},{\"@type\":\"WebSite\",\"@id\":\"https:\/\/creativityvexus.com\/sl\/#website\",\"url\":\"https:\/\/creativityvexus.com\/sl\/\",\"name\":\"Creativity Vexus\",\"description\":\"Creativity Vexus Art Website\",\"publisher\":{\"@id\":\"https:\/\/creativityvexus.com\/sl\/#organization\"},\"potentialAction\":[{\"@type\":\"SearchAction\",\"target\":{\"@type\":\"EntryPoint\",\"urlTemplate\":\"https:\/\/creativityvexus.com\/sl\/?s={search_term_string}\"},\"query-input\":\"required name=search_term_string\"}],\"inLanguage\":\"sl-SI\"},{\"@type\":\"Organization\",\"@id\":\"https:\/\/creativityvexus.com\/sl\/#organization\",\"name\":\"Creativity Vexus\",\"url\":\"https:\/\/creativityvexus.com\/sl\/\",\"logo\":{\"@type\":\"ImageObject\",\"inLanguage\":\"sl-SI\",\"@id\":\"https:\/\/creativityvexus.com\/sl\/#\/schema\/logo\/image\/\",\"url\":\"https:\/\/creativityvexus.com\/wp-content\/uploads\/2022\/11\/Untitled_Artwork-4.png\",\"contentUrl\":\"https:\/\/creativityvexus.com\/wp-content\/uploads\/2022\/11\/Untitled_Artwork-4.png\",\"width\":2048,\"height\":2048,\"caption\":\"Creativity Vexus\"},\"image\":{\"@id\":\"https:\/\/creativityvexus.com\/sl\/#\/schema\/logo\/image\/\"},\"sameAs\":[\"https:\/\/www.facebook.com\/creativityvexus\/\",\"https:\/\/www.instagram.com\/creativityvexus\/?hl=en\"]}]}<\/script>\n<!-- \/ Yoast SEO plugin. -->","yoast_head_json":{"title":"Torba Narobe svet - Creativity Vexus","description":"Za vse, ki imate radi nekaj posebnega \u2013 Narobe svet je bomba\u017ena torba z abstraktnim motivom. Mo\u010dna in prakti\u010dna, hkrati pa tudi umetni\u0161ki izraz.","robots":{"index":"index","follow":"follow","max-snippet":"max-snippet:-1","max-image-preview":"max-image-preview:large","max-video-preview":"max-video-preview:-1"},"canonical":"https:\/\/creativityvexus.com\/sl\/product\/torba-narobe-svet\/","og_locale":"sl_SI","og_type":"article","og_title":"Torba Narobe svet - Creativity Vexus","og_description":"Za vse, ki imate radi nekaj posebnega \u2013 Narobe svet je bomba\u017ena torba z abstraktnim motivom. Mo\u010dna in prakti\u010dna, hkrati pa tudi umetni\u0161ki izraz.","og_url":"https:\/\/creativityvexus.com\/sl\/product\/torba-narobe-svet\/","og_site_name":"Creativity Vexus","article_publisher":"https:\/\/www.facebook.com\/creativityvexus\/","og_image":[{"width":1024,"height":738,"url":"https:\/\/creativityvexus.com\/wp-content\/uploads\/2023\/11\/Frame-8-1024x738.png","type":"image\/png"}],"twitter_card":"summary_large_image","schema":{"@context":"https:\/\/schema.org","@graph":[{"@type":"WebPage","@id":"https:\/\/creativityvexus.com\/sl\/product\/torba-narobe-svet\/","url":"https:\/\/creativityvexus.com\/sl\/product\/torba-narobe-svet\/","name":"Torba Narobe svet - Creativity Vexus","isPartOf":{"@id":"https:\/\/creativityvexus.com\/sl\/#website"},"datePublished":"2023-12-01T21:42:25+00:00","dateModified":"2023-12-01T21:42:25+00:00","description":"Za vse, ki imate radi nekaj posebnega \u2013 Narobe svet je bomba\u017ena torba z abstraktnim motivom. Mo\u010dna in prakti\u010dna, hkrati pa tudi umetni\u0161ki izraz.","breadcrumb":{"@id":"https:\/\/creativityvexus.com\/sl\/product\/torba-narobe-svet\/#breadcrumb"},"inLanguage":"sl-SI","potentialAction":[{"@type":"ReadAction","target":["https:\/\/creativityvexus.com\/sl\/product\/torba-narobe-svet\/"]}]},{"@type":"BreadcrumbList","@id":"https:\/\/creativityvexus.com\/sl\/product\/torba-narobe-svet\/#breadcrumb","itemListElement":[{"@type":"ListItem","position":1,"name":"Home","item":"https:\/\/creativityvexus.com\/sl\/"},{"@type":"ListItem","position":2,"name":"Trgovina","item":"https:\/\/creativityvexus.com\/trgovina\/"},{"@type":"ListItem","position":3,"name":"Torba Narobe svet"}]},{"@type":"WebSite","@id":"https:\/\/creativityvexus.com\/sl\/#website","url":"https:\/\/creativityvexus.com\/sl\/","name":"Creativity Vexus","description":"Creativity Vexus Art Website","publisher":{"@id":"https:\/\/creativityvexus.com\/sl\/#organization"},"potentialAction":[{"@type":"SearchAction","target":{"@type":"EntryPoint","urlTemplate":"https:\/\/creativityvexus.com\/sl\/?s={search_term_string}"},"query-input":"required name=search_term_string"}],"inLanguage":"sl-SI"},{"@type":"Organization","@id":"https:\/\/creativityvexus.com\/sl\/#organization","name":"Creativity Vexus","url":"https:\/\/creativityvexus.com\/sl\/","logo":{"@type":"ImageObject","inLanguage":"sl-SI","@id":"https:\/\/creativityvexus.com\/sl\/#\/schema\/logo\/image\/","url":"https:\/\/creativityvexus.com\/wp-content\/uploads\/2022\/11\/Untitled_Artwork-4.png","contentUrl":"https:\/\/creativityvexus.com\/wp-content\/uploads\/2022\/11\/Untitled_Artwork-4.png","width":2048,"height":2048,"caption":"Creativity Vexus"},"image":{"@id":"https:\/\/creativityvexus.com\/sl\/#\/schema\/logo\/image\/"},"sameAs":["https:\/\/www.facebook.com\/creativityvexus\/","https:\/\/www.instagram.com\/creativityvexus\/?hl=en"]}]}},"jetpack_sharing_enabled":true,"_links":{"self":[{"href":"https:\/\/creativityvexus.com\/sl\/wp-json\/wp\/v2\/product\/3706","targetHints":{"allow":["GET"]}}],"collection":[{"href":"https:\/\/creativityvexus.com\/sl\/wp-json\/wp\/v2\/product"}],"about":[{"href":"https:\/\/creativityvexus.com\/sl\/wp-json\/wp\/v2\/types\/product"}],"replies":[{"embeddable":true,"href":"https:\/\/creativityvexus.com\/sl\/wp-json\/wp\/v2\/comments?post=3706"}],"version-history":[{"count":0,"href":"https:\/\/creativityvexus.com\/sl\/wp-json\/wp\/v2\/product\/3706\/revisions"}],"wp:featuredmedia":[{"embeddable":true,"href":"https:\/\/creativityvexus.com\/sl\/wp-json\/wp\/v2\/media\/3289"}],"wp:attachment":[{"href":"https:\/\/creativityvexus.com\/sl\/wp-json\/wp\/v2\/media?parent=3706"}],"wp:term":[{"taxonomy":"product_brand","embeddable":true,"href":"https:\/\/creativityvexus.com\/sl\/wp-json\/wp\/v2\/product_brand?post=3706"},{"taxonomy":"product_cat","embeddable":true,"href":"https:\/\/creativityvexus.com\/sl\/wp-json\/wp\/v2\/product_cat?post=3706"},{"taxonomy":"product_tag","embeddable":true,"href":"https:\/\/creativityvexus.com\/sl\/wp-json\/wp\/v2\/product_tag?post=3706"}],"curies":[{"name":"wp","href":"https:\/\/api.w.org\/{rel}","templated":true}]}}