{"id":3701,"date":"2024-10-01T15:45:25","date_gmt":"2024-10-01T14:45:25","guid":{"rendered":"https:\/\/creativityvexus.com\/product\/meow-macja-torba\/"},"modified":"2025-07-22T12:23:05","modified_gmt":"2025-07-22T11:23:05","slug":"meow-macja-torba","status":"publish","type":"product","link":"https:\/\/creativityvexus.com\/sl\/product\/meow-macja-torba\/","title":{"rendered":"MEOW ma\u010dja torba"},"content":{"rendered":"<p>I\u0161\u010de\u0161 torbo, ki je prakti\u010dna in hkrati malo ma\u010dje posebna? <i>MEOW<\/i> je popolna izbira \u2013 s preprostim, a izrazitim motivom ma\u010dke in njihovim najljub\u0161im vpra\u0161anjem <i>\u00bbMEOW?\u00ab<\/i>, oz. v prevodu: \u00bbKje je hrana?\u00ab. Odli\u010dna je za vsak dan: za v trgovino, v knji\u017enico, na tr\u017enico ali na kavo. <\/p>\n<p>Mo\u010dna, ve\u010dkrat uporabna in s stilom \u2013 idealna za vse ljubitelje ma\u010dk s smislom za humor. V beli ali \u010drni barvi!<\/p>\n<ul>\n<li aria-level=\"1\"><b>Velikost: <\/b>36 cm (\u0161irina) x 40 cm (vi\u0161ina), 70 cm z ro\u010daji<\/li>\n<li aria-level=\"1\"><b>Material: <\/b>Trpe\u017eno, 100% bomba\u017eno platno \u2013 za ve\u010dkratno uporabo, zlo\u017eljiva in okolju prijazna<\/li>\n<li aria-level=\"1\"><strong>Available in black or white!<\/strong><\/li>\n<\/ul>\n<p>Slike \u00a9 Mojca Kandu\u010d<br \/>\nModel \u00a9 Gilly<\/p>\n","protected":false},"excerpt":{"rendered":"<p>MEOW ma\u010dja torba je odli\u010dna vre\u010dka za vsak dan: v trgovino, na tr\u017enico, v knji\u017enico ali na kavo &#8211; mo\u010dna, ve\u010dkrat uporabna in s stilom \u2013 idealna za vse ljubitelje ma\u010dk s smislom za humor. Na voljo v beli ali \u010drni barvi! <\/p>\n","protected":false},"featured_media":3288,"comment_status":"open","ping_status":"closed","template":"","meta":[],"product_brand":[],"product_cat":[108],"product_tag":[],"class_list":{"0":"post-3701","1":"product","2":"type-product","3":"status-publish","4":"has-post-thumbnail","6":"product_cat-torbe","7":"product_shipping_class-normalno","9":"first","10":"instock","11":"shipping-taxable","12":"purchasable","13":"product-type-variable","14":"has-default-attributes"},"yoast_head":"<!-- This site is optimized with the Yoast SEO plugin v21.9 - https:\/\/yoast.com\/wordpress\/plugins\/seo\/ -->\n<title>MEOW ma\u010dja torba - Creativity Vexus<\/title>\n<meta name=\"description\" content=\"MEOW ma\u010dja torba je odli\u010dna vre\u010dka za vsak dan: v trgovino, na tr\u017enico, v knji\u017enico ali na kavo - mo\u010dna, ve\u010dkrat uporabna in s stilom \u2013 idealna za vse ljubitelje ma\u010dk s smislom za humor. Na voljo v beli ali \u010drni barvi!\" \/>\n<meta name=\"robots\" content=\"index, follow, max-snippet:-1, max-image-preview:large, max-video-preview:-1\" \/>\n<link rel=\"canonical\" href=\"https:\/\/creativityvexus.com\/sl\/product\/meow-macja-torba\/\" \/>\n<meta property=\"og:locale\" content=\"sl_SI\" \/>\n<meta property=\"og:type\" content=\"article\" \/>\n<meta property=\"og:title\" content=\"MEOW ma\u010dja torba - Creativity Vexus\" \/>\n<meta property=\"og:description\" content=\"MEOW ma\u010dja torba je odli\u010dna vre\u010dka za vsak dan: v trgovino, na tr\u017enico, v knji\u017enico ali na kavo - mo\u010dna, ve\u010dkrat uporabna in s stilom \u2013 idealna za vse ljubitelje ma\u010dk s smislom za humor. Na voljo v beli ali \u010drni barvi!\" \/>\n<meta property=\"og:url\" content=\"https:\/\/creativityvexus.com\/sl\/product\/meow-macja-torba\/\" \/>\n<meta property=\"og:site_name\" content=\"Creativity Vexus\" \/>\n<meta property=\"article:publisher\" content=\"https:\/\/www.facebook.com\/creativityvexus\/\" \/>\n<meta property=\"article:modified_time\" content=\"2025-07-22T11:23:05+00:00\" \/>\n<meta property=\"og:image\" content=\"https:\/\/creativityvexus.com\/wp-content\/uploads\/2023\/11\/Frame-8-3-1024x738.png\" \/>\n\t<meta property=\"og:image:width\" content=\"1024\" \/>\n\t<meta property=\"og:image:height\" content=\"738\" \/>\n\t<meta property=\"og:image:type\" content=\"image\/png\" \/>\n<meta name=\"twitter:card\" content=\"summary_large_image\" \/>\n<meta name=\"twitter:label1\" content=\"Est. reading time\" \/>\n\t<meta name=\"twitter:data1\" content=\"1 minuta\" \/>\n<script type=\"application\/ld+json\" class=\"yoast-schema-graph\">{\"@context\":\"https:\/\/schema.org\",\"@graph\":[{\"@type\":\"WebPage\",\"@id\":\"https:\/\/creativityvexus.com\/sl\/product\/meow-macja-torba\/\",\"url\":\"https:\/\/creativityvexus.com\/sl\/product\/meow-macja-torba\/\",\"name\":\"MEOW ma\u010dja torba - Creativity Vexus\",\"isPartOf\":{\"@id\":\"https:\/\/creativityvexus.com\/sl\/#website\"},\"datePublished\":\"2024-10-01T14:45:25+00:00\",\"dateModified\":\"2025-07-22T11:23:05+00:00\",\"description\":\"MEOW ma\u010dja torba je odli\u010dna vre\u010dka za vsak dan: v trgovino, na tr\u017enico, v knji\u017enico ali na kavo - mo\u010dna, ve\u010dkrat uporabna in s stilom \u2013 idealna za vse ljubitelje ma\u010dk s smislom za humor. Na voljo v beli ali \u010drni barvi!\",\"breadcrumb\":{\"@id\":\"https:\/\/creativityvexus.com\/sl\/product\/meow-macja-torba\/#breadcrumb\"},\"inLanguage\":\"sl-SI\",\"potentialAction\":[{\"@type\":\"ReadAction\",\"target\":[\"https:\/\/creativityvexus.com\/sl\/product\/meow-macja-torba\/\"]}]},{\"@type\":\"BreadcrumbList\",\"@id\":\"https:\/\/creativityvexus.com\/sl\/product\/meow-macja-torba\/#breadcrumb\",\"itemListElement\":[{\"@type\":\"ListItem\",\"position\":1,\"name\":\"Home\",\"item\":\"https:\/\/creativityvexus.com\/sl\/\"},{\"@type\":\"ListItem\",\"position\":2,\"name\":\"Trgovina\",\"item\":\"https:\/\/creativityvexus.com\/trgovina\/\"},{\"@type\":\"ListItem\",\"position\":3,\"name\":\"MEOW ma\u010dja torba\"}]},{\"@type\":\"WebSite\",\"@id\":\"https:\/\/creativityvexus.com\/sl\/#website\",\"url\":\"https:\/\/creativityvexus.com\/sl\/\",\"name\":\"Creativity Vexus\",\"description\":\"Creativity Vexus Art Website\",\"publisher\":{\"@id\":\"https:\/\/creativityvexus.com\/sl\/#organization\"},\"potentialAction\":[{\"@type\":\"SearchAction\",\"target\":{\"@type\":\"EntryPoint\",\"urlTemplate\":\"https:\/\/creativityvexus.com\/sl\/?s={search_term_string}\"},\"query-input\":\"required name=search_term_string\"}],\"inLanguage\":\"sl-SI\"},{\"@type\":\"Organization\",\"@id\":\"https:\/\/creativityvexus.com\/sl\/#organization\",\"name\":\"Creativity Vexus\",\"url\":\"https:\/\/creativityvexus.com\/sl\/\",\"logo\":{\"@type\":\"ImageObject\",\"inLanguage\":\"sl-SI\",\"@id\":\"https:\/\/creativityvexus.com\/sl\/#\/schema\/logo\/image\/\",\"url\":\"https:\/\/creativityvexus.com\/wp-content\/uploads\/2022\/11\/Untitled_Artwork-4.png\",\"contentUrl\":\"https:\/\/creativityvexus.com\/wp-content\/uploads\/2022\/11\/Untitled_Artwork-4.png\",\"width\":2048,\"height\":2048,\"caption\":\"Creativity Vexus\"},\"image\":{\"@id\":\"https:\/\/creativityvexus.com\/sl\/#\/schema\/logo\/image\/\"},\"sameAs\":[\"https:\/\/www.facebook.com\/creativityvexus\/\",\"https:\/\/www.instagram.com\/creativityvexus\/?hl=en\"]}]}<\/script>\n<!-- \/ Yoast SEO plugin. -->","yoast_head_json":{"title":"MEOW ma\u010dja torba - Creativity Vexus","description":"MEOW ma\u010dja torba je odli\u010dna vre\u010dka za vsak dan: v trgovino, na tr\u017enico, v knji\u017enico ali na kavo - mo\u010dna, ve\u010dkrat uporabna in s stilom \u2013 idealna za vse ljubitelje ma\u010dk s smislom za humor. Na voljo v beli ali \u010drni barvi!","robots":{"index":"index","follow":"follow","max-snippet":"max-snippet:-1","max-image-preview":"max-image-preview:large","max-video-preview":"max-video-preview:-1"},"canonical":"https:\/\/creativityvexus.com\/sl\/product\/meow-macja-torba\/","og_locale":"sl_SI","og_type":"article","og_title":"MEOW ma\u010dja torba - Creativity Vexus","og_description":"MEOW ma\u010dja torba je odli\u010dna vre\u010dka za vsak dan: v trgovino, na tr\u017enico, v knji\u017enico ali na kavo - mo\u010dna, ve\u010dkrat uporabna in s stilom \u2013 idealna za vse ljubitelje ma\u010dk s smislom za humor. Na voljo v beli ali \u010drni barvi!","og_url":"https:\/\/creativityvexus.com\/sl\/product\/meow-macja-torba\/","og_site_name":"Creativity Vexus","article_publisher":"https:\/\/www.facebook.com\/creativityvexus\/","article_modified_time":"2025-07-22T11:23:05+00:00","og_image":[{"width":1024,"height":738,"url":"https:\/\/creativityvexus.com\/wp-content\/uploads\/2023\/11\/Frame-8-3-1024x738.png","type":"image\/png"}],"twitter_card":"summary_large_image","twitter_misc":{"Est. reading time":"1 minuta"},"schema":{"@context":"https:\/\/schema.org","@graph":[{"@type":"WebPage","@id":"https:\/\/creativityvexus.com\/sl\/product\/meow-macja-torba\/","url":"https:\/\/creativityvexus.com\/sl\/product\/meow-macja-torba\/","name":"MEOW ma\u010dja torba - Creativity Vexus","isPartOf":{"@id":"https:\/\/creativityvexus.com\/sl\/#website"},"datePublished":"2024-10-01T14:45:25+00:00","dateModified":"2025-07-22T11:23:05+00:00","description":"MEOW ma\u010dja torba je odli\u010dna vre\u010dka za vsak dan: v trgovino, na tr\u017enico, v knji\u017enico ali na kavo - mo\u010dna, ve\u010dkrat uporabna in s stilom \u2013 idealna za vse ljubitelje ma\u010dk s smislom za humor. Na voljo v beli ali \u010drni barvi!","breadcrumb":{"@id":"https:\/\/creativityvexus.com\/sl\/product\/meow-macja-torba\/#breadcrumb"},"inLanguage":"sl-SI","potentialAction":[{"@type":"ReadAction","target":["https:\/\/creativityvexus.com\/sl\/product\/meow-macja-torba\/"]}]},{"@type":"BreadcrumbList","@id":"https:\/\/creativityvexus.com\/sl\/product\/meow-macja-torba\/#breadcrumb","itemListElement":[{"@type":"ListItem","position":1,"name":"Home","item":"https:\/\/creativityvexus.com\/sl\/"},{"@type":"ListItem","position":2,"name":"Trgovina","item":"https:\/\/creativityvexus.com\/trgovina\/"},{"@type":"ListItem","position":3,"name":"MEOW ma\u010dja torba"}]},{"@type":"WebSite","@id":"https:\/\/creativityvexus.com\/sl\/#website","url":"https:\/\/creativityvexus.com\/sl\/","name":"Creativity Vexus","description":"Creativity Vexus Art Website","publisher":{"@id":"https:\/\/creativityvexus.com\/sl\/#organization"},"potentialAction":[{"@type":"SearchAction","target":{"@type":"EntryPoint","urlTemplate":"https:\/\/creativityvexus.com\/sl\/?s={search_term_string}"},"query-input":"required name=search_term_string"}],"inLanguage":"sl-SI"},{"@type":"Organization","@id":"https:\/\/creativityvexus.com\/sl\/#organization","name":"Creativity Vexus","url":"https:\/\/creativityvexus.com\/sl\/","logo":{"@type":"ImageObject","inLanguage":"sl-SI","@id":"https:\/\/creativityvexus.com\/sl\/#\/schema\/logo\/image\/","url":"https:\/\/creativityvexus.com\/wp-content\/uploads\/2022\/11\/Untitled_Artwork-4.png","contentUrl":"https:\/\/creativityvexus.com\/wp-content\/uploads\/2022\/11\/Untitled_Artwork-4.png","width":2048,"height":2048,"caption":"Creativity Vexus"},"image":{"@id":"https:\/\/creativityvexus.com\/sl\/#\/schema\/logo\/image\/"},"sameAs":["https:\/\/www.facebook.com\/creativityvexus\/","https:\/\/www.instagram.com\/creativityvexus\/?hl=en"]}]}},"jetpack_sharing_enabled":true,"_links":{"self":[{"href":"https:\/\/creativityvexus.com\/sl\/wp-json\/wp\/v2\/product\/3701","targetHints":{"allow":["GET"]}}],"collection":[{"href":"https:\/\/creativityvexus.com\/sl\/wp-json\/wp\/v2\/product"}],"about":[{"href":"https:\/\/creativityvexus.com\/sl\/wp-json\/wp\/v2\/types\/product"}],"replies":[{"embeddable":true,"href":"https:\/\/creativityvexus.com\/sl\/wp-json\/wp\/v2\/comments?post=3701"}],"version-history":[{"count":1,"href":"https:\/\/creativityvexus.com\/sl\/wp-json\/wp\/v2\/product\/3701\/revisions"}],"predecessor-version":[{"id":3742,"href":"https:\/\/creativityvexus.com\/sl\/wp-json\/wp\/v2\/product\/3701\/revisions\/3742"}],"wp:featuredmedia":[{"embeddable":true,"href":"https:\/\/creativityvexus.com\/sl\/wp-json\/wp\/v2\/media\/3288"}],"wp:attachment":[{"href":"https:\/\/creativityvexus.com\/sl\/wp-json\/wp\/v2\/media?parent=3701"}],"wp:term":[{"taxonomy":"product_brand","embeddable":true,"href":"https:\/\/creativityvexus.com\/sl\/wp-json\/wp\/v2\/product_brand?post=3701"},{"taxonomy":"product_cat","embeddable":true,"href":"https:\/\/creativityvexus.com\/sl\/wp-json\/wp\/v2\/product_cat?post=3701"},{"taxonomy":"product_tag","embeddable":true,"href":"https:\/\/creativityvexus.com\/sl\/wp-json\/wp\/v2\/product_tag?post=3701"}],"curies":[{"name":"wp","href":"https:\/\/api.w.org\/{rel}","templated":true}]}}