{"id":3694,"date":"2025-06-17T14:02:17","date_gmt":"2025-06-17T13:02:17","guid":{"rendered":"https:\/\/creativityvexus.com\/product\/fitting-the-mould-crna-majica\/"},"modified":"2025-07-02T08:59:07","modified_gmt":"2025-07-02T07:59:07","slug":"fitting-the-mould-crna-majica","status":"publish","type":"product","link":"https:\/\/creativityvexus.com\/sl\/product\/fitting-the-mould-crna-majica\/","title":{"rendered":"&#8220;Fitting the mould&#8221; \u010drna majica"},"content":{"rendered":"<p>Barvit in pogumen komentar na pritisk dru\u017ebe. <i>Fitting the Mould<\/i> je majica za vse, ki se no\u010dejo stisniti v kalup. S pisanim, abstraktnim motivom in mo\u010dnim sporo\u010dilom izra\u017ea, da si lahko to\u010dno tak, kot si. Majica iz mehkega, trpe\u017enega bomba\u017ea. <\/p>\n<p>Naj barve povedo ve\u010d kot pri\u010dakovanja.<\/p>\n<ul>\n<li aria-level=\"1\"><b>Material: <\/b>100 % bomba\u017e<\/li>\n<li aria-level=\"1\"><b>Kroj<\/b>: Uniseks, klasi\u010den<\/li>\n<li aria-level=\"1\"><b>Tisk:<\/b> Kakovosten tisk na sprednji strani, mehak na otip<\/li>\n<\/ul>\n<table>\n<thead>\n<tr>\n<th><b>Velikost<\/b><\/th>\n<th><b>Dol\u017eina (cm)<\/b><\/th>\n<th><b>\u0160irina (\u010dez prsa) (cm)<\/b><\/th>\n<th><b>Dol\u017eina rokava (cm)<\/b><\/th>\n<\/tr>\n<\/thead>\n<tbody>\n<tr>\n<td>S<\/td>\n<td>71<\/td>\n<td>46<\/td>\n<td>43<\/td>\n<\/tr>\n<tr>\n<td>M<\/td>\n<td>74<\/td>\n<td>51<\/td>\n<td>46<\/td>\n<\/tr>\n<tr>\n<td>L<\/td>\n<td>76<\/td>\n<td>56<\/td>\n<td>49<\/td>\n<\/tr>\n<tr>\n<td>XL<\/td>\n<td>79<\/td>\n<td>61<\/td>\n<td>52<\/td>\n<\/tr>\n<tr>\n<td>2XL<\/td>\n<td>81<\/td>\n<td>66<\/td>\n<td>55<\/td>\n<\/tr>\n<tr>\n<td>3XL<\/td>\n<td>84<\/td>\n<td>71<\/td>\n<td>58<\/td>\n<\/tr>\n<tr>\n<td>4XL<\/td>\n<td>86<\/td>\n<td>76<\/td>\n<td>60<\/td>\n<\/tr>\n<\/tbody>\n<\/table>\n<p>&nbsp;<\/p>\n<p>Fotografije \u00a9 Mojca Kandu\u010d<\/p>\n<p>Model \u00a9 Kri\u0161tof in njegov ata<\/p>\n","protected":false},"excerpt":{"rendered":"<p>Naj barve povedo ve\u010d kot pri\u010dakovanja.<\/p>\n","protected":false},"featured_media":3686,"comment_status":"open","ping_status":"closed","template":"","meta":[],"product_brand":[],"product_cat":[111],"product_tag":[109],"class_list":{"0":"post-3694","1":"product","2":"type-product","3":"status-publish","4":"has-post-thumbnail","6":"product_cat-majice","7":"product_tag-izpostavljeno","9":"first","10":"instock","11":"featured","12":"shipping-taxable","13":"purchasable","14":"product-type-variable"},"yoast_head":"<!-- This site is optimized with the Yoast SEO plugin v21.9 - https:\/\/yoast.com\/wordpress\/plugins\/seo\/ -->\n<title>&quot;Fitting the mould&quot; \u010drna majica - Creativity Vexus<\/title>\n<meta name=\"description\" content=\"Fitting the Mould je majica za vse, ki se no\u010dejo stisniti v kalup. S pisanim, abstraktnim motivom in mo\u010dnim sporo\u010dilom izra\u017ea, da si lahko to\u010dno tak, kot si.\" \/>\n<meta name=\"robots\" content=\"index, follow, max-snippet:-1, max-image-preview:large, max-video-preview:-1\" \/>\n<link rel=\"canonical\" href=\"https:\/\/creativityvexus.com\/sl\/product\/fitting-the-mould-crna-majica\/\" \/>\n<meta property=\"og:locale\" content=\"sl_SI\" \/>\n<meta property=\"og:type\" content=\"article\" \/>\n<meta property=\"og:title\" content=\"&quot;Fitting the mould&quot; \u010drna majica - Creativity Vexus\" \/>\n<meta property=\"og:description\" content=\"Fitting the Mould je majica za vse, ki se no\u010dejo stisniti v kalup. S pisanim, abstraktnim motivom in mo\u010dnim sporo\u010dilom izra\u017ea, da si lahko to\u010dno tak, kot si.\" \/>\n<meta property=\"og:url\" content=\"https:\/\/creativityvexus.com\/sl\/product\/fitting-the-mould-crna-majica\/\" \/>\n<meta property=\"og:site_name\" content=\"Creativity Vexus\" \/>\n<meta property=\"article:publisher\" content=\"https:\/\/www.facebook.com\/creativityvexus\/\" \/>\n<meta property=\"article:modified_time\" content=\"2025-07-02T07:59:07+00:00\" \/>\n<meta property=\"og:image\" content=\"https:\/\/creativityvexus.com\/wp-content\/uploads\/2025\/06\/DSC_0257-scaled.jpg\" \/>\n\t<meta property=\"og:image:width\" content=\"1707\" \/>\n\t<meta property=\"og:image:height\" content=\"2560\" \/>\n\t<meta property=\"og:image:type\" content=\"image\/jpeg\" \/>\n<meta name=\"twitter:card\" content=\"summary_large_image\" \/>\n<script type=\"application\/ld+json\" class=\"yoast-schema-graph\">{\"@context\":\"https:\/\/schema.org\",\"@graph\":[{\"@type\":\"WebPage\",\"@id\":\"https:\/\/creativityvexus.com\/sl\/product\/fitting-the-mould-crna-majica\/\",\"url\":\"https:\/\/creativityvexus.com\/sl\/product\/fitting-the-mould-crna-majica\/\",\"name\":\"\\\"Fitting the mould\\\" \u010drna majica - Creativity Vexus\",\"isPartOf\":{\"@id\":\"https:\/\/creativityvexus.com\/sl\/#website\"},\"datePublished\":\"2025-06-17T13:02:17+00:00\",\"dateModified\":\"2025-07-02T07:59:07+00:00\",\"description\":\"Fitting the Mould je majica za vse, ki se no\u010dejo stisniti v kalup. S pisanim, abstraktnim motivom in mo\u010dnim sporo\u010dilom izra\u017ea, da si lahko to\u010dno tak, kot si.\",\"breadcrumb\":{\"@id\":\"https:\/\/creativityvexus.com\/sl\/product\/fitting-the-mould-crna-majica\/#breadcrumb\"},\"inLanguage\":\"sl-SI\",\"potentialAction\":[{\"@type\":\"ReadAction\",\"target\":[\"https:\/\/creativityvexus.com\/sl\/product\/fitting-the-mould-crna-majica\/\"]}]},{\"@type\":\"BreadcrumbList\",\"@id\":\"https:\/\/creativityvexus.com\/sl\/product\/fitting-the-mould-crna-majica\/#breadcrumb\",\"itemListElement\":[{\"@type\":\"ListItem\",\"position\":1,\"name\":\"Home\",\"item\":\"https:\/\/creativityvexus.com\/sl\/\"},{\"@type\":\"ListItem\",\"position\":2,\"name\":\"Trgovina\",\"item\":\"https:\/\/creativityvexus.com\/trgovina\/\"},{\"@type\":\"ListItem\",\"position\":3,\"name\":\"&#8220;Fitting the mould&#8221; \u010drna majica\"}]},{\"@type\":\"WebSite\",\"@id\":\"https:\/\/creativityvexus.com\/sl\/#website\",\"url\":\"https:\/\/creativityvexus.com\/sl\/\",\"name\":\"Creativity Vexus\",\"description\":\"Creativity Vexus Art Website\",\"publisher\":{\"@id\":\"https:\/\/creativityvexus.com\/sl\/#organization\"},\"potentialAction\":[{\"@type\":\"SearchAction\",\"target\":{\"@type\":\"EntryPoint\",\"urlTemplate\":\"https:\/\/creativityvexus.com\/sl\/?s={search_term_string}\"},\"query-input\":\"required name=search_term_string\"}],\"inLanguage\":\"sl-SI\"},{\"@type\":\"Organization\",\"@id\":\"https:\/\/creativityvexus.com\/sl\/#organization\",\"name\":\"Creativity Vexus\",\"url\":\"https:\/\/creativityvexus.com\/sl\/\",\"logo\":{\"@type\":\"ImageObject\",\"inLanguage\":\"sl-SI\",\"@id\":\"https:\/\/creativityvexus.com\/sl\/#\/schema\/logo\/image\/\",\"url\":\"https:\/\/creativityvexus.com\/wp-content\/uploads\/2022\/11\/Untitled_Artwork-4.png\",\"contentUrl\":\"https:\/\/creativityvexus.com\/wp-content\/uploads\/2022\/11\/Untitled_Artwork-4.png\",\"width\":2048,\"height\":2048,\"caption\":\"Creativity Vexus\"},\"image\":{\"@id\":\"https:\/\/creativityvexus.com\/sl\/#\/schema\/logo\/image\/\"},\"sameAs\":[\"https:\/\/www.facebook.com\/creativityvexus\/\",\"https:\/\/www.instagram.com\/creativityvexus\/?hl=en\"]}]}<\/script>\n<!-- \/ Yoast SEO plugin. -->","yoast_head_json":{"title":"\"Fitting the mould\" \u010drna majica - Creativity Vexus","description":"Fitting the Mould je majica za vse, ki se no\u010dejo stisniti v kalup. S pisanim, abstraktnim motivom in mo\u010dnim sporo\u010dilom izra\u017ea, da si lahko to\u010dno tak, kot si.","robots":{"index":"index","follow":"follow","max-snippet":"max-snippet:-1","max-image-preview":"max-image-preview:large","max-video-preview":"max-video-preview:-1"},"canonical":"https:\/\/creativityvexus.com\/sl\/product\/fitting-the-mould-crna-majica\/","og_locale":"sl_SI","og_type":"article","og_title":"\"Fitting the mould\" \u010drna majica - Creativity Vexus","og_description":"Fitting the Mould je majica za vse, ki se no\u010dejo stisniti v kalup. S pisanim, abstraktnim motivom in mo\u010dnim sporo\u010dilom izra\u017ea, da si lahko to\u010dno tak, kot si.","og_url":"https:\/\/creativityvexus.com\/sl\/product\/fitting-the-mould-crna-majica\/","og_site_name":"Creativity Vexus","article_publisher":"https:\/\/www.facebook.com\/creativityvexus\/","article_modified_time":"2025-07-02T07:59:07+00:00","og_image":[{"width":1707,"height":2560,"url":"https:\/\/creativityvexus.com\/wp-content\/uploads\/2025\/06\/DSC_0257-scaled.jpg","type":"image\/jpeg"}],"twitter_card":"summary_large_image","schema":{"@context":"https:\/\/schema.org","@graph":[{"@type":"WebPage","@id":"https:\/\/creativityvexus.com\/sl\/product\/fitting-the-mould-crna-majica\/","url":"https:\/\/creativityvexus.com\/sl\/product\/fitting-the-mould-crna-majica\/","name":"\"Fitting the mould\" \u010drna majica - Creativity Vexus","isPartOf":{"@id":"https:\/\/creativityvexus.com\/sl\/#website"},"datePublished":"2025-06-17T13:02:17+00:00","dateModified":"2025-07-02T07:59:07+00:00","description":"Fitting the Mould je majica za vse, ki se no\u010dejo stisniti v kalup. S pisanim, abstraktnim motivom in mo\u010dnim sporo\u010dilom izra\u017ea, da si lahko to\u010dno tak, kot si.","breadcrumb":{"@id":"https:\/\/creativityvexus.com\/sl\/product\/fitting-the-mould-crna-majica\/#breadcrumb"},"inLanguage":"sl-SI","potentialAction":[{"@type":"ReadAction","target":["https:\/\/creativityvexus.com\/sl\/product\/fitting-the-mould-crna-majica\/"]}]},{"@type":"BreadcrumbList","@id":"https:\/\/creativityvexus.com\/sl\/product\/fitting-the-mould-crna-majica\/#breadcrumb","itemListElement":[{"@type":"ListItem","position":1,"name":"Home","item":"https:\/\/creativityvexus.com\/sl\/"},{"@type":"ListItem","position":2,"name":"Trgovina","item":"https:\/\/creativityvexus.com\/trgovina\/"},{"@type":"ListItem","position":3,"name":"&#8220;Fitting the mould&#8221; \u010drna majica"}]},{"@type":"WebSite","@id":"https:\/\/creativityvexus.com\/sl\/#website","url":"https:\/\/creativityvexus.com\/sl\/","name":"Creativity Vexus","description":"Creativity Vexus Art Website","publisher":{"@id":"https:\/\/creativityvexus.com\/sl\/#organization"},"potentialAction":[{"@type":"SearchAction","target":{"@type":"EntryPoint","urlTemplate":"https:\/\/creativityvexus.com\/sl\/?s={search_term_string}"},"query-input":"required name=search_term_string"}],"inLanguage":"sl-SI"},{"@type":"Organization","@id":"https:\/\/creativityvexus.com\/sl\/#organization","name":"Creativity Vexus","url":"https:\/\/creativityvexus.com\/sl\/","logo":{"@type":"ImageObject","inLanguage":"sl-SI","@id":"https:\/\/creativityvexus.com\/sl\/#\/schema\/logo\/image\/","url":"https:\/\/creativityvexus.com\/wp-content\/uploads\/2022\/11\/Untitled_Artwork-4.png","contentUrl":"https:\/\/creativityvexus.com\/wp-content\/uploads\/2022\/11\/Untitled_Artwork-4.png","width":2048,"height":2048,"caption":"Creativity Vexus"},"image":{"@id":"https:\/\/creativityvexus.com\/sl\/#\/schema\/logo\/image\/"},"sameAs":["https:\/\/www.facebook.com\/creativityvexus\/","https:\/\/www.instagram.com\/creativityvexus\/?hl=en"]}]}},"jetpack_sharing_enabled":true,"_links":{"self":[{"href":"https:\/\/creativityvexus.com\/sl\/wp-json\/wp\/v2\/product\/3694","targetHints":{"allow":["GET"]}}],"collection":[{"href":"https:\/\/creativityvexus.com\/sl\/wp-json\/wp\/v2\/product"}],"about":[{"href":"https:\/\/creativityvexus.com\/sl\/wp-json\/wp\/v2\/types\/product"}],"replies":[{"embeddable":true,"href":"https:\/\/creativityvexus.com\/sl\/wp-json\/wp\/v2\/comments?post=3694"}],"version-history":[{"count":1,"href":"https:\/\/creativityvexus.com\/sl\/wp-json\/wp\/v2\/product\/3694\/revisions"}],"predecessor-version":[{"id":3735,"href":"https:\/\/creativityvexus.com\/sl\/wp-json\/wp\/v2\/product\/3694\/revisions\/3735"}],"wp:featuredmedia":[{"embeddable":true,"href":"https:\/\/creativityvexus.com\/sl\/wp-json\/wp\/v2\/media\/3686"}],"wp:attachment":[{"href":"https:\/\/creativityvexus.com\/sl\/wp-json\/wp\/v2\/media?parent=3694"}],"wp:term":[{"taxonomy":"product_brand","embeddable":true,"href":"https:\/\/creativityvexus.com\/sl\/wp-json\/wp\/v2\/product_brand?post=3694"},{"taxonomy":"product_cat","embeddable":true,"href":"https:\/\/creativityvexus.com\/sl\/wp-json\/wp\/v2\/product_cat?post=3694"},{"taxonomy":"product_tag","embeddable":true,"href":"https:\/\/creativityvexus.com\/sl\/wp-json\/wp\/v2\/product_tag?post=3694"}],"curies":[{"name":"wp","href":"https:\/\/api.w.org\/{rel}","templated":true}]}}