{"id":3677,"date":"2024-06-30T19:39:54","date_gmt":"2024-06-30T18:39:54","guid":{"rendered":"https:\/\/creativityvexus.com\/product\/egipcanska-boginja-sekhmet-art-print\/"},"modified":"2024-06-30T19:39:54","modified_gmt":"2024-06-30T18:39:54","slug":"egipcanska-boginja-sekhmet-art-print","status":"publish","type":"product","link":"https:\/\/creativityvexus.com\/sl\/product\/egipcanska-boginja-sekhmet-art-print\/","title":{"rendered":"Egip\u010danska boginja Sekhmet ART PRINT"},"content":{"rendered":"<p>Z levinjino glavo in ognjem sonca: <em>Sekhmet<\/em> hkrati simbolizira potencial za hudo uni\u010denje ter bo\u017eansko celjenje. Znana je kot \u00bbGospa pokola\u00ab, a tudi kot bo\u017eanska zdravilka, vlada z mo\u010djo, pravico in brezkompromisnim srdom. Ta mo\u010dna ilustracija odra\u017ea njeno \u017ego\u010do energijo, ob njej pa pesnitev Dolores Hunsky, ki odmeva njen mit veli\u010dastnosti.  <\/p>\n<p>Je bojevnica in varuhinja, popolna izbira za vse, ki jih privla\u010di starodavna mitologija, ali bo\u017eanska \u017eenska mo\u010d \u2013 Sekhmet naj varuje tvoj prostor s svojo ognjeno prisotnostjo. <\/p>\n<p>Ta print je del zbirke Boginje, serije, ki slavi bo\u017eanske \u017eenske arhetipe z vsega sveta. V zbirki so \u0161e druge boginje, kot so Morrigan, Tara, Yemoya, Hel in Guanyin \u2013 vse so zbrane v silovit poklon svetovni mitologiji in \u017eenski duhovnosti. <\/p>\n<ul>\n<li aria-level=\"1\"><b>Velikost:<\/b> 21 x 18,7 cm<\/li>\n<li aria-level=\"1\"><b>Material:<\/b> Visokokakovosten mat papir 250 g \u2013 gladek, brez ble\u0161\u010danja<\/li>\n<\/ul>\n<p>Popolna izbira za vse, ki jih privla\u010di starodavna mitologija, ali bo\u017eanska \u017eenska mo\u010d \u2013 <i>Sekhmet<\/i> naj varuje tvoj prostor s svojo ognjeno prisotnostjo.<\/p>\n<p>Fotografije \u00a9 Mojca Kandu\u010d<\/p>\n","protected":false},"excerpt":{"rendered":"<p>Popolna izbira za vse, ki jih privla\u010di starodavna mitologija, ali bo\u017eanska \u017eenska mo\u010d \u2013 <i>Sekhmet<\/i> naj varuje tvoj prostor s svojo ognjeno prisotnostjo.<\/p>\n","protected":false},"featured_media":3352,"comment_status":"open","ping_status":"closed","template":"","meta":[],"product_brand":[],"product_cat":[106],"product_tag":[],"class_list":{"0":"post-3677","1":"product","2":"type-product","3":"status-publish","4":"has-post-thumbnail","6":"product_cat-ilustracije","7":"product_shipping_class-light","9":"first","10":"instock","11":"sale","12":"shipping-taxable","13":"purchasable","14":"product-type-simple"},"yoast_head":"<!-- This site is optimized with the Yoast SEO plugin v21.9 - https:\/\/yoast.com\/wordpress\/plugins\/seo\/ -->\n<title>Egip\u010danska boginja Sekhmet ART PRINT - Creativity Vexus<\/title>\n<meta name=\"description\" content=\"Egip\u010danska boginja Sekhmet je popolna izbira za vse, ki jih privla\u010di starodavna mitologija, ali bo\u017eanska \u017eenska mo\u010d \u2013 Sekhmet naj varuje tvoj prostor s svojo ognjeno prisotnostjo.\" \/>\n<meta name=\"robots\" content=\"index, follow, max-snippet:-1, max-image-preview:large, max-video-preview:-1\" \/>\n<link rel=\"canonical\" href=\"https:\/\/creativityvexus.com\/sl\/product\/egipcanska-boginja-sekhmet-art-print\/\" \/>\n<meta property=\"og:locale\" content=\"sl_SI\" \/>\n<meta property=\"og:type\" content=\"article\" \/>\n<meta property=\"og:title\" content=\"Egip\u010danska boginja Sekhmet ART PRINT - Creativity Vexus\" \/>\n<meta property=\"og:description\" content=\"Egip\u010danska boginja Sekhmet je popolna izbira za vse, ki jih privla\u010di starodavna mitologija, ali bo\u017eanska \u017eenska mo\u010d \u2013 Sekhmet naj varuje tvoj prostor s svojo ognjeno prisotnostjo.\" \/>\n<meta property=\"og:url\" content=\"https:\/\/creativityvexus.com\/sl\/product\/egipcanska-boginja-sekhmet-art-print\/\" \/>\n<meta property=\"og:site_name\" content=\"Creativity Vexus\" \/>\n<meta property=\"article:publisher\" content=\"https:\/\/www.facebook.com\/creativityvexus\/\" \/>\n<meta property=\"og:image\" content=\"https:\/\/creativityvexus.com\/wp-content\/uploads\/2024\/03\/image-33.jpg\" \/>\n\t<meta property=\"og:image:width\" content=\"1234\" \/>\n\t<meta property=\"og:image:height\" content=\"1234\" \/>\n\t<meta property=\"og:image:type\" content=\"image\/jpeg\" \/>\n<meta name=\"twitter:card\" content=\"summary_large_image\" \/>\n<meta name=\"twitter:label1\" content=\"Est. reading time\" \/>\n\t<meta name=\"twitter:data1\" content=\"1 minuta\" \/>\n<script type=\"application\/ld+json\" class=\"yoast-schema-graph\">{\"@context\":\"https:\/\/schema.org\",\"@graph\":[{\"@type\":\"WebPage\",\"@id\":\"https:\/\/creativityvexus.com\/sl\/product\/egipcanska-boginja-sekhmet-art-print\/\",\"url\":\"https:\/\/creativityvexus.com\/sl\/product\/egipcanska-boginja-sekhmet-art-print\/\",\"name\":\"Egip\u010danska boginja Sekhmet ART PRINT - Creativity Vexus\",\"isPartOf\":{\"@id\":\"https:\/\/creativityvexus.com\/sl\/#website\"},\"datePublished\":\"2024-06-30T18:39:54+00:00\",\"dateModified\":\"2024-06-30T18:39:54+00:00\",\"description\":\"Egip\u010danska boginja Sekhmet je popolna izbira za vse, ki jih privla\u010di starodavna mitologija, ali bo\u017eanska \u017eenska mo\u010d \u2013 Sekhmet naj varuje tvoj prostor s svojo ognjeno prisotnostjo.\",\"breadcrumb\":{\"@id\":\"https:\/\/creativityvexus.com\/sl\/product\/egipcanska-boginja-sekhmet-art-print\/#breadcrumb\"},\"inLanguage\":\"sl-SI\",\"potentialAction\":[{\"@type\":\"ReadAction\",\"target\":[\"https:\/\/creativityvexus.com\/sl\/product\/egipcanska-boginja-sekhmet-art-print\/\"]}]},{\"@type\":\"BreadcrumbList\",\"@id\":\"https:\/\/creativityvexus.com\/sl\/product\/egipcanska-boginja-sekhmet-art-print\/#breadcrumb\",\"itemListElement\":[{\"@type\":\"ListItem\",\"position\":1,\"name\":\"Home\",\"item\":\"https:\/\/creativityvexus.com\/sl\/\"},{\"@type\":\"ListItem\",\"position\":2,\"name\":\"Trgovina\",\"item\":\"https:\/\/creativityvexus.com\/trgovina\/\"},{\"@type\":\"ListItem\",\"position\":3,\"name\":\"Egip\u010danska boginja Sekhmet ART PRINT\"}]},{\"@type\":\"WebSite\",\"@id\":\"https:\/\/creativityvexus.com\/sl\/#website\",\"url\":\"https:\/\/creativityvexus.com\/sl\/\",\"name\":\"Creativity Vexus\",\"description\":\"Creativity Vexus Art Website\",\"publisher\":{\"@id\":\"https:\/\/creativityvexus.com\/sl\/#organization\"},\"potentialAction\":[{\"@type\":\"SearchAction\",\"target\":{\"@type\":\"EntryPoint\",\"urlTemplate\":\"https:\/\/creativityvexus.com\/sl\/?s={search_term_string}\"},\"query-input\":\"required name=search_term_string\"}],\"inLanguage\":\"sl-SI\"},{\"@type\":\"Organization\",\"@id\":\"https:\/\/creativityvexus.com\/sl\/#organization\",\"name\":\"Creativity Vexus\",\"url\":\"https:\/\/creativityvexus.com\/sl\/\",\"logo\":{\"@type\":\"ImageObject\",\"inLanguage\":\"sl-SI\",\"@id\":\"https:\/\/creativityvexus.com\/sl\/#\/schema\/logo\/image\/\",\"url\":\"https:\/\/creativityvexus.com\/wp-content\/uploads\/2022\/11\/Untitled_Artwork-4.png\",\"contentUrl\":\"https:\/\/creativityvexus.com\/wp-content\/uploads\/2022\/11\/Untitled_Artwork-4.png\",\"width\":2048,\"height\":2048,\"caption\":\"Creativity Vexus\"},\"image\":{\"@id\":\"https:\/\/creativityvexus.com\/sl\/#\/schema\/logo\/image\/\"},\"sameAs\":[\"https:\/\/www.facebook.com\/creativityvexus\/\",\"https:\/\/www.instagram.com\/creativityvexus\/?hl=en\"]}]}<\/script>\n<!-- \/ Yoast SEO plugin. -->","yoast_head_json":{"title":"Egip\u010danska boginja Sekhmet ART PRINT - Creativity Vexus","description":"Egip\u010danska boginja Sekhmet je popolna izbira za vse, ki jih privla\u010di starodavna mitologija, ali bo\u017eanska \u017eenska mo\u010d \u2013 Sekhmet naj varuje tvoj prostor s svojo ognjeno prisotnostjo.","robots":{"index":"index","follow":"follow","max-snippet":"max-snippet:-1","max-image-preview":"max-image-preview:large","max-video-preview":"max-video-preview:-1"},"canonical":"https:\/\/creativityvexus.com\/sl\/product\/egipcanska-boginja-sekhmet-art-print\/","og_locale":"sl_SI","og_type":"article","og_title":"Egip\u010danska boginja Sekhmet ART PRINT - Creativity Vexus","og_description":"Egip\u010danska boginja Sekhmet je popolna izbira za vse, ki jih privla\u010di starodavna mitologija, ali bo\u017eanska \u017eenska mo\u010d \u2013 Sekhmet naj varuje tvoj prostor s svojo ognjeno prisotnostjo.","og_url":"https:\/\/creativityvexus.com\/sl\/product\/egipcanska-boginja-sekhmet-art-print\/","og_site_name":"Creativity Vexus","article_publisher":"https:\/\/www.facebook.com\/creativityvexus\/","og_image":[{"width":1234,"height":1234,"url":"https:\/\/creativityvexus.com\/wp-content\/uploads\/2024\/03\/image-33.jpg","type":"image\/jpeg"}],"twitter_card":"summary_large_image","twitter_misc":{"Est. reading time":"1 minuta"},"schema":{"@context":"https:\/\/schema.org","@graph":[{"@type":"WebPage","@id":"https:\/\/creativityvexus.com\/sl\/product\/egipcanska-boginja-sekhmet-art-print\/","url":"https:\/\/creativityvexus.com\/sl\/product\/egipcanska-boginja-sekhmet-art-print\/","name":"Egip\u010danska boginja Sekhmet ART PRINT - Creativity Vexus","isPartOf":{"@id":"https:\/\/creativityvexus.com\/sl\/#website"},"datePublished":"2024-06-30T18:39:54+00:00","dateModified":"2024-06-30T18:39:54+00:00","description":"Egip\u010danska boginja Sekhmet je popolna izbira za vse, ki jih privla\u010di starodavna mitologija, ali bo\u017eanska \u017eenska mo\u010d \u2013 Sekhmet naj varuje tvoj prostor s svojo ognjeno prisotnostjo.","breadcrumb":{"@id":"https:\/\/creativityvexus.com\/sl\/product\/egipcanska-boginja-sekhmet-art-print\/#breadcrumb"},"inLanguage":"sl-SI","potentialAction":[{"@type":"ReadAction","target":["https:\/\/creativityvexus.com\/sl\/product\/egipcanska-boginja-sekhmet-art-print\/"]}]},{"@type":"BreadcrumbList","@id":"https:\/\/creativityvexus.com\/sl\/product\/egipcanska-boginja-sekhmet-art-print\/#breadcrumb","itemListElement":[{"@type":"ListItem","position":1,"name":"Home","item":"https:\/\/creativityvexus.com\/sl\/"},{"@type":"ListItem","position":2,"name":"Trgovina","item":"https:\/\/creativityvexus.com\/trgovina\/"},{"@type":"ListItem","position":3,"name":"Egip\u010danska boginja Sekhmet ART PRINT"}]},{"@type":"WebSite","@id":"https:\/\/creativityvexus.com\/sl\/#website","url":"https:\/\/creativityvexus.com\/sl\/","name":"Creativity Vexus","description":"Creativity Vexus Art Website","publisher":{"@id":"https:\/\/creativityvexus.com\/sl\/#organization"},"potentialAction":[{"@type":"SearchAction","target":{"@type":"EntryPoint","urlTemplate":"https:\/\/creativityvexus.com\/sl\/?s={search_term_string}"},"query-input":"required name=search_term_string"}],"inLanguage":"sl-SI"},{"@type":"Organization","@id":"https:\/\/creativityvexus.com\/sl\/#organization","name":"Creativity Vexus","url":"https:\/\/creativityvexus.com\/sl\/","logo":{"@type":"ImageObject","inLanguage":"sl-SI","@id":"https:\/\/creativityvexus.com\/sl\/#\/schema\/logo\/image\/","url":"https:\/\/creativityvexus.com\/wp-content\/uploads\/2022\/11\/Untitled_Artwork-4.png","contentUrl":"https:\/\/creativityvexus.com\/wp-content\/uploads\/2022\/11\/Untitled_Artwork-4.png","width":2048,"height":2048,"caption":"Creativity Vexus"},"image":{"@id":"https:\/\/creativityvexus.com\/sl\/#\/schema\/logo\/image\/"},"sameAs":["https:\/\/www.facebook.com\/creativityvexus\/","https:\/\/www.instagram.com\/creativityvexus\/?hl=en"]}]}},"jetpack_sharing_enabled":true,"_links":{"self":[{"href":"https:\/\/creativityvexus.com\/sl\/wp-json\/wp\/v2\/product\/3677","targetHints":{"allow":["GET"]}}],"collection":[{"href":"https:\/\/creativityvexus.com\/sl\/wp-json\/wp\/v2\/product"}],"about":[{"href":"https:\/\/creativityvexus.com\/sl\/wp-json\/wp\/v2\/types\/product"}],"replies":[{"embeddable":true,"href":"https:\/\/creativityvexus.com\/sl\/wp-json\/wp\/v2\/comments?post=3677"}],"version-history":[{"count":0,"href":"https:\/\/creativityvexus.com\/sl\/wp-json\/wp\/v2\/product\/3677\/revisions"}],"wp:featuredmedia":[{"embeddable":true,"href":"https:\/\/creativityvexus.com\/sl\/wp-json\/wp\/v2\/media\/3352"}],"wp:attachment":[{"href":"https:\/\/creativityvexus.com\/sl\/wp-json\/wp\/v2\/media?parent=3677"}],"wp:term":[{"taxonomy":"product_brand","embeddable":true,"href":"https:\/\/creativityvexus.com\/sl\/wp-json\/wp\/v2\/product_brand?post=3677"},{"taxonomy":"product_cat","embeddable":true,"href":"https:\/\/creativityvexus.com\/sl\/wp-json\/wp\/v2\/product_cat?post=3677"},{"taxonomy":"product_tag","embeddable":true,"href":"https:\/\/creativityvexus.com\/sl\/wp-json\/wp\/v2\/product_tag?post=3677"}],"curies":[{"name":"wp","href":"https:\/\/api.w.org\/{rel}","templated":true}]}}