{"id":3657,"date":"2025-01-14T14:31:55","date_gmt":"2025-01-14T13:31:55","guid":{"rendered":"https:\/\/creativityvexus.com\/product\/recollection-of-thoughts-art-print\/"},"modified":"2025-06-17T09:17:40","modified_gmt":"2025-06-17T08:17:40","slug":"recollection-of-thoughts-art-print","status":"publish","type":"product","link":"https:\/\/creativityvexus.com\/sl\/product\/recollection-of-thoughts-art-print\/","title":{"rendered":"Recollection of Thoughts ART PRINT"},"content":{"rendered":"<p>Ne glede na to, ali v njem vidi\u0161 norost ali jasnost, temo ali lepoto, je <em>Recollection of Thoughts<\/em> &#8211; Priklic misli izrazito umetni\u0161ko delo, ki govori o ve\u010dplastni naravi uma. Ta tisk bo slu\u017eil kot \u010dudovit, netradicionalen dekorativni kos za vsak dom, pisarno ali trgovino. <\/p>\n<p>\u2022 Velikost: 17 x 29 cm \u2013 popolna izbira za galerijsko steno ali tvoj doma\u010di kot<br \/>\n\u2022 Material: Visokokakovosten 250g mat papir \u2013 gladka tekstura, brez ble\u0161\u010danja<\/p>\n<p>Fotografije \u00a9 Mojca Kandu\u010d<\/p>\n","protected":false},"excerpt":{"rendered":"<p><i>Recollection of Thoughts<\/i> &#8211; Priklic misli je izrazito umetni\u0161ko delo, ki govori o ve\u010dplastni naravi uma.<\/p>\n","protected":false},"featured_media":3483,"comment_status":"open","ping_status":"closed","template":"","meta":[],"product_brand":[],"product_cat":[106],"product_tag":[],"class_list":{"0":"post-3657","1":"product","2":"type-product","3":"status-publish","4":"has-post-thumbnail","6":"product_cat-ilustracije","7":"product_shipping_class-normalno","9":"first","10":"instock","11":"shipping-taxable","12":"purchasable","13":"product-type-simple"},"yoast_head":"<!-- This site is optimized with the Yoast SEO plugin v21.9 - https:\/\/yoast.com\/wordpress\/plugins\/seo\/ -->\n<title>Recollection of Thoughts ART PRINT - Creativity Vexus<\/title>\n<meta name=\"description\" content=\"Recollection of Thoughts - Priklic misli art print bo slu\u017eil kot \u010dudovit, netradicionalen dekorativni kos za vsak dom, pisarno ali trgovino.\" \/>\n<meta name=\"robots\" content=\"index, follow, max-snippet:-1, max-image-preview:large, max-video-preview:-1\" \/>\n<link rel=\"canonical\" href=\"https:\/\/creativityvexus.com\/sl\/product\/recollection-of-thoughts-art-print\/\" \/>\n<meta property=\"og:locale\" content=\"sl_SI\" \/>\n<meta property=\"og:type\" content=\"article\" \/>\n<meta property=\"og:title\" content=\"Recollection of Thoughts ART PRINT - Creativity Vexus\" \/>\n<meta property=\"og:description\" content=\"Recollection of Thoughts - Priklic misli art print bo slu\u017eil kot \u010dudovit, netradicionalen dekorativni kos za vsak dom, pisarno ali trgovino.\" \/>\n<meta property=\"og:url\" content=\"https:\/\/creativityvexus.com\/sl\/product\/recollection-of-thoughts-art-print\/\" \/>\n<meta property=\"og:site_name\" content=\"Creativity Vexus\" \/>\n<meta property=\"article:publisher\" content=\"https:\/\/www.facebook.com\/creativityvexus\/\" \/>\n<meta property=\"article:modified_time\" content=\"2025-06-17T08:17:40+00:00\" \/>\n<meta property=\"og:image\" content=\"https:\/\/creativityvexus.com\/wp-content\/uploads\/2025\/01\/Untitled_Artwork-62.jpg\" \/>\n\t<meta property=\"og:image:width\" content=\"1000\" \/>\n\t<meta property=\"og:image:height\" content=\"1876\" \/>\n\t<meta property=\"og:image:type\" content=\"image\/jpeg\" \/>\n<meta name=\"twitter:card\" content=\"summary_large_image\" \/>\n<script type=\"application\/ld+json\" class=\"yoast-schema-graph\">{\"@context\":\"https:\/\/schema.org\",\"@graph\":[{\"@type\":\"WebPage\",\"@id\":\"https:\/\/creativityvexus.com\/sl\/product\/recollection-of-thoughts-art-print\/\",\"url\":\"https:\/\/creativityvexus.com\/sl\/product\/recollection-of-thoughts-art-print\/\",\"name\":\"Recollection of Thoughts ART PRINT - Creativity Vexus\",\"isPartOf\":{\"@id\":\"https:\/\/creativityvexus.com\/sl\/#website\"},\"datePublished\":\"2025-01-14T13:31:55+00:00\",\"dateModified\":\"2025-06-17T08:17:40+00:00\",\"description\":\"Recollection of Thoughts - Priklic misli art print bo slu\u017eil kot \u010dudovit, netradicionalen dekorativni kos za vsak dom, pisarno ali trgovino.\",\"breadcrumb\":{\"@id\":\"https:\/\/creativityvexus.com\/sl\/product\/recollection-of-thoughts-art-print\/#breadcrumb\"},\"inLanguage\":\"sl-SI\",\"potentialAction\":[{\"@type\":\"ReadAction\",\"target\":[\"https:\/\/creativityvexus.com\/sl\/product\/recollection-of-thoughts-art-print\/\"]}]},{\"@type\":\"BreadcrumbList\",\"@id\":\"https:\/\/creativityvexus.com\/sl\/product\/recollection-of-thoughts-art-print\/#breadcrumb\",\"itemListElement\":[{\"@type\":\"ListItem\",\"position\":1,\"name\":\"Home\",\"item\":\"https:\/\/creativityvexus.com\/sl\/\"},{\"@type\":\"ListItem\",\"position\":2,\"name\":\"Trgovina\",\"item\":\"https:\/\/creativityvexus.com\/trgovina\/\"},{\"@type\":\"ListItem\",\"position\":3,\"name\":\"Recollection of Thoughts ART PRINT\"}]},{\"@type\":\"WebSite\",\"@id\":\"https:\/\/creativityvexus.com\/sl\/#website\",\"url\":\"https:\/\/creativityvexus.com\/sl\/\",\"name\":\"Creativity Vexus\",\"description\":\"Creativity Vexus Art Website\",\"publisher\":{\"@id\":\"https:\/\/creativityvexus.com\/sl\/#organization\"},\"potentialAction\":[{\"@type\":\"SearchAction\",\"target\":{\"@type\":\"EntryPoint\",\"urlTemplate\":\"https:\/\/creativityvexus.com\/sl\/?s={search_term_string}\"},\"query-input\":\"required name=search_term_string\"}],\"inLanguage\":\"sl-SI\"},{\"@type\":\"Organization\",\"@id\":\"https:\/\/creativityvexus.com\/sl\/#organization\",\"name\":\"Creativity Vexus\",\"url\":\"https:\/\/creativityvexus.com\/sl\/\",\"logo\":{\"@type\":\"ImageObject\",\"inLanguage\":\"sl-SI\",\"@id\":\"https:\/\/creativityvexus.com\/sl\/#\/schema\/logo\/image\/\",\"url\":\"https:\/\/creativityvexus.com\/wp-content\/uploads\/2022\/11\/Untitled_Artwork-4.png\",\"contentUrl\":\"https:\/\/creativityvexus.com\/wp-content\/uploads\/2022\/11\/Untitled_Artwork-4.png\",\"width\":2048,\"height\":2048,\"caption\":\"Creativity Vexus\"},\"image\":{\"@id\":\"https:\/\/creativityvexus.com\/sl\/#\/schema\/logo\/image\/\"},\"sameAs\":[\"https:\/\/www.facebook.com\/creativityvexus\/\",\"https:\/\/www.instagram.com\/creativityvexus\/?hl=en\"]}]}<\/script>\n<!-- \/ Yoast SEO plugin. -->","yoast_head_json":{"title":"Recollection of Thoughts ART PRINT - Creativity Vexus","description":"Recollection of Thoughts - Priklic misli art print bo slu\u017eil kot \u010dudovit, netradicionalen dekorativni kos za vsak dom, pisarno ali trgovino.","robots":{"index":"index","follow":"follow","max-snippet":"max-snippet:-1","max-image-preview":"max-image-preview:large","max-video-preview":"max-video-preview:-1"},"canonical":"https:\/\/creativityvexus.com\/sl\/product\/recollection-of-thoughts-art-print\/","og_locale":"sl_SI","og_type":"article","og_title":"Recollection of Thoughts ART PRINT - Creativity Vexus","og_description":"Recollection of Thoughts - Priklic misli art print bo slu\u017eil kot \u010dudovit, netradicionalen dekorativni kos za vsak dom, pisarno ali trgovino.","og_url":"https:\/\/creativityvexus.com\/sl\/product\/recollection-of-thoughts-art-print\/","og_site_name":"Creativity Vexus","article_publisher":"https:\/\/www.facebook.com\/creativityvexus\/","article_modified_time":"2025-06-17T08:17:40+00:00","og_image":[{"width":1000,"height":1876,"url":"https:\/\/creativityvexus.com\/wp-content\/uploads\/2025\/01\/Untitled_Artwork-62.jpg","type":"image\/jpeg"}],"twitter_card":"summary_large_image","schema":{"@context":"https:\/\/schema.org","@graph":[{"@type":"WebPage","@id":"https:\/\/creativityvexus.com\/sl\/product\/recollection-of-thoughts-art-print\/","url":"https:\/\/creativityvexus.com\/sl\/product\/recollection-of-thoughts-art-print\/","name":"Recollection of Thoughts ART PRINT - Creativity Vexus","isPartOf":{"@id":"https:\/\/creativityvexus.com\/sl\/#website"},"datePublished":"2025-01-14T13:31:55+00:00","dateModified":"2025-06-17T08:17:40+00:00","description":"Recollection of Thoughts - Priklic misli art print bo slu\u017eil kot \u010dudovit, netradicionalen dekorativni kos za vsak dom, pisarno ali trgovino.","breadcrumb":{"@id":"https:\/\/creativityvexus.com\/sl\/product\/recollection-of-thoughts-art-print\/#breadcrumb"},"inLanguage":"sl-SI","potentialAction":[{"@type":"ReadAction","target":["https:\/\/creativityvexus.com\/sl\/product\/recollection-of-thoughts-art-print\/"]}]},{"@type":"BreadcrumbList","@id":"https:\/\/creativityvexus.com\/sl\/product\/recollection-of-thoughts-art-print\/#breadcrumb","itemListElement":[{"@type":"ListItem","position":1,"name":"Home","item":"https:\/\/creativityvexus.com\/sl\/"},{"@type":"ListItem","position":2,"name":"Trgovina","item":"https:\/\/creativityvexus.com\/trgovina\/"},{"@type":"ListItem","position":3,"name":"Recollection of Thoughts ART PRINT"}]},{"@type":"WebSite","@id":"https:\/\/creativityvexus.com\/sl\/#website","url":"https:\/\/creativityvexus.com\/sl\/","name":"Creativity Vexus","description":"Creativity Vexus Art Website","publisher":{"@id":"https:\/\/creativityvexus.com\/sl\/#organization"},"potentialAction":[{"@type":"SearchAction","target":{"@type":"EntryPoint","urlTemplate":"https:\/\/creativityvexus.com\/sl\/?s={search_term_string}"},"query-input":"required name=search_term_string"}],"inLanguage":"sl-SI"},{"@type":"Organization","@id":"https:\/\/creativityvexus.com\/sl\/#organization","name":"Creativity Vexus","url":"https:\/\/creativityvexus.com\/sl\/","logo":{"@type":"ImageObject","inLanguage":"sl-SI","@id":"https:\/\/creativityvexus.com\/sl\/#\/schema\/logo\/image\/","url":"https:\/\/creativityvexus.com\/wp-content\/uploads\/2022\/11\/Untitled_Artwork-4.png","contentUrl":"https:\/\/creativityvexus.com\/wp-content\/uploads\/2022\/11\/Untitled_Artwork-4.png","width":2048,"height":2048,"caption":"Creativity Vexus"},"image":{"@id":"https:\/\/creativityvexus.com\/sl\/#\/schema\/logo\/image\/"},"sameAs":["https:\/\/www.facebook.com\/creativityvexus\/","https:\/\/www.instagram.com\/creativityvexus\/?hl=en"]}]}},"jetpack_sharing_enabled":true,"_links":{"self":[{"href":"https:\/\/creativityvexus.com\/sl\/wp-json\/wp\/v2\/product\/3657","targetHints":{"allow":["GET"]}}],"collection":[{"href":"https:\/\/creativityvexus.com\/sl\/wp-json\/wp\/v2\/product"}],"about":[{"href":"https:\/\/creativityvexus.com\/sl\/wp-json\/wp\/v2\/types\/product"}],"replies":[{"embeddable":true,"href":"https:\/\/creativityvexus.com\/sl\/wp-json\/wp\/v2\/comments?post=3657"}],"version-history":[{"count":1,"href":"https:\/\/creativityvexus.com\/sl\/wp-json\/wp\/v2\/product\/3657\/revisions"}],"predecessor-version":[{"id":3659,"href":"https:\/\/creativityvexus.com\/sl\/wp-json\/wp\/v2\/product\/3657\/revisions\/3659"}],"wp:featuredmedia":[{"embeddable":true,"href":"https:\/\/creativityvexus.com\/sl\/wp-json\/wp\/v2\/media\/3483"}],"wp:attachment":[{"href":"https:\/\/creativityvexus.com\/sl\/wp-json\/wp\/v2\/media?parent=3657"}],"wp:term":[{"taxonomy":"product_brand","embeddable":true,"href":"https:\/\/creativityvexus.com\/sl\/wp-json\/wp\/v2\/product_brand?post=3657"},{"taxonomy":"product_cat","embeddable":true,"href":"https:\/\/creativityvexus.com\/sl\/wp-json\/wp\/v2\/product_cat?post=3657"},{"taxonomy":"product_tag","embeddable":true,"href":"https:\/\/creativityvexus.com\/sl\/wp-json\/wp\/v2\/product_tag?post=3657"}],"curies":[{"name":"wp","href":"https:\/\/api.w.org\/{rel}","templated":true}]}}