{"id":3643,"date":"2024-11-16T20:30:06","date_gmt":"2024-11-16T19:30:06","guid":{"rendered":"https:\/\/creativityvexus.com\/product\/divje-macke-2025-koledar\/"},"modified":"2024-11-16T20:30:06","modified_gmt":"2024-11-16T19:30:06","slug":"divje-macke-2025-koledar","status":"publish","type":"product","link":"https:\/\/creativityvexus.com\/sl\/product\/divje-macke-2025-koledar\/","title":{"rendered":"Divje ma\u010dke 2025 koledar"},"content":{"rendered":"<p>Koledar DIVJE MA\u010cKE 2025 je dih jemajo\u010de potovanje skozi \u017eivljenje najbolj nedosegljivih in ogro\u017eenih divjih ma\u010dk na svetu. Vsak mesec je opremljen z ro\u010dno ilustriranim portretom, ki slavi \u010dar in mo\u010d teh veli\u010dastnih bitij. <\/p>\n<p>Vsako ilustracijo spremlja pristna, izvirna pesem, ki pripoveduje o duhu vsake ma\u010dke, njenem \u017eivljenjskem okolju in nujni potrebi po za\u0161\u010diti. Od meglenih gozdov sne\u017enega leoparda do s soncem obsijanih ravnin geparda &#8211; ta koledar je hkrati vizualni u\u017eitek in poziv k ukrepanju. <\/p>\n<p>Zna\u010dilnosti:<\/p>\n<p> 12 izvirnih, barvnih ilustracij<\/p>\n<p> 12 ekskluzivnih pesmi, ki poudarjajo stisko vsake vrste in upanje za pre\u017eivetje<\/p>\n<p> Natisnjen na vrhunskem 250g\/m papirju, velikosti A4<\/p>\n<p> Mese\u010dna oznaka o ogro\u017eenosti vsake divje ma\u010dke<\/p>\n<p>Praznujte leto 2025 s koledarjem, ki ne le ozna\u010duje dneve, temve\u010d poskrbi, da vsak dan \u0161teje za divje ma\u010dke, ki se \u0161e vedno prosto gibljejo.<\/p>\n","protected":false},"excerpt":{"rendered":"<p>Koledar DIVJE MA\u010cKE 2025 je dih jemajo\u010de potovanje skozi \u017eivljenje najbolj nedosegljivih in ogro\u017eenih divjih ma\u010dk na svetu.<\/p>\n","protected":false},"featured_media":3462,"comment_status":"open","ping_status":"closed","template":"","meta":[],"product_brand":[],"product_cat":[104],"product_tag":[],"class_list":{"0":"post-3643","1":"product","2":"type-product","3":"status-publish","4":"has-post-thumbnail","6":"product_cat-koledar","8":"first","9":"instock","10":"sale","11":"shipping-taxable","12":"purchasable","13":"product-type-variable"},"yoast_head":"<!-- This site is optimized with the Yoast SEO plugin v21.9 - https:\/\/yoast.com\/wordpress\/plugins\/seo\/ -->\n<title>Divje ma\u010dke 2025 koledar - Creativity Vexus<\/title>\n<meta name=\"description\" content=\"Koledar DIVJE MA\u010cKE 2025 je dih jemajo\u010de potovanje skozi \u017eivljenje najbolj nedosegljivih in ogro\u017eenih divjih ma\u010dk na svetu.\" \/>\n<meta name=\"robots\" content=\"index, follow, max-snippet:-1, max-image-preview:large, max-video-preview:-1\" \/>\n<link rel=\"canonical\" href=\"https:\/\/creativityvexus.com\/sl\/product\/divje-macke-2025-koledar\/\" \/>\n<meta property=\"og:locale\" content=\"sl_SI\" \/>\n<meta property=\"og:type\" content=\"article\" \/>\n<meta property=\"og:title\" content=\"Divje ma\u010dke 2025 koledar - Creativity Vexus\" \/>\n<meta property=\"og:description\" content=\"Koledar DIVJE MA\u010cKE 2025 je dih jemajo\u010de potovanje skozi \u017eivljenje najbolj nedosegljivih in ogro\u017eenih divjih ma\u010dk na svetu.\" \/>\n<meta property=\"og:url\" content=\"https:\/\/creativityvexus.com\/sl\/product\/divje-macke-2025-koledar\/\" \/>\n<meta property=\"og:site_name\" content=\"Creativity Vexus\" \/>\n<meta property=\"article:publisher\" content=\"https:\/\/www.facebook.com\/creativityvexus\/\" \/>\n<meta property=\"og:image\" content=\"https:\/\/creativityvexus.com\/wp-content\/uploads\/2024\/11\/Frame-142-871x1024.png\" \/>\n\t<meta property=\"og:image:width\" content=\"871\" \/>\n\t<meta property=\"og:image:height\" content=\"1024\" \/>\n\t<meta property=\"og:image:type\" content=\"image\/png\" \/>\n<meta name=\"twitter:card\" content=\"summary_large_image\" \/>\n<meta name=\"twitter:label1\" content=\"Est. reading time\" \/>\n\t<meta name=\"twitter:data1\" content=\"1 minuta\" \/>\n<script type=\"application\/ld+json\" class=\"yoast-schema-graph\">{\"@context\":\"https:\/\/schema.org\",\"@graph\":[{\"@type\":\"WebPage\",\"@id\":\"https:\/\/creativityvexus.com\/sl\/product\/divje-macke-2025-koledar\/\",\"url\":\"https:\/\/creativityvexus.com\/sl\/product\/divje-macke-2025-koledar\/\",\"name\":\"Divje ma\u010dke 2025 koledar - Creativity Vexus\",\"isPartOf\":{\"@id\":\"https:\/\/creativityvexus.com\/sl\/#website\"},\"datePublished\":\"2024-11-16T19:30:06+00:00\",\"dateModified\":\"2024-11-16T19:30:06+00:00\",\"description\":\"Koledar DIVJE MA\u010cKE 2025 je dih jemajo\u010de potovanje skozi \u017eivljenje najbolj nedosegljivih in ogro\u017eenih divjih ma\u010dk na svetu.\",\"breadcrumb\":{\"@id\":\"https:\/\/creativityvexus.com\/sl\/product\/divje-macke-2025-koledar\/#breadcrumb\"},\"inLanguage\":\"sl-SI\",\"potentialAction\":[{\"@type\":\"ReadAction\",\"target\":[\"https:\/\/creativityvexus.com\/sl\/product\/divje-macke-2025-koledar\/\"]}]},{\"@type\":\"BreadcrumbList\",\"@id\":\"https:\/\/creativityvexus.com\/sl\/product\/divje-macke-2025-koledar\/#breadcrumb\",\"itemListElement\":[{\"@type\":\"ListItem\",\"position\":1,\"name\":\"Home\",\"item\":\"https:\/\/creativityvexus.com\/sl\/\"},{\"@type\":\"ListItem\",\"position\":2,\"name\":\"Trgovina\",\"item\":\"https:\/\/creativityvexus.com\/trgovina\/\"},{\"@type\":\"ListItem\",\"position\":3,\"name\":\"Divje ma\u010dke 2025 koledar\"}]},{\"@type\":\"WebSite\",\"@id\":\"https:\/\/creativityvexus.com\/sl\/#website\",\"url\":\"https:\/\/creativityvexus.com\/sl\/\",\"name\":\"Creativity Vexus\",\"description\":\"Creativity Vexus Art Website\",\"publisher\":{\"@id\":\"https:\/\/creativityvexus.com\/sl\/#organization\"},\"potentialAction\":[{\"@type\":\"SearchAction\",\"target\":{\"@type\":\"EntryPoint\",\"urlTemplate\":\"https:\/\/creativityvexus.com\/sl\/?s={search_term_string}\"},\"query-input\":\"required name=search_term_string\"}],\"inLanguage\":\"sl-SI\"},{\"@type\":\"Organization\",\"@id\":\"https:\/\/creativityvexus.com\/sl\/#organization\",\"name\":\"Creativity Vexus\",\"url\":\"https:\/\/creativityvexus.com\/sl\/\",\"logo\":{\"@type\":\"ImageObject\",\"inLanguage\":\"sl-SI\",\"@id\":\"https:\/\/creativityvexus.com\/sl\/#\/schema\/logo\/image\/\",\"url\":\"https:\/\/creativityvexus.com\/wp-content\/uploads\/2022\/11\/Untitled_Artwork-4.png\",\"contentUrl\":\"https:\/\/creativityvexus.com\/wp-content\/uploads\/2022\/11\/Untitled_Artwork-4.png\",\"width\":2048,\"height\":2048,\"caption\":\"Creativity Vexus\"},\"image\":{\"@id\":\"https:\/\/creativityvexus.com\/sl\/#\/schema\/logo\/image\/\"},\"sameAs\":[\"https:\/\/www.facebook.com\/creativityvexus\/\",\"https:\/\/www.instagram.com\/creativityvexus\/?hl=en\"]}]}<\/script>\n<!-- \/ Yoast SEO plugin. -->","yoast_head_json":{"title":"Divje ma\u010dke 2025 koledar - Creativity Vexus","description":"Koledar DIVJE MA\u010cKE 2025 je dih jemajo\u010de potovanje skozi \u017eivljenje najbolj nedosegljivih in ogro\u017eenih divjih ma\u010dk na svetu.","robots":{"index":"index","follow":"follow","max-snippet":"max-snippet:-1","max-image-preview":"max-image-preview:large","max-video-preview":"max-video-preview:-1"},"canonical":"https:\/\/creativityvexus.com\/sl\/product\/divje-macke-2025-koledar\/","og_locale":"sl_SI","og_type":"article","og_title":"Divje ma\u010dke 2025 koledar - Creativity Vexus","og_description":"Koledar DIVJE MA\u010cKE 2025 je dih jemajo\u010de potovanje skozi \u017eivljenje najbolj nedosegljivih in ogro\u017eenih divjih ma\u010dk na svetu.","og_url":"https:\/\/creativityvexus.com\/sl\/product\/divje-macke-2025-koledar\/","og_site_name":"Creativity Vexus","article_publisher":"https:\/\/www.facebook.com\/creativityvexus\/","og_image":[{"width":871,"height":1024,"url":"https:\/\/creativityvexus.com\/wp-content\/uploads\/2024\/11\/Frame-142-871x1024.png","type":"image\/png"}],"twitter_card":"summary_large_image","twitter_misc":{"Est. reading time":"1 minuta"},"schema":{"@context":"https:\/\/schema.org","@graph":[{"@type":"WebPage","@id":"https:\/\/creativityvexus.com\/sl\/product\/divje-macke-2025-koledar\/","url":"https:\/\/creativityvexus.com\/sl\/product\/divje-macke-2025-koledar\/","name":"Divje ma\u010dke 2025 koledar - Creativity Vexus","isPartOf":{"@id":"https:\/\/creativityvexus.com\/sl\/#website"},"datePublished":"2024-11-16T19:30:06+00:00","dateModified":"2024-11-16T19:30:06+00:00","description":"Koledar DIVJE MA\u010cKE 2025 je dih jemajo\u010de potovanje skozi \u017eivljenje najbolj nedosegljivih in ogro\u017eenih divjih ma\u010dk na svetu.","breadcrumb":{"@id":"https:\/\/creativityvexus.com\/sl\/product\/divje-macke-2025-koledar\/#breadcrumb"},"inLanguage":"sl-SI","potentialAction":[{"@type":"ReadAction","target":["https:\/\/creativityvexus.com\/sl\/product\/divje-macke-2025-koledar\/"]}]},{"@type":"BreadcrumbList","@id":"https:\/\/creativityvexus.com\/sl\/product\/divje-macke-2025-koledar\/#breadcrumb","itemListElement":[{"@type":"ListItem","position":1,"name":"Home","item":"https:\/\/creativityvexus.com\/sl\/"},{"@type":"ListItem","position":2,"name":"Trgovina","item":"https:\/\/creativityvexus.com\/trgovina\/"},{"@type":"ListItem","position":3,"name":"Divje ma\u010dke 2025 koledar"}]},{"@type":"WebSite","@id":"https:\/\/creativityvexus.com\/sl\/#website","url":"https:\/\/creativityvexus.com\/sl\/","name":"Creativity Vexus","description":"Creativity Vexus Art Website","publisher":{"@id":"https:\/\/creativityvexus.com\/sl\/#organization"},"potentialAction":[{"@type":"SearchAction","target":{"@type":"EntryPoint","urlTemplate":"https:\/\/creativityvexus.com\/sl\/?s={search_term_string}"},"query-input":"required name=search_term_string"}],"inLanguage":"sl-SI"},{"@type":"Organization","@id":"https:\/\/creativityvexus.com\/sl\/#organization","name":"Creativity Vexus","url":"https:\/\/creativityvexus.com\/sl\/","logo":{"@type":"ImageObject","inLanguage":"sl-SI","@id":"https:\/\/creativityvexus.com\/sl\/#\/schema\/logo\/image\/","url":"https:\/\/creativityvexus.com\/wp-content\/uploads\/2022\/11\/Untitled_Artwork-4.png","contentUrl":"https:\/\/creativityvexus.com\/wp-content\/uploads\/2022\/11\/Untitled_Artwork-4.png","width":2048,"height":2048,"caption":"Creativity Vexus"},"image":{"@id":"https:\/\/creativityvexus.com\/sl\/#\/schema\/logo\/image\/"},"sameAs":["https:\/\/www.facebook.com\/creativityvexus\/","https:\/\/www.instagram.com\/creativityvexus\/?hl=en"]}]}},"jetpack_sharing_enabled":true,"_links":{"self":[{"href":"https:\/\/creativityvexus.com\/sl\/wp-json\/wp\/v2\/product\/3643","targetHints":{"allow":["GET"]}}],"collection":[{"href":"https:\/\/creativityvexus.com\/sl\/wp-json\/wp\/v2\/product"}],"about":[{"href":"https:\/\/creativityvexus.com\/sl\/wp-json\/wp\/v2\/types\/product"}],"replies":[{"embeddable":true,"href":"https:\/\/creativityvexus.com\/sl\/wp-json\/wp\/v2\/comments?post=3643"}],"version-history":[{"count":0,"href":"https:\/\/creativityvexus.com\/sl\/wp-json\/wp\/v2\/product\/3643\/revisions"}],"wp:featuredmedia":[{"embeddable":true,"href":"https:\/\/creativityvexus.com\/sl\/wp-json\/wp\/v2\/media\/3462"}],"wp:attachment":[{"href":"https:\/\/creativityvexus.com\/sl\/wp-json\/wp\/v2\/media?parent=3643"}],"wp:term":[{"taxonomy":"product_brand","embeddable":true,"href":"https:\/\/creativityvexus.com\/sl\/wp-json\/wp\/v2\/product_brand?post=3643"},{"taxonomy":"product_cat","embeddable":true,"href":"https:\/\/creativityvexus.com\/sl\/wp-json\/wp\/v2\/product_cat?post=3643"},{"taxonomy":"product_tag","embeddable":true,"href":"https:\/\/creativityvexus.com\/sl\/wp-json\/wp\/v2\/product_tag?post=3643"}],"curies":[{"name":"wp","href":"https:\/\/api.w.org\/{rel}","templated":true}]}}