{"id":3640,"date":"2025-04-18T21:23:30","date_gmt":"2025-04-18T20:23:30","guid":{"rendered":"https:\/\/creativityvexus.com\/product\/kuzni-zdravnik\/"},"modified":"2025-06-17T11:11:55","modified_gmt":"2025-06-17T10:11:55","slug":"kuzni-zdravnik","status":"publish","type":"product","link":"https:\/\/creativityvexus.com\/sl\/product\/kuzni-zdravnik\/","title":{"rendered":"Ku\u017eni zdravnik ART PRINT"},"content":{"rendered":"<p>Kdo bi vedel, da lahko blob z masko ku\u017enega zdravnika postre\u017ee s tako o\u010darljivim izgledom?<\/p>\n<p>Ta prikupna in \u010duda\u0161ka ilustracija prikazuje ku\u017enega zdravnika, ki samozavestno pozira. Spremlja jo drzen stavek \u201eplagued by looking this good\u201c in je popolna me\u0161anica grozljivega, prikupnega in domiselnega. Ne glede na to, ali ste ljubitelj zgodovinskih bizarnosti, medicinskega gothcora ali pa preprosto obo\u017eujete absurdno fantasti\u010dne blobe, vas bo ta dizajn zagotovo oku\u017eil &#8211; na najbolj\u0161i na\u010din.  <\/p>\n<p>Opozorilo: lahko izzove neustavljive komplimente.<\/p>\n<ul>\n<li><strong>Velikost: <\/strong>100x148mm (velikost razglednice)<\/li>\n<li><strong>Material: <\/strong>Canon foto papir 120g\/m2, satin<\/li>\n<\/ul>\n<p>Fotografije \u00a9 Mojca Kandu\u010d<\/p>\n<p>Model \u00a9 Gilly<\/p>\n","protected":false},"excerpt":{"rendered":"<p>Kdo bi vedel, da lahko blob z masko ku\u017enega zdravnika postre\u017ee s tako o\u010darljivim izgledom? <\/p>\n","protected":false},"featured_media":3634,"comment_status":"open","ping_status":"closed","template":"","meta":[],"product_brand":[],"product_cat":[106],"product_tag":[],"class_list":{"0":"post-3640","1":"product","2":"type-product","3":"status-publish","4":"has-post-thumbnail","6":"product_cat-ilustracije","8":"first","9":"instock","10":"shipping-taxable","11":"purchasable","12":"product-type-simple"},"yoast_head":"<!-- This site is optimized with the Yoast SEO plugin v21.9 - https:\/\/yoast.com\/wordpress\/plugins\/seo\/ -->\n<title>Ku\u017eni zdravnik ART PRINT - Creativity Vexus<\/title>\n<meta name=\"description\" content=\"Ku\u017eni zdravnik ART PRINT! Kdo bi vedel, da lahko blob z masko ku\u017enega zdravnika postre\u017ee s tako o\u010darljivim izgledom? Opozorilo: lahko izzove neustavljive komplimente.\" \/>\n<meta name=\"robots\" content=\"index, follow, max-snippet:-1, max-image-preview:large, max-video-preview:-1\" \/>\n<link rel=\"canonical\" href=\"https:\/\/creativityvexus.com\/sl\/product\/kuzni-zdravnik\/\" \/>\n<meta property=\"og:locale\" content=\"sl_SI\" \/>\n<meta property=\"og:type\" content=\"article\" \/>\n<meta property=\"og:title\" content=\"Ku\u017eni zdravnik ART PRINT - Creativity Vexus\" \/>\n<meta property=\"og:description\" content=\"Ku\u017eni zdravnik ART PRINT! Kdo bi vedel, da lahko blob z masko ku\u017enega zdravnika postre\u017ee s tako o\u010darljivim izgledom? Opozorilo: lahko izzove neustavljive komplimente.\" \/>\n<meta property=\"og:url\" content=\"https:\/\/creativityvexus.com\/sl\/product\/kuzni-zdravnik\/\" \/>\n<meta property=\"og:site_name\" content=\"Creativity Vexus\" \/>\n<meta property=\"article:publisher\" content=\"https:\/\/www.facebook.com\/creativityvexus\/\" \/>\n<meta property=\"article:modified_time\" content=\"2025-06-17T10:11:55+00:00\" \/>\n<meta property=\"og:image\" content=\"https:\/\/creativityvexus.com\/wp-content\/uploads\/2025\/04\/plague-doctor-2-1024x1022.jpg\" \/>\n\t<meta property=\"og:image:width\" content=\"1024\" \/>\n\t<meta property=\"og:image:height\" content=\"1022\" \/>\n\t<meta property=\"og:image:type\" content=\"image\/jpeg\" \/>\n<meta name=\"twitter:card\" content=\"summary_large_image\" \/>\n<meta name=\"twitter:label1\" content=\"Est. reading time\" \/>\n\t<meta name=\"twitter:data1\" content=\"1 minuta\" \/>\n<script type=\"application\/ld+json\" class=\"yoast-schema-graph\">{\"@context\":\"https:\/\/schema.org\",\"@graph\":[{\"@type\":\"WebPage\",\"@id\":\"https:\/\/creativityvexus.com\/sl\/product\/kuzni-zdravnik\/\",\"url\":\"https:\/\/creativityvexus.com\/sl\/product\/kuzni-zdravnik\/\",\"name\":\"Ku\u017eni zdravnik ART PRINT - Creativity Vexus\",\"isPartOf\":{\"@id\":\"https:\/\/creativityvexus.com\/sl\/#website\"},\"datePublished\":\"2025-04-18T20:23:30+00:00\",\"dateModified\":\"2025-06-17T10:11:55+00:00\",\"description\":\"Ku\u017eni zdravnik ART PRINT! Kdo bi vedel, da lahko blob z masko ku\u017enega zdravnika postre\u017ee s tako o\u010darljivim izgledom? Opozorilo: lahko izzove neustavljive komplimente.\",\"breadcrumb\":{\"@id\":\"https:\/\/creativityvexus.com\/sl\/product\/kuzni-zdravnik\/#breadcrumb\"},\"inLanguage\":\"sl-SI\",\"potentialAction\":[{\"@type\":\"ReadAction\",\"target\":[\"https:\/\/creativityvexus.com\/sl\/product\/kuzni-zdravnik\/\"]}]},{\"@type\":\"BreadcrumbList\",\"@id\":\"https:\/\/creativityvexus.com\/sl\/product\/kuzni-zdravnik\/#breadcrumb\",\"itemListElement\":[{\"@type\":\"ListItem\",\"position\":1,\"name\":\"Home\",\"item\":\"https:\/\/creativityvexus.com\/sl\/\"},{\"@type\":\"ListItem\",\"position\":2,\"name\":\"Trgovina\",\"item\":\"https:\/\/creativityvexus.com\/trgovina\/\"},{\"@type\":\"ListItem\",\"position\":3,\"name\":\"Ku\u017eni zdravnik ART PRINT\"}]},{\"@type\":\"WebSite\",\"@id\":\"https:\/\/creativityvexus.com\/sl\/#website\",\"url\":\"https:\/\/creativityvexus.com\/sl\/\",\"name\":\"Creativity Vexus\",\"description\":\"Creativity Vexus Art Website\",\"publisher\":{\"@id\":\"https:\/\/creativityvexus.com\/sl\/#organization\"},\"potentialAction\":[{\"@type\":\"SearchAction\",\"target\":{\"@type\":\"EntryPoint\",\"urlTemplate\":\"https:\/\/creativityvexus.com\/sl\/?s={search_term_string}\"},\"query-input\":\"required name=search_term_string\"}],\"inLanguage\":\"sl-SI\"},{\"@type\":\"Organization\",\"@id\":\"https:\/\/creativityvexus.com\/sl\/#organization\",\"name\":\"Creativity Vexus\",\"url\":\"https:\/\/creativityvexus.com\/sl\/\",\"logo\":{\"@type\":\"ImageObject\",\"inLanguage\":\"sl-SI\",\"@id\":\"https:\/\/creativityvexus.com\/sl\/#\/schema\/logo\/image\/\",\"url\":\"https:\/\/creativityvexus.com\/wp-content\/uploads\/2022\/11\/Untitled_Artwork-4.png\",\"contentUrl\":\"https:\/\/creativityvexus.com\/wp-content\/uploads\/2022\/11\/Untitled_Artwork-4.png\",\"width\":2048,\"height\":2048,\"caption\":\"Creativity Vexus\"},\"image\":{\"@id\":\"https:\/\/creativityvexus.com\/sl\/#\/schema\/logo\/image\/\"},\"sameAs\":[\"https:\/\/www.facebook.com\/creativityvexus\/\",\"https:\/\/www.instagram.com\/creativityvexus\/?hl=en\"]}]}<\/script>\n<!-- \/ Yoast SEO plugin. -->","yoast_head_json":{"title":"Ku\u017eni zdravnik ART PRINT - Creativity Vexus","description":"Ku\u017eni zdravnik ART PRINT! Kdo bi vedel, da lahko blob z masko ku\u017enega zdravnika postre\u017ee s tako o\u010darljivim izgledom? Opozorilo: lahko izzove neustavljive komplimente.","robots":{"index":"index","follow":"follow","max-snippet":"max-snippet:-1","max-image-preview":"max-image-preview:large","max-video-preview":"max-video-preview:-1"},"canonical":"https:\/\/creativityvexus.com\/sl\/product\/kuzni-zdravnik\/","og_locale":"sl_SI","og_type":"article","og_title":"Ku\u017eni zdravnik ART PRINT - Creativity Vexus","og_description":"Ku\u017eni zdravnik ART PRINT! Kdo bi vedel, da lahko blob z masko ku\u017enega zdravnika postre\u017ee s tako o\u010darljivim izgledom? Opozorilo: lahko izzove neustavljive komplimente.","og_url":"https:\/\/creativityvexus.com\/sl\/product\/kuzni-zdravnik\/","og_site_name":"Creativity Vexus","article_publisher":"https:\/\/www.facebook.com\/creativityvexus\/","article_modified_time":"2025-06-17T10:11:55+00:00","og_image":[{"width":1024,"height":1022,"url":"https:\/\/creativityvexus.com\/wp-content\/uploads\/2025\/04\/plague-doctor-2-1024x1022.jpg","type":"image\/jpeg"}],"twitter_card":"summary_large_image","twitter_misc":{"Est. reading time":"1 minuta"},"schema":{"@context":"https:\/\/schema.org","@graph":[{"@type":"WebPage","@id":"https:\/\/creativityvexus.com\/sl\/product\/kuzni-zdravnik\/","url":"https:\/\/creativityvexus.com\/sl\/product\/kuzni-zdravnik\/","name":"Ku\u017eni zdravnik ART PRINT - Creativity Vexus","isPartOf":{"@id":"https:\/\/creativityvexus.com\/sl\/#website"},"datePublished":"2025-04-18T20:23:30+00:00","dateModified":"2025-06-17T10:11:55+00:00","description":"Ku\u017eni zdravnik ART PRINT! Kdo bi vedel, da lahko blob z masko ku\u017enega zdravnika postre\u017ee s tako o\u010darljivim izgledom? Opozorilo: lahko izzove neustavljive komplimente.","breadcrumb":{"@id":"https:\/\/creativityvexus.com\/sl\/product\/kuzni-zdravnik\/#breadcrumb"},"inLanguage":"sl-SI","potentialAction":[{"@type":"ReadAction","target":["https:\/\/creativityvexus.com\/sl\/product\/kuzni-zdravnik\/"]}]},{"@type":"BreadcrumbList","@id":"https:\/\/creativityvexus.com\/sl\/product\/kuzni-zdravnik\/#breadcrumb","itemListElement":[{"@type":"ListItem","position":1,"name":"Home","item":"https:\/\/creativityvexus.com\/sl\/"},{"@type":"ListItem","position":2,"name":"Trgovina","item":"https:\/\/creativityvexus.com\/trgovina\/"},{"@type":"ListItem","position":3,"name":"Ku\u017eni zdravnik ART PRINT"}]},{"@type":"WebSite","@id":"https:\/\/creativityvexus.com\/sl\/#website","url":"https:\/\/creativityvexus.com\/sl\/","name":"Creativity Vexus","description":"Creativity Vexus Art Website","publisher":{"@id":"https:\/\/creativityvexus.com\/sl\/#organization"},"potentialAction":[{"@type":"SearchAction","target":{"@type":"EntryPoint","urlTemplate":"https:\/\/creativityvexus.com\/sl\/?s={search_term_string}"},"query-input":"required name=search_term_string"}],"inLanguage":"sl-SI"},{"@type":"Organization","@id":"https:\/\/creativityvexus.com\/sl\/#organization","name":"Creativity Vexus","url":"https:\/\/creativityvexus.com\/sl\/","logo":{"@type":"ImageObject","inLanguage":"sl-SI","@id":"https:\/\/creativityvexus.com\/sl\/#\/schema\/logo\/image\/","url":"https:\/\/creativityvexus.com\/wp-content\/uploads\/2022\/11\/Untitled_Artwork-4.png","contentUrl":"https:\/\/creativityvexus.com\/wp-content\/uploads\/2022\/11\/Untitled_Artwork-4.png","width":2048,"height":2048,"caption":"Creativity Vexus"},"image":{"@id":"https:\/\/creativityvexus.com\/sl\/#\/schema\/logo\/image\/"},"sameAs":["https:\/\/www.facebook.com\/creativityvexus\/","https:\/\/www.instagram.com\/creativityvexus\/?hl=en"]}]}},"jetpack_sharing_enabled":true,"_links":{"self":[{"href":"https:\/\/creativityvexus.com\/sl\/wp-json\/wp\/v2\/product\/3640","targetHints":{"allow":["GET"]}}],"collection":[{"href":"https:\/\/creativityvexus.com\/sl\/wp-json\/wp\/v2\/product"}],"about":[{"href":"https:\/\/creativityvexus.com\/sl\/wp-json\/wp\/v2\/types\/product"}],"replies":[{"embeddable":true,"href":"https:\/\/creativityvexus.com\/sl\/wp-json\/wp\/v2\/comments?post=3640"}],"version-history":[{"count":1,"href":"https:\/\/creativityvexus.com\/sl\/wp-json\/wp\/v2\/product\/3640\/revisions"}],"predecessor-version":[{"id":3679,"href":"https:\/\/creativityvexus.com\/sl\/wp-json\/wp\/v2\/product\/3640\/revisions\/3679"}],"wp:featuredmedia":[{"embeddable":true,"href":"https:\/\/creativityvexus.com\/sl\/wp-json\/wp\/v2\/media\/3634"}],"wp:attachment":[{"href":"https:\/\/creativityvexus.com\/sl\/wp-json\/wp\/v2\/media?parent=3640"}],"wp:term":[{"taxonomy":"product_brand","embeddable":true,"href":"https:\/\/creativityvexus.com\/sl\/wp-json\/wp\/v2\/product_brand?post=3640"},{"taxonomy":"product_cat","embeddable":true,"href":"https:\/\/creativityvexus.com\/sl\/wp-json\/wp\/v2\/product_cat?post=3640"},{"taxonomy":"product_tag","embeddable":true,"href":"https:\/\/creativityvexus.com\/sl\/wp-json\/wp\/v2\/product_tag?post=3640"}],"curies":[{"name":"wp","href":"https:\/\/api.w.org\/{rel}","templated":true}]}}