{"id":3615,"date":"2024-11-01T15:24:55","date_gmt":"2024-11-01T14:24:55","guid":{"rendered":"https:\/\/creativityvexus.com\/product\/print-boginja-hel\/"},"modified":"2025-07-28T13:05:06","modified_gmt":"2025-07-28T12:05:06","slug":"print-boginja-hel","status":"publish","type":"product","link":"https:\/\/creativityvexus.com\/sl\/product\/print-boginja-hel\/","title":{"rendered":"Nordijska boginja Hel ART PRINT"},"content":{"rendered":"<p>Spo\u0161tujte skrivnostnost in mo\u010d norve\u0161kega podzemnega sveta s tem \u010dudovito izdelanim umetni\u0161kim printom nordijske boginje Hel. Ta umetni\u0161ki odtis je navdihnila Hel, skrivnostna vladarica de\u017eele mrtvih v norve\u0161ki mitologiji, in prikazuje njeno dvojnost &#8211; varuhinjo in vodnico v posmrtnem \u017eivljenju. <\/p>\n<p>To delo, natisnjeno na visokokakovostnem 250g mat papirju v velikosti 18,7 x 21 cm, je idealno za oltarne prostore, galerijske stene ali katerikoli sveti koti\u010dek va\u0161ega doma. Umetni\u0161ko delo je opremljeno s prisr\u010dno angle\u0161ko pesmijo, ki jo je napisala Dolores Hunsky in ponuja liri\u010den in \u010dustven pogled na Helino modrost, samoto in mo\u010d. <\/p>\n<p>Ta print je del zbirke Boginje, serije, ki slavi bo\u017eanske \u017eenske arhetipe z vsega sveta. V zbirki so \u0161e druge boginje, kot so Morrigan, Tara, Yemoya, Sekhmet in Guanyin &#8211; vse so zbrane v silovit poklon svetovni mitologiji in \u017eenski duhovnosti. <\/p>\n<p>Ne glede na to, ali ste ljubitelj mitologije, duhovni iskalec ali zbiratelj umetnosti, umetni\u0161ki print nordijske boginje Hel zdru\u017euje simboliko in umetnost. Odli\u010dna je za obdarovanje ali dodajanje misti\u010dne elegance tvojemu prostoru. <\/p>\n<ul>\n<li aria-level=\"1\"><b>Velikost:<\/b> 21 x 18,7 cm<\/li>\n<li aria-level=\"1\"><b>Material:<\/b> Visokokakovosten mat papir 250 g \u2013 gladek, brez ble\u0161\u010danja<\/li>\n<\/ul>\n<p>Naj <i>Hel<\/i> \u010duva va\u0161 prostor kot simbol ravnovesja, sprejemanja in lepote konca.<\/p>\n<p>Fotografije \u00a9 Mojca Kandu\u010d<\/p>\n","protected":false},"excerpt":{"rendered":"<p>Naj nad va\u0161im prostorom bdi nordijska boginja Hel kot simbol ravnovesja, sprejemanja in lepote konca.<\/p>\n","protected":false},"featured_media":3354,"comment_status":"open","ping_status":"closed","template":"","meta":[],"product_brand":[],"product_cat":[106],"product_tag":[],"class_list":{"0":"post-3615","1":"product","2":"type-product","3":"status-publish","4":"has-post-thumbnail","6":"product_cat-ilustracije","7":"product_shipping_class-normalno","9":"first","10":"instock","11":"sale","12":"shipping-taxable","13":"purchasable","14":"product-type-simple"},"yoast_head":"<!-- This site is optimized with the Yoast SEO plugin v21.9 - https:\/\/yoast.com\/wordpress\/plugins\/seo\/ -->\n<title>Nordijska boginja Hel ART PRINT - Creativity Vexus<\/title>\n<meta name=\"description\" content=\"V svoj prostor vnesite misti\u010dnost nordijske mitologije z umetni\u0161kim printom nordijske boginje Hel. Matte umetni\u0161ki odtis velikosti 20x20 cm s poezijo Dolores Hunsky.\" \/>\n<meta name=\"robots\" content=\"index, follow, max-snippet:-1, max-image-preview:large, max-video-preview:-1\" \/>\n<link rel=\"canonical\" href=\"https:\/\/creativityvexus.com\/sl\/product\/print-boginja-hel\/\" \/>\n<meta property=\"og:locale\" content=\"sl_SI\" \/>\n<meta property=\"og:type\" content=\"article\" \/>\n<meta property=\"og:title\" content=\"Nordijska boginja Hel ART PRINT - Creativity Vexus\" \/>\n<meta property=\"og:description\" content=\"V svoj prostor vnesite misti\u010dnost nordijske mitologije z umetni\u0161kim printom nordijske boginje Hel. Matte umetni\u0161ki odtis velikosti 20x20 cm s poezijo Dolores Hunsky.\" \/>\n<meta property=\"og:url\" content=\"https:\/\/creativityvexus.com\/sl\/product\/print-boginja-hel\/\" \/>\n<meta property=\"og:site_name\" content=\"Creativity Vexus\" \/>\n<meta property=\"article:publisher\" content=\"https:\/\/www.facebook.com\/creativityvexus\/\" \/>\n<meta property=\"article:modified_time\" content=\"2025-07-28T12:05:06+00:00\" \/>\n<meta property=\"og:image\" content=\"https:\/\/creativityvexus.com\/wp-content\/uploads\/2024\/09\/KOLEDAR-ENG-hel.jpg\" \/>\n\t<meta property=\"og:image:width\" content=\"2210\" \/>\n\t<meta property=\"og:image:height\" content=\"2241\" \/>\n\t<meta property=\"og:image:type\" content=\"image\/jpeg\" \/>\n<meta name=\"twitter:card\" content=\"summary_large_image\" \/>\n<meta name=\"twitter:label1\" content=\"Est. reading time\" \/>\n\t<meta name=\"twitter:data1\" content=\"1 minuta\" \/>\n<script type=\"application\/ld+json\" class=\"yoast-schema-graph\">{\"@context\":\"https:\/\/schema.org\",\"@graph\":[{\"@type\":\"WebPage\",\"@id\":\"https:\/\/creativityvexus.com\/sl\/product\/print-boginja-hel\/\",\"url\":\"https:\/\/creativityvexus.com\/sl\/product\/print-boginja-hel\/\",\"name\":\"Nordijska boginja Hel ART PRINT - Creativity Vexus\",\"isPartOf\":{\"@id\":\"https:\/\/creativityvexus.com\/sl\/#website\"},\"datePublished\":\"2024-11-01T14:24:55+00:00\",\"dateModified\":\"2025-07-28T12:05:06+00:00\",\"description\":\"V svoj prostor vnesite misti\u010dnost nordijske mitologije z umetni\u0161kim printom nordijske boginje Hel. Matte umetni\u0161ki odtis velikosti 20x20 cm s poezijo Dolores Hunsky.\",\"breadcrumb\":{\"@id\":\"https:\/\/creativityvexus.com\/sl\/product\/print-boginja-hel\/#breadcrumb\"},\"inLanguage\":\"sl-SI\",\"potentialAction\":[{\"@type\":\"ReadAction\",\"target\":[\"https:\/\/creativityvexus.com\/sl\/product\/print-boginja-hel\/\"]}]},{\"@type\":\"BreadcrumbList\",\"@id\":\"https:\/\/creativityvexus.com\/sl\/product\/print-boginja-hel\/#breadcrumb\",\"itemListElement\":[{\"@type\":\"ListItem\",\"position\":1,\"name\":\"Home\",\"item\":\"https:\/\/creativityvexus.com\/sl\/\"},{\"@type\":\"ListItem\",\"position\":2,\"name\":\"Trgovina\",\"item\":\"https:\/\/creativityvexus.com\/trgovina\/\"},{\"@type\":\"ListItem\",\"position\":3,\"name\":\"Nordijska boginja Hel ART PRINT\"}]},{\"@type\":\"WebSite\",\"@id\":\"https:\/\/creativityvexus.com\/sl\/#website\",\"url\":\"https:\/\/creativityvexus.com\/sl\/\",\"name\":\"Creativity Vexus\",\"description\":\"Creativity Vexus Art Website\",\"publisher\":{\"@id\":\"https:\/\/creativityvexus.com\/sl\/#organization\"},\"potentialAction\":[{\"@type\":\"SearchAction\",\"target\":{\"@type\":\"EntryPoint\",\"urlTemplate\":\"https:\/\/creativityvexus.com\/sl\/?s={search_term_string}\"},\"query-input\":\"required name=search_term_string\"}],\"inLanguage\":\"sl-SI\"},{\"@type\":\"Organization\",\"@id\":\"https:\/\/creativityvexus.com\/sl\/#organization\",\"name\":\"Creativity Vexus\",\"url\":\"https:\/\/creativityvexus.com\/sl\/\",\"logo\":{\"@type\":\"ImageObject\",\"inLanguage\":\"sl-SI\",\"@id\":\"https:\/\/creativityvexus.com\/sl\/#\/schema\/logo\/image\/\",\"url\":\"https:\/\/creativityvexus.com\/wp-content\/uploads\/2022\/11\/Untitled_Artwork-4.png\",\"contentUrl\":\"https:\/\/creativityvexus.com\/wp-content\/uploads\/2022\/11\/Untitled_Artwork-4.png\",\"width\":2048,\"height\":2048,\"caption\":\"Creativity Vexus\"},\"image\":{\"@id\":\"https:\/\/creativityvexus.com\/sl\/#\/schema\/logo\/image\/\"},\"sameAs\":[\"https:\/\/www.facebook.com\/creativityvexus\/\",\"https:\/\/www.instagram.com\/creativityvexus\/?hl=en\"]}]}<\/script>\n<!-- \/ Yoast SEO plugin. -->","yoast_head_json":{"title":"Nordijska boginja Hel ART PRINT - Creativity Vexus","description":"V svoj prostor vnesite misti\u010dnost nordijske mitologije z umetni\u0161kim printom nordijske boginje Hel. Matte umetni\u0161ki odtis velikosti 20x20 cm s poezijo Dolores Hunsky.","robots":{"index":"index","follow":"follow","max-snippet":"max-snippet:-1","max-image-preview":"max-image-preview:large","max-video-preview":"max-video-preview:-1"},"canonical":"https:\/\/creativityvexus.com\/sl\/product\/print-boginja-hel\/","og_locale":"sl_SI","og_type":"article","og_title":"Nordijska boginja Hel ART PRINT - Creativity Vexus","og_description":"V svoj prostor vnesite misti\u010dnost nordijske mitologije z umetni\u0161kim printom nordijske boginje Hel. Matte umetni\u0161ki odtis velikosti 20x20 cm s poezijo Dolores Hunsky.","og_url":"https:\/\/creativityvexus.com\/sl\/product\/print-boginja-hel\/","og_site_name":"Creativity Vexus","article_publisher":"https:\/\/www.facebook.com\/creativityvexus\/","article_modified_time":"2025-07-28T12:05:06+00:00","og_image":[{"width":2210,"height":2241,"url":"https:\/\/creativityvexus.com\/wp-content\/uploads\/2024\/09\/KOLEDAR-ENG-hel.jpg","type":"image\/jpeg"}],"twitter_card":"summary_large_image","twitter_misc":{"Est. reading time":"1 minuta"},"schema":{"@context":"https:\/\/schema.org","@graph":[{"@type":"WebPage","@id":"https:\/\/creativityvexus.com\/sl\/product\/print-boginja-hel\/","url":"https:\/\/creativityvexus.com\/sl\/product\/print-boginja-hel\/","name":"Nordijska boginja Hel ART PRINT - Creativity Vexus","isPartOf":{"@id":"https:\/\/creativityvexus.com\/sl\/#website"},"datePublished":"2024-11-01T14:24:55+00:00","dateModified":"2025-07-28T12:05:06+00:00","description":"V svoj prostor vnesite misti\u010dnost nordijske mitologije z umetni\u0161kim printom nordijske boginje Hel. Matte umetni\u0161ki odtis velikosti 20x20 cm s poezijo Dolores Hunsky.","breadcrumb":{"@id":"https:\/\/creativityvexus.com\/sl\/product\/print-boginja-hel\/#breadcrumb"},"inLanguage":"sl-SI","potentialAction":[{"@type":"ReadAction","target":["https:\/\/creativityvexus.com\/sl\/product\/print-boginja-hel\/"]}]},{"@type":"BreadcrumbList","@id":"https:\/\/creativityvexus.com\/sl\/product\/print-boginja-hel\/#breadcrumb","itemListElement":[{"@type":"ListItem","position":1,"name":"Home","item":"https:\/\/creativityvexus.com\/sl\/"},{"@type":"ListItem","position":2,"name":"Trgovina","item":"https:\/\/creativityvexus.com\/trgovina\/"},{"@type":"ListItem","position":3,"name":"Nordijska boginja Hel ART PRINT"}]},{"@type":"WebSite","@id":"https:\/\/creativityvexus.com\/sl\/#website","url":"https:\/\/creativityvexus.com\/sl\/","name":"Creativity Vexus","description":"Creativity Vexus Art Website","publisher":{"@id":"https:\/\/creativityvexus.com\/sl\/#organization"},"potentialAction":[{"@type":"SearchAction","target":{"@type":"EntryPoint","urlTemplate":"https:\/\/creativityvexus.com\/sl\/?s={search_term_string}"},"query-input":"required name=search_term_string"}],"inLanguage":"sl-SI"},{"@type":"Organization","@id":"https:\/\/creativityvexus.com\/sl\/#organization","name":"Creativity Vexus","url":"https:\/\/creativityvexus.com\/sl\/","logo":{"@type":"ImageObject","inLanguage":"sl-SI","@id":"https:\/\/creativityvexus.com\/sl\/#\/schema\/logo\/image\/","url":"https:\/\/creativityvexus.com\/wp-content\/uploads\/2022\/11\/Untitled_Artwork-4.png","contentUrl":"https:\/\/creativityvexus.com\/wp-content\/uploads\/2022\/11\/Untitled_Artwork-4.png","width":2048,"height":2048,"caption":"Creativity Vexus"},"image":{"@id":"https:\/\/creativityvexus.com\/sl\/#\/schema\/logo\/image\/"},"sameAs":["https:\/\/www.facebook.com\/creativityvexus\/","https:\/\/www.instagram.com\/creativityvexus\/?hl=en"]}]}},"jetpack_sharing_enabled":true,"_links":{"self":[{"href":"https:\/\/creativityvexus.com\/sl\/wp-json\/wp\/v2\/product\/3615","targetHints":{"allow":["GET"]}}],"collection":[{"href":"https:\/\/creativityvexus.com\/sl\/wp-json\/wp\/v2\/product"}],"about":[{"href":"https:\/\/creativityvexus.com\/sl\/wp-json\/wp\/v2\/types\/product"}],"replies":[{"embeddable":true,"href":"https:\/\/creativityvexus.com\/sl\/wp-json\/wp\/v2\/comments?post=3615"}],"version-history":[{"count":3,"href":"https:\/\/creativityvexus.com\/sl\/wp-json\/wp\/v2\/product\/3615\/revisions"}],"predecessor-version":[{"id":3749,"href":"https:\/\/creativityvexus.com\/sl\/wp-json\/wp\/v2\/product\/3615\/revisions\/3749"}],"wp:featuredmedia":[{"embeddable":true,"href":"https:\/\/creativityvexus.com\/sl\/wp-json\/wp\/v2\/media\/3354"}],"wp:attachment":[{"href":"https:\/\/creativityvexus.com\/sl\/wp-json\/wp\/v2\/media?parent=3615"}],"wp:term":[{"taxonomy":"product_brand","embeddable":true,"href":"https:\/\/creativityvexus.com\/sl\/wp-json\/wp\/v2\/product_brand?post=3615"},{"taxonomy":"product_cat","embeddable":true,"href":"https:\/\/creativityvexus.com\/sl\/wp-json\/wp\/v2\/product_cat?post=3615"},{"taxonomy":"product_tag","embeddable":true,"href":"https:\/\/creativityvexus.com\/sl\/wp-json\/wp\/v2\/product_tag?post=3615"}],"curies":[{"name":"wp","href":"https:\/\/api.w.org\/{rel}","templated":true}]}}